{"id":191294,"date":"2024-11-30T11:46:34","date_gmt":"2024-11-30T10:46:34","guid":{"rendered":"https:\/\/www.voustensports.com\/jacob-cohen-polo-langarm-turkis-39643\/"},"modified":"2026-02-05T12:20:40","modified_gmt":"2026-02-05T11:20:40","slug":"jacob-cohen-polo-langarm-turkis-39643","status":"publish","type":"product","link":"https:\/\/www.voustensports.com\/de\/jacob-cohen-polo-langarm-turkis-39643\/","title":{"rendered":"Jacob Cohen &#8211; Polo Langarm T\u00fcrkis (39643)"},"content":{"rendered":"<div>Mit den Poloshirts von Jacob Coh\u00ebn sorgen Sie f\u00fcr einen stilvollen und eleganten Auftritt. Dieses Poloshirt in T\u00fcrkis verf\u00fcgt \u00fcber einen klassischen Drei-Knopf-Verschluss mit Kragen und kurzen \u00c4rmeln. Die Schlitze im Saum verleihen diesem Shirt einen verspielten Charakter und sorgen f\u00fcr ein angenehmes Tragegef\u00fchl.<\/div>\n<div>Die kleine Stickerei auf der linken Brust und der Kontrast am Kragen runden dieses Poloshirt ab und sorgen f\u00fcr eine dezente Erg\u00e4nzung zum ansonsten minimalistischen Stil.<\/div>\n<ul>\n<li>Baumwolle 96 %, Elasthan 4 %<\/li>\n<li>Lange \u00c4rmel<\/li>\n<li>Polokragen<\/li>\n<li>Gesticktes Logo auf der Brust<\/li>\n<li>Slim-Fit-Passform<\/li>\n<li>Passt normal<\/li>\n<li>Artikelnummer: E2456<\/li>\n<li>Farbnummer: T22<\/li>\n<li>ID-Nummer: 39643<\/li>\n<\/ul>\n","protected":false},"excerpt":{"rendered":"<p>Mit den Poloshirts von Jacob Coh\u00ebn sorgen Sie f\u00fcr einen stilvollen und eleganten Auftritt. Dieses Poloshirt in T\u00fcrkis verf\u00fcgt \u00fcber einen klassischen Drei-Knopf-Verschluss mit Kragen und kurzen \u00c4rmeln. Die Schlitze im Saum verleihen diesem Shirt einen verspielten Charakter und sorgen f\u00fcr ein angenehmes Tragegef\u00fchl. Die kleine Stickerei auf der linken Brust und der Kontrast am [&#8230;]\n","protected":false},"featured_media":191282,"comment_status":"open","ping_status":"closed","template":"","meta":{"rank_math_lock_modified_date":false},"product_cat":[479,567,447,451,463],"product_tag":[],"class_list":{"0":"post-191294","1":"product","2":"type-product","3":"status-publish","4":"has-post-thumbnail","6":"product_cat-polos-de-2","7":"product_cat-jacob-cohen-jeans-de","8":"product_cat-kleding-de","9":"product_cat-heren-de","10":"product_cat-vousten-sports-de-2","12":"first","13":"instock","14":"taxable","15":"shipping-taxable","16":"purchasable","17":"product-type-variable"},"acf":[],"yoast_head":"<!-- This site is optimized with the Yoast SEO plugin v23.9 - https:\/\/yoast.com\/wordpress\/plugins\/seo\/ -->\n<title>Jacob Cohen - Polo Langarm T\u00fcrkis (39643) - Vousten Sports<\/title>\n<meta name=\"robots\" content=\"index, follow, max-snippet:-1, max-image-preview:large, max-video-preview:-1\" \/>\n<link rel=\"canonical\" href=\"https:\/\/www.voustensports.com\/de\/jacob-cohen-polo-langarm-turkis-39643\/\" \/>\n<meta property=\"og:locale\" content=\"de_DE\" \/>\n<meta property=\"og:type\" content=\"article\" \/>\n<meta property=\"og:title\" content=\"Jacob Cohen - Polo Langarm T\u00fcrkis (39643) - Vousten Sports\" \/>\n<meta property=\"og:description\" content=\"Mit den Poloshirts von Jacob Coh\u00ebn sorgen Sie f\u00fcr einen stilvollen und eleganten Auftritt. Dieses Poloshirt in T\u00fcrkis verf\u00fcgt \u00fcber einen klassischen Drei-Knopf-Verschluss mit Kragen und kurzen \u00c4rmeln. Die Schlitze im Saum verleihen diesem Shirt einen verspielten Charakter und sorgen f\u00fcr ein angenehmes Tragegef\u00fchl. Die kleine Stickerei auf der linken Brust und der Kontrast am [...]\" \/>\n<meta property=\"og:url\" content=\"https:\/\/www.voustensports.com\/de\/jacob-cohen-polo-langarm-turkis-39643\/\" \/>\n<meta property=\"og:site_name\" content=\"Vousten Sports\" \/>\n<meta property=\"article:modified_time\" content=\"2026-02-05T11:20:40+00:00\" \/>\n<meta property=\"og:image\" content=\"https:\/\/www.voustensports.com\/wp-content\/uploads\/2023\/06\/Polo-lange-mouw-turquoise-396431.png\" \/>\n\t<meta property=\"og:image:width\" content=\"1536\" \/>\n\t<meta property=\"og:image:height\" content=\"2305\" \/>\n\t<meta property=\"og:image:type\" content=\"image\/png\" \/>\n<meta name=\"twitter:card\" content=\"summary_large_image\" \/>\n<script type=\"application\/ld+json\" class=\"yoast-schema-graph\">{\"@context\":\"https:\/\/schema.org\",\"@graph\":[{\"@type\":\"WebPage\",\"@id\":\"https:\/\/www.voustensports.com\/de\/jacob-cohen-polo-langarm-turkis-39643\/\",\"url\":\"https:\/\/www.voustensports.com\/de\/jacob-cohen-polo-langarm-turkis-39643\/\",\"name\":\"Jacob Cohen - Polo Langarm T\u00fcrkis (39643) - Vousten Sports\",\"isPartOf\":{\"@id\":\"https:\/\/www.voustensports.com\/nl\/#website\"},\"primaryImageOfPage\":{\"@id\":\"https:\/\/www.voustensports.com\/de\/jacob-cohen-polo-langarm-turkis-39643\/#primaryimage\"},\"image\":{\"@id\":\"https:\/\/www.voustensports.com\/de\/jacob-cohen-polo-langarm-turkis-39643\/#primaryimage\"},\"thumbnailUrl\":\"https:\/\/www.voustensports.com\/wp-content\/uploads\/2023\/06\/Polo-lange-mouw-turquoise-396431.png\",\"datePublished\":\"2024-11-30T10:46:34+00:00\",\"dateModified\":\"2026-02-05T11:20:40+00:00\",\"breadcrumb\":{\"@id\":\"https:\/\/www.voustensports.com\/de\/jacob-cohen-polo-langarm-turkis-39643\/#breadcrumb\"},\"inLanguage\":\"de-DE\",\"potentialAction\":[{\"@type\":\"ReadAction\",\"target\":[\"https:\/\/www.voustensports.com\/de\/jacob-cohen-polo-langarm-turkis-39643\/\"]}]},{\"@type\":\"ImageObject\",\"inLanguage\":\"de-DE\",\"@id\":\"https:\/\/www.voustensports.com\/de\/jacob-cohen-polo-langarm-turkis-39643\/#primaryimage\",\"url\":\"https:\/\/www.voustensports.com\/wp-content\/uploads\/2023\/06\/Polo-lange-mouw-turquoise-396431.png\",\"contentUrl\":\"https:\/\/www.voustensports.com\/wp-content\/uploads\/2023\/06\/Polo-lange-mouw-turquoise-396431.png\",\"width\":1536,\"height\":2305},{\"@type\":\"BreadcrumbList\",\"@id\":\"https:\/\/www.voustensports.com\/de\/jacob-cohen-polo-langarm-turkis-39643\/#breadcrumb\",\"itemListElement\":[{\"@type\":\"ListItem\",\"position\":1,\"name\":\"Home\",\"item\":\"https:\/\/www.voustensports.com\/de\/\"},{\"@type\":\"ListItem\",\"position\":2,\"name\":\"Shop\",\"item\":\"https:\/\/www.voustensports.com\/de\/shop\/\"},{\"@type\":\"ListItem\",\"position\":3,\"name\":\"Jacob Cohen &#8211; Polo Langarm T\u00fcrkis (39643)\"}]},{\"@type\":\"WebSite\",\"@id\":\"https:\/\/www.voustensports.com\/nl\/#website\",\"url\":\"https:\/\/www.voustensports.com\/nl\/\",\"name\":\"Vousten Sports\",\"description\":\"\",\"potentialAction\":[{\"@type\":\"SearchAction\",\"target\":{\"@type\":\"EntryPoint\",\"urlTemplate\":\"https:\/\/www.voustensports.com\/nl\/?s={search_term_string}\"},\"query-input\":{\"@type\":\"PropertyValueSpecification\",\"valueRequired\":true,\"valueName\":\"search_term_string\"}}],\"inLanguage\":\"de-DE\"}]}<\/script>\n<!-- \/ Yoast SEO plugin. -->","yoast_head_json":{"title":"Jacob Cohen - Polo Langarm T\u00fcrkis (39643) - Vousten Sports","robots":{"index":"index","follow":"follow","max-snippet":"max-snippet:-1","max-image-preview":"max-image-preview:large","max-video-preview":"max-video-preview:-1"},"canonical":"https:\/\/www.voustensports.com\/de\/jacob-cohen-polo-langarm-turkis-39643\/","og_locale":"de_DE","og_type":"article","og_title":"Jacob Cohen - Polo Langarm T\u00fcrkis (39643) - Vousten Sports","og_description":"Mit den Poloshirts von Jacob Coh\u00ebn sorgen Sie f\u00fcr einen stilvollen und eleganten Auftritt. Dieses Poloshirt in T\u00fcrkis verf\u00fcgt \u00fcber einen klassischen Drei-Knopf-Verschluss mit Kragen und kurzen \u00c4rmeln. Die Schlitze im Saum verleihen diesem Shirt einen verspielten Charakter und sorgen f\u00fcr ein angenehmes Tragegef\u00fchl. Die kleine Stickerei auf der linken Brust und der Kontrast am [...]","og_url":"https:\/\/www.voustensports.com\/de\/jacob-cohen-polo-langarm-turkis-39643\/","og_site_name":"Vousten Sports","article_modified_time":"2026-02-05T11:20:40+00:00","og_image":[{"width":1536,"height":2305,"url":"https:\/\/www.voustensports.com\/wp-content\/uploads\/2023\/06\/Polo-lange-mouw-turquoise-396431.png","type":"image\/png"}],"twitter_card":"summary_large_image","schema":{"@context":"https:\/\/schema.org","@graph":[{"@type":"WebPage","@id":"https:\/\/www.voustensports.com\/de\/jacob-cohen-polo-langarm-turkis-39643\/","url":"https:\/\/www.voustensports.com\/de\/jacob-cohen-polo-langarm-turkis-39643\/","name":"Jacob Cohen - Polo Langarm T\u00fcrkis (39643) - Vousten Sports","isPartOf":{"@id":"https:\/\/www.voustensports.com\/nl\/#website"},"primaryImageOfPage":{"@id":"https:\/\/www.voustensports.com\/de\/jacob-cohen-polo-langarm-turkis-39643\/#primaryimage"},"image":{"@id":"https:\/\/www.voustensports.com\/de\/jacob-cohen-polo-langarm-turkis-39643\/#primaryimage"},"thumbnailUrl":"https:\/\/www.voustensports.com\/wp-content\/uploads\/2023\/06\/Polo-lange-mouw-turquoise-396431.png","datePublished":"2024-11-30T10:46:34+00:00","dateModified":"2026-02-05T11:20:40+00:00","breadcrumb":{"@id":"https:\/\/www.voustensports.com\/de\/jacob-cohen-polo-langarm-turkis-39643\/#breadcrumb"},"inLanguage":"de-DE","potentialAction":[{"@type":"ReadAction","target":["https:\/\/www.voustensports.com\/de\/jacob-cohen-polo-langarm-turkis-39643\/"]}]},{"@type":"ImageObject","inLanguage":"de-DE","@id":"https:\/\/www.voustensports.com\/de\/jacob-cohen-polo-langarm-turkis-39643\/#primaryimage","url":"https:\/\/www.voustensports.com\/wp-content\/uploads\/2023\/06\/Polo-lange-mouw-turquoise-396431.png","contentUrl":"https:\/\/www.voustensports.com\/wp-content\/uploads\/2023\/06\/Polo-lange-mouw-turquoise-396431.png","width":1536,"height":2305},{"@type":"BreadcrumbList","@id":"https:\/\/www.voustensports.com\/de\/jacob-cohen-polo-langarm-turkis-39643\/#breadcrumb","itemListElement":[{"@type":"ListItem","position":1,"name":"Home","item":"https:\/\/www.voustensports.com\/de\/"},{"@type":"ListItem","position":2,"name":"Shop","item":"https:\/\/www.voustensports.com\/de\/shop\/"},{"@type":"ListItem","position":3,"name":"Jacob Cohen &#8211; Polo Langarm T\u00fcrkis (39643)"}]},{"@type":"WebSite","@id":"https:\/\/www.voustensports.com\/nl\/#website","url":"https:\/\/www.voustensports.com\/nl\/","name":"Vousten Sports","description":"","potentialAction":[{"@type":"SearchAction","target":{"@type":"EntryPoint","urlTemplate":"https:\/\/www.voustensports.com\/nl\/?s={search_term_string}"},"query-input":{"@type":"PropertyValueSpecification","valueRequired":true,"valueName":"search_term_string"}}],"inLanguage":"de-DE"}]}},"_links":{"self":[{"href":"https:\/\/www.voustensports.com\/de\/wp-json\/wp\/v2\/product\/191294","targetHints":{"allow":["GET"]}}],"collection":[{"href":"https:\/\/www.voustensports.com\/de\/wp-json\/wp\/v2\/product"}],"about":[{"href":"https:\/\/www.voustensports.com\/de\/wp-json\/wp\/v2\/types\/product"}],"replies":[{"embeddable":true,"href":"https:\/\/www.voustensports.com\/de\/wp-json\/wp\/v2\/comments?post=191294"}],"wp:featuredmedia":[{"embeddable":true,"href":"https:\/\/www.voustensports.com\/de\/wp-json\/wp\/v2\/media\/191282"}],"wp:attachment":[{"href":"https:\/\/www.voustensports.com\/de\/wp-json\/wp\/v2\/media?parent=191294"}],"wp:term":[{"taxonomy":"product_cat","embeddable":true,"href":"https:\/\/www.voustensports.com\/de\/wp-json\/wp\/v2\/product_cat?post=191294"},{"taxonomy":"product_tag","embeddable":true,"href":"https:\/\/www.voustensports.com\/de\/wp-json\/wp\/v2\/product_tag?post=191294"}],"curies":[{"name":"wp","href":"https:\/\/api.w.org\/{rel}","templated":true}]}}