{"id":191226,"date":"2024-11-30T10:02:08","date_gmt":"2024-11-30T09:02:08","guid":{"rendered":"https:\/\/www.voustensports.com\/jacob-cohen-camicia-overshirt-taupe-39645-2\/"},"modified":"2026-03-24T01:51:03","modified_gmt":"2026-03-24T00:51:03","slug":"jacob-cohen-camicia-overshirt-taupe-39645-2","status":"publish","type":"product","link":"https:\/\/www.voustensports.com\/de\/jacob-cohen-camicia-overshirt-taupe-39645-2\/","title":{"rendered":"Jacob Cohen &#8211; Camicia \u00dcberhemd taupe (39645)"},"content":{"rendered":"<div>Jacob Cohen Camicia-\u00dcberhemd in Taupe.<\/div>\n<div>Das Overshirt besteht aus 100 % Baumwolle und ist in einer Cordvariante erh\u00e4ltlich, verf\u00fcgt \u00fcber zwei Brusttaschen und einen durchgehenden Verschluss mit Druckkn\u00f6pfen.<\/div>\n<div>Die Passform ist Regular Fit.<\/div>\n<ul>\n<li>Artikelnummer: T689A<\/li>\n<li>Farbnummer: B75<\/li>\n<li>ID-Nummer: 39645<\/li>\n<\/ul>\n","protected":false},"excerpt":{"rendered":"<p>Jacob Cohen Camicia-\u00dcberhemd in Taupe. Das Overshirt besteht aus 100 % Baumwolle und ist in einer Cordvariante erh\u00e4ltlich, verf\u00fcgt \u00fcber zwei Brusttaschen und einen durchgehenden Verschluss mit Druckkn\u00f6pfen. Die Passform ist Regular Fit. Artikelnummer: T689A Farbnummer: B75 ID-Nummer: 39645<\/p>\n","protected":false},"featured_media":191214,"comment_status":"open","ping_status":"closed","template":"","meta":{"rank_math_lock_modified_date":false},"product_cat":[447,451,463,487,567,740],"product_tag":[],"class_list":{"0":"post-191226","1":"product","2":"type-product","3":"status-publish","4":"has-post-thumbnail","6":"product_cat-kleding-de","7":"product_cat-heren-de","8":"product_cat-vousten-sports-de-2","9":"product_cat-shirt-de-2","10":"product_cat-jacob-cohen-jeans-de","11":"product_cat-overshirt-de-2","13":"first","14":"outofstock","15":"taxable","16":"shipping-taxable","17":"purchasable","18":"product-type-variable"},"acf":[],"yoast_head":"<!-- This site is optimized with the Yoast SEO plugin v23.9 - https:\/\/yoast.com\/wordpress\/plugins\/seo\/ -->\n<title>Jacob Cohen - Camicia \u00dcberhemd taupe (39645) - Vousten Sports<\/title>\n<meta name=\"robots\" content=\"index, follow, max-snippet:-1, max-image-preview:large, max-video-preview:-1\" \/>\n<link rel=\"canonical\" href=\"https:\/\/www.voustensports.com\/de\/jacob-cohen-camicia-overshirt-taupe-39645-2\/\" \/>\n<meta property=\"og:locale\" content=\"de_DE\" \/>\n<meta property=\"og:type\" content=\"article\" \/>\n<meta property=\"og:title\" content=\"Jacob Cohen - Camicia \u00dcberhemd taupe (39645) - Vousten Sports\" \/>\n<meta property=\"og:description\" content=\"Jacob Cohen Camicia-\u00dcberhemd in Taupe. Das Overshirt besteht aus 100 % Baumwolle und ist in einer Cordvariante erh\u00e4ltlich, verf\u00fcgt \u00fcber zwei Brusttaschen und einen durchgehenden Verschluss mit Druckkn\u00f6pfen. Die Passform ist Regular Fit. Artikelnummer: T689A Farbnummer: B75 ID-Nummer: 39645\" \/>\n<meta property=\"og:url\" content=\"https:\/\/www.voustensports.com\/de\/jacob-cohen-camicia-overshirt-taupe-39645-2\/\" \/>\n<meta property=\"og:site_name\" content=\"Vousten Sports\" \/>\n<meta property=\"article:modified_time\" content=\"2026-03-24T00:51:03+00:00\" \/>\n<meta property=\"og:image\" content=\"https:\/\/www.voustensports.com\/wp-content\/uploads\/2023\/06\/Camicia-Overshirt-taupe-396451.jpg\" \/>\n\t<meta property=\"og:image:width\" content=\"1365\" \/>\n\t<meta property=\"og:image:height\" content=\"2048\" \/>\n\t<meta property=\"og:image:type\" content=\"image\/jpeg\" \/>\n<meta name=\"twitter:card\" content=\"summary_large_image\" \/>\n<script type=\"application\/ld+json\" class=\"yoast-schema-graph\">{\"@context\":\"https:\/\/schema.org\",\"@graph\":[{\"@type\":\"WebPage\",\"@id\":\"https:\/\/www.voustensports.com\/de\/jacob-cohen-camicia-overshirt-taupe-39645-2\/\",\"url\":\"https:\/\/www.voustensports.com\/de\/jacob-cohen-camicia-overshirt-taupe-39645-2\/\",\"name\":\"Jacob Cohen - Camicia \u00dcberhemd taupe (39645) - Vousten Sports\",\"isPartOf\":{\"@id\":\"https:\/\/www.voustensports.com\/nl\/#website\"},\"primaryImageOfPage\":{\"@id\":\"https:\/\/www.voustensports.com\/de\/jacob-cohen-camicia-overshirt-taupe-39645-2\/#primaryimage\"},\"image\":{\"@id\":\"https:\/\/www.voustensports.com\/de\/jacob-cohen-camicia-overshirt-taupe-39645-2\/#primaryimage\"},\"thumbnailUrl\":\"https:\/\/www.voustensports.com\/wp-content\/uploads\/2023\/06\/Camicia-Overshirt-taupe-396451.jpg\",\"datePublished\":\"2024-11-30T09:02:08+00:00\",\"dateModified\":\"2026-03-24T00:51:03+00:00\",\"breadcrumb\":{\"@id\":\"https:\/\/www.voustensports.com\/de\/jacob-cohen-camicia-overshirt-taupe-39645-2\/#breadcrumb\"},\"inLanguage\":\"de-DE\",\"potentialAction\":[{\"@type\":\"ReadAction\",\"target\":[\"https:\/\/www.voustensports.com\/de\/jacob-cohen-camicia-overshirt-taupe-39645-2\/\"]}]},{\"@type\":\"ImageObject\",\"inLanguage\":\"de-DE\",\"@id\":\"https:\/\/www.voustensports.com\/de\/jacob-cohen-camicia-overshirt-taupe-39645-2\/#primaryimage\",\"url\":\"https:\/\/www.voustensports.com\/wp-content\/uploads\/2023\/06\/Camicia-Overshirt-taupe-396451.jpg\",\"contentUrl\":\"https:\/\/www.voustensports.com\/wp-content\/uploads\/2023\/06\/Camicia-Overshirt-taupe-396451.jpg\",\"width\":1365,\"height\":2048},{\"@type\":\"BreadcrumbList\",\"@id\":\"https:\/\/www.voustensports.com\/de\/jacob-cohen-camicia-overshirt-taupe-39645-2\/#breadcrumb\",\"itemListElement\":[{\"@type\":\"ListItem\",\"position\":1,\"name\":\"Home\",\"item\":\"https:\/\/www.voustensports.com\/de\/\"},{\"@type\":\"ListItem\",\"position\":2,\"name\":\"Shop\",\"item\":\"https:\/\/www.voustensports.com\/de\/shop\/\"},{\"@type\":\"ListItem\",\"position\":3,\"name\":\"Jacob Cohen &#8211; Camicia \u00dcberhemd taupe (39645)\"}]},{\"@type\":\"WebSite\",\"@id\":\"https:\/\/www.voustensports.com\/nl\/#website\",\"url\":\"https:\/\/www.voustensports.com\/nl\/\",\"name\":\"Vousten Sports\",\"description\":\"\",\"potentialAction\":[{\"@type\":\"SearchAction\",\"target\":{\"@type\":\"EntryPoint\",\"urlTemplate\":\"https:\/\/www.voustensports.com\/nl\/?s={search_term_string}\"},\"query-input\":{\"@type\":\"PropertyValueSpecification\",\"valueRequired\":true,\"valueName\":\"search_term_string\"}}],\"inLanguage\":\"de-DE\"}]}<\/script>\n<!-- \/ Yoast SEO plugin. -->","yoast_head_json":{"title":"Jacob Cohen - Camicia \u00dcberhemd taupe (39645) - Vousten Sports","robots":{"index":"index","follow":"follow","max-snippet":"max-snippet:-1","max-image-preview":"max-image-preview:large","max-video-preview":"max-video-preview:-1"},"canonical":"https:\/\/www.voustensports.com\/de\/jacob-cohen-camicia-overshirt-taupe-39645-2\/","og_locale":"de_DE","og_type":"article","og_title":"Jacob Cohen - Camicia \u00dcberhemd taupe (39645) - Vousten Sports","og_description":"Jacob Cohen Camicia-\u00dcberhemd in Taupe. Das Overshirt besteht aus 100 % Baumwolle und ist in einer Cordvariante erh\u00e4ltlich, verf\u00fcgt \u00fcber zwei Brusttaschen und einen durchgehenden Verschluss mit Druckkn\u00f6pfen. Die Passform ist Regular Fit. Artikelnummer: T689A Farbnummer: B75 ID-Nummer: 39645","og_url":"https:\/\/www.voustensports.com\/de\/jacob-cohen-camicia-overshirt-taupe-39645-2\/","og_site_name":"Vousten Sports","article_modified_time":"2026-03-24T00:51:03+00:00","og_image":[{"width":1365,"height":2048,"url":"https:\/\/www.voustensports.com\/wp-content\/uploads\/2023\/06\/Camicia-Overshirt-taupe-396451.jpg","type":"image\/jpeg"}],"twitter_card":"summary_large_image","schema":{"@context":"https:\/\/schema.org","@graph":[{"@type":"WebPage","@id":"https:\/\/www.voustensports.com\/de\/jacob-cohen-camicia-overshirt-taupe-39645-2\/","url":"https:\/\/www.voustensports.com\/de\/jacob-cohen-camicia-overshirt-taupe-39645-2\/","name":"Jacob Cohen - Camicia \u00dcberhemd taupe (39645) - Vousten Sports","isPartOf":{"@id":"https:\/\/www.voustensports.com\/nl\/#website"},"primaryImageOfPage":{"@id":"https:\/\/www.voustensports.com\/de\/jacob-cohen-camicia-overshirt-taupe-39645-2\/#primaryimage"},"image":{"@id":"https:\/\/www.voustensports.com\/de\/jacob-cohen-camicia-overshirt-taupe-39645-2\/#primaryimage"},"thumbnailUrl":"https:\/\/www.voustensports.com\/wp-content\/uploads\/2023\/06\/Camicia-Overshirt-taupe-396451.jpg","datePublished":"2024-11-30T09:02:08+00:00","dateModified":"2026-03-24T00:51:03+00:00","breadcrumb":{"@id":"https:\/\/www.voustensports.com\/de\/jacob-cohen-camicia-overshirt-taupe-39645-2\/#breadcrumb"},"inLanguage":"de-DE","potentialAction":[{"@type":"ReadAction","target":["https:\/\/www.voustensports.com\/de\/jacob-cohen-camicia-overshirt-taupe-39645-2\/"]}]},{"@type":"ImageObject","inLanguage":"de-DE","@id":"https:\/\/www.voustensports.com\/de\/jacob-cohen-camicia-overshirt-taupe-39645-2\/#primaryimage","url":"https:\/\/www.voustensports.com\/wp-content\/uploads\/2023\/06\/Camicia-Overshirt-taupe-396451.jpg","contentUrl":"https:\/\/www.voustensports.com\/wp-content\/uploads\/2023\/06\/Camicia-Overshirt-taupe-396451.jpg","width":1365,"height":2048},{"@type":"BreadcrumbList","@id":"https:\/\/www.voustensports.com\/de\/jacob-cohen-camicia-overshirt-taupe-39645-2\/#breadcrumb","itemListElement":[{"@type":"ListItem","position":1,"name":"Home","item":"https:\/\/www.voustensports.com\/de\/"},{"@type":"ListItem","position":2,"name":"Shop","item":"https:\/\/www.voustensports.com\/de\/shop\/"},{"@type":"ListItem","position":3,"name":"Jacob Cohen &#8211; Camicia \u00dcberhemd taupe (39645)"}]},{"@type":"WebSite","@id":"https:\/\/www.voustensports.com\/nl\/#website","url":"https:\/\/www.voustensports.com\/nl\/","name":"Vousten Sports","description":"","potentialAction":[{"@type":"SearchAction","target":{"@type":"EntryPoint","urlTemplate":"https:\/\/www.voustensports.com\/nl\/?s={search_term_string}"},"query-input":{"@type":"PropertyValueSpecification","valueRequired":true,"valueName":"search_term_string"}}],"inLanguage":"de-DE"}]}},"_links":{"self":[{"href":"https:\/\/www.voustensports.com\/de\/wp-json\/wp\/v2\/product\/191226","targetHints":{"allow":["GET"]}}],"collection":[{"href":"https:\/\/www.voustensports.com\/de\/wp-json\/wp\/v2\/product"}],"about":[{"href":"https:\/\/www.voustensports.com\/de\/wp-json\/wp\/v2\/types\/product"}],"replies":[{"embeddable":true,"href":"https:\/\/www.voustensports.com\/de\/wp-json\/wp\/v2\/comments?post=191226"}],"wp:featuredmedia":[{"embeddable":true,"href":"https:\/\/www.voustensports.com\/de\/wp-json\/wp\/v2\/media\/191214"}],"wp:attachment":[{"href":"https:\/\/www.voustensports.com\/de\/wp-json\/wp\/v2\/media?parent=191226"}],"wp:term":[{"taxonomy":"product_cat","embeddable":true,"href":"https:\/\/www.voustensports.com\/de\/wp-json\/wp\/v2\/product_cat?post=191226"},{"taxonomy":"product_tag","embeddable":true,"href":"https:\/\/www.voustensports.com\/de\/wp-json\/wp\/v2\/product_tag?post=191226"}],"curies":[{"name":"wp","href":"https:\/\/api.w.org\/{rel}","templated":true}]}}