{"id":191135,"date":"2024-11-29T18:44:12","date_gmt":"2024-11-29T17:44:12","guid":{"rendered":"https:\/\/www.voustensports.com\/canada-goose-garson-weste-black-label-dunkelgrau-40190\/"},"modified":"2026-02-05T12:23:15","modified_gmt":"2026-02-05T11:23:15","slug":"canada-goose-garson-weste-black-label-dunkelgrau-40190","status":"publish","type":"product","link":"https:\/\/www.voustensports.com\/de\/canada-goose-garson-weste-black-label-dunkelgrau-40190\/","title":{"rendered":"Canada Goose &#8211; Garson Weste Black Label dunkelgrau (40190)"},"content":{"rendered":"<div>PRODUKTDETAILS<\/div>\n<div>Bew\u00e4ltigen Sie unvorhersehbare Wetterbedingungen mit einer klassischen Steppweste, die dauerhafte W\u00e4rme dort bietet, wo sie am meisten ben\u00f6tigt wird. Mit einem sch\u00fctzenden, hohen Saum und einem mit Leder besetzten Stehkragen sch\u00fctzt es vor starkem Wind. Tragen Sie es einzeln oder als Schicht unter einer Softshell f\u00fcr erstklassigen Komfort.<\/div>\n<div><\/div>\n<div>STIL<\/div>\n<ul>\n<li>Kinnschutz mit Wildleder-Trikotfutter f\u00fcr Komfort<\/li>\n<li>Sturmklappe \u00fcber dem Rei\u00dfverschluss vorne in der Mitte, gesichert mit Druckkn\u00f6pfen, um Zugluft fernzuhalten<\/li>\n<li>Au\u00dfentaschen mit Fleecefutter f\u00fcr die H\u00e4nde und eine Innentasche<\/li>\n<li>H\u00fcftlang, hinten l\u00e4nger geschnitten f\u00fcr mehr Schutz vor K\u00e4lte und Wind<\/li>\n<\/ul>\n<div>ZUSAMMENSETZUNG<\/div>\n<div>83 % Polyester, 17 % Baumwolle<\/div>\n","protected":false},"excerpt":{"rendered":"<p>PRODUKTDETAILS Bew\u00e4ltigen Sie unvorhersehbare Wetterbedingungen mit einer klassischen Steppweste, die dauerhafte W\u00e4rme dort bietet, wo sie am meisten ben\u00f6tigt wird. Mit einem sch\u00fctzenden, hohen Saum und einem mit Leder besetzten Stehkragen sch\u00fctzt es vor starkem Wind. Tragen Sie es einzeln oder als Schicht unter einer Softshell f\u00fcr erstklassigen Komfort. STIL Kinnschutz mit Wildleder-Trikotfutter f\u00fcr Komfort [&#8230;]\n","protected":false},"featured_media":191191,"comment_status":"open","ping_status":"closed","template":"","meta":{"rank_math_lock_modified_date":false},"product_cat":[999,447,451,463,543,702,706,823],"product_tag":[],"class_list":{"0":"post-191135","1":"product","2":"type-product","3":"status-publish","4":"has-post-thumbnail","6":"product_cat-canada-goose-nl-de","7":"product_cat-kleding-de","8":"product_cat-heren-de","9":"product_cat-vousten-sports-de-2","10":"product_cat-jassen-de","11":"product_cat-jackets-de","12":"product_cat-jassen-jacks-de","13":"product_cat-bodywarmer-de","15":"first","16":"outofstock","17":"taxable","18":"shipping-taxable","19":"purchasable","20":"product-type-variable"},"acf":[],"yoast_head":"<!-- This site is optimized with the Yoast SEO plugin v23.9 - https:\/\/yoast.com\/wordpress\/plugins\/seo\/ -->\n<title>Canada Goose - Garson Weste Black Label dunkelgrau (40190) - Vousten Sports<\/title>\n<meta name=\"robots\" content=\"index, follow, max-snippet:-1, max-image-preview:large, max-video-preview:-1\" \/>\n<link rel=\"canonical\" href=\"https:\/\/www.voustensports.com\/de\/canada-goose-garson-weste-black-label-dunkelgrau-40190\/\" \/>\n<meta property=\"og:locale\" content=\"de_DE\" \/>\n<meta property=\"og:type\" content=\"article\" \/>\n<meta property=\"og:title\" content=\"Canada Goose - Garson Weste Black Label dunkelgrau (40190) - Vousten Sports\" \/>\n<meta property=\"og:description\" content=\"PRODUKTDETAILS Bew\u00e4ltigen Sie unvorhersehbare Wetterbedingungen mit einer klassischen Steppweste, die dauerhafte W\u00e4rme dort bietet, wo sie am meisten ben\u00f6tigt wird. Mit einem sch\u00fctzenden, hohen Saum und einem mit Leder besetzten Stehkragen sch\u00fctzt es vor starkem Wind. Tragen Sie es einzeln oder als Schicht unter einer Softshell f\u00fcr erstklassigen Komfort. STIL Kinnschutz mit Wildleder-Trikotfutter f\u00fcr Komfort [...]\" \/>\n<meta property=\"og:url\" content=\"https:\/\/www.voustensports.com\/de\/canada-goose-garson-weste-black-label-dunkelgrau-40190\/\" \/>\n<meta property=\"og:site_name\" content=\"Vousten Sports\" \/>\n<meta property=\"article:modified_time\" content=\"2026-02-05T11:23:15+00:00\" \/>\n<meta property=\"og:image\" content=\"https:\/\/www.voustensports.com\/wp-content\/uploads\/2023\/06\/Garson-Vest-Black-Label-donkergrijs-401901.png\" \/>\n\t<meta property=\"og:image:width\" content=\"1536\" \/>\n\t<meta property=\"og:image:height\" content=\"2305\" \/>\n\t<meta property=\"og:image:type\" content=\"image\/png\" \/>\n<meta name=\"twitter:card\" content=\"summary_large_image\" \/>\n<meta name=\"twitter:label1\" content=\"Est. reading time\" \/>\n\t<meta name=\"twitter:data1\" content=\"1 Minute\" \/>\n<script type=\"application\/ld+json\" class=\"yoast-schema-graph\">{\"@context\":\"https:\/\/schema.org\",\"@graph\":[{\"@type\":\"WebPage\",\"@id\":\"https:\/\/www.voustensports.com\/de\/canada-goose-garson-weste-black-label-dunkelgrau-40190\/\",\"url\":\"https:\/\/www.voustensports.com\/de\/canada-goose-garson-weste-black-label-dunkelgrau-40190\/\",\"name\":\"Canada Goose - Garson Weste Black Label dunkelgrau (40190) - Vousten Sports\",\"isPartOf\":{\"@id\":\"https:\/\/www.voustensports.com\/nl\/#website\"},\"primaryImageOfPage\":{\"@id\":\"https:\/\/www.voustensports.com\/de\/canada-goose-garson-weste-black-label-dunkelgrau-40190\/#primaryimage\"},\"image\":{\"@id\":\"https:\/\/www.voustensports.com\/de\/canada-goose-garson-weste-black-label-dunkelgrau-40190\/#primaryimage\"},\"thumbnailUrl\":\"https:\/\/www.voustensports.com\/wp-content\/uploads\/2023\/06\/Garson-Vest-Black-Label-donkergrijs-401901.jpg\",\"datePublished\":\"2024-11-29T17:44:12+00:00\",\"dateModified\":\"2026-02-05T11:23:15+00:00\",\"breadcrumb\":{\"@id\":\"https:\/\/www.voustensports.com\/de\/canada-goose-garson-weste-black-label-dunkelgrau-40190\/#breadcrumb\"},\"inLanguage\":\"de-DE\",\"potentialAction\":[{\"@type\":\"ReadAction\",\"target\":[\"https:\/\/www.voustensports.com\/de\/canada-goose-garson-weste-black-label-dunkelgrau-40190\/\"]}]},{\"@type\":\"ImageObject\",\"inLanguage\":\"de-DE\",\"@id\":\"https:\/\/www.voustensports.com\/de\/canada-goose-garson-weste-black-label-dunkelgrau-40190\/#primaryimage\",\"url\":\"https:\/\/www.voustensports.com\/wp-content\/uploads\/2023\/06\/Garson-Vest-Black-Label-donkergrijs-401901.jpg\",\"contentUrl\":\"https:\/\/www.voustensports.com\/wp-content\/uploads\/2023\/06\/Garson-Vest-Black-Label-donkergrijs-401901.jpg\",\"width\":1365,\"height\":2048},{\"@type\":\"BreadcrumbList\",\"@id\":\"https:\/\/www.voustensports.com\/de\/canada-goose-garson-weste-black-label-dunkelgrau-40190\/#breadcrumb\",\"itemListElement\":[{\"@type\":\"ListItem\",\"position\":1,\"name\":\"Home\",\"item\":\"https:\/\/www.voustensports.com\/de\/\"},{\"@type\":\"ListItem\",\"position\":2,\"name\":\"Shop\",\"item\":\"https:\/\/www.voustensports.com\/de\/shop\/\"},{\"@type\":\"ListItem\",\"position\":3,\"name\":\"Canada Goose &#8211; Garson Weste Black Label dunkelgrau (40190)\"}]},{\"@type\":\"WebSite\",\"@id\":\"https:\/\/www.voustensports.com\/nl\/#website\",\"url\":\"https:\/\/www.voustensports.com\/nl\/\",\"name\":\"Vousten Sports\",\"description\":\"\",\"potentialAction\":[{\"@type\":\"SearchAction\",\"target\":{\"@type\":\"EntryPoint\",\"urlTemplate\":\"https:\/\/www.voustensports.com\/nl\/?s={search_term_string}\"},\"query-input\":{\"@type\":\"PropertyValueSpecification\",\"valueRequired\":true,\"valueName\":\"search_term_string\"}}],\"inLanguage\":\"de-DE\"}]}<\/script>\n<!-- \/ Yoast SEO plugin. -->","yoast_head_json":{"title":"Canada Goose - Garson Weste Black Label dunkelgrau (40190) - Vousten Sports","robots":{"index":"index","follow":"follow","max-snippet":"max-snippet:-1","max-image-preview":"max-image-preview:large","max-video-preview":"max-video-preview:-1"},"canonical":"https:\/\/www.voustensports.com\/de\/canada-goose-garson-weste-black-label-dunkelgrau-40190\/","og_locale":"de_DE","og_type":"article","og_title":"Canada Goose - Garson Weste Black Label dunkelgrau (40190) - Vousten Sports","og_description":"PRODUKTDETAILS Bew\u00e4ltigen Sie unvorhersehbare Wetterbedingungen mit einer klassischen Steppweste, die dauerhafte W\u00e4rme dort bietet, wo sie am meisten ben\u00f6tigt wird. Mit einem sch\u00fctzenden, hohen Saum und einem mit Leder besetzten Stehkragen sch\u00fctzt es vor starkem Wind. Tragen Sie es einzeln oder als Schicht unter einer Softshell f\u00fcr erstklassigen Komfort. STIL Kinnschutz mit Wildleder-Trikotfutter f\u00fcr Komfort [...]","og_url":"https:\/\/www.voustensports.com\/de\/canada-goose-garson-weste-black-label-dunkelgrau-40190\/","og_site_name":"Vousten Sports","article_modified_time":"2026-02-05T11:23:15+00:00","og_image":[{"width":1536,"height":2305,"url":"https:\/\/www.voustensports.com\/wp-content\/uploads\/2023\/06\/Garson-Vest-Black-Label-donkergrijs-401901.png","type":"image\/png"}],"twitter_card":"summary_large_image","twitter_misc":{"Est. reading time":"1 Minute"},"schema":{"@context":"https:\/\/schema.org","@graph":[{"@type":"WebPage","@id":"https:\/\/www.voustensports.com\/de\/canada-goose-garson-weste-black-label-dunkelgrau-40190\/","url":"https:\/\/www.voustensports.com\/de\/canada-goose-garson-weste-black-label-dunkelgrau-40190\/","name":"Canada Goose - Garson Weste Black Label dunkelgrau (40190) - Vousten Sports","isPartOf":{"@id":"https:\/\/www.voustensports.com\/nl\/#website"},"primaryImageOfPage":{"@id":"https:\/\/www.voustensports.com\/de\/canada-goose-garson-weste-black-label-dunkelgrau-40190\/#primaryimage"},"image":{"@id":"https:\/\/www.voustensports.com\/de\/canada-goose-garson-weste-black-label-dunkelgrau-40190\/#primaryimage"},"thumbnailUrl":"https:\/\/www.voustensports.com\/wp-content\/uploads\/2023\/06\/Garson-Vest-Black-Label-donkergrijs-401901.jpg","datePublished":"2024-11-29T17:44:12+00:00","dateModified":"2026-02-05T11:23:15+00:00","breadcrumb":{"@id":"https:\/\/www.voustensports.com\/de\/canada-goose-garson-weste-black-label-dunkelgrau-40190\/#breadcrumb"},"inLanguage":"de-DE","potentialAction":[{"@type":"ReadAction","target":["https:\/\/www.voustensports.com\/de\/canada-goose-garson-weste-black-label-dunkelgrau-40190\/"]}]},{"@type":"ImageObject","inLanguage":"de-DE","@id":"https:\/\/www.voustensports.com\/de\/canada-goose-garson-weste-black-label-dunkelgrau-40190\/#primaryimage","url":"https:\/\/www.voustensports.com\/wp-content\/uploads\/2023\/06\/Garson-Vest-Black-Label-donkergrijs-401901.jpg","contentUrl":"https:\/\/www.voustensports.com\/wp-content\/uploads\/2023\/06\/Garson-Vest-Black-Label-donkergrijs-401901.jpg","width":1365,"height":2048},{"@type":"BreadcrumbList","@id":"https:\/\/www.voustensports.com\/de\/canada-goose-garson-weste-black-label-dunkelgrau-40190\/#breadcrumb","itemListElement":[{"@type":"ListItem","position":1,"name":"Home","item":"https:\/\/www.voustensports.com\/de\/"},{"@type":"ListItem","position":2,"name":"Shop","item":"https:\/\/www.voustensports.com\/de\/shop\/"},{"@type":"ListItem","position":3,"name":"Canada Goose &#8211; Garson Weste Black Label dunkelgrau (40190)"}]},{"@type":"WebSite","@id":"https:\/\/www.voustensports.com\/nl\/#website","url":"https:\/\/www.voustensports.com\/nl\/","name":"Vousten Sports","description":"","potentialAction":[{"@type":"SearchAction","target":{"@type":"EntryPoint","urlTemplate":"https:\/\/www.voustensports.com\/nl\/?s={search_term_string}"},"query-input":{"@type":"PropertyValueSpecification","valueRequired":true,"valueName":"search_term_string"}}],"inLanguage":"de-DE"}]}},"_links":{"self":[{"href":"https:\/\/www.voustensports.com\/de\/wp-json\/wp\/v2\/product\/191135","targetHints":{"allow":["GET"]}}],"collection":[{"href":"https:\/\/www.voustensports.com\/de\/wp-json\/wp\/v2\/product"}],"about":[{"href":"https:\/\/www.voustensports.com\/de\/wp-json\/wp\/v2\/types\/product"}],"replies":[{"embeddable":true,"href":"https:\/\/www.voustensports.com\/de\/wp-json\/wp\/v2\/comments?post=191135"}],"wp:featuredmedia":[{"embeddable":true,"href":"https:\/\/www.voustensports.com\/de\/wp-json\/wp\/v2\/media\/191191"}],"wp:attachment":[{"href":"https:\/\/www.voustensports.com\/de\/wp-json\/wp\/v2\/media?parent=191135"}],"wp:term":[{"taxonomy":"product_cat","embeddable":true,"href":"https:\/\/www.voustensports.com\/de\/wp-json\/wp\/v2\/product_cat?post=191135"},{"taxonomy":"product_tag","embeddable":true,"href":"https:\/\/www.voustensports.com\/de\/wp-json\/wp\/v2\/product_tag?post=191135"}],"curies":[{"name":"wp","href":"https:\/\/api.w.org\/{rel}","templated":true}]}}