{"id":191071,"date":"2024-11-29T17:46:12","date_gmt":"2024-11-29T16:46:12","guid":{"rendered":"https:\/\/www.voustensports.com\/canada-goose-macmillan-parka-grau-40187\/"},"modified":"2026-02-19T02:03:03","modified_gmt":"2026-02-19T01:03:03","slug":"canada-goose-macmillan-parka-grau-40187","status":"publish","type":"product","link":"https:\/\/www.voustensports.com\/de\/canada-goose-macmillan-parka-grau-40187\/","title":{"rendered":"Canada Goose &#8211; MacMillan Parka grau (40187)"},"content":{"rendered":"<div>PRODUKTDETAILS<\/div>\n<div>Der MacMillan Parka wurde mit stromlinienf\u00f6rmigen Kapuzendetails, zus\u00e4tzlichen Rucksackgurten und zwei zus\u00e4tzlichen Innentaschen aktualisiert. Dieser h\u00fcftlange Parka vereint gro\u00dfartige W\u00e4rme mit stilisierten Merkmalen wie einem durchgehenden Steppdesign und einem geschwungenen Saum. Der MacMillan Parka bietet grundlegenden Schutz unabh\u00e4ngig vom Wetter.<\/div>\n<div><\/div>\n<div>STIL<\/div>\n<ul>\n<li>Die verstellbare, mit Daunen gef\u00fcllte Schnorchelkapuze sorgt f\u00fcr W\u00e4rme und Schutz vor den Elementen<\/li>\n<li>Die Kapuze verf\u00fcgt \u00fcber einen abnehmbaren Rei\u00dfverschlussschutz, der die M\u00f6glichkeit bietet, den Kapuzenbesatz f\u00fcr einen individuellen Look und zus\u00e4tzlichen Schutz zu \u00e4ndern (diese Jacke ist nicht mit Heritage-Kapuzenbes\u00e4tzen kompatibel).<\/li>\n<li>Der Kinnschutz ist f\u00fcr Weichheit und Komfort mit Trikotstoff gef\u00fcttert<\/li>\n<li>Durch das glatte Innenfutter mit Rucksackgurten kann die Jacke freih\u00e4ndig \u00fcber den Schultern getragen werden<\/li>\n<li>Die Knopfleiste mit Druckkn\u00f6pfen \u00fcber dem 2-Wege-Rei\u00dfverschluss h\u00e4lt die Elemente drau\u00dfen<\/li>\n<li>Die Sturmklappe unter dem 2-Wege-Rei\u00dfverschluss sorgt f\u00fcr zus\u00e4tzlichen Schutz<\/li>\n<li>Mit CORDURA\u00ae-Gewebe verst\u00e4rkte \u00c4rmelb\u00fcndchen f\u00fcr zus\u00e4tzliche Haltbarkeit in stark beanspruchten Bereichen<\/li>\n<li>Versenkte Rippstrickb\u00fcndchen<\/li>\n<li>H\u00fcftlang, hinten l\u00e4nger geschnitten<\/li>\n<li>2 au\u00dfenliegende, mit Fleece gef\u00fctterte Vordertaschen mit Rei\u00dfverschluss<\/li>\n<li>3 Innentaschen: 1 Sicherheitstasche mit Rei\u00dfverschluss, 2 einsteckbare Netztaschen<\/li>\n<\/ul>\n<div>ZUSAMMENSETZUNG<\/div>\n<div>83 % Polyester, 17 % Baumwolle<\/div>\n","protected":false},"excerpt":{"rendered":"<p>PRODUKTDETAILS Der MacMillan Parka wurde mit stromlinienf\u00f6rmigen Kapuzendetails, zus\u00e4tzlichen Rucksackgurten und zwei zus\u00e4tzlichen Innentaschen aktualisiert. Dieser h\u00fcftlange Parka vereint gro\u00dfartige W\u00e4rme mit stilisierten Merkmalen wie einem durchgehenden Steppdesign und einem geschwungenen Saum. Der MacMillan Parka bietet grundlegenden Schutz unabh\u00e4ngig vom Wetter. STIL Die verstellbare, mit Daunen gef\u00fcllte Schnorchelkapuze sorgt f\u00fcr W\u00e4rme und Schutz vor den [&#8230;]\n","protected":false},"featured_media":191051,"comment_status":"open","ping_status":"closed","template":"","meta":{"rank_math_lock_modified_date":false},"product_cat":[543,702,706,999,447,451,463],"product_tag":[],"class_list":{"0":"post-191071","1":"product","2":"type-product","3":"status-publish","4":"has-post-thumbnail","6":"product_cat-jassen-de","7":"product_cat-jackets-de","8":"product_cat-jassen-jacks-de","9":"product_cat-canada-goose-nl-de","10":"product_cat-kleding-de","11":"product_cat-heren-de","12":"product_cat-vousten-sports-de-2","14":"first","15":"outofstock","16":"taxable","17":"shipping-taxable","18":"purchasable","19":"product-type-variable"},"acf":[],"yoast_head":"<!-- This site is optimized with the Yoast SEO plugin v23.9 - https:\/\/yoast.com\/wordpress\/plugins\/seo\/ -->\n<title>Canada Goose - MacMillan Parka grau (40187) - Vousten Sports<\/title>\n<meta name=\"robots\" content=\"index, follow, max-snippet:-1, max-image-preview:large, max-video-preview:-1\" \/>\n<link rel=\"canonical\" href=\"https:\/\/www.voustensports.com\/de\/canada-goose-macmillan-parka-grau-40187\/\" \/>\n<meta property=\"og:locale\" content=\"de_DE\" \/>\n<meta property=\"og:type\" content=\"article\" \/>\n<meta property=\"og:title\" content=\"Canada Goose - MacMillan Parka grau (40187) - Vousten Sports\" \/>\n<meta property=\"og:description\" content=\"PRODUKTDETAILS Der MacMillan Parka wurde mit stromlinienf\u00f6rmigen Kapuzendetails, zus\u00e4tzlichen Rucksackgurten und zwei zus\u00e4tzlichen Innentaschen aktualisiert. Dieser h\u00fcftlange Parka vereint gro\u00dfartige W\u00e4rme mit stilisierten Merkmalen wie einem durchgehenden Steppdesign und einem geschwungenen Saum. Der MacMillan Parka bietet grundlegenden Schutz unabh\u00e4ngig vom Wetter. STIL Die verstellbare, mit Daunen gef\u00fcllte Schnorchelkapuze sorgt f\u00fcr W\u00e4rme und Schutz vor den [...]\" \/>\n<meta property=\"og:url\" content=\"https:\/\/www.voustensports.com\/de\/canada-goose-macmillan-parka-grau-40187\/\" \/>\n<meta property=\"og:site_name\" content=\"Vousten Sports\" \/>\n<meta property=\"article:modified_time\" content=\"2026-02-19T01:03:03+00:00\" \/>\n<meta property=\"og:image\" content=\"https:\/\/www.voustensports.com\/wp-content\/uploads\/2023\/06\/MacMillan-Parka-grijs-401871.jpg\" \/>\n\t<meta property=\"og:image:width\" content=\"1365\" \/>\n\t<meta property=\"og:image:height\" content=\"2048\" \/>\n\t<meta property=\"og:image:type\" content=\"image\/jpeg\" \/>\n<meta name=\"twitter:card\" content=\"summary_large_image\" \/>\n<meta name=\"twitter:label1\" content=\"Est. reading time\" \/>\n\t<meta name=\"twitter:data1\" content=\"1 Minute\" \/>\n<script type=\"application\/ld+json\" class=\"yoast-schema-graph\">{\"@context\":\"https:\/\/schema.org\",\"@graph\":[{\"@type\":\"WebPage\",\"@id\":\"https:\/\/www.voustensports.com\/de\/canada-goose-macmillan-parka-grau-40187\/\",\"url\":\"https:\/\/www.voustensports.com\/de\/canada-goose-macmillan-parka-grau-40187\/\",\"name\":\"Canada Goose - MacMillan Parka grau (40187) - Vousten Sports\",\"isPartOf\":{\"@id\":\"https:\/\/www.voustensports.com\/nl\/#website\"},\"primaryImageOfPage\":{\"@id\":\"https:\/\/www.voustensports.com\/de\/canada-goose-macmillan-parka-grau-40187\/#primaryimage\"},\"image\":{\"@id\":\"https:\/\/www.voustensports.com\/de\/canada-goose-macmillan-parka-grau-40187\/#primaryimage\"},\"thumbnailUrl\":\"https:\/\/www.voustensports.com\/wp-content\/uploads\/2023\/06\/MacMillan-Parka-grijs-401871.jpg\",\"datePublished\":\"2024-11-29T16:46:12+00:00\",\"dateModified\":\"2026-02-19T01:03:03+00:00\",\"breadcrumb\":{\"@id\":\"https:\/\/www.voustensports.com\/de\/canada-goose-macmillan-parka-grau-40187\/#breadcrumb\"},\"inLanguage\":\"de-DE\",\"potentialAction\":[{\"@type\":\"ReadAction\",\"target\":[\"https:\/\/www.voustensports.com\/de\/canada-goose-macmillan-parka-grau-40187\/\"]}]},{\"@type\":\"ImageObject\",\"inLanguage\":\"de-DE\",\"@id\":\"https:\/\/www.voustensports.com\/de\/canada-goose-macmillan-parka-grau-40187\/#primaryimage\",\"url\":\"https:\/\/www.voustensports.com\/wp-content\/uploads\/2023\/06\/MacMillan-Parka-grijs-401871.jpg\",\"contentUrl\":\"https:\/\/www.voustensports.com\/wp-content\/uploads\/2023\/06\/MacMillan-Parka-grijs-401871.jpg\",\"width\":1365,\"height\":2048},{\"@type\":\"BreadcrumbList\",\"@id\":\"https:\/\/www.voustensports.com\/de\/canada-goose-macmillan-parka-grau-40187\/#breadcrumb\",\"itemListElement\":[{\"@type\":\"ListItem\",\"position\":1,\"name\":\"Home\",\"item\":\"https:\/\/www.voustensports.com\/de\/\"},{\"@type\":\"ListItem\",\"position\":2,\"name\":\"Shop\",\"item\":\"https:\/\/www.voustensports.com\/de\/shop\/\"},{\"@type\":\"ListItem\",\"position\":3,\"name\":\"Canada Goose &#8211; MacMillan Parka grau (40187)\"}]},{\"@type\":\"WebSite\",\"@id\":\"https:\/\/www.voustensports.com\/nl\/#website\",\"url\":\"https:\/\/www.voustensports.com\/nl\/\",\"name\":\"Vousten Sports\",\"description\":\"\",\"potentialAction\":[{\"@type\":\"SearchAction\",\"target\":{\"@type\":\"EntryPoint\",\"urlTemplate\":\"https:\/\/www.voustensports.com\/nl\/?s={search_term_string}\"},\"query-input\":{\"@type\":\"PropertyValueSpecification\",\"valueRequired\":true,\"valueName\":\"search_term_string\"}}],\"inLanguage\":\"de-DE\"}]}<\/script>\n<!-- \/ Yoast SEO plugin. -->","yoast_head_json":{"title":"Canada Goose - MacMillan Parka grau (40187) - Vousten Sports","robots":{"index":"index","follow":"follow","max-snippet":"max-snippet:-1","max-image-preview":"max-image-preview:large","max-video-preview":"max-video-preview:-1"},"canonical":"https:\/\/www.voustensports.com\/de\/canada-goose-macmillan-parka-grau-40187\/","og_locale":"de_DE","og_type":"article","og_title":"Canada Goose - MacMillan Parka grau (40187) - Vousten Sports","og_description":"PRODUKTDETAILS Der MacMillan Parka wurde mit stromlinienf\u00f6rmigen Kapuzendetails, zus\u00e4tzlichen Rucksackgurten und zwei zus\u00e4tzlichen Innentaschen aktualisiert. Dieser h\u00fcftlange Parka vereint gro\u00dfartige W\u00e4rme mit stilisierten Merkmalen wie einem durchgehenden Steppdesign und einem geschwungenen Saum. Der MacMillan Parka bietet grundlegenden Schutz unabh\u00e4ngig vom Wetter. STIL Die verstellbare, mit Daunen gef\u00fcllte Schnorchelkapuze sorgt f\u00fcr W\u00e4rme und Schutz vor den [...]","og_url":"https:\/\/www.voustensports.com\/de\/canada-goose-macmillan-parka-grau-40187\/","og_site_name":"Vousten Sports","article_modified_time":"2026-02-19T01:03:03+00:00","og_image":[{"width":1365,"height":2048,"url":"https:\/\/www.voustensports.com\/wp-content\/uploads\/2023\/06\/MacMillan-Parka-grijs-401871.jpg","type":"image\/jpeg"}],"twitter_card":"summary_large_image","twitter_misc":{"Est. reading time":"1 Minute"},"schema":{"@context":"https:\/\/schema.org","@graph":[{"@type":"WebPage","@id":"https:\/\/www.voustensports.com\/de\/canada-goose-macmillan-parka-grau-40187\/","url":"https:\/\/www.voustensports.com\/de\/canada-goose-macmillan-parka-grau-40187\/","name":"Canada Goose - MacMillan Parka grau (40187) - Vousten Sports","isPartOf":{"@id":"https:\/\/www.voustensports.com\/nl\/#website"},"primaryImageOfPage":{"@id":"https:\/\/www.voustensports.com\/de\/canada-goose-macmillan-parka-grau-40187\/#primaryimage"},"image":{"@id":"https:\/\/www.voustensports.com\/de\/canada-goose-macmillan-parka-grau-40187\/#primaryimage"},"thumbnailUrl":"https:\/\/www.voustensports.com\/wp-content\/uploads\/2023\/06\/MacMillan-Parka-grijs-401871.jpg","datePublished":"2024-11-29T16:46:12+00:00","dateModified":"2026-02-19T01:03:03+00:00","breadcrumb":{"@id":"https:\/\/www.voustensports.com\/de\/canada-goose-macmillan-parka-grau-40187\/#breadcrumb"},"inLanguage":"de-DE","potentialAction":[{"@type":"ReadAction","target":["https:\/\/www.voustensports.com\/de\/canada-goose-macmillan-parka-grau-40187\/"]}]},{"@type":"ImageObject","inLanguage":"de-DE","@id":"https:\/\/www.voustensports.com\/de\/canada-goose-macmillan-parka-grau-40187\/#primaryimage","url":"https:\/\/www.voustensports.com\/wp-content\/uploads\/2023\/06\/MacMillan-Parka-grijs-401871.jpg","contentUrl":"https:\/\/www.voustensports.com\/wp-content\/uploads\/2023\/06\/MacMillan-Parka-grijs-401871.jpg","width":1365,"height":2048},{"@type":"BreadcrumbList","@id":"https:\/\/www.voustensports.com\/de\/canada-goose-macmillan-parka-grau-40187\/#breadcrumb","itemListElement":[{"@type":"ListItem","position":1,"name":"Home","item":"https:\/\/www.voustensports.com\/de\/"},{"@type":"ListItem","position":2,"name":"Shop","item":"https:\/\/www.voustensports.com\/de\/shop\/"},{"@type":"ListItem","position":3,"name":"Canada Goose &#8211; MacMillan Parka grau (40187)"}]},{"@type":"WebSite","@id":"https:\/\/www.voustensports.com\/nl\/#website","url":"https:\/\/www.voustensports.com\/nl\/","name":"Vousten Sports","description":"","potentialAction":[{"@type":"SearchAction","target":{"@type":"EntryPoint","urlTemplate":"https:\/\/www.voustensports.com\/nl\/?s={search_term_string}"},"query-input":{"@type":"PropertyValueSpecification","valueRequired":true,"valueName":"search_term_string"}}],"inLanguage":"de-DE"}]}},"_links":{"self":[{"href":"https:\/\/www.voustensports.com\/de\/wp-json\/wp\/v2\/product\/191071","targetHints":{"allow":["GET"]}}],"collection":[{"href":"https:\/\/www.voustensports.com\/de\/wp-json\/wp\/v2\/product"}],"about":[{"href":"https:\/\/www.voustensports.com\/de\/wp-json\/wp\/v2\/types\/product"}],"replies":[{"embeddable":true,"href":"https:\/\/www.voustensports.com\/de\/wp-json\/wp\/v2\/comments?post=191071"}],"wp:featuredmedia":[{"embeddable":true,"href":"https:\/\/www.voustensports.com\/de\/wp-json\/wp\/v2\/media\/191051"}],"wp:attachment":[{"href":"https:\/\/www.voustensports.com\/de\/wp-json\/wp\/v2\/media?parent=191071"}],"wp:term":[{"taxonomy":"product_cat","embeddable":true,"href":"https:\/\/www.voustensports.com\/de\/wp-json\/wp\/v2\/product_cat?post=191071"},{"taxonomy":"product_tag","embeddable":true,"href":"https:\/\/www.voustensports.com\/de\/wp-json\/wp\/v2\/product_tag?post=191071"}],"curies":[{"name":"wp","href":"https:\/\/api.w.org\/{rel}","templated":true}]}}