{"id":190582,"date":"2024-11-08T20:16:06","date_gmt":"2024-11-08T19:16:06","guid":{"rendered":"https:\/\/www.voustensports.com\/herno-laminair-parka-in-new-impact-grijs-39662-2\/"},"modified":"2026-02-05T12:21:10","modified_gmt":"2026-02-05T11:21:10","slug":"herno-laminair-parka-in-new-impact-grijs-39662-2","status":"publish","type":"product","link":"https:\/\/www.voustensports.com\/de\/herno-laminair-parka-in-new-impact-grijs-39662-2\/","title":{"rendered":"HERNO &#8211; LAMINAR PARKA IN NEUEM IMPACT GRAU (39662)"},"content":{"rendered":"<div>PRODUKTDETAILS<\/div>\n<div>Parka aus mattem 4-Wege-Stretch-Material: ein weiches und \u00e4u\u00dferst bequemes Material, das mit einer dehnbaren Membran verbunden ist.<\/div>\n<div>Dieses St\u00fcck hat eine raffinierte Konstruktion, die durch den dynamischen Maxi-Stehkragen mit Kapuze noch verst\u00e4rkt wird. Die verschwei\u00dften N\u00e4hte sorgen f\u00fcr ein sauberes, nahtloses Finish und bieten gleichzeitig eine au\u00dfergew\u00f6hnliche Widerstandsf\u00e4higkeit gegen Wind und Regen.<\/div>\n<div>Teil des Labels Herno Laminar Sartorial Engineering, einer Kollektion, die die Entwicklung von Laminar repr\u00e4sentiert.<\/div>\n<div><\/div>\n<div>STIL<\/div>\n<ul>\n<li>Normale Passform<\/li>\n<li>Gestreifte Steppung<\/li>\n<li>W\u00e4rmeversiegelte N\u00e4hte<\/li>\n<li>F\u00fcllung aus G\u00e4nsedaunen<\/li>\n<li>Stehkragen mit Kapuze<\/li>\n<li>Lange \u00c4rmel<\/li>\n<li>Stretchb\u00fcndchen<\/li>\n<li>Rei\u00dfverschlusstaschen<\/li>\n<li>Zwei-Wege-Rei\u00dfverschluss<\/li>\n<\/ul>\n<div><\/div>\n<div>LEISTUNG<\/div>\n<div>Wasserabweisend, winddicht, atmungsaktiv<\/div>\n<div>MATERIAL<\/div>\n<div>89 % PA \u2013 11 % EA \u2013 HAUPTSTOFF: AUSSENSCHICHT: 89 % POLYAMID\/NYLON 11 % ELASTAN\/SPANDEX-MEMBRAN: POLYURETHAN FUTTER: 78 % POLYAMID\/NYLON 22 % ELASTAN\/SPANDEX-POLSTERUNG (DAUNEN\/FASER): 70 % GANS- DAUNE \/ 30 % POLYESTER<\/div>\n","protected":false},"excerpt":{"rendered":"<p>PRODUKTDETAILS Parka aus mattem 4-Wege-Stretch-Material: ein weiches und \u00e4u\u00dferst bequemes Material, das mit einer dehnbaren Membran verbunden ist. Dieses St\u00fcck hat eine raffinierte Konstruktion, die durch den dynamischen Maxi-Stehkragen mit Kapuze noch verst\u00e4rkt wird. Die verschwei\u00dften N\u00e4hte sorgen f\u00fcr ein sauberes, nahtloses Finish und bieten gleichzeitig eine au\u00dfergew\u00f6hnliche Widerstandsf\u00e4higkeit gegen Wind und Regen. Teil des [&#8230;]\n","protected":false},"featured_media":190574,"comment_status":"open","ping_status":"closed","template":"","meta":{"rank_math_lock_modified_date":false},"product_cat":[447,451,463,543,702,706,728],"product_tag":[],"class_list":{"0":"post-190582","1":"product","2":"type-product","3":"status-publish","4":"has-post-thumbnail","6":"product_cat-kleding-de","7":"product_cat-heren-de","8":"product_cat-vousten-sports-de-2","9":"product_cat-jassen-de","10":"product_cat-jackets-de","11":"product_cat-jassen-jacks-de","12":"product_cat-herno-de","14":"first","15":"instock","16":"taxable","17":"shipping-taxable","18":"purchasable","19":"product-type-variable"},"acf":[],"yoast_head":"<!-- This site is optimized with the Yoast SEO plugin v23.9 - https:\/\/yoast.com\/wordpress\/plugins\/seo\/ -->\n<title>HERNO - LAMINAR PARKA IN NEUEM IMPACT GRAU (39662) - Vousten Sports<\/title>\n<meta name=\"robots\" content=\"index, follow, max-snippet:-1, max-image-preview:large, max-video-preview:-1\" \/>\n<link rel=\"canonical\" href=\"https:\/\/www.voustensports.com\/de\/herno-laminair-parka-in-new-impact-grijs-39662-2\/\" \/>\n<meta property=\"og:locale\" content=\"de_DE\" \/>\n<meta property=\"og:type\" content=\"article\" \/>\n<meta property=\"og:title\" content=\"HERNO - LAMINAR PARKA IN NEUEM IMPACT GRAU (39662) - Vousten Sports\" \/>\n<meta property=\"og:description\" content=\"PRODUKTDETAILS Parka aus mattem 4-Wege-Stretch-Material: ein weiches und \u00e4u\u00dferst bequemes Material, das mit einer dehnbaren Membran verbunden ist. Dieses St\u00fcck hat eine raffinierte Konstruktion, die durch den dynamischen Maxi-Stehkragen mit Kapuze noch verst\u00e4rkt wird. Die verschwei\u00dften N\u00e4hte sorgen f\u00fcr ein sauberes, nahtloses Finish und bieten gleichzeitig eine au\u00dfergew\u00f6hnliche Widerstandsf\u00e4higkeit gegen Wind und Regen. Teil des [...]\" \/>\n<meta property=\"og:url\" content=\"https:\/\/www.voustensports.com\/de\/herno-laminair-parka-in-new-impact-grijs-39662-2\/\" \/>\n<meta property=\"og:site_name\" content=\"Vousten Sports\" \/>\n<meta property=\"article:modified_time\" content=\"2026-02-05T11:21:10+00:00\" \/>\n<meta property=\"og:image\" content=\"https:\/\/www.voustensports.com\/wp-content\/uploads\/2023\/06\/LAMINAIR-PARKA-IN-NEW-IMPACT-GRIJS-396621.jpg\" \/>\n\t<meta property=\"og:image:width\" content=\"700\" \/>\n\t<meta property=\"og:image:height\" content=\"700\" \/>\n\t<meta property=\"og:image:type\" content=\"image\/jpeg\" \/>\n<meta name=\"twitter:card\" content=\"summary_large_image\" \/>\n<meta name=\"twitter:label1\" content=\"Est. reading time\" \/>\n\t<meta name=\"twitter:data1\" content=\"1 Minute\" \/>\n<script type=\"application\/ld+json\" class=\"yoast-schema-graph\">{\"@context\":\"https:\/\/schema.org\",\"@graph\":[{\"@type\":\"WebPage\",\"@id\":\"https:\/\/www.voustensports.com\/de\/herno-laminair-parka-in-new-impact-grijs-39662-2\/\",\"url\":\"https:\/\/www.voustensports.com\/de\/herno-laminair-parka-in-new-impact-grijs-39662-2\/\",\"name\":\"HERNO - LAMINAR PARKA IN NEUEM IMPACT GRAU (39662) - Vousten Sports\",\"isPartOf\":{\"@id\":\"https:\/\/www.voustensports.com\/nl\/#website\"},\"primaryImageOfPage\":{\"@id\":\"https:\/\/www.voustensports.com\/de\/herno-laminair-parka-in-new-impact-grijs-39662-2\/#primaryimage\"},\"image\":{\"@id\":\"https:\/\/www.voustensports.com\/de\/herno-laminair-parka-in-new-impact-grijs-39662-2\/#primaryimage\"},\"thumbnailUrl\":\"https:\/\/www.voustensports.com\/wp-content\/uploads\/2023\/06\/LAMINAIR-PARKA-IN-NEW-IMPACT-GRIJS-396621.jpg\",\"datePublished\":\"2024-11-08T19:16:06+00:00\",\"dateModified\":\"2026-02-05T11:21:10+00:00\",\"breadcrumb\":{\"@id\":\"https:\/\/www.voustensports.com\/de\/herno-laminair-parka-in-new-impact-grijs-39662-2\/#breadcrumb\"},\"inLanguage\":\"de-DE\",\"potentialAction\":[{\"@type\":\"ReadAction\",\"target\":[\"https:\/\/www.voustensports.com\/de\/herno-laminair-parka-in-new-impact-grijs-39662-2\/\"]}]},{\"@type\":\"ImageObject\",\"inLanguage\":\"de-DE\",\"@id\":\"https:\/\/www.voustensports.com\/de\/herno-laminair-parka-in-new-impact-grijs-39662-2\/#primaryimage\",\"url\":\"https:\/\/www.voustensports.com\/wp-content\/uploads\/2023\/06\/LAMINAIR-PARKA-IN-NEW-IMPACT-GRIJS-396621.jpg\",\"contentUrl\":\"https:\/\/www.voustensports.com\/wp-content\/uploads\/2023\/06\/LAMINAIR-PARKA-IN-NEW-IMPACT-GRIJS-396621.jpg\",\"width\":700,\"height\":700},{\"@type\":\"BreadcrumbList\",\"@id\":\"https:\/\/www.voustensports.com\/de\/herno-laminair-parka-in-new-impact-grijs-39662-2\/#breadcrumb\",\"itemListElement\":[{\"@type\":\"ListItem\",\"position\":1,\"name\":\"Home\",\"item\":\"https:\/\/www.voustensports.com\/de\/\"},{\"@type\":\"ListItem\",\"position\":2,\"name\":\"Shop\",\"item\":\"https:\/\/www.voustensports.com\/de\/shop\/\"},{\"@type\":\"ListItem\",\"position\":3,\"name\":\"HERNO &#8211; LAMINAR PARKA IN NEUEM IMPACT GRAU (39662)\"}]},{\"@type\":\"WebSite\",\"@id\":\"https:\/\/www.voustensports.com\/nl\/#website\",\"url\":\"https:\/\/www.voustensports.com\/nl\/\",\"name\":\"Vousten Sports\",\"description\":\"\",\"potentialAction\":[{\"@type\":\"SearchAction\",\"target\":{\"@type\":\"EntryPoint\",\"urlTemplate\":\"https:\/\/www.voustensports.com\/nl\/?s={search_term_string}\"},\"query-input\":{\"@type\":\"PropertyValueSpecification\",\"valueRequired\":true,\"valueName\":\"search_term_string\"}}],\"inLanguage\":\"de-DE\"}]}<\/script>\n<!-- \/ Yoast SEO plugin. -->","yoast_head_json":{"title":"HERNO - LAMINAR PARKA IN NEUEM IMPACT GRAU (39662) - Vousten Sports","robots":{"index":"index","follow":"follow","max-snippet":"max-snippet:-1","max-image-preview":"max-image-preview:large","max-video-preview":"max-video-preview:-1"},"canonical":"https:\/\/www.voustensports.com\/de\/herno-laminair-parka-in-new-impact-grijs-39662-2\/","og_locale":"de_DE","og_type":"article","og_title":"HERNO - LAMINAR PARKA IN NEUEM IMPACT GRAU (39662) - Vousten Sports","og_description":"PRODUKTDETAILS Parka aus mattem 4-Wege-Stretch-Material: ein weiches und \u00e4u\u00dferst bequemes Material, das mit einer dehnbaren Membran verbunden ist. Dieses St\u00fcck hat eine raffinierte Konstruktion, die durch den dynamischen Maxi-Stehkragen mit Kapuze noch verst\u00e4rkt wird. Die verschwei\u00dften N\u00e4hte sorgen f\u00fcr ein sauberes, nahtloses Finish und bieten gleichzeitig eine au\u00dfergew\u00f6hnliche Widerstandsf\u00e4higkeit gegen Wind und Regen. Teil des [...]","og_url":"https:\/\/www.voustensports.com\/de\/herno-laminair-parka-in-new-impact-grijs-39662-2\/","og_site_name":"Vousten Sports","article_modified_time":"2026-02-05T11:21:10+00:00","og_image":[{"width":700,"height":700,"url":"https:\/\/www.voustensports.com\/wp-content\/uploads\/2023\/06\/LAMINAIR-PARKA-IN-NEW-IMPACT-GRIJS-396621.jpg","type":"image\/jpeg"}],"twitter_card":"summary_large_image","twitter_misc":{"Est. reading time":"1 Minute"},"schema":{"@context":"https:\/\/schema.org","@graph":[{"@type":"WebPage","@id":"https:\/\/www.voustensports.com\/de\/herno-laminair-parka-in-new-impact-grijs-39662-2\/","url":"https:\/\/www.voustensports.com\/de\/herno-laminair-parka-in-new-impact-grijs-39662-2\/","name":"HERNO - LAMINAR PARKA IN NEUEM IMPACT GRAU (39662) - Vousten Sports","isPartOf":{"@id":"https:\/\/www.voustensports.com\/nl\/#website"},"primaryImageOfPage":{"@id":"https:\/\/www.voustensports.com\/de\/herno-laminair-parka-in-new-impact-grijs-39662-2\/#primaryimage"},"image":{"@id":"https:\/\/www.voustensports.com\/de\/herno-laminair-parka-in-new-impact-grijs-39662-2\/#primaryimage"},"thumbnailUrl":"https:\/\/www.voustensports.com\/wp-content\/uploads\/2023\/06\/LAMINAIR-PARKA-IN-NEW-IMPACT-GRIJS-396621.jpg","datePublished":"2024-11-08T19:16:06+00:00","dateModified":"2026-02-05T11:21:10+00:00","breadcrumb":{"@id":"https:\/\/www.voustensports.com\/de\/herno-laminair-parka-in-new-impact-grijs-39662-2\/#breadcrumb"},"inLanguage":"de-DE","potentialAction":[{"@type":"ReadAction","target":["https:\/\/www.voustensports.com\/de\/herno-laminair-parka-in-new-impact-grijs-39662-2\/"]}]},{"@type":"ImageObject","inLanguage":"de-DE","@id":"https:\/\/www.voustensports.com\/de\/herno-laminair-parka-in-new-impact-grijs-39662-2\/#primaryimage","url":"https:\/\/www.voustensports.com\/wp-content\/uploads\/2023\/06\/LAMINAIR-PARKA-IN-NEW-IMPACT-GRIJS-396621.jpg","contentUrl":"https:\/\/www.voustensports.com\/wp-content\/uploads\/2023\/06\/LAMINAIR-PARKA-IN-NEW-IMPACT-GRIJS-396621.jpg","width":700,"height":700},{"@type":"BreadcrumbList","@id":"https:\/\/www.voustensports.com\/de\/herno-laminair-parka-in-new-impact-grijs-39662-2\/#breadcrumb","itemListElement":[{"@type":"ListItem","position":1,"name":"Home","item":"https:\/\/www.voustensports.com\/de\/"},{"@type":"ListItem","position":2,"name":"Shop","item":"https:\/\/www.voustensports.com\/de\/shop\/"},{"@type":"ListItem","position":3,"name":"HERNO &#8211; LAMINAR PARKA IN NEUEM IMPACT GRAU (39662)"}]},{"@type":"WebSite","@id":"https:\/\/www.voustensports.com\/nl\/#website","url":"https:\/\/www.voustensports.com\/nl\/","name":"Vousten Sports","description":"","potentialAction":[{"@type":"SearchAction","target":{"@type":"EntryPoint","urlTemplate":"https:\/\/www.voustensports.com\/nl\/?s={search_term_string}"},"query-input":{"@type":"PropertyValueSpecification","valueRequired":true,"valueName":"search_term_string"}}],"inLanguage":"de-DE"}]}},"_links":{"self":[{"href":"https:\/\/www.voustensports.com\/de\/wp-json\/wp\/v2\/product\/190582","targetHints":{"allow":["GET"]}}],"collection":[{"href":"https:\/\/www.voustensports.com\/de\/wp-json\/wp\/v2\/product"}],"about":[{"href":"https:\/\/www.voustensports.com\/de\/wp-json\/wp\/v2\/types\/product"}],"replies":[{"embeddable":true,"href":"https:\/\/www.voustensports.com\/de\/wp-json\/wp\/v2\/comments?post=190582"}],"wp:featuredmedia":[{"embeddable":true,"href":"https:\/\/www.voustensports.com\/de\/wp-json\/wp\/v2\/media\/190574"}],"wp:attachment":[{"href":"https:\/\/www.voustensports.com\/de\/wp-json\/wp\/v2\/media?parent=190582"}],"wp:term":[{"taxonomy":"product_cat","embeddable":true,"href":"https:\/\/www.voustensports.com\/de\/wp-json\/wp\/v2\/product_cat?post=190582"},{"taxonomy":"product_tag","embeddable":true,"href":"https:\/\/www.voustensports.com\/de\/wp-json\/wp\/v2\/product_tag?post=190582"}],"curies":[{"name":"wp","href":"https:\/\/api.w.org\/{rel}","templated":true}]}}