{"id":190321,"date":"2024-11-01T17:52:12","date_gmt":"2024-11-01T16:52:12","guid":{"rendered":"https:\/\/www.voustensports.com\/hogan-dames-h665-sneaker-grau-39302\/"},"modified":"2026-02-05T12:16:16","modified_gmt":"2026-02-05T11:16:16","slug":"hogan-dames-h665-sneaker-grau-39302","status":"publish","type":"product","link":"https:\/\/www.voustensports.com\/de\/hogan-dames-h665-sneaker-grau-39302\/","title":{"rendered":"HOGAN Dames &#8211; H665 Sneaker grau (39302)"},"content":{"rendered":"<div>Die Hogan H665 Sneakers erneuern die zeitgem\u00e4\u00dfe Kombination aus sportlicher \u00c4sthetik und urbanem Charakter. Dank der speziellen Konstruktion sind sie leicht und flexibel und verf\u00fcgen \u00fcber eine zweifarbige, extraleichte EVA-Au\u00dfensohle. Das Obermaterial aus Leder und Mesh hat ein verl\u00e4ngertes H, das sich an die Ferse anschmiegt, w\u00e4hrend die Memory-Schaum-Innensohle f\u00fcr Weichheit und D\u00e4mpfung sorgt.<\/div>\n<ul>\n<li>Hogan H665 Damen-Sneaker<\/li>\n<li>Hergestellt in Italien<\/li>\n<li>Oberteil aus Wildleder<\/li>\n<li>Eins\u00e4tze aus technischem Gewebe<\/li>\n<li>H auf der Seite<\/li>\n<li>Einlegesohle aus Memory-Schaum<\/li>\n<li>EVA-Au\u00dfensohle<\/li>\n<li>Strobel-Konstruktion<\/li>\n<li>Wartungs- und Pflegekarten inklusive<\/li>\n<li>Inklusive Staubbeutel aus Stoff<\/li>\n<li>Zus\u00e4tzliche Schn\u00fcrsenkel im Lieferumfang enthalten<\/li>\n<li>MOD. HXW6650FJ00MS20GAQ<\/li>\n<\/ul>\n","protected":false},"excerpt":{"rendered":"<p>Die Hogan H665 Sneakers erneuern die zeitgem\u00e4\u00dfe Kombination aus sportlicher \u00c4sthetik und urbanem Charakter. Dank der speziellen Konstruktion sind sie leicht und flexibel und verf\u00fcgen \u00fcber eine zweifarbige, extraleichte EVA-Au\u00dfensohle. Das Obermaterial aus Leder und Mesh hat ein verl\u00e4ngertes H, das sich an die Ferse anschmiegt, w\u00e4hrend die Memory-Schaum-Innensohle f\u00fcr Weichheit und D\u00e4mpfung sorgt. Hogan [&#8230;]\n","protected":false},"featured_media":190297,"comment_status":"open","ping_status":"closed","template":"","meta":{"rank_math_lock_modified_date":false},"product_cat":[463,519,523,527,636],"product_tag":[],"class_list":{"0":"post-190321","1":"product","2":"type-product","3":"status-publish","4":"has-post-thumbnail","6":"product_cat-vousten-sports-de-2","7":"product_cat-hogan-de","8":"product_cat-schoenen-de-2","9":"product_cat-sneakers-de-2","10":"product_cat-dames-de","12":"first","13":"outofstock","14":"taxable","15":"shipping-taxable","16":"purchasable","17":"product-type-variable"},"acf":[],"yoast_head":"<!-- This site is optimized with the Yoast SEO plugin v23.9 - https:\/\/yoast.com\/wordpress\/plugins\/seo\/ -->\n<title>HOGAN Dames - H665 Sneaker grau (39302) - Vousten Sports<\/title>\n<meta name=\"robots\" content=\"index, follow, max-snippet:-1, max-image-preview:large, max-video-preview:-1\" \/>\n<link rel=\"canonical\" href=\"https:\/\/www.voustensports.com\/de\/hogan-dames-h665-sneaker-grau-39302\/\" \/>\n<meta property=\"og:locale\" content=\"de_DE\" \/>\n<meta property=\"og:type\" content=\"article\" \/>\n<meta property=\"og:title\" content=\"HOGAN Dames - H665 Sneaker grau (39302) - Vousten Sports\" \/>\n<meta property=\"og:description\" content=\"Die Hogan H665 Sneakers erneuern die zeitgem\u00e4\u00dfe Kombination aus sportlicher \u00c4sthetik und urbanem Charakter. Dank der speziellen Konstruktion sind sie leicht und flexibel und verf\u00fcgen \u00fcber eine zweifarbige, extraleichte EVA-Au\u00dfensohle. Das Obermaterial aus Leder und Mesh hat ein verl\u00e4ngertes H, das sich an die Ferse anschmiegt, w\u00e4hrend die Memory-Schaum-Innensohle f\u00fcr Weichheit und D\u00e4mpfung sorgt. Hogan [...]\" \/>\n<meta property=\"og:url\" content=\"https:\/\/www.voustensports.com\/de\/hogan-dames-h665-sneaker-grau-39302\/\" \/>\n<meta property=\"og:site_name\" content=\"Vousten Sports\" \/>\n<meta property=\"article:modified_time\" content=\"2026-02-05T11:16:16+00:00\" \/>\n<meta property=\"og:image\" content=\"https:\/\/www.voustensports.com\/wp-content\/uploads\/2023\/06\/HOGAN-Dames-H665-Sneaker-grijs-39302.png\" \/>\n\t<meta property=\"og:image:width\" content=\"1288\" \/>\n\t<meta property=\"og:image:height\" content=\"1288\" \/>\n\t<meta property=\"og:image:type\" content=\"image\/png\" \/>\n<meta name=\"twitter:card\" content=\"summary_large_image\" \/>\n<meta name=\"twitter:label1\" content=\"Est. reading time\" \/>\n\t<meta name=\"twitter:data1\" content=\"1 Minute\" \/>\n<script type=\"application\/ld+json\" class=\"yoast-schema-graph\">{\"@context\":\"https:\/\/schema.org\",\"@graph\":[{\"@type\":\"WebPage\",\"@id\":\"https:\/\/www.voustensports.com\/de\/hogan-dames-h665-sneaker-grau-39302\/\",\"url\":\"https:\/\/www.voustensports.com\/de\/hogan-dames-h665-sneaker-grau-39302\/\",\"name\":\"HOGAN Dames - H665 Sneaker grau (39302) - Vousten Sports\",\"isPartOf\":{\"@id\":\"https:\/\/www.voustensports.com\/nl\/#website\"},\"primaryImageOfPage\":{\"@id\":\"https:\/\/www.voustensports.com\/de\/hogan-dames-h665-sneaker-grau-39302\/#primaryimage\"},\"image\":{\"@id\":\"https:\/\/www.voustensports.com\/de\/hogan-dames-h665-sneaker-grau-39302\/#primaryimage\"},\"thumbnailUrl\":\"https:\/\/www.voustensports.com\/wp-content\/uploads\/2023\/06\/HOGAN-Dames-H665-Sneaker-grijs-39302.png\",\"datePublished\":\"2024-11-01T16:52:12+00:00\",\"dateModified\":\"2026-02-05T11:16:16+00:00\",\"breadcrumb\":{\"@id\":\"https:\/\/www.voustensports.com\/de\/hogan-dames-h665-sneaker-grau-39302\/#breadcrumb\"},\"inLanguage\":\"de-DE\",\"potentialAction\":[{\"@type\":\"ReadAction\",\"target\":[\"https:\/\/www.voustensports.com\/de\/hogan-dames-h665-sneaker-grau-39302\/\"]}]},{\"@type\":\"ImageObject\",\"inLanguage\":\"de-DE\",\"@id\":\"https:\/\/www.voustensports.com\/de\/hogan-dames-h665-sneaker-grau-39302\/#primaryimage\",\"url\":\"https:\/\/www.voustensports.com\/wp-content\/uploads\/2023\/06\/HOGAN-Dames-H665-Sneaker-grijs-39302.png\",\"contentUrl\":\"https:\/\/www.voustensports.com\/wp-content\/uploads\/2023\/06\/HOGAN-Dames-H665-Sneaker-grijs-39302.png\",\"width\":1288,\"height\":1288},{\"@type\":\"BreadcrumbList\",\"@id\":\"https:\/\/www.voustensports.com\/de\/hogan-dames-h665-sneaker-grau-39302\/#breadcrumb\",\"itemListElement\":[{\"@type\":\"ListItem\",\"position\":1,\"name\":\"Home\",\"item\":\"https:\/\/www.voustensports.com\/de\/\"},{\"@type\":\"ListItem\",\"position\":2,\"name\":\"Shop\",\"item\":\"https:\/\/www.voustensports.com\/de\/shop\/\"},{\"@type\":\"ListItem\",\"position\":3,\"name\":\"HOGAN Dames &#8211; H665 Sneaker grau (39302)\"}]},{\"@type\":\"WebSite\",\"@id\":\"https:\/\/www.voustensports.com\/nl\/#website\",\"url\":\"https:\/\/www.voustensports.com\/nl\/\",\"name\":\"Vousten Sports\",\"description\":\"\",\"potentialAction\":[{\"@type\":\"SearchAction\",\"target\":{\"@type\":\"EntryPoint\",\"urlTemplate\":\"https:\/\/www.voustensports.com\/nl\/?s={search_term_string}\"},\"query-input\":{\"@type\":\"PropertyValueSpecification\",\"valueRequired\":true,\"valueName\":\"search_term_string\"}}],\"inLanguage\":\"de-DE\"}]}<\/script>\n<!-- \/ Yoast SEO plugin. -->","yoast_head_json":{"title":"HOGAN Dames - H665 Sneaker grau (39302) - Vousten Sports","robots":{"index":"index","follow":"follow","max-snippet":"max-snippet:-1","max-image-preview":"max-image-preview:large","max-video-preview":"max-video-preview:-1"},"canonical":"https:\/\/www.voustensports.com\/de\/hogan-dames-h665-sneaker-grau-39302\/","og_locale":"de_DE","og_type":"article","og_title":"HOGAN Dames - H665 Sneaker grau (39302) - Vousten Sports","og_description":"Die Hogan H665 Sneakers erneuern die zeitgem\u00e4\u00dfe Kombination aus sportlicher \u00c4sthetik und urbanem Charakter. Dank der speziellen Konstruktion sind sie leicht und flexibel und verf\u00fcgen \u00fcber eine zweifarbige, extraleichte EVA-Au\u00dfensohle. Das Obermaterial aus Leder und Mesh hat ein verl\u00e4ngertes H, das sich an die Ferse anschmiegt, w\u00e4hrend die Memory-Schaum-Innensohle f\u00fcr Weichheit und D\u00e4mpfung sorgt. Hogan [...]","og_url":"https:\/\/www.voustensports.com\/de\/hogan-dames-h665-sneaker-grau-39302\/","og_site_name":"Vousten Sports","article_modified_time":"2026-02-05T11:16:16+00:00","og_image":[{"width":1288,"height":1288,"url":"https:\/\/www.voustensports.com\/wp-content\/uploads\/2023\/06\/HOGAN-Dames-H665-Sneaker-grijs-39302.png","type":"image\/png"}],"twitter_card":"summary_large_image","twitter_misc":{"Est. reading time":"1 Minute"},"schema":{"@context":"https:\/\/schema.org","@graph":[{"@type":"WebPage","@id":"https:\/\/www.voustensports.com\/de\/hogan-dames-h665-sneaker-grau-39302\/","url":"https:\/\/www.voustensports.com\/de\/hogan-dames-h665-sneaker-grau-39302\/","name":"HOGAN Dames - H665 Sneaker grau (39302) - Vousten Sports","isPartOf":{"@id":"https:\/\/www.voustensports.com\/nl\/#website"},"primaryImageOfPage":{"@id":"https:\/\/www.voustensports.com\/de\/hogan-dames-h665-sneaker-grau-39302\/#primaryimage"},"image":{"@id":"https:\/\/www.voustensports.com\/de\/hogan-dames-h665-sneaker-grau-39302\/#primaryimage"},"thumbnailUrl":"https:\/\/www.voustensports.com\/wp-content\/uploads\/2023\/06\/HOGAN-Dames-H665-Sneaker-grijs-39302.png","datePublished":"2024-11-01T16:52:12+00:00","dateModified":"2026-02-05T11:16:16+00:00","breadcrumb":{"@id":"https:\/\/www.voustensports.com\/de\/hogan-dames-h665-sneaker-grau-39302\/#breadcrumb"},"inLanguage":"de-DE","potentialAction":[{"@type":"ReadAction","target":["https:\/\/www.voustensports.com\/de\/hogan-dames-h665-sneaker-grau-39302\/"]}]},{"@type":"ImageObject","inLanguage":"de-DE","@id":"https:\/\/www.voustensports.com\/de\/hogan-dames-h665-sneaker-grau-39302\/#primaryimage","url":"https:\/\/www.voustensports.com\/wp-content\/uploads\/2023\/06\/HOGAN-Dames-H665-Sneaker-grijs-39302.png","contentUrl":"https:\/\/www.voustensports.com\/wp-content\/uploads\/2023\/06\/HOGAN-Dames-H665-Sneaker-grijs-39302.png","width":1288,"height":1288},{"@type":"BreadcrumbList","@id":"https:\/\/www.voustensports.com\/de\/hogan-dames-h665-sneaker-grau-39302\/#breadcrumb","itemListElement":[{"@type":"ListItem","position":1,"name":"Home","item":"https:\/\/www.voustensports.com\/de\/"},{"@type":"ListItem","position":2,"name":"Shop","item":"https:\/\/www.voustensports.com\/de\/shop\/"},{"@type":"ListItem","position":3,"name":"HOGAN Dames &#8211; H665 Sneaker grau (39302)"}]},{"@type":"WebSite","@id":"https:\/\/www.voustensports.com\/nl\/#website","url":"https:\/\/www.voustensports.com\/nl\/","name":"Vousten Sports","description":"","potentialAction":[{"@type":"SearchAction","target":{"@type":"EntryPoint","urlTemplate":"https:\/\/www.voustensports.com\/nl\/?s={search_term_string}"},"query-input":{"@type":"PropertyValueSpecification","valueRequired":true,"valueName":"search_term_string"}}],"inLanguage":"de-DE"}]}},"_links":{"self":[{"href":"https:\/\/www.voustensports.com\/de\/wp-json\/wp\/v2\/product\/190321","targetHints":{"allow":["GET"]}}],"collection":[{"href":"https:\/\/www.voustensports.com\/de\/wp-json\/wp\/v2\/product"}],"about":[{"href":"https:\/\/www.voustensports.com\/de\/wp-json\/wp\/v2\/types\/product"}],"replies":[{"embeddable":true,"href":"https:\/\/www.voustensports.com\/de\/wp-json\/wp\/v2\/comments?post=190321"}],"wp:featuredmedia":[{"embeddable":true,"href":"https:\/\/www.voustensports.com\/de\/wp-json\/wp\/v2\/media\/190297"}],"wp:attachment":[{"href":"https:\/\/www.voustensports.com\/de\/wp-json\/wp\/v2\/media?parent=190321"}],"wp:term":[{"taxonomy":"product_cat","embeddable":true,"href":"https:\/\/www.voustensports.com\/de\/wp-json\/wp\/v2\/product_cat?post=190321"},{"taxonomy":"product_tag","embeddable":true,"href":"https:\/\/www.voustensports.com\/de\/wp-json\/wp\/v2\/product_tag?post=190321"}],"curies":[{"name":"wp","href":"https:\/\/api.w.org\/{rel}","templated":true}]}}