{"id":189573,"date":"2024-10-25T18:20:13","date_gmt":"2024-10-25T16:20:13","guid":{"rendered":"https:\/\/www.voustensports.com\/herno-weste-in-ecoage-dunkelblau-39666\/"},"modified":"2026-02-05T12:21:15","modified_gmt":"2026-02-05T11:21:15","slug":"herno-weste-in-ecoage-dunkelblau-39666","status":"publish","type":"product","link":"https:\/\/www.voustensports.com\/de\/herno-weste-in-ecoage-dunkelblau-39666\/","title":{"rendered":"HERNO &#8211; WESTE IN ECOAGE DUNKELBLAU (39666)"},"content":{"rendered":"<div>PRODUKTDETAILS<\/div>\n<div>Strickjacke aus recycelter Nylon-Mikrofaser mit einer leichten Beschichtung auf der R\u00fcckseite, die dem Material eine weiche, wasserdichte Textur und ein mattes Finish verleiht.<\/div>\n<div>Dieses luxuri\u00f6se Teil ist gesteppt, gesteppt und mit einer abnehmbaren Kapuze ausgestattet und unterstreicht Ihre Lagenlooks f\u00fcr die \u00dcbergangszeit.<\/div>\n<ul>\n<li>Normale Passform<\/li>\n<li>Hoher Kragen<\/li>\n<li>Abnehmbare Kapuze mit Kordelzug<\/li>\n<li>Zwei-Wege-Rei\u00dfverschluss<\/li>\n<li>Taschen mit Druckknopfverschluss<\/li>\n<li>F\u00fcllung aus G\u00e4nsedaunen<\/li>\n<\/ul>\n<div>LEISTUNG<\/div>\n<ul>\n<li>wasserabweisend, winddicht, m\u00e4\u00dfig<\/li>\n<li>Artikelnummer: PI001186U12456Z9300<\/li>\n<li>ID-Nummer: 39666<\/li>\n<\/ul>\n<div>VERBINDUNG<\/div>\n<div>100 % PA \u2013 HAUPTSTOFF: BASIS: 100 % POLYAMID\/NYLON BESCHICHTUNG: POLYURETHAN HAUPTFUTTER: BASIS: 100 % POLYAMID\/NYLON BESCHICHTUNG: POLYURETHAN F\u00dcLLUNG (FEDER): 90 % DAUNEN, 10 % FEDER<\/div>\n","protected":false},"excerpt":{"rendered":"<p>PRODUKTDETAILS Strickjacke aus recycelter Nylon-Mikrofaser mit einer leichten Beschichtung auf der R\u00fcckseite, die dem Material eine weiche, wasserdichte Textur und ein mattes Finish verleiht. Dieses luxuri\u00f6se Teil ist gesteppt, gesteppt und mit einer abnehmbaren Kapuze ausgestattet und unterstreicht Ihre Lagenlooks f\u00fcr die \u00dcbergangszeit. Normale Passform Hoher Kragen Abnehmbare Kapuze mit Kordelzug Zwei-Wege-Rei\u00dfverschluss Taschen mit Druckknopfverschluss [&#8230;]\n","protected":false},"featured_media":189561,"comment_status":"open","ping_status":"closed","template":"","meta":{"rank_math_lock_modified_date":false},"product_cat":[744,823,447,451,463,543,702,706,728],"product_tag":[],"class_list":{"0":"post-189573","1":"product","2":"type-product","3":"status-publish","4":"has-post-thumbnail","6":"product_cat-bodywarmers-de","7":"product_cat-bodywarmer-de","8":"product_cat-kleding-de","9":"product_cat-heren-de","10":"product_cat-vousten-sports-de-2","11":"product_cat-jassen-de","12":"product_cat-jackets-de","13":"product_cat-jassen-jacks-de","14":"product_cat-herno-de","16":"first","17":"instock","18":"taxable","19":"shipping-taxable","20":"purchasable","21":"product-type-variable"},"acf":[],"yoast_head":"<!-- This site is optimized with the Yoast SEO plugin v23.9 - https:\/\/yoast.com\/wordpress\/plugins\/seo\/ -->\n<title>HERNO - WESTE IN ECOAGE DUNKELBLAU (39666) - Vousten Sports<\/title>\n<meta name=\"robots\" content=\"index, follow, max-snippet:-1, max-image-preview:large, max-video-preview:-1\" \/>\n<link rel=\"canonical\" href=\"https:\/\/www.voustensports.com\/de\/herno-weste-in-ecoage-dunkelblau-39666\/\" \/>\n<meta property=\"og:locale\" content=\"de_DE\" \/>\n<meta property=\"og:type\" content=\"article\" \/>\n<meta property=\"og:title\" content=\"HERNO - WESTE IN ECOAGE DUNKELBLAU (39666) - Vousten Sports\" \/>\n<meta property=\"og:description\" content=\"PRODUKTDETAILS Strickjacke aus recycelter Nylon-Mikrofaser mit einer leichten Beschichtung auf der R\u00fcckseite, die dem Material eine weiche, wasserdichte Textur und ein mattes Finish verleiht. Dieses luxuri\u00f6se Teil ist gesteppt, gesteppt und mit einer abnehmbaren Kapuze ausgestattet und unterstreicht Ihre Lagenlooks f\u00fcr die \u00dcbergangszeit. Normale Passform Hoher Kragen Abnehmbare Kapuze mit Kordelzug Zwei-Wege-Rei\u00dfverschluss Taschen mit Druckknopfverschluss [...]\" \/>\n<meta property=\"og:url\" content=\"https:\/\/www.voustensports.com\/de\/herno-weste-in-ecoage-dunkelblau-39666\/\" \/>\n<meta property=\"og:site_name\" content=\"Vousten Sports\" \/>\n<meta property=\"article:modified_time\" content=\"2026-02-05T11:21:15+00:00\" \/>\n<meta property=\"og:image\" content=\"https:\/\/www.voustensports.com\/wp-content\/uploads\/2023\/06\/VEST-IN-ECOAGE-DONKERBLAUW-396661.jpg\" \/>\n\t<meta property=\"og:image:width\" content=\"1981\" \/>\n\t<meta property=\"og:image:height\" content=\"2048\" \/>\n\t<meta property=\"og:image:type\" content=\"image\/jpeg\" \/>\n<meta name=\"twitter:card\" content=\"summary_large_image\" \/>\n<script type=\"application\/ld+json\" class=\"yoast-schema-graph\">{\"@context\":\"https:\/\/schema.org\",\"@graph\":[{\"@type\":\"WebPage\",\"@id\":\"https:\/\/www.voustensports.com\/de\/herno-weste-in-ecoage-dunkelblau-39666\/\",\"url\":\"https:\/\/www.voustensports.com\/de\/herno-weste-in-ecoage-dunkelblau-39666\/\",\"name\":\"HERNO - WESTE IN ECOAGE DUNKELBLAU (39666) - Vousten Sports\",\"isPartOf\":{\"@id\":\"https:\/\/www.voustensports.com\/nl\/#website\"},\"primaryImageOfPage\":{\"@id\":\"https:\/\/www.voustensports.com\/de\/herno-weste-in-ecoage-dunkelblau-39666\/#primaryimage\"},\"image\":{\"@id\":\"https:\/\/www.voustensports.com\/de\/herno-weste-in-ecoage-dunkelblau-39666\/#primaryimage\"},\"thumbnailUrl\":\"https:\/\/www.voustensports.com\/wp-content\/uploads\/2023\/06\/VEST-IN-ECOAGE-DONKERBLAUW-396661.jpg\",\"datePublished\":\"2024-10-25T16:20:13+00:00\",\"dateModified\":\"2026-02-05T11:21:15+00:00\",\"breadcrumb\":{\"@id\":\"https:\/\/www.voustensports.com\/de\/herno-weste-in-ecoage-dunkelblau-39666\/#breadcrumb\"},\"inLanguage\":\"de-DE\",\"potentialAction\":[{\"@type\":\"ReadAction\",\"target\":[\"https:\/\/www.voustensports.com\/de\/herno-weste-in-ecoage-dunkelblau-39666\/\"]}]},{\"@type\":\"ImageObject\",\"inLanguage\":\"de-DE\",\"@id\":\"https:\/\/www.voustensports.com\/de\/herno-weste-in-ecoage-dunkelblau-39666\/#primaryimage\",\"url\":\"https:\/\/www.voustensports.com\/wp-content\/uploads\/2023\/06\/VEST-IN-ECOAGE-DONKERBLAUW-396661.jpg\",\"contentUrl\":\"https:\/\/www.voustensports.com\/wp-content\/uploads\/2023\/06\/VEST-IN-ECOAGE-DONKERBLAUW-396661.jpg\",\"width\":1981,\"height\":2048},{\"@type\":\"BreadcrumbList\",\"@id\":\"https:\/\/www.voustensports.com\/de\/herno-weste-in-ecoage-dunkelblau-39666\/#breadcrumb\",\"itemListElement\":[{\"@type\":\"ListItem\",\"position\":1,\"name\":\"Home\",\"item\":\"https:\/\/www.voustensports.com\/de\/\"},{\"@type\":\"ListItem\",\"position\":2,\"name\":\"Shop\",\"item\":\"https:\/\/www.voustensports.com\/de\/shop\/\"},{\"@type\":\"ListItem\",\"position\":3,\"name\":\"HERNO &#8211; WESTE IN ECOAGE DUNKELBLAU (39666)\"}]},{\"@type\":\"WebSite\",\"@id\":\"https:\/\/www.voustensports.com\/nl\/#website\",\"url\":\"https:\/\/www.voustensports.com\/nl\/\",\"name\":\"Vousten Sports\",\"description\":\"\",\"potentialAction\":[{\"@type\":\"SearchAction\",\"target\":{\"@type\":\"EntryPoint\",\"urlTemplate\":\"https:\/\/www.voustensports.com\/nl\/?s={search_term_string}\"},\"query-input\":{\"@type\":\"PropertyValueSpecification\",\"valueRequired\":true,\"valueName\":\"search_term_string\"}}],\"inLanguage\":\"de-DE\"}]}<\/script>\n<!-- \/ Yoast SEO plugin. -->","yoast_head_json":{"title":"HERNO - WESTE IN ECOAGE DUNKELBLAU (39666) - Vousten Sports","robots":{"index":"index","follow":"follow","max-snippet":"max-snippet:-1","max-image-preview":"max-image-preview:large","max-video-preview":"max-video-preview:-1"},"canonical":"https:\/\/www.voustensports.com\/de\/herno-weste-in-ecoage-dunkelblau-39666\/","og_locale":"de_DE","og_type":"article","og_title":"HERNO - WESTE IN ECOAGE DUNKELBLAU (39666) - Vousten Sports","og_description":"PRODUKTDETAILS Strickjacke aus recycelter Nylon-Mikrofaser mit einer leichten Beschichtung auf der R\u00fcckseite, die dem Material eine weiche, wasserdichte Textur und ein mattes Finish verleiht. Dieses luxuri\u00f6se Teil ist gesteppt, gesteppt und mit einer abnehmbaren Kapuze ausgestattet und unterstreicht Ihre Lagenlooks f\u00fcr die \u00dcbergangszeit. Normale Passform Hoher Kragen Abnehmbare Kapuze mit Kordelzug Zwei-Wege-Rei\u00dfverschluss Taschen mit Druckknopfverschluss [...]","og_url":"https:\/\/www.voustensports.com\/de\/herno-weste-in-ecoage-dunkelblau-39666\/","og_site_name":"Vousten Sports","article_modified_time":"2026-02-05T11:21:15+00:00","og_image":[{"width":1981,"height":2048,"url":"https:\/\/www.voustensports.com\/wp-content\/uploads\/2023\/06\/VEST-IN-ECOAGE-DONKERBLAUW-396661.jpg","type":"image\/jpeg"}],"twitter_card":"summary_large_image","schema":{"@context":"https:\/\/schema.org","@graph":[{"@type":"WebPage","@id":"https:\/\/www.voustensports.com\/de\/herno-weste-in-ecoage-dunkelblau-39666\/","url":"https:\/\/www.voustensports.com\/de\/herno-weste-in-ecoage-dunkelblau-39666\/","name":"HERNO - WESTE IN ECOAGE DUNKELBLAU (39666) - Vousten Sports","isPartOf":{"@id":"https:\/\/www.voustensports.com\/nl\/#website"},"primaryImageOfPage":{"@id":"https:\/\/www.voustensports.com\/de\/herno-weste-in-ecoage-dunkelblau-39666\/#primaryimage"},"image":{"@id":"https:\/\/www.voustensports.com\/de\/herno-weste-in-ecoage-dunkelblau-39666\/#primaryimage"},"thumbnailUrl":"https:\/\/www.voustensports.com\/wp-content\/uploads\/2023\/06\/VEST-IN-ECOAGE-DONKERBLAUW-396661.jpg","datePublished":"2024-10-25T16:20:13+00:00","dateModified":"2026-02-05T11:21:15+00:00","breadcrumb":{"@id":"https:\/\/www.voustensports.com\/de\/herno-weste-in-ecoage-dunkelblau-39666\/#breadcrumb"},"inLanguage":"de-DE","potentialAction":[{"@type":"ReadAction","target":["https:\/\/www.voustensports.com\/de\/herno-weste-in-ecoage-dunkelblau-39666\/"]}]},{"@type":"ImageObject","inLanguage":"de-DE","@id":"https:\/\/www.voustensports.com\/de\/herno-weste-in-ecoage-dunkelblau-39666\/#primaryimage","url":"https:\/\/www.voustensports.com\/wp-content\/uploads\/2023\/06\/VEST-IN-ECOAGE-DONKERBLAUW-396661.jpg","contentUrl":"https:\/\/www.voustensports.com\/wp-content\/uploads\/2023\/06\/VEST-IN-ECOAGE-DONKERBLAUW-396661.jpg","width":1981,"height":2048},{"@type":"BreadcrumbList","@id":"https:\/\/www.voustensports.com\/de\/herno-weste-in-ecoage-dunkelblau-39666\/#breadcrumb","itemListElement":[{"@type":"ListItem","position":1,"name":"Home","item":"https:\/\/www.voustensports.com\/de\/"},{"@type":"ListItem","position":2,"name":"Shop","item":"https:\/\/www.voustensports.com\/de\/shop\/"},{"@type":"ListItem","position":3,"name":"HERNO &#8211; WESTE IN ECOAGE DUNKELBLAU (39666)"}]},{"@type":"WebSite","@id":"https:\/\/www.voustensports.com\/nl\/#website","url":"https:\/\/www.voustensports.com\/nl\/","name":"Vousten Sports","description":"","potentialAction":[{"@type":"SearchAction","target":{"@type":"EntryPoint","urlTemplate":"https:\/\/www.voustensports.com\/nl\/?s={search_term_string}"},"query-input":{"@type":"PropertyValueSpecification","valueRequired":true,"valueName":"search_term_string"}}],"inLanguage":"de-DE"}]}},"_links":{"self":[{"href":"https:\/\/www.voustensports.com\/de\/wp-json\/wp\/v2\/product\/189573","targetHints":{"allow":["GET"]}}],"collection":[{"href":"https:\/\/www.voustensports.com\/de\/wp-json\/wp\/v2\/product"}],"about":[{"href":"https:\/\/www.voustensports.com\/de\/wp-json\/wp\/v2\/types\/product"}],"replies":[{"embeddable":true,"href":"https:\/\/www.voustensports.com\/de\/wp-json\/wp\/v2\/comments?post=189573"}],"wp:featuredmedia":[{"embeddable":true,"href":"https:\/\/www.voustensports.com\/de\/wp-json\/wp\/v2\/media\/189561"}],"wp:attachment":[{"href":"https:\/\/www.voustensports.com\/de\/wp-json\/wp\/v2\/media?parent=189573"}],"wp:term":[{"taxonomy":"product_cat","embeddable":true,"href":"https:\/\/www.voustensports.com\/de\/wp-json\/wp\/v2\/product_cat?post=189573"},{"taxonomy":"product_tag","embeddable":true,"href":"https:\/\/www.voustensports.com\/de\/wp-json\/wp\/v2\/product_tag?post=189573"}],"curies":[{"name":"wp","href":"https:\/\/api.w.org\/{rel}","templated":true}]}}