{"id":189425,"date":"2024-10-22T21:22:05","date_gmt":"2024-10-22T19:22:05","guid":{"rendered":"https:\/\/www.voustensports.com\/santoni-xavi-39805-2\/"},"modified":"2026-04-06T06:57:11","modified_gmt":"2026-04-06T04:57:11","slug":"santoni-xavi-39805-2","status":"publish","type":"product","link":"https:\/\/www.voustensports.com\/de\/santoni-xavi-39805-2\/","title":{"rendered":"Santoni Xavi (39805)"},"content":{"rendered":"<p>Ist ein niedriger Sneaker und hat einen sportlichen Look. Hergestellt mit den neuesten Techniken und Materialien. Dieser Schuh verf\u00fcgt \u00fcber ein Obermaterial aus Stretchmaterial und eine robuste Au\u00dfensohle f\u00fcr einen st\u00fctzenden Schritt. Abgerundet mit einem Logodetail aus Leder an der Ferse als Symbol des unverwechselbaren Santoni-Stils.<\/p>\n<ul>\n<li>Breite: Standard bis ger\u00e4umig<\/li>\n<li>Verschluss: Spitze<\/li>\n<li>Au\u00dfen: Leder und Hightech-Nylon<\/li>\n<li>Innen: Leder<\/li>\n<li>Sohlenkonstruktion: Gummi<\/li>\n<li>Standardgr\u00f6\u00dfe<\/li>\n<li>Diese Santoni-Schuhe werden in Italien handgefertigt<\/li>\n<\/ul>\n<p>Lieferung in der Original-Santoni-Box mit dazugeh\u00f6rigen Staubbeuteln.<\/p>\n","protected":false},"excerpt":{"rendered":"<p>Ist ein niedriger Sneaker und hat einen sportlichen Look. Hergestellt mit den neuesten Techniken und Materialien. Dieser Schuh verf\u00fcgt \u00fcber ein Obermaterial aus Stretchmaterial und eine robuste Au\u00dfensohle f\u00fcr einen st\u00fctzenden Schritt. Abgerundet mit einem Logodetail aus Leder an der Ferse als Symbol des unverwechselbaren Santoni-Stils. Breite: Standard bis ger\u00e4umig Verschluss: Spitze Au\u00dfen: Leder und [&#8230;]\n","protected":false},"featured_media":190848,"comment_status":"open","ping_status":"closed","template":"","meta":{"rank_math_lock_modified_date":false},"product_cat":[451,523,527,649,928],"product_tag":[],"class_list":{"0":"post-189425","1":"product","2":"type-product","3":"status-publish","4":"has-post-thumbnail","6":"product_cat-heren-de","7":"product_cat-schoenen-de-2","8":"product_cat-sneakers-de-2","9":"product_cat-santoni-de-2","10":"product_cat-lage-sneakers-de","12":"first","13":"outofstock","14":"taxable","15":"shipping-taxable","16":"purchasable","17":"product-type-variable"},"acf":[],"yoast_head":"<!-- This site is optimized with the Yoast SEO plugin v23.9 - https:\/\/yoast.com\/wordpress\/plugins\/seo\/ -->\n<title>Santoni Xavi (39805) - Vousten Sports<\/title>\n<meta name=\"robots\" content=\"index, follow, max-snippet:-1, max-image-preview:large, max-video-preview:-1\" \/>\n<link rel=\"canonical\" href=\"https:\/\/www.voustensports.com\/de\/santoni-xavi-39805-2\/\" \/>\n<meta property=\"og:locale\" content=\"de_DE\" \/>\n<meta property=\"og:type\" content=\"article\" \/>\n<meta property=\"og:title\" content=\"Santoni Xavi (39805) - Vousten Sports\" \/>\n<meta property=\"og:description\" content=\"Ist ein niedriger Sneaker und hat einen sportlichen Look. Hergestellt mit den neuesten Techniken und Materialien. Dieser Schuh verf\u00fcgt \u00fcber ein Obermaterial aus Stretchmaterial und eine robuste Au\u00dfensohle f\u00fcr einen st\u00fctzenden Schritt. Abgerundet mit einem Logodetail aus Leder an der Ferse als Symbol des unverwechselbaren Santoni-Stils. Breite: Standard bis ger\u00e4umig Verschluss: Spitze Au\u00dfen: Leder und [...]\" \/>\n<meta property=\"og:url\" content=\"https:\/\/www.voustensports.com\/de\/santoni-xavi-39805-2\/\" \/>\n<meta property=\"og:site_name\" content=\"Vousten Sports\" \/>\n<meta property=\"article:modified_time\" content=\"2026-04-06T04:57:11+00:00\" \/>\n<meta property=\"og:image\" content=\"https:\/\/www.voustensports.com\/wp-content\/uploads\/2023\/06\/santoni_xavi_39805.png\" \/>\n\t<meta property=\"og:image:width\" content=\"1331\" \/>\n\t<meta property=\"og:image:height\" content=\"1331\" \/>\n\t<meta property=\"og:image:type\" content=\"image\/png\" \/>\n<meta name=\"twitter:card\" content=\"summary_large_image\" \/>\n<script type=\"application\/ld+json\" class=\"yoast-schema-graph\">{\"@context\":\"https:\/\/schema.org\",\"@graph\":[{\"@type\":\"WebPage\",\"@id\":\"https:\/\/www.voustensports.com\/de\/santoni-xavi-39805-2\/\",\"url\":\"https:\/\/www.voustensports.com\/de\/santoni-xavi-39805-2\/\",\"name\":\"Santoni Xavi (39805) - Vousten Sports\",\"isPartOf\":{\"@id\":\"https:\/\/www.voustensports.com\/nl\/#website\"},\"primaryImageOfPage\":{\"@id\":\"https:\/\/www.voustensports.com\/de\/santoni-xavi-39805-2\/#primaryimage\"},\"image\":{\"@id\":\"https:\/\/www.voustensports.com\/de\/santoni-xavi-39805-2\/#primaryimage\"},\"thumbnailUrl\":\"https:\/\/www.voustensports.com\/wp-content\/uploads\/2023\/06\/Santoni-Xavi.png\",\"datePublished\":\"2024-10-22T19:22:05+00:00\",\"dateModified\":\"2026-04-06T04:57:11+00:00\",\"breadcrumb\":{\"@id\":\"https:\/\/www.voustensports.com\/de\/santoni-xavi-39805-2\/#breadcrumb\"},\"inLanguage\":\"de-DE\",\"potentialAction\":[{\"@type\":\"ReadAction\",\"target\":[\"https:\/\/www.voustensports.com\/de\/santoni-xavi-39805-2\/\"]}]},{\"@type\":\"ImageObject\",\"inLanguage\":\"de-DE\",\"@id\":\"https:\/\/www.voustensports.com\/de\/santoni-xavi-39805-2\/#primaryimage\",\"url\":\"https:\/\/www.voustensports.com\/wp-content\/uploads\/2023\/06\/Santoni-Xavi.png\",\"contentUrl\":\"https:\/\/www.voustensports.com\/wp-content\/uploads\/2023\/06\/Santoni-Xavi.png\",\"width\":1288,\"height\":1288},{\"@type\":\"BreadcrumbList\",\"@id\":\"https:\/\/www.voustensports.com\/de\/santoni-xavi-39805-2\/#breadcrumb\",\"itemListElement\":[{\"@type\":\"ListItem\",\"position\":1,\"name\":\"Home\",\"item\":\"https:\/\/www.voustensports.com\/de\/\"},{\"@type\":\"ListItem\",\"position\":2,\"name\":\"Shop\",\"item\":\"https:\/\/www.voustensports.com\/de\/shop\/\"},{\"@type\":\"ListItem\",\"position\":3,\"name\":\"Santoni Xavi (39805)\"}]},{\"@type\":\"WebSite\",\"@id\":\"https:\/\/www.voustensports.com\/nl\/#website\",\"url\":\"https:\/\/www.voustensports.com\/nl\/\",\"name\":\"Vousten Sports\",\"description\":\"\",\"potentialAction\":[{\"@type\":\"SearchAction\",\"target\":{\"@type\":\"EntryPoint\",\"urlTemplate\":\"https:\/\/www.voustensports.com\/nl\/?s={search_term_string}\"},\"query-input\":{\"@type\":\"PropertyValueSpecification\",\"valueRequired\":true,\"valueName\":\"search_term_string\"}}],\"inLanguage\":\"de-DE\"}]}<\/script>\n<!-- \/ Yoast SEO plugin. -->","yoast_head_json":{"title":"Santoni Xavi (39805) - Vousten Sports","robots":{"index":"index","follow":"follow","max-snippet":"max-snippet:-1","max-image-preview":"max-image-preview:large","max-video-preview":"max-video-preview:-1"},"canonical":"https:\/\/www.voustensports.com\/de\/santoni-xavi-39805-2\/","og_locale":"de_DE","og_type":"article","og_title":"Santoni Xavi (39805) - Vousten Sports","og_description":"Ist ein niedriger Sneaker und hat einen sportlichen Look. Hergestellt mit den neuesten Techniken und Materialien. Dieser Schuh verf\u00fcgt \u00fcber ein Obermaterial aus Stretchmaterial und eine robuste Au\u00dfensohle f\u00fcr einen st\u00fctzenden Schritt. Abgerundet mit einem Logodetail aus Leder an der Ferse als Symbol des unverwechselbaren Santoni-Stils. Breite: Standard bis ger\u00e4umig Verschluss: Spitze Au\u00dfen: Leder und [...]","og_url":"https:\/\/www.voustensports.com\/de\/santoni-xavi-39805-2\/","og_site_name":"Vousten Sports","article_modified_time":"2026-04-06T04:57:11+00:00","og_image":[{"width":1331,"height":1331,"url":"https:\/\/www.voustensports.com\/wp-content\/uploads\/2023\/06\/santoni_xavi_39805.png","type":"image\/png"}],"twitter_card":"summary_large_image","schema":{"@context":"https:\/\/schema.org","@graph":[{"@type":"WebPage","@id":"https:\/\/www.voustensports.com\/de\/santoni-xavi-39805-2\/","url":"https:\/\/www.voustensports.com\/de\/santoni-xavi-39805-2\/","name":"Santoni Xavi (39805) - Vousten Sports","isPartOf":{"@id":"https:\/\/www.voustensports.com\/nl\/#website"},"primaryImageOfPage":{"@id":"https:\/\/www.voustensports.com\/de\/santoni-xavi-39805-2\/#primaryimage"},"image":{"@id":"https:\/\/www.voustensports.com\/de\/santoni-xavi-39805-2\/#primaryimage"},"thumbnailUrl":"https:\/\/www.voustensports.com\/wp-content\/uploads\/2023\/06\/Santoni-Xavi.png","datePublished":"2024-10-22T19:22:05+00:00","dateModified":"2026-04-06T04:57:11+00:00","breadcrumb":{"@id":"https:\/\/www.voustensports.com\/de\/santoni-xavi-39805-2\/#breadcrumb"},"inLanguage":"de-DE","potentialAction":[{"@type":"ReadAction","target":["https:\/\/www.voustensports.com\/de\/santoni-xavi-39805-2\/"]}]},{"@type":"ImageObject","inLanguage":"de-DE","@id":"https:\/\/www.voustensports.com\/de\/santoni-xavi-39805-2\/#primaryimage","url":"https:\/\/www.voustensports.com\/wp-content\/uploads\/2023\/06\/Santoni-Xavi.png","contentUrl":"https:\/\/www.voustensports.com\/wp-content\/uploads\/2023\/06\/Santoni-Xavi.png","width":1288,"height":1288},{"@type":"BreadcrumbList","@id":"https:\/\/www.voustensports.com\/de\/santoni-xavi-39805-2\/#breadcrumb","itemListElement":[{"@type":"ListItem","position":1,"name":"Home","item":"https:\/\/www.voustensports.com\/de\/"},{"@type":"ListItem","position":2,"name":"Shop","item":"https:\/\/www.voustensports.com\/de\/shop\/"},{"@type":"ListItem","position":3,"name":"Santoni Xavi (39805)"}]},{"@type":"WebSite","@id":"https:\/\/www.voustensports.com\/nl\/#website","url":"https:\/\/www.voustensports.com\/nl\/","name":"Vousten Sports","description":"","potentialAction":[{"@type":"SearchAction","target":{"@type":"EntryPoint","urlTemplate":"https:\/\/www.voustensports.com\/nl\/?s={search_term_string}"},"query-input":{"@type":"PropertyValueSpecification","valueRequired":true,"valueName":"search_term_string"}}],"inLanguage":"de-DE"}]}},"_links":{"self":[{"href":"https:\/\/www.voustensports.com\/de\/wp-json\/wp\/v2\/product\/189425","targetHints":{"allow":["GET"]}}],"collection":[{"href":"https:\/\/www.voustensports.com\/de\/wp-json\/wp\/v2\/product"}],"about":[{"href":"https:\/\/www.voustensports.com\/de\/wp-json\/wp\/v2\/types\/product"}],"replies":[{"embeddable":true,"href":"https:\/\/www.voustensports.com\/de\/wp-json\/wp\/v2\/comments?post=189425"}],"wp:featuredmedia":[{"embeddable":true,"href":"https:\/\/www.voustensports.com\/de\/wp-json\/wp\/v2\/media\/190848"}],"wp:attachment":[{"href":"https:\/\/www.voustensports.com\/de\/wp-json\/wp\/v2\/media?parent=189425"}],"wp:term":[{"taxonomy":"product_cat","embeddable":true,"href":"https:\/\/www.voustensports.com\/de\/wp-json\/wp\/v2\/product_cat?post=189425"},{"taxonomy":"product_tag","embeddable":true,"href":"https:\/\/www.voustensports.com\/de\/wp-json\/wp\/v2\/product_tag?post=189425"}],"curies":[{"name":"wp","href":"https:\/\/api.w.org\/{rel}","templated":true}]}}