{"id":186595,"date":"2024-10-04T20:24:10","date_gmt":"2024-10-04T18:24:10","guid":{"rendered":"https:\/\/www.voustensports.com\/stone-island-soft-shell-r_e-dye-technology-in-recyceltem-polyester-walnuss-39438\/"},"modified":"2026-02-05T12:18:06","modified_gmt":"2026-02-05T11:18:06","slug":"stone-island-soft-shell-r_e-dye-technology-in-recyceltem-polyester-walnuss-39438","status":"publish","type":"product","link":"https:\/\/www.voustensports.com\/de\/stone-island-soft-shell-r_e-dye-technology-in-recyceltem-polyester-walnuss-39438\/","title":{"rendered":"STONE ISLAND &#8211; SOFT SHELL-R_E.DYE\u00ae TECHNOLOGY IN RECYCELTEM POLYESTER WALNUSS (39438)"},"content":{"rendered":"<div><\/div>\n<div>PRODUKTDETAILS<\/div>\n<div>SOFT SHELL-R_e.dye\u00ae TECHNOLOGY IN RECYCLED POLYESTER: Leichte Jacke mit Kapuze aus 3-lagigem Performance-Material mit einer Wassers\u00e4ule von 8000 MM. Die Au\u00dfenseite aus 100 % recyceltem Polyester-Stretch-Canvas ist mit Garnen unter Verwendung der e.dye\u00ae Waterless Color System\u2122-Technologie gewebt, dem innovativen Garn-Farbs\u00e4ttigungssystem, das den Wasserverbrauch um 85 % sowie 90 % der darin verwendeten Chemikalien reduziert F\u00e4rbeprozess. Der Stoff ist auf eine atmungsaktive, wind- und wasserabweisende Innenmembran laminiert, gesch\u00fctzt durch eine Polyester-Florunterseite. Die \u00e4u\u00dfere Struktur des Materials verleiht dem Kleidungsst\u00fcck gro\u00dfe Flexibilit\u00e4t und Komfort.<\/div>\n<div>STIL<\/div>\n<div>Kapuze mit konturiertem Gummirand und Kordelzug. Vorne mittig eingelegtes Panel, das die Seitentaschen mit unsichtbarem Rei\u00dfverschluss bildet. Stone Island-Abzeichen auf dem linken \u00c4rmel. Gerippte B\u00fcndchen und unteres Band. Zwei-Wege-Rei\u00dfverschluss.<\/div>\n<div>VERBINDUNG<\/div>\n<div>AUSSENSTOFF: AUSSENSCHICHT: 92 % Polyester, 8 % Elasthan\/Spandex<\/div>\n<div>MEMBRAN: 100 % Polyurethanharz<\/div>\n<div>INNENSCHICHT: 100 % Polyester<\/div>\n<div>BEKLEIDUNGSDETAILS: 92 % Polyester, 8 % Elasthan\/Spandex<\/div>\n<div>Membran: 100 % Polyurethanharz<\/div>\n<div>Stone Island-Nummer: Q0322<\/div>\n<div>Farbnummer: V0075<\/div>\n<div>ID-Nr: 39438<\/div>\n","protected":false},"excerpt":{"rendered":"<p>PRODUKTDETAILS SOFT SHELL-R_e.dye\u00ae TECHNOLOGY IN RECYCLED POLYESTER: Leichte Jacke mit Kapuze aus 3-lagigem Performance-Material mit einer Wassers\u00e4ule von 8000 MM. Die Au\u00dfenseite aus 100 % recyceltem Polyester-Stretch-Canvas ist mit Garnen unter Verwendung der e.dye\u00ae Waterless Color System\u2122-Technologie gewebt, dem innovativen Garn-Farbs\u00e4ttigungssystem, das den Wasserverbrauch um 85 % sowie 90 % der darin verwendeten Chemikalien reduziert [&#8230;]\n","protected":false},"featured_media":186583,"comment_status":"open","ping_status":"closed","template":"","meta":{"rank_math_lock_modified_date":false},"product_cat":[447,451,463,483,543,702,706],"product_tag":[],"class_list":{"0":"post-186595","1":"product","2":"type-product","3":"status-publish","4":"has-post-thumbnail","6":"product_cat-kleding-de","7":"product_cat-heren-de","8":"product_cat-vousten-sports-de-2","9":"product_cat-stone-island-de-2","10":"product_cat-jassen-de","11":"product_cat-jackets-de","12":"product_cat-jassen-jacks-de","14":"first","15":"outofstock","16":"taxable","17":"shipping-taxable","18":"purchasable","19":"product-type-variable"},"acf":[],"yoast_head":"<!-- This site is optimized with the Yoast SEO plugin v23.9 - https:\/\/yoast.com\/wordpress\/plugins\/seo\/ -->\n<title>STONE ISLAND - SOFT SHELL-R_E.DYE\u00ae TECHNOLOGY IN RECYCELTEM POLYESTER WALNUSS (39438) - Vousten Sports<\/title>\n<meta name=\"robots\" content=\"index, follow, max-snippet:-1, max-image-preview:large, max-video-preview:-1\" \/>\n<link rel=\"canonical\" href=\"https:\/\/www.voustensports.com\/de\/stone-island-soft-shell-r_e-dye-technology-in-recyceltem-polyester-walnuss-39438\/\" \/>\n<meta property=\"og:locale\" content=\"de_DE\" \/>\n<meta property=\"og:type\" content=\"article\" \/>\n<meta property=\"og:title\" content=\"STONE ISLAND - SOFT SHELL-R_E.DYE\u00ae TECHNOLOGY IN RECYCELTEM POLYESTER WALNUSS (39438) - Vousten Sports\" \/>\n<meta property=\"og:description\" content=\"PRODUKTDETAILS SOFT SHELL-R_e.dye\u00ae TECHNOLOGY IN RECYCLED POLYESTER: Leichte Jacke mit Kapuze aus 3-lagigem Performance-Material mit einer Wassers\u00e4ule von 8000 MM. Die Au\u00dfenseite aus 100 % recyceltem Polyester-Stretch-Canvas ist mit Garnen unter Verwendung der e.dye\u00ae Waterless Color System\u2122-Technologie gewebt, dem innovativen Garn-Farbs\u00e4ttigungssystem, das den Wasserverbrauch um 85 % sowie 90 % der darin verwendeten Chemikalien reduziert [...]\" \/>\n<meta property=\"og:url\" content=\"https:\/\/www.voustensports.com\/de\/stone-island-soft-shell-r_e-dye-technology-in-recyceltem-polyester-walnuss-39438\/\" \/>\n<meta property=\"og:site_name\" content=\"Vousten Sports\" \/>\n<meta property=\"article:modified_time\" content=\"2026-02-05T11:18:06+00:00\" \/>\n<meta property=\"og:image\" content=\"https:\/\/www.voustensports.com\/wp-content\/uploads\/2023\/06\/SOFT-SHELL-R_E.DYE\u00ae-TECHNOLOGY-IN-RECYCLED-POLYESTER-WALNOOT-394381.jpg\" \/>\n\t<meta property=\"og:image:width\" content=\"1365\" \/>\n\t<meta property=\"og:image:height\" content=\"2048\" \/>\n\t<meta property=\"og:image:type\" content=\"image\/jpeg\" \/>\n<meta name=\"twitter:card\" content=\"summary_large_image\" \/>\n<meta name=\"twitter:label1\" content=\"Est. reading time\" \/>\n\t<meta name=\"twitter:data1\" content=\"1 Minute\" \/>\n<script type=\"application\/ld+json\" class=\"yoast-schema-graph\">{\"@context\":\"https:\/\/schema.org\",\"@graph\":[{\"@type\":\"WebPage\",\"@id\":\"https:\/\/www.voustensports.com\/de\/stone-island-soft-shell-r_e-dye-technology-in-recyceltem-polyester-walnuss-39438\/\",\"url\":\"https:\/\/www.voustensports.com\/de\/stone-island-soft-shell-r_e-dye-technology-in-recyceltem-polyester-walnuss-39438\/\",\"name\":\"STONE ISLAND - SOFT SHELL-R_E.DYE\u00ae TECHNOLOGY IN RECYCELTEM POLYESTER WALNUSS (39438) - Vousten Sports\",\"isPartOf\":{\"@id\":\"https:\/\/www.voustensports.com\/nl\/#website\"},\"primaryImageOfPage\":{\"@id\":\"https:\/\/www.voustensports.com\/de\/stone-island-soft-shell-r_e-dye-technology-in-recyceltem-polyester-walnuss-39438\/#primaryimage\"},\"image\":{\"@id\":\"https:\/\/www.voustensports.com\/de\/stone-island-soft-shell-r_e-dye-technology-in-recyceltem-polyester-walnuss-39438\/#primaryimage\"},\"thumbnailUrl\":\"https:\/\/www.voustensports.com\/wp-content\/uploads\/2023\/06\/SOFT-SHELL-R_E.DYE\u00ae-TECHNOLOGY-IN-RECYCLED-POLYESTER-WALNOOT-394381.jpg\",\"datePublished\":\"2024-10-04T18:24:10+00:00\",\"dateModified\":\"2026-02-05T11:18:06+00:00\",\"breadcrumb\":{\"@id\":\"https:\/\/www.voustensports.com\/de\/stone-island-soft-shell-r_e-dye-technology-in-recyceltem-polyester-walnuss-39438\/#breadcrumb\"},\"inLanguage\":\"de-DE\",\"potentialAction\":[{\"@type\":\"ReadAction\",\"target\":[\"https:\/\/www.voustensports.com\/de\/stone-island-soft-shell-r_e-dye-technology-in-recyceltem-polyester-walnuss-39438\/\"]}]},{\"@type\":\"ImageObject\",\"inLanguage\":\"de-DE\",\"@id\":\"https:\/\/www.voustensports.com\/de\/stone-island-soft-shell-r_e-dye-technology-in-recyceltem-polyester-walnuss-39438\/#primaryimage\",\"url\":\"https:\/\/www.voustensports.com\/wp-content\/uploads\/2023\/06\/SOFT-SHELL-R_E.DYE\u00ae-TECHNOLOGY-IN-RECYCLED-POLYESTER-WALNOOT-394381.jpg\",\"contentUrl\":\"https:\/\/www.voustensports.com\/wp-content\/uploads\/2023\/06\/SOFT-SHELL-R_E.DYE\u00ae-TECHNOLOGY-IN-RECYCLED-POLYESTER-WALNOOT-394381.jpg\",\"width\":1365,\"height\":2048},{\"@type\":\"BreadcrumbList\",\"@id\":\"https:\/\/www.voustensports.com\/de\/stone-island-soft-shell-r_e-dye-technology-in-recyceltem-polyester-walnuss-39438\/#breadcrumb\",\"itemListElement\":[{\"@type\":\"ListItem\",\"position\":1,\"name\":\"Home\",\"item\":\"https:\/\/www.voustensports.com\/de\/\"},{\"@type\":\"ListItem\",\"position\":2,\"name\":\"Shop\",\"item\":\"https:\/\/www.voustensports.com\/de\/shop\/\"},{\"@type\":\"ListItem\",\"position\":3,\"name\":\"STONE ISLAND &#8211; SOFT SHELL-R_E.DYE\u00ae TECHNOLOGY IN RECYCELTEM POLYESTER WALNUSS (39438)\"}]},{\"@type\":\"WebSite\",\"@id\":\"https:\/\/www.voustensports.com\/nl\/#website\",\"url\":\"https:\/\/www.voustensports.com\/nl\/\",\"name\":\"Vousten Sports\",\"description\":\"\",\"potentialAction\":[{\"@type\":\"SearchAction\",\"target\":{\"@type\":\"EntryPoint\",\"urlTemplate\":\"https:\/\/www.voustensports.com\/nl\/?s={search_term_string}\"},\"query-input\":{\"@type\":\"PropertyValueSpecification\",\"valueRequired\":true,\"valueName\":\"search_term_string\"}}],\"inLanguage\":\"de-DE\"}]}<\/script>\n<!-- \/ Yoast SEO plugin. -->","yoast_head_json":{"title":"STONE ISLAND - SOFT SHELL-R_E.DYE\u00ae TECHNOLOGY IN RECYCELTEM POLYESTER WALNUSS (39438) - Vousten Sports","robots":{"index":"index","follow":"follow","max-snippet":"max-snippet:-1","max-image-preview":"max-image-preview:large","max-video-preview":"max-video-preview:-1"},"canonical":"https:\/\/www.voustensports.com\/de\/stone-island-soft-shell-r_e-dye-technology-in-recyceltem-polyester-walnuss-39438\/","og_locale":"de_DE","og_type":"article","og_title":"STONE ISLAND - SOFT SHELL-R_E.DYE\u00ae TECHNOLOGY IN RECYCELTEM POLYESTER WALNUSS (39438) - Vousten Sports","og_description":"PRODUKTDETAILS SOFT SHELL-R_e.dye\u00ae TECHNOLOGY IN RECYCLED POLYESTER: Leichte Jacke mit Kapuze aus 3-lagigem Performance-Material mit einer Wassers\u00e4ule von 8000 MM. Die Au\u00dfenseite aus 100 % recyceltem Polyester-Stretch-Canvas ist mit Garnen unter Verwendung der e.dye\u00ae Waterless Color System\u2122-Technologie gewebt, dem innovativen Garn-Farbs\u00e4ttigungssystem, das den Wasserverbrauch um 85 % sowie 90 % der darin verwendeten Chemikalien reduziert [...]","og_url":"https:\/\/www.voustensports.com\/de\/stone-island-soft-shell-r_e-dye-technology-in-recyceltem-polyester-walnuss-39438\/","og_site_name":"Vousten Sports","article_modified_time":"2026-02-05T11:18:06+00:00","og_image":[{"width":1365,"height":2048,"url":"https:\/\/www.voustensports.com\/wp-content\/uploads\/2023\/06\/SOFT-SHELL-R_E.DYE\u00ae-TECHNOLOGY-IN-RECYCLED-POLYESTER-WALNOOT-394381.jpg","type":"image\/jpeg"}],"twitter_card":"summary_large_image","twitter_misc":{"Est. reading time":"1 Minute"},"schema":{"@context":"https:\/\/schema.org","@graph":[{"@type":"WebPage","@id":"https:\/\/www.voustensports.com\/de\/stone-island-soft-shell-r_e-dye-technology-in-recyceltem-polyester-walnuss-39438\/","url":"https:\/\/www.voustensports.com\/de\/stone-island-soft-shell-r_e-dye-technology-in-recyceltem-polyester-walnuss-39438\/","name":"STONE ISLAND - SOFT SHELL-R_E.DYE\u00ae TECHNOLOGY IN RECYCELTEM POLYESTER WALNUSS (39438) - Vousten Sports","isPartOf":{"@id":"https:\/\/www.voustensports.com\/nl\/#website"},"primaryImageOfPage":{"@id":"https:\/\/www.voustensports.com\/de\/stone-island-soft-shell-r_e-dye-technology-in-recyceltem-polyester-walnuss-39438\/#primaryimage"},"image":{"@id":"https:\/\/www.voustensports.com\/de\/stone-island-soft-shell-r_e-dye-technology-in-recyceltem-polyester-walnuss-39438\/#primaryimage"},"thumbnailUrl":"https:\/\/www.voustensports.com\/wp-content\/uploads\/2023\/06\/SOFT-SHELL-R_E.DYE\u00ae-TECHNOLOGY-IN-RECYCLED-POLYESTER-WALNOOT-394381.jpg","datePublished":"2024-10-04T18:24:10+00:00","dateModified":"2026-02-05T11:18:06+00:00","breadcrumb":{"@id":"https:\/\/www.voustensports.com\/de\/stone-island-soft-shell-r_e-dye-technology-in-recyceltem-polyester-walnuss-39438\/#breadcrumb"},"inLanguage":"de-DE","potentialAction":[{"@type":"ReadAction","target":["https:\/\/www.voustensports.com\/de\/stone-island-soft-shell-r_e-dye-technology-in-recyceltem-polyester-walnuss-39438\/"]}]},{"@type":"ImageObject","inLanguage":"de-DE","@id":"https:\/\/www.voustensports.com\/de\/stone-island-soft-shell-r_e-dye-technology-in-recyceltem-polyester-walnuss-39438\/#primaryimage","url":"https:\/\/www.voustensports.com\/wp-content\/uploads\/2023\/06\/SOFT-SHELL-R_E.DYE\u00ae-TECHNOLOGY-IN-RECYCLED-POLYESTER-WALNOOT-394381.jpg","contentUrl":"https:\/\/www.voustensports.com\/wp-content\/uploads\/2023\/06\/SOFT-SHELL-R_E.DYE\u00ae-TECHNOLOGY-IN-RECYCLED-POLYESTER-WALNOOT-394381.jpg","width":1365,"height":2048},{"@type":"BreadcrumbList","@id":"https:\/\/www.voustensports.com\/de\/stone-island-soft-shell-r_e-dye-technology-in-recyceltem-polyester-walnuss-39438\/#breadcrumb","itemListElement":[{"@type":"ListItem","position":1,"name":"Home","item":"https:\/\/www.voustensports.com\/de\/"},{"@type":"ListItem","position":2,"name":"Shop","item":"https:\/\/www.voustensports.com\/de\/shop\/"},{"@type":"ListItem","position":3,"name":"STONE ISLAND &#8211; SOFT SHELL-R_E.DYE\u00ae TECHNOLOGY IN RECYCELTEM POLYESTER WALNUSS (39438)"}]},{"@type":"WebSite","@id":"https:\/\/www.voustensports.com\/nl\/#website","url":"https:\/\/www.voustensports.com\/nl\/","name":"Vousten Sports","description":"","potentialAction":[{"@type":"SearchAction","target":{"@type":"EntryPoint","urlTemplate":"https:\/\/www.voustensports.com\/nl\/?s={search_term_string}"},"query-input":{"@type":"PropertyValueSpecification","valueRequired":true,"valueName":"search_term_string"}}],"inLanguage":"de-DE"}]}},"_links":{"self":[{"href":"https:\/\/www.voustensports.com\/de\/wp-json\/wp\/v2\/product\/186595","targetHints":{"allow":["GET"]}}],"collection":[{"href":"https:\/\/www.voustensports.com\/de\/wp-json\/wp\/v2\/product"}],"about":[{"href":"https:\/\/www.voustensports.com\/de\/wp-json\/wp\/v2\/types\/product"}],"replies":[{"embeddable":true,"href":"https:\/\/www.voustensports.com\/de\/wp-json\/wp\/v2\/comments?post=186595"}],"wp:featuredmedia":[{"embeddable":true,"href":"https:\/\/www.voustensports.com\/de\/wp-json\/wp\/v2\/media\/186583"}],"wp:attachment":[{"href":"https:\/\/www.voustensports.com\/de\/wp-json\/wp\/v2\/media?parent=186595"}],"wp:term":[{"taxonomy":"product_cat","embeddable":true,"href":"https:\/\/www.voustensports.com\/de\/wp-json\/wp\/v2\/product_cat?post=186595"},{"taxonomy":"product_tag","embeddable":true,"href":"https:\/\/www.voustensports.com\/de\/wp-json\/wp\/v2\/product_tag?post=186595"}],"curies":[{"name":"wp","href":"https:\/\/api.w.org\/{rel}","templated":true}]}}