{"id":185774,"date":"2024-09-27T20:32:09","date_gmt":"2024-09-27T18:32:09","guid":{"rendered":"https:\/\/www.voustensports.com\/gran-sasso-rollkragenpullover-aus-merinowolle-schwarz-39791\/"},"modified":"2026-02-05T12:21:55","modified_gmt":"2026-02-05T11:21:55","slug":"gran-sasso-rollkragenpullover-aus-merinowolle-schwarz-39791","status":"publish","type":"product","link":"https:\/\/www.voustensports.com\/de\/gran-sasso-rollkragenpullover-aus-merinowolle-schwarz-39791\/","title":{"rendered":"Gran Sasso -Rollkragenpullover aus Merinowolle, Schwarz (39791)"},"content":{"rendered":"<div>\n<div>Rollkragenpullover aus extrafeiner Merinowolle. Es handelt sich um ein l\u00e4ssiges und einfaches Kleidungsst\u00fcck, das sich perfekt f\u00fcr jede gew\u00fcnschte Kombination eignet. Die modischsten Menschen k\u00f6nnen es mit einem Hemd tragen, wobei der Kragen sichtbar bleibt, w\u00e4hrend es f\u00fcr einen eleganteren Look mit einer Jacke getragen werden kann. Modische Passform.<\/div>\n<\/div>\n<div>VERBINDUNG<\/div>\n<div>100 % extrafeine Merinowolle<\/div>\n<div>A20245515714290099<\/div>\n","protected":false},"excerpt":{"rendered":"<p>Rollkragenpullover aus extrafeiner Merinowolle. Es handelt sich um ein l\u00e4ssiges und einfaches Kleidungsst\u00fcck, das sich perfekt f\u00fcr jede gew\u00fcnschte Kombination eignet. Die modischsten Menschen k\u00f6nnen es mit einem Hemd tragen, wobei der Kragen sichtbar bleibt, w\u00e4hrend es f\u00fcr einen eleganteren Look mit einer Jacke getragen werden kann. Modische Passform. VERBINDUNG 100 % extrafeine Merinowolle A20245515714290099<\/p>\n","protected":false},"featured_media":186479,"comment_status":"open","ping_status":"closed","template":"","meta":{"rank_math_lock_modified_date":false},"product_cat":[925,447,451,463,535,539,695,698],"product_tag":[],"class_list":{"0":"post-185774","1":"product","2":"type-product","3":"status-publish","4":"has-post-thumbnail","6":"product_cat-gran-sasso-de","7":"product_cat-kleding-de","8":"product_cat-heren-de","9":"product_cat-vousten-sports-de-2","10":"product_cat-truien-de-2","11":"product_cat-knitwear-de","12":"product_cat-truien-vesten-de-2","13":"product_cat-sweaters-de-2","15":"first","16":"instock","17":"taxable","18":"shipping-taxable","19":"purchasable","20":"product-type-variable"},"acf":[],"yoast_head":"<!-- This site is optimized with the Yoast SEO plugin v23.9 - https:\/\/yoast.com\/wordpress\/plugins\/seo\/ -->\n<title>Gran Sasso -Rollkragenpullover aus Merinowolle, Schwarz (39791) - Vousten Sports<\/title>\n<meta name=\"robots\" content=\"index, follow, max-snippet:-1, max-image-preview:large, max-video-preview:-1\" \/>\n<link rel=\"canonical\" href=\"https:\/\/www.voustensports.com\/de\/gran-sasso-rollkragenpullover-aus-merinowolle-schwarz-39791\/\" \/>\n<meta property=\"og:locale\" content=\"de_DE\" \/>\n<meta property=\"og:type\" content=\"article\" \/>\n<meta property=\"og:title\" content=\"Gran Sasso -Rollkragenpullover aus Merinowolle, Schwarz (39791) - Vousten Sports\" \/>\n<meta property=\"og:description\" content=\"Rollkragenpullover aus extrafeiner Merinowolle. Es handelt sich um ein l\u00e4ssiges und einfaches Kleidungsst\u00fcck, das sich perfekt f\u00fcr jede gew\u00fcnschte Kombination eignet. Die modischsten Menschen k\u00f6nnen es mit einem Hemd tragen, wobei der Kragen sichtbar bleibt, w\u00e4hrend es f\u00fcr einen eleganteren Look mit einer Jacke getragen werden kann. Modische Passform. VERBINDUNG 100 % extrafeine Merinowolle A20245515714290099\" \/>\n<meta property=\"og:url\" content=\"https:\/\/www.voustensports.com\/de\/gran-sasso-rollkragenpullover-aus-merinowolle-schwarz-39791\/\" \/>\n<meta property=\"og:site_name\" content=\"Vousten Sports\" \/>\n<meta property=\"article:modified_time\" content=\"2026-02-05T11:21:55+00:00\" \/>\n<meta property=\"og:image\" content=\"https:\/\/www.voustensports.com\/wp-content\/uploads\/2023\/06\/TURTLE-NECK-MERINOS-WOOL-ZWART-397911.jpg\" \/>\n\t<meta property=\"og:image:width\" content=\"1434\" \/>\n\t<meta property=\"og:image:height\" content=\"2048\" \/>\n\t<meta property=\"og:image:type\" content=\"image\/jpeg\" \/>\n<meta name=\"twitter:card\" content=\"summary_large_image\" \/>\n<script type=\"application\/ld+json\" class=\"yoast-schema-graph\">{\"@context\":\"https:\/\/schema.org\",\"@graph\":[{\"@type\":\"WebPage\",\"@id\":\"https:\/\/www.voustensports.com\/de\/gran-sasso-rollkragenpullover-aus-merinowolle-schwarz-39791\/\",\"url\":\"https:\/\/www.voustensports.com\/de\/gran-sasso-rollkragenpullover-aus-merinowolle-schwarz-39791\/\",\"name\":\"Gran Sasso -Rollkragenpullover aus Merinowolle, Schwarz (39791) - Vousten Sports\",\"isPartOf\":{\"@id\":\"https:\/\/www.voustensports.com\/nl\/#website\"},\"primaryImageOfPage\":{\"@id\":\"https:\/\/www.voustensports.com\/de\/gran-sasso-rollkragenpullover-aus-merinowolle-schwarz-39791\/#primaryimage\"},\"image\":{\"@id\":\"https:\/\/www.voustensports.com\/de\/gran-sasso-rollkragenpullover-aus-merinowolle-schwarz-39791\/#primaryimage\"},\"thumbnailUrl\":\"https:\/\/www.voustensports.com\/wp-content\/uploads\/2023\/06\/2016508_A20245515715590099A-2-2-2.jpg\",\"datePublished\":\"2024-09-27T18:32:09+00:00\",\"dateModified\":\"2026-02-05T11:21:55+00:00\",\"breadcrumb\":{\"@id\":\"https:\/\/www.voustensports.com\/de\/gran-sasso-rollkragenpullover-aus-merinowolle-schwarz-39791\/#breadcrumb\"},\"inLanguage\":\"de-DE\",\"potentialAction\":[{\"@type\":\"ReadAction\",\"target\":[\"https:\/\/www.voustensports.com\/de\/gran-sasso-rollkragenpullover-aus-merinowolle-schwarz-39791\/\"]}]},{\"@type\":\"ImageObject\",\"inLanguage\":\"de-DE\",\"@id\":\"https:\/\/www.voustensports.com\/de\/gran-sasso-rollkragenpullover-aus-merinowolle-schwarz-39791\/#primaryimage\",\"url\":\"https:\/\/www.voustensports.com\/wp-content\/uploads\/2023\/06\/2016508_A20245515715590099A-2-2-2.jpg\",\"contentUrl\":\"https:\/\/www.voustensports.com\/wp-content\/uploads\/2023\/06\/2016508_A20245515715590099A-2-2-2.jpg\",\"width\":1434,\"height\":2048},{\"@type\":\"BreadcrumbList\",\"@id\":\"https:\/\/www.voustensports.com\/de\/gran-sasso-rollkragenpullover-aus-merinowolle-schwarz-39791\/#breadcrumb\",\"itemListElement\":[{\"@type\":\"ListItem\",\"position\":1,\"name\":\"Home\",\"item\":\"https:\/\/www.voustensports.com\/de\/\"},{\"@type\":\"ListItem\",\"position\":2,\"name\":\"Shop\",\"item\":\"https:\/\/www.voustensports.com\/de\/shop\/\"},{\"@type\":\"ListItem\",\"position\":3,\"name\":\"Gran Sasso -Rollkragenpullover aus Merinowolle, Schwarz (39791)\"}]},{\"@type\":\"WebSite\",\"@id\":\"https:\/\/www.voustensports.com\/nl\/#website\",\"url\":\"https:\/\/www.voustensports.com\/nl\/\",\"name\":\"Vousten Sports\",\"description\":\"\",\"potentialAction\":[{\"@type\":\"SearchAction\",\"target\":{\"@type\":\"EntryPoint\",\"urlTemplate\":\"https:\/\/www.voustensports.com\/nl\/?s={search_term_string}\"},\"query-input\":{\"@type\":\"PropertyValueSpecification\",\"valueRequired\":true,\"valueName\":\"search_term_string\"}}],\"inLanguage\":\"de-DE\"}]}<\/script>\n<!-- \/ Yoast SEO plugin. -->","yoast_head_json":{"title":"Gran Sasso -Rollkragenpullover aus Merinowolle, Schwarz (39791) - Vousten Sports","robots":{"index":"index","follow":"follow","max-snippet":"max-snippet:-1","max-image-preview":"max-image-preview:large","max-video-preview":"max-video-preview:-1"},"canonical":"https:\/\/www.voustensports.com\/de\/gran-sasso-rollkragenpullover-aus-merinowolle-schwarz-39791\/","og_locale":"de_DE","og_type":"article","og_title":"Gran Sasso -Rollkragenpullover aus Merinowolle, Schwarz (39791) - Vousten Sports","og_description":"Rollkragenpullover aus extrafeiner Merinowolle. Es handelt sich um ein l\u00e4ssiges und einfaches Kleidungsst\u00fcck, das sich perfekt f\u00fcr jede gew\u00fcnschte Kombination eignet. Die modischsten Menschen k\u00f6nnen es mit einem Hemd tragen, wobei der Kragen sichtbar bleibt, w\u00e4hrend es f\u00fcr einen eleganteren Look mit einer Jacke getragen werden kann. Modische Passform. VERBINDUNG 100 % extrafeine Merinowolle A20245515714290099","og_url":"https:\/\/www.voustensports.com\/de\/gran-sasso-rollkragenpullover-aus-merinowolle-schwarz-39791\/","og_site_name":"Vousten Sports","article_modified_time":"2026-02-05T11:21:55+00:00","og_image":[{"width":1434,"height":2048,"url":"https:\/\/www.voustensports.com\/wp-content\/uploads\/2023\/06\/TURTLE-NECK-MERINOS-WOOL-ZWART-397911.jpg","type":"image\/jpeg"}],"twitter_card":"summary_large_image","schema":{"@context":"https:\/\/schema.org","@graph":[{"@type":"WebPage","@id":"https:\/\/www.voustensports.com\/de\/gran-sasso-rollkragenpullover-aus-merinowolle-schwarz-39791\/","url":"https:\/\/www.voustensports.com\/de\/gran-sasso-rollkragenpullover-aus-merinowolle-schwarz-39791\/","name":"Gran Sasso -Rollkragenpullover aus Merinowolle, Schwarz (39791) - Vousten Sports","isPartOf":{"@id":"https:\/\/www.voustensports.com\/nl\/#website"},"primaryImageOfPage":{"@id":"https:\/\/www.voustensports.com\/de\/gran-sasso-rollkragenpullover-aus-merinowolle-schwarz-39791\/#primaryimage"},"image":{"@id":"https:\/\/www.voustensports.com\/de\/gran-sasso-rollkragenpullover-aus-merinowolle-schwarz-39791\/#primaryimage"},"thumbnailUrl":"https:\/\/www.voustensports.com\/wp-content\/uploads\/2023\/06\/2016508_A20245515715590099A-2-2-2.jpg","datePublished":"2024-09-27T18:32:09+00:00","dateModified":"2026-02-05T11:21:55+00:00","breadcrumb":{"@id":"https:\/\/www.voustensports.com\/de\/gran-sasso-rollkragenpullover-aus-merinowolle-schwarz-39791\/#breadcrumb"},"inLanguage":"de-DE","potentialAction":[{"@type":"ReadAction","target":["https:\/\/www.voustensports.com\/de\/gran-sasso-rollkragenpullover-aus-merinowolle-schwarz-39791\/"]}]},{"@type":"ImageObject","inLanguage":"de-DE","@id":"https:\/\/www.voustensports.com\/de\/gran-sasso-rollkragenpullover-aus-merinowolle-schwarz-39791\/#primaryimage","url":"https:\/\/www.voustensports.com\/wp-content\/uploads\/2023\/06\/2016508_A20245515715590099A-2-2-2.jpg","contentUrl":"https:\/\/www.voustensports.com\/wp-content\/uploads\/2023\/06\/2016508_A20245515715590099A-2-2-2.jpg","width":1434,"height":2048},{"@type":"BreadcrumbList","@id":"https:\/\/www.voustensports.com\/de\/gran-sasso-rollkragenpullover-aus-merinowolle-schwarz-39791\/#breadcrumb","itemListElement":[{"@type":"ListItem","position":1,"name":"Home","item":"https:\/\/www.voustensports.com\/de\/"},{"@type":"ListItem","position":2,"name":"Shop","item":"https:\/\/www.voustensports.com\/de\/shop\/"},{"@type":"ListItem","position":3,"name":"Gran Sasso -Rollkragenpullover aus Merinowolle, Schwarz (39791)"}]},{"@type":"WebSite","@id":"https:\/\/www.voustensports.com\/nl\/#website","url":"https:\/\/www.voustensports.com\/nl\/","name":"Vousten Sports","description":"","potentialAction":[{"@type":"SearchAction","target":{"@type":"EntryPoint","urlTemplate":"https:\/\/www.voustensports.com\/nl\/?s={search_term_string}"},"query-input":{"@type":"PropertyValueSpecification","valueRequired":true,"valueName":"search_term_string"}}],"inLanguage":"de-DE"}]}},"_links":{"self":[{"href":"https:\/\/www.voustensports.com\/de\/wp-json\/wp\/v2\/product\/185774","targetHints":{"allow":["GET"]}}],"collection":[{"href":"https:\/\/www.voustensports.com\/de\/wp-json\/wp\/v2\/product"}],"about":[{"href":"https:\/\/www.voustensports.com\/de\/wp-json\/wp\/v2\/types\/product"}],"replies":[{"embeddable":true,"href":"https:\/\/www.voustensports.com\/de\/wp-json\/wp\/v2\/comments?post=185774"}],"wp:featuredmedia":[{"embeddable":true,"href":"https:\/\/www.voustensports.com\/de\/wp-json\/wp\/v2\/media\/186479"}],"wp:attachment":[{"href":"https:\/\/www.voustensports.com\/de\/wp-json\/wp\/v2\/media?parent=185774"}],"wp:term":[{"taxonomy":"product_cat","embeddable":true,"href":"https:\/\/www.voustensports.com\/de\/wp-json\/wp\/v2\/product_cat?post=185774"},{"taxonomy":"product_tag","embeddable":true,"href":"https:\/\/www.voustensports.com\/de\/wp-json\/wp\/v2\/product_tag?post=185774"}],"curies":[{"name":"wp","href":"https:\/\/api.w.org\/{rel}","templated":true}]}}