{"id":185317,"date":"2024-09-21T12:16:13","date_gmt":"2024-09-21T10:16:13","guid":{"rendered":"https:\/\/www.voustensports.com\/herno-laminarjacke-in-new-impact-dunkelblau-39663\/"},"modified":"2026-02-05T12:21:11","modified_gmt":"2026-02-05T11:21:11","slug":"herno-laminarjacke-in-new-impact-dunkelblau-39663","status":"publish","type":"product","link":"https:\/\/www.voustensports.com\/de\/herno-laminarjacke-in-new-impact-dunkelblau-39663\/","title":{"rendered":"HERNO &#8211; LAMINARJACKE IN NEW IMPACT DUNKELBLAU (39663)"},"content":{"rendered":"<div>Jacke aus mattem 4-Wege-Stretch-Gewebe: ein weiches und \u00e4u\u00dferst bequemes Material, das mit einer dehnbaren Membran verbunden ist.<\/div>\n<div>Dieses St\u00fcck hat eine raffinierte Konstruktion, die durch den dynamischen Maxi-Stehkragen mit Kapuze noch verst\u00e4rkt wird. Die verschwei\u00dften N\u00e4hte sorgen f\u00fcr ein sauberes, nahtloses Finish und bieten gleichzeitig eine au\u00dfergew\u00f6hnliche Widerstandsf\u00e4higkeit gegen Wind und Regen.<\/div>\n<div>Teil des Labels Herno Laminar Sartorial Engineering, einer Kollektion, die die Entwicklung von Laminar repr\u00e4sentiert.<\/div>\n<ul>\n<li>Normale Passform<\/li>\n<li>Gestreifte Steppung<\/li>\n<li>W\u00e4rmeversiegelte N\u00e4hte<\/li>\n<li>F\u00fcllung aus G\u00e4nsedaunen<\/li>\n<li>Stehkragen mit Kapuze<\/li>\n<li>Lange \u00c4rmel<\/li>\n<li>Stretchb\u00fcndchen<\/li>\n<li>Rei\u00dfverschlusstaschen<\/li>\n<li>Seitliche Kordelz\u00fcge unten<\/li>\n<li>Gedrucktes Mini-Logo auf der R\u00fcckseite<\/li>\n<li>Zwei-Wege-Rei\u00dfverschluss<\/li>\n<li>LEISTUNG:<\/li>\n<li>Wasserabweisend, winddicht, atmungsaktiv<\/li>\n<li>MATERIAL:<\/li>\n<li>89 % PA \u2013 11 % EA \u2013 HAUPTSTOFF: AUSSENSCHICHT: 89 % POLYAMID\/NYLON 11 % ELASTAN\/SPANDEX-MEMBRAN: POLYURETHAN FUTTER: 78 % POLYAMID\/NYLON 22 % ELASTAN\/SPANDEX-F\u00dcLLUNG (DAUNEN\/FASER): 70 % GANS- DAUNE \/ 30 % POLYESTER<\/li>\n<\/ul>\n","protected":false},"excerpt":{"rendered":"<p>Jacke aus mattem 4-Wege-Stretch-Gewebe: ein weiches und \u00e4u\u00dferst bequemes Material, das mit einer dehnbaren Membran verbunden ist. Dieses St\u00fcck hat eine raffinierte Konstruktion, die durch den dynamischen Maxi-Stehkragen mit Kapuze noch verst\u00e4rkt wird. Die verschwei\u00dften N\u00e4hte sorgen f\u00fcr ein sauberes, nahtloses Finish und bieten gleichzeitig eine au\u00dfergew\u00f6hnliche Widerstandsf\u00e4higkeit gegen Wind und Regen. Teil des Labels [&#8230;]\n","protected":false},"featured_media":185301,"comment_status":"open","ping_status":"closed","template":"","meta":{"rank_math_lock_modified_date":false},"product_cat":[447,451,463,543,706,728],"product_tag":[],"class_list":{"0":"post-185317","1":"product","2":"type-product","3":"status-publish","4":"has-post-thumbnail","6":"product_cat-kleding-de","7":"product_cat-heren-de","8":"product_cat-vousten-sports-de-2","9":"product_cat-jassen-de","10":"product_cat-jassen-jacks-de","11":"product_cat-herno-de","13":"first","14":"instock","15":"taxable","16":"shipping-taxable","17":"purchasable","18":"product-type-variable"},"acf":[],"yoast_head":"<!-- This site is optimized with the Yoast SEO plugin v23.9 - https:\/\/yoast.com\/wordpress\/plugins\/seo\/ -->\n<title>HERNO - LAMINARJACKE IN NEW IMPACT DUNKELBLAU (39663) - Vousten Sports<\/title>\n<meta name=\"robots\" content=\"index, follow, max-snippet:-1, max-image-preview:large, max-video-preview:-1\" \/>\n<link rel=\"canonical\" href=\"https:\/\/www.voustensports.com\/de\/herno-laminarjacke-in-new-impact-dunkelblau-39663\/\" \/>\n<meta property=\"og:locale\" content=\"de_DE\" \/>\n<meta property=\"og:type\" content=\"article\" \/>\n<meta property=\"og:title\" content=\"HERNO - LAMINARJACKE IN NEW IMPACT DUNKELBLAU (39663) - Vousten Sports\" \/>\n<meta property=\"og:description\" content=\"Jacke aus mattem 4-Wege-Stretch-Gewebe: ein weiches und \u00e4u\u00dferst bequemes Material, das mit einer dehnbaren Membran verbunden ist. Dieses St\u00fcck hat eine raffinierte Konstruktion, die durch den dynamischen Maxi-Stehkragen mit Kapuze noch verst\u00e4rkt wird. Die verschwei\u00dften N\u00e4hte sorgen f\u00fcr ein sauberes, nahtloses Finish und bieten gleichzeitig eine au\u00dfergew\u00f6hnliche Widerstandsf\u00e4higkeit gegen Wind und Regen. Teil des Labels [...]\" \/>\n<meta property=\"og:url\" content=\"https:\/\/www.voustensports.com\/de\/herno-laminarjacke-in-new-impact-dunkelblau-39663\/\" \/>\n<meta property=\"og:site_name\" content=\"Vousten Sports\" \/>\n<meta property=\"article:modified_time\" content=\"2026-02-05T11:21:11+00:00\" \/>\n<meta property=\"og:image\" content=\"https:\/\/www.voustensports.com\/wp-content\/uploads\/2023\/06\/LAMINAR-JACKET-IN-NEW-IMPACT-DONKERBLAUW-396631.png\" \/>\n\t<meta property=\"og:image:width\" content=\"1571\" \/>\n\t<meta property=\"og:image:height\" content=\"2000\" \/>\n\t<meta property=\"og:image:type\" content=\"image\/png\" \/>\n<meta name=\"twitter:card\" content=\"summary_large_image\" \/>\n<meta name=\"twitter:label1\" content=\"Est. reading time\" \/>\n\t<meta name=\"twitter:data1\" content=\"1 Minute\" \/>\n<script type=\"application\/ld+json\" class=\"yoast-schema-graph\">{\"@context\":\"https:\/\/schema.org\",\"@graph\":[{\"@type\":\"WebPage\",\"@id\":\"https:\/\/www.voustensports.com\/de\/herno-laminarjacke-in-new-impact-dunkelblau-39663\/\",\"url\":\"https:\/\/www.voustensports.com\/de\/herno-laminarjacke-in-new-impact-dunkelblau-39663\/\",\"name\":\"HERNO - LAMINARJACKE IN NEW IMPACT DUNKELBLAU (39663) - Vousten Sports\",\"isPartOf\":{\"@id\":\"https:\/\/www.voustensports.com\/nl\/#website\"},\"primaryImageOfPage\":{\"@id\":\"https:\/\/www.voustensports.com\/de\/herno-laminarjacke-in-new-impact-dunkelblau-39663\/#primaryimage\"},\"image\":{\"@id\":\"https:\/\/www.voustensports.com\/de\/herno-laminarjacke-in-new-impact-dunkelblau-39663\/#primaryimage\"},\"thumbnailUrl\":\"https:\/\/www.voustensports.com\/wp-content\/uploads\/2023\/06\/LAMINAR-JACKET-IN-NEW-IMPACT-DONKERBLAUW-396631.png\",\"datePublished\":\"2024-09-21T10:16:13+00:00\",\"dateModified\":\"2026-02-05T11:21:11+00:00\",\"breadcrumb\":{\"@id\":\"https:\/\/www.voustensports.com\/de\/herno-laminarjacke-in-new-impact-dunkelblau-39663\/#breadcrumb\"},\"inLanguage\":\"de-DE\",\"potentialAction\":[{\"@type\":\"ReadAction\",\"target\":[\"https:\/\/www.voustensports.com\/de\/herno-laminarjacke-in-new-impact-dunkelblau-39663\/\"]}]},{\"@type\":\"ImageObject\",\"inLanguage\":\"de-DE\",\"@id\":\"https:\/\/www.voustensports.com\/de\/herno-laminarjacke-in-new-impact-dunkelblau-39663\/#primaryimage\",\"url\":\"https:\/\/www.voustensports.com\/wp-content\/uploads\/2023\/06\/LAMINAR-JACKET-IN-NEW-IMPACT-DONKERBLAUW-396631.png\",\"contentUrl\":\"https:\/\/www.voustensports.com\/wp-content\/uploads\/2023\/06\/LAMINAR-JACKET-IN-NEW-IMPACT-DONKERBLAUW-396631.png\",\"width\":1571,\"height\":2000},{\"@type\":\"BreadcrumbList\",\"@id\":\"https:\/\/www.voustensports.com\/de\/herno-laminarjacke-in-new-impact-dunkelblau-39663\/#breadcrumb\",\"itemListElement\":[{\"@type\":\"ListItem\",\"position\":1,\"name\":\"Home\",\"item\":\"https:\/\/www.voustensports.com\/de\/\"},{\"@type\":\"ListItem\",\"position\":2,\"name\":\"Shop\",\"item\":\"https:\/\/www.voustensports.com\/de\/shop\/\"},{\"@type\":\"ListItem\",\"position\":3,\"name\":\"HERNO &#8211; LAMINARJACKE IN NEW IMPACT DUNKELBLAU (39663)\"}]},{\"@type\":\"WebSite\",\"@id\":\"https:\/\/www.voustensports.com\/nl\/#website\",\"url\":\"https:\/\/www.voustensports.com\/nl\/\",\"name\":\"Vousten Sports\",\"description\":\"\",\"potentialAction\":[{\"@type\":\"SearchAction\",\"target\":{\"@type\":\"EntryPoint\",\"urlTemplate\":\"https:\/\/www.voustensports.com\/nl\/?s={search_term_string}\"},\"query-input\":{\"@type\":\"PropertyValueSpecification\",\"valueRequired\":true,\"valueName\":\"search_term_string\"}}],\"inLanguage\":\"de-DE\"}]}<\/script>\n<!-- \/ Yoast SEO plugin. -->","yoast_head_json":{"title":"HERNO - LAMINARJACKE IN NEW IMPACT DUNKELBLAU (39663) - Vousten Sports","robots":{"index":"index","follow":"follow","max-snippet":"max-snippet:-1","max-image-preview":"max-image-preview:large","max-video-preview":"max-video-preview:-1"},"canonical":"https:\/\/www.voustensports.com\/de\/herno-laminarjacke-in-new-impact-dunkelblau-39663\/","og_locale":"de_DE","og_type":"article","og_title":"HERNO - LAMINARJACKE IN NEW IMPACT DUNKELBLAU (39663) - Vousten Sports","og_description":"Jacke aus mattem 4-Wege-Stretch-Gewebe: ein weiches und \u00e4u\u00dferst bequemes Material, das mit einer dehnbaren Membran verbunden ist. Dieses St\u00fcck hat eine raffinierte Konstruktion, die durch den dynamischen Maxi-Stehkragen mit Kapuze noch verst\u00e4rkt wird. Die verschwei\u00dften N\u00e4hte sorgen f\u00fcr ein sauberes, nahtloses Finish und bieten gleichzeitig eine au\u00dfergew\u00f6hnliche Widerstandsf\u00e4higkeit gegen Wind und Regen. Teil des Labels [...]","og_url":"https:\/\/www.voustensports.com\/de\/herno-laminarjacke-in-new-impact-dunkelblau-39663\/","og_site_name":"Vousten Sports","article_modified_time":"2026-02-05T11:21:11+00:00","og_image":[{"width":1571,"height":2000,"url":"https:\/\/www.voustensports.com\/wp-content\/uploads\/2023\/06\/LAMINAR-JACKET-IN-NEW-IMPACT-DONKERBLAUW-396631.png","type":"image\/png"}],"twitter_card":"summary_large_image","twitter_misc":{"Est. reading time":"1 Minute"},"schema":{"@context":"https:\/\/schema.org","@graph":[{"@type":"WebPage","@id":"https:\/\/www.voustensports.com\/de\/herno-laminarjacke-in-new-impact-dunkelblau-39663\/","url":"https:\/\/www.voustensports.com\/de\/herno-laminarjacke-in-new-impact-dunkelblau-39663\/","name":"HERNO - LAMINARJACKE IN NEW IMPACT DUNKELBLAU (39663) - Vousten Sports","isPartOf":{"@id":"https:\/\/www.voustensports.com\/nl\/#website"},"primaryImageOfPage":{"@id":"https:\/\/www.voustensports.com\/de\/herno-laminarjacke-in-new-impact-dunkelblau-39663\/#primaryimage"},"image":{"@id":"https:\/\/www.voustensports.com\/de\/herno-laminarjacke-in-new-impact-dunkelblau-39663\/#primaryimage"},"thumbnailUrl":"https:\/\/www.voustensports.com\/wp-content\/uploads\/2023\/06\/LAMINAR-JACKET-IN-NEW-IMPACT-DONKERBLAUW-396631.png","datePublished":"2024-09-21T10:16:13+00:00","dateModified":"2026-02-05T11:21:11+00:00","breadcrumb":{"@id":"https:\/\/www.voustensports.com\/de\/herno-laminarjacke-in-new-impact-dunkelblau-39663\/#breadcrumb"},"inLanguage":"de-DE","potentialAction":[{"@type":"ReadAction","target":["https:\/\/www.voustensports.com\/de\/herno-laminarjacke-in-new-impact-dunkelblau-39663\/"]}]},{"@type":"ImageObject","inLanguage":"de-DE","@id":"https:\/\/www.voustensports.com\/de\/herno-laminarjacke-in-new-impact-dunkelblau-39663\/#primaryimage","url":"https:\/\/www.voustensports.com\/wp-content\/uploads\/2023\/06\/LAMINAR-JACKET-IN-NEW-IMPACT-DONKERBLAUW-396631.png","contentUrl":"https:\/\/www.voustensports.com\/wp-content\/uploads\/2023\/06\/LAMINAR-JACKET-IN-NEW-IMPACT-DONKERBLAUW-396631.png","width":1571,"height":2000},{"@type":"BreadcrumbList","@id":"https:\/\/www.voustensports.com\/de\/herno-laminarjacke-in-new-impact-dunkelblau-39663\/#breadcrumb","itemListElement":[{"@type":"ListItem","position":1,"name":"Home","item":"https:\/\/www.voustensports.com\/de\/"},{"@type":"ListItem","position":2,"name":"Shop","item":"https:\/\/www.voustensports.com\/de\/shop\/"},{"@type":"ListItem","position":3,"name":"HERNO &#8211; LAMINARJACKE IN NEW IMPACT DUNKELBLAU (39663)"}]},{"@type":"WebSite","@id":"https:\/\/www.voustensports.com\/nl\/#website","url":"https:\/\/www.voustensports.com\/nl\/","name":"Vousten Sports","description":"","potentialAction":[{"@type":"SearchAction","target":{"@type":"EntryPoint","urlTemplate":"https:\/\/www.voustensports.com\/nl\/?s={search_term_string}"},"query-input":{"@type":"PropertyValueSpecification","valueRequired":true,"valueName":"search_term_string"}}],"inLanguage":"de-DE"}]}},"_links":{"self":[{"href":"https:\/\/www.voustensports.com\/de\/wp-json\/wp\/v2\/product\/185317","targetHints":{"allow":["GET"]}}],"collection":[{"href":"https:\/\/www.voustensports.com\/de\/wp-json\/wp\/v2\/product"}],"about":[{"href":"https:\/\/www.voustensports.com\/de\/wp-json\/wp\/v2\/types\/product"}],"replies":[{"embeddable":true,"href":"https:\/\/www.voustensports.com\/de\/wp-json\/wp\/v2\/comments?post=185317"}],"wp:featuredmedia":[{"embeddable":true,"href":"https:\/\/www.voustensports.com\/de\/wp-json\/wp\/v2\/media\/185301"}],"wp:attachment":[{"href":"https:\/\/www.voustensports.com\/de\/wp-json\/wp\/v2\/media?parent=185317"}],"wp:term":[{"taxonomy":"product_cat","embeddable":true,"href":"https:\/\/www.voustensports.com\/de\/wp-json\/wp\/v2\/product_cat?post=185317"},{"taxonomy":"product_tag","embeddable":true,"href":"https:\/\/www.voustensports.com\/de\/wp-json\/wp\/v2\/product_tag?post=185317"}],"curies":[{"name":"wp","href":"https:\/\/api.w.org\/{rel}","templated":true}]}}