{"id":184869,"date":"2024-09-20T18:18:12","date_gmt":"2024-09-20T16:18:12","guid":{"rendered":"https:\/\/www.voustensports.com\/stone-island-ghost-dunkelblaue-cargohose-39428\/"},"modified":"2026-02-05T12:17:52","modified_gmt":"2026-02-05T11:17:52","slug":"stone-island-ghost-dunkelblaue-cargohose-39428","status":"publish","type":"product","link":"https:\/\/www.voustensports.com\/de\/stone-island-ghost-dunkelblaue-cargohose-39428\/","title":{"rendered":"STONE ISLAND &#8211; GHOST DUNKELBLAUE CARGOHOSE (39428)"},"content":{"rendered":"<div>PRODUKTDETAILS<\/div>\n<div>Ghost-St\u00fccke basieren auf dem Konzept der Tarnung und sind komplett einfarbig. Sogar ihr Stone Island-Abzeichen wurde in einer speziellen monochromen Version erstellt, um mit dem Kleidungsst\u00fcck zu harmonieren. Cargohose aus Baumwollsatin und Stretchwolle. St\u00fcckgef\u00e4rbt<\/div>\n<div>STIL<\/div>\n<div>Taschen f\u00fcr stehende H\u00e4nde. Eine hintere Schlitztasche mit verdecktem Druckknopfverschluss. Aufgesetzte Tasche am linken Bein, mit Patte und Druckknopfverschluss; Auf der Tasche befindet sich ein Stone Island Ghost-Abzeichen. Elastischer Kordelzug unten an den Beinen. Elastischer Bund. Rei\u00dfverschluss und Knopfverschluss. Normale Passform.<\/div>\n<div>ZUSAMMENSETZUNG<\/div>\n<div>93 % Baumwolle, 5 % Wolle, 2 % Elastan\/Spandex<\/div>\n<div>Stone Island-Nummer: 336F6<\/div>\n<div>Farbnummer: V0020<\/div>\n<div>ID-Nr.: 39428<\/div>\n","protected":false},"excerpt":{"rendered":"<p>PRODUKTDETAILS Ghost-St\u00fccke basieren auf dem Konzept der Tarnung und sind komplett einfarbig. Sogar ihr Stone Island-Abzeichen wurde in einer speziellen monochromen Version erstellt, um mit dem Kleidungsst\u00fcck zu harmonieren. Cargohose aus Baumwollsatin und Stretchwolle. St\u00fcckgef\u00e4rbt STIL Taschen f\u00fcr stehende H\u00e4nde. Eine hintere Schlitztasche mit verdecktem Druckknopfverschluss. Aufgesetzte Tasche am linken Bein, mit Patte und Druckknopfverschluss; [&#8230;]\n","protected":false},"featured_media":184857,"comment_status":"open","ping_status":"closed","template":"","meta":{"rank_math_lock_modified_date":false},"product_cat":[447,451,463,467,483,787],"product_tag":[],"class_list":{"0":"post-184869","1":"product","2":"type-product","3":"status-publish","4":"has-post-thumbnail","6":"product_cat-kleding-de","7":"product_cat-heren-de","8":"product_cat-vousten-sports-de-2","9":"product_cat-hosen-de","10":"product_cat-stone-island-de-2","11":"product_cat-broek-de","13":"first","14":"instock","15":"taxable","16":"shipping-taxable","17":"purchasable","18":"product-type-variable"},"acf":[],"yoast_head":"<!-- This site is optimized with the Yoast SEO plugin v23.9 - https:\/\/yoast.com\/wordpress\/plugins\/seo\/ -->\n<title>STONE ISLAND - GHOST DUNKELBLAUE CARGOHOSE (39428) - Vousten Sports<\/title>\n<meta name=\"robots\" content=\"index, follow, max-snippet:-1, max-image-preview:large, max-video-preview:-1\" \/>\n<link rel=\"canonical\" href=\"https:\/\/www.voustensports.com\/de\/stone-island-ghost-dunkelblaue-cargohose-39428\/\" \/>\n<meta property=\"og:locale\" content=\"de_DE\" \/>\n<meta property=\"og:type\" content=\"article\" \/>\n<meta property=\"og:title\" content=\"STONE ISLAND - GHOST DUNKELBLAUE CARGOHOSE (39428) - Vousten Sports\" \/>\n<meta property=\"og:description\" content=\"PRODUKTDETAILS Ghost-St\u00fccke basieren auf dem Konzept der Tarnung und sind komplett einfarbig. Sogar ihr Stone Island-Abzeichen wurde in einer speziellen monochromen Version erstellt, um mit dem Kleidungsst\u00fcck zu harmonieren. Cargohose aus Baumwollsatin und Stretchwolle. St\u00fcckgef\u00e4rbt STIL Taschen f\u00fcr stehende H\u00e4nde. Eine hintere Schlitztasche mit verdecktem Druckknopfverschluss. Aufgesetzte Tasche am linken Bein, mit Patte und Druckknopfverschluss; [...]\" \/>\n<meta property=\"og:url\" content=\"https:\/\/www.voustensports.com\/de\/stone-island-ghost-dunkelblaue-cargohose-39428\/\" \/>\n<meta property=\"og:site_name\" content=\"Vousten Sports\" \/>\n<meta property=\"article:modified_time\" content=\"2026-02-05T11:17:52+00:00\" \/>\n<meta property=\"og:image\" content=\"https:\/\/www.voustensports.com\/wp-content\/uploads\/2023\/06\/GHOST-CARGO-TROUSERS-DONKERBLAUW-394281.png\" \/>\n\t<meta property=\"og:image:width\" content=\"1365\" \/>\n\t<meta property=\"og:image:height\" content=\"2048\" \/>\n\t<meta property=\"og:image:type\" content=\"image\/png\" \/>\n<meta name=\"twitter:card\" content=\"summary_large_image\" \/>\n<script type=\"application\/ld+json\" class=\"yoast-schema-graph\">{\"@context\":\"https:\/\/schema.org\",\"@graph\":[{\"@type\":\"WebPage\",\"@id\":\"https:\/\/www.voustensports.com\/de\/stone-island-ghost-dunkelblaue-cargohose-39428\/\",\"url\":\"https:\/\/www.voustensports.com\/de\/stone-island-ghost-dunkelblaue-cargohose-39428\/\",\"name\":\"STONE ISLAND - GHOST DUNKELBLAUE CARGOHOSE (39428) - Vousten Sports\",\"isPartOf\":{\"@id\":\"https:\/\/www.voustensports.com\/nl\/#website\"},\"primaryImageOfPage\":{\"@id\":\"https:\/\/www.voustensports.com\/de\/stone-island-ghost-dunkelblaue-cargohose-39428\/#primaryimage\"},\"image\":{\"@id\":\"https:\/\/www.voustensports.com\/de\/stone-island-ghost-dunkelblaue-cargohose-39428\/#primaryimage\"},\"thumbnailUrl\":\"https:\/\/www.voustensports.com\/wp-content\/uploads\/2023\/06\/GHOST-CARGO-TROUSERS-DONKERBLAUW-394281.png\",\"datePublished\":\"2024-09-20T16:18:12+00:00\",\"dateModified\":\"2026-02-05T11:17:52+00:00\",\"breadcrumb\":{\"@id\":\"https:\/\/www.voustensports.com\/de\/stone-island-ghost-dunkelblaue-cargohose-39428\/#breadcrumb\"},\"inLanguage\":\"de-DE\",\"potentialAction\":[{\"@type\":\"ReadAction\",\"target\":[\"https:\/\/www.voustensports.com\/de\/stone-island-ghost-dunkelblaue-cargohose-39428\/\"]}]},{\"@type\":\"ImageObject\",\"inLanguage\":\"de-DE\",\"@id\":\"https:\/\/www.voustensports.com\/de\/stone-island-ghost-dunkelblaue-cargohose-39428\/#primaryimage\",\"url\":\"https:\/\/www.voustensports.com\/wp-content\/uploads\/2023\/06\/GHOST-CARGO-TROUSERS-DONKERBLAUW-394281.png\",\"contentUrl\":\"https:\/\/www.voustensports.com\/wp-content\/uploads\/2023\/06\/GHOST-CARGO-TROUSERS-DONKERBLAUW-394281.png\",\"width\":1365,\"height\":2048},{\"@type\":\"BreadcrumbList\",\"@id\":\"https:\/\/www.voustensports.com\/de\/stone-island-ghost-dunkelblaue-cargohose-39428\/#breadcrumb\",\"itemListElement\":[{\"@type\":\"ListItem\",\"position\":1,\"name\":\"Home\",\"item\":\"https:\/\/www.voustensports.com\/de\/\"},{\"@type\":\"ListItem\",\"position\":2,\"name\":\"Shop\",\"item\":\"https:\/\/www.voustensports.com\/de\/shop\/\"},{\"@type\":\"ListItem\",\"position\":3,\"name\":\"STONE ISLAND &#8211; GHOST DUNKELBLAUE CARGOHOSE (39428)\"}]},{\"@type\":\"WebSite\",\"@id\":\"https:\/\/www.voustensports.com\/nl\/#website\",\"url\":\"https:\/\/www.voustensports.com\/nl\/\",\"name\":\"Vousten Sports\",\"description\":\"\",\"potentialAction\":[{\"@type\":\"SearchAction\",\"target\":{\"@type\":\"EntryPoint\",\"urlTemplate\":\"https:\/\/www.voustensports.com\/nl\/?s={search_term_string}\"},\"query-input\":{\"@type\":\"PropertyValueSpecification\",\"valueRequired\":true,\"valueName\":\"search_term_string\"}}],\"inLanguage\":\"de-DE\"}]}<\/script>\n<!-- \/ Yoast SEO plugin. -->","yoast_head_json":{"title":"STONE ISLAND - GHOST DUNKELBLAUE CARGOHOSE (39428) - Vousten Sports","robots":{"index":"index","follow":"follow","max-snippet":"max-snippet:-1","max-image-preview":"max-image-preview:large","max-video-preview":"max-video-preview:-1"},"canonical":"https:\/\/www.voustensports.com\/de\/stone-island-ghost-dunkelblaue-cargohose-39428\/","og_locale":"de_DE","og_type":"article","og_title":"STONE ISLAND - GHOST DUNKELBLAUE CARGOHOSE (39428) - Vousten Sports","og_description":"PRODUKTDETAILS Ghost-St\u00fccke basieren auf dem Konzept der Tarnung und sind komplett einfarbig. Sogar ihr Stone Island-Abzeichen wurde in einer speziellen monochromen Version erstellt, um mit dem Kleidungsst\u00fcck zu harmonieren. Cargohose aus Baumwollsatin und Stretchwolle. St\u00fcckgef\u00e4rbt STIL Taschen f\u00fcr stehende H\u00e4nde. Eine hintere Schlitztasche mit verdecktem Druckknopfverschluss. Aufgesetzte Tasche am linken Bein, mit Patte und Druckknopfverschluss; [...]","og_url":"https:\/\/www.voustensports.com\/de\/stone-island-ghost-dunkelblaue-cargohose-39428\/","og_site_name":"Vousten Sports","article_modified_time":"2026-02-05T11:17:52+00:00","og_image":[{"width":1365,"height":2048,"url":"https:\/\/www.voustensports.com\/wp-content\/uploads\/2023\/06\/GHOST-CARGO-TROUSERS-DONKERBLAUW-394281.png","type":"image\/png"}],"twitter_card":"summary_large_image","schema":{"@context":"https:\/\/schema.org","@graph":[{"@type":"WebPage","@id":"https:\/\/www.voustensports.com\/de\/stone-island-ghost-dunkelblaue-cargohose-39428\/","url":"https:\/\/www.voustensports.com\/de\/stone-island-ghost-dunkelblaue-cargohose-39428\/","name":"STONE ISLAND - GHOST DUNKELBLAUE CARGOHOSE (39428) - Vousten Sports","isPartOf":{"@id":"https:\/\/www.voustensports.com\/nl\/#website"},"primaryImageOfPage":{"@id":"https:\/\/www.voustensports.com\/de\/stone-island-ghost-dunkelblaue-cargohose-39428\/#primaryimage"},"image":{"@id":"https:\/\/www.voustensports.com\/de\/stone-island-ghost-dunkelblaue-cargohose-39428\/#primaryimage"},"thumbnailUrl":"https:\/\/www.voustensports.com\/wp-content\/uploads\/2023\/06\/GHOST-CARGO-TROUSERS-DONKERBLAUW-394281.png","datePublished":"2024-09-20T16:18:12+00:00","dateModified":"2026-02-05T11:17:52+00:00","breadcrumb":{"@id":"https:\/\/www.voustensports.com\/de\/stone-island-ghost-dunkelblaue-cargohose-39428\/#breadcrumb"},"inLanguage":"de-DE","potentialAction":[{"@type":"ReadAction","target":["https:\/\/www.voustensports.com\/de\/stone-island-ghost-dunkelblaue-cargohose-39428\/"]}]},{"@type":"ImageObject","inLanguage":"de-DE","@id":"https:\/\/www.voustensports.com\/de\/stone-island-ghost-dunkelblaue-cargohose-39428\/#primaryimage","url":"https:\/\/www.voustensports.com\/wp-content\/uploads\/2023\/06\/GHOST-CARGO-TROUSERS-DONKERBLAUW-394281.png","contentUrl":"https:\/\/www.voustensports.com\/wp-content\/uploads\/2023\/06\/GHOST-CARGO-TROUSERS-DONKERBLAUW-394281.png","width":1365,"height":2048},{"@type":"BreadcrumbList","@id":"https:\/\/www.voustensports.com\/de\/stone-island-ghost-dunkelblaue-cargohose-39428\/#breadcrumb","itemListElement":[{"@type":"ListItem","position":1,"name":"Home","item":"https:\/\/www.voustensports.com\/de\/"},{"@type":"ListItem","position":2,"name":"Shop","item":"https:\/\/www.voustensports.com\/de\/shop\/"},{"@type":"ListItem","position":3,"name":"STONE ISLAND &#8211; GHOST DUNKELBLAUE CARGOHOSE (39428)"}]},{"@type":"WebSite","@id":"https:\/\/www.voustensports.com\/nl\/#website","url":"https:\/\/www.voustensports.com\/nl\/","name":"Vousten Sports","description":"","potentialAction":[{"@type":"SearchAction","target":{"@type":"EntryPoint","urlTemplate":"https:\/\/www.voustensports.com\/nl\/?s={search_term_string}"},"query-input":{"@type":"PropertyValueSpecification","valueRequired":true,"valueName":"search_term_string"}}],"inLanguage":"de-DE"}]}},"_links":{"self":[{"href":"https:\/\/www.voustensports.com\/de\/wp-json\/wp\/v2\/product\/184869","targetHints":{"allow":["GET"]}}],"collection":[{"href":"https:\/\/www.voustensports.com\/de\/wp-json\/wp\/v2\/product"}],"about":[{"href":"https:\/\/www.voustensports.com\/de\/wp-json\/wp\/v2\/types\/product"}],"replies":[{"embeddable":true,"href":"https:\/\/www.voustensports.com\/de\/wp-json\/wp\/v2\/comments?post=184869"}],"wp:featuredmedia":[{"embeddable":true,"href":"https:\/\/www.voustensports.com\/de\/wp-json\/wp\/v2\/media\/184857"}],"wp:attachment":[{"href":"https:\/\/www.voustensports.com\/de\/wp-json\/wp\/v2\/media?parent=184869"}],"wp:term":[{"taxonomy":"product_cat","embeddable":true,"href":"https:\/\/www.voustensports.com\/de\/wp-json\/wp\/v2\/product_cat?post=184869"},{"taxonomy":"product_tag","embeddable":true,"href":"https:\/\/www.voustensports.com\/de\/wp-json\/wp\/v2\/product_tag?post=184869"}],"curies":[{"name":"wp","href":"https:\/\/api.w.org\/{rel}","templated":true}]}}