{"id":183272,"date":"2024-09-07T13:32:11","date_gmt":"2024-09-07T11:32:11","guid":{"rendered":"https:\/\/www.voustensports.com\/genti-tasche-mit-halbem-reisverschluss-grun-39397\/"},"modified":"2026-02-05T12:17:18","modified_gmt":"2026-02-05T11:17:18","slug":"genti-tasche-mit-halbem-reisverschluss-grun-39397","status":"publish","type":"product","link":"https:\/\/www.voustensports.com\/de\/genti-tasche-mit-halbem-reisverschluss-grun-39397\/","title":{"rendered":"GENTI &#8211; Tasche mit halbem Rei\u00dfverschluss gr\u00fcn (39397)"},"content":{"rendered":"<div>Green Turtle Zip aus der schwereren Cool-Dry-Qualit\u00e4t. Ein technisches Material mit viel Stretch f\u00fcr optimalen Komfort.<\/div>\n<ul>\n<li>Stildetails<\/li>\n<li>Punto Milano<\/li>\n<li>K\u00fchl und trocken trocknen<\/li>\n<li>Technische Ausr\u00fcstung<\/li>\n<li>Strecken<\/li>\n<li>Verf\u00e4rbt sich nach dem Waschen nicht<\/li>\n<li>Tasche am \u00c4rmel<\/li>\n<li>65 % Viskose, 35 % Nylon<\/li>\n<li>K1137-3258<\/li>\n<\/ul>\n","protected":false},"excerpt":{"rendered":"<p>Green Turtle Zip aus der schwereren Cool-Dry-Qualit\u00e4t. Ein technisches Material mit viel Stretch f\u00fcr optimalen Komfort. Stildetails Punto Milano K\u00fchl und trocken trocknen Technische Ausr\u00fcstung Strecken Verf\u00e4rbt sich nach dem Waschen nicht Tasche am \u00c4rmel 65 % Viskose, 35 % Nylon K1137-3258<\/p>\n","protected":false},"featured_media":183252,"comment_status":"open","ping_status":"closed","template":"","meta":{"rank_math_lock_modified_date":false},"product_cat":[447,451,463,535,698,711],"product_tag":[],"class_list":{"0":"post-183272","1":"product","2":"type-product","3":"status-publish","4":"has-post-thumbnail","6":"product_cat-kleding-de","7":"product_cat-heren-de","8":"product_cat-vousten-sports-de-2","9":"product_cat-truien-de-2","10":"product_cat-sweaters-de-2","11":"product_cat-genti-de","13":"first","14":"instock","15":"taxable","16":"shipping-taxable","17":"purchasable","18":"product-type-variable"},"acf":[],"yoast_head":"<!-- This site is optimized with the Yoast SEO plugin v23.9 - https:\/\/yoast.com\/wordpress\/plugins\/seo\/ -->\n<title>GENTI - Tasche mit halbem Rei\u00dfverschluss gr\u00fcn (39397) - Vousten Sports<\/title>\n<meta name=\"robots\" content=\"index, follow, max-snippet:-1, max-image-preview:large, max-video-preview:-1\" \/>\n<link rel=\"canonical\" href=\"https:\/\/www.voustensports.com\/de\/genti-tasche-mit-halbem-reisverschluss-grun-39397\/\" \/>\n<meta property=\"og:locale\" content=\"de_DE\" \/>\n<meta property=\"og:type\" content=\"article\" \/>\n<meta property=\"og:title\" content=\"GENTI - Tasche mit halbem Rei\u00dfverschluss gr\u00fcn (39397) - Vousten Sports\" \/>\n<meta property=\"og:description\" content=\"Green Turtle Zip aus der schwereren Cool-Dry-Qualit\u00e4t. Ein technisches Material mit viel Stretch f\u00fcr optimalen Komfort. Stildetails Punto Milano K\u00fchl und trocken trocknen Technische Ausr\u00fcstung Strecken Verf\u00e4rbt sich nach dem Waschen nicht Tasche am \u00c4rmel 65 % Viskose, 35 % Nylon K1137-3258\" \/>\n<meta property=\"og:url\" content=\"https:\/\/www.voustensports.com\/de\/genti-tasche-mit-halbem-reisverschluss-grun-39397\/\" \/>\n<meta property=\"og:site_name\" content=\"Vousten Sports\" \/>\n<meta property=\"article:modified_time\" content=\"2026-02-05T11:17:18+00:00\" \/>\n<meta property=\"og:image\" content=\"https:\/\/www.voustensports.com\/wp-content\/uploads\/2023\/06\/Half-zip-pocket-groen-393971.jpg\" \/>\n\t<meta property=\"og:image:width\" content=\"1365\" \/>\n\t<meta property=\"og:image:height\" content=\"2048\" \/>\n\t<meta property=\"og:image:type\" content=\"image\/jpeg\" \/>\n<meta name=\"twitter:card\" content=\"summary_large_image\" \/>\n<script type=\"application\/ld+json\" class=\"yoast-schema-graph\">{\"@context\":\"https:\/\/schema.org\",\"@graph\":[{\"@type\":\"WebPage\",\"@id\":\"https:\/\/www.voustensports.com\/de\/genti-tasche-mit-halbem-reisverschluss-grun-39397\/\",\"url\":\"https:\/\/www.voustensports.com\/de\/genti-tasche-mit-halbem-reisverschluss-grun-39397\/\",\"name\":\"GENTI - Tasche mit halbem Rei\u00dfverschluss gr\u00fcn (39397) - Vousten Sports\",\"isPartOf\":{\"@id\":\"https:\/\/www.voustensports.com\/nl\/#website\"},\"primaryImageOfPage\":{\"@id\":\"https:\/\/www.voustensports.com\/de\/genti-tasche-mit-halbem-reisverschluss-grun-39397\/#primaryimage\"},\"image\":{\"@id\":\"https:\/\/www.voustensports.com\/de\/genti-tasche-mit-halbem-reisverschluss-grun-39397\/#primaryimage\"},\"thumbnailUrl\":\"https:\/\/www.voustensports.com\/wp-content\/uploads\/2023\/06\/Half-zip-pocket-groen-393971.jpg\",\"datePublished\":\"2024-09-07T11:32:11+00:00\",\"dateModified\":\"2026-02-05T11:17:18+00:00\",\"breadcrumb\":{\"@id\":\"https:\/\/www.voustensports.com\/de\/genti-tasche-mit-halbem-reisverschluss-grun-39397\/#breadcrumb\"},\"inLanguage\":\"de-DE\",\"potentialAction\":[{\"@type\":\"ReadAction\",\"target\":[\"https:\/\/www.voustensports.com\/de\/genti-tasche-mit-halbem-reisverschluss-grun-39397\/\"]}]},{\"@type\":\"ImageObject\",\"inLanguage\":\"de-DE\",\"@id\":\"https:\/\/www.voustensports.com\/de\/genti-tasche-mit-halbem-reisverschluss-grun-39397\/#primaryimage\",\"url\":\"https:\/\/www.voustensports.com\/wp-content\/uploads\/2023\/06\/Half-zip-pocket-groen-393971.jpg\",\"contentUrl\":\"https:\/\/www.voustensports.com\/wp-content\/uploads\/2023\/06\/Half-zip-pocket-groen-393971.jpg\",\"width\":1365,\"height\":2048},{\"@type\":\"BreadcrumbList\",\"@id\":\"https:\/\/www.voustensports.com\/de\/genti-tasche-mit-halbem-reisverschluss-grun-39397\/#breadcrumb\",\"itemListElement\":[{\"@type\":\"ListItem\",\"position\":1,\"name\":\"Home\",\"item\":\"https:\/\/www.voustensports.com\/de\/\"},{\"@type\":\"ListItem\",\"position\":2,\"name\":\"Shop\",\"item\":\"https:\/\/www.voustensports.com\/de\/shop\/\"},{\"@type\":\"ListItem\",\"position\":3,\"name\":\"GENTI &#8211; Tasche mit halbem Rei\u00dfverschluss gr\u00fcn (39397)\"}]},{\"@type\":\"WebSite\",\"@id\":\"https:\/\/www.voustensports.com\/nl\/#website\",\"url\":\"https:\/\/www.voustensports.com\/nl\/\",\"name\":\"Vousten Sports\",\"description\":\"\",\"potentialAction\":[{\"@type\":\"SearchAction\",\"target\":{\"@type\":\"EntryPoint\",\"urlTemplate\":\"https:\/\/www.voustensports.com\/nl\/?s={search_term_string}\"},\"query-input\":{\"@type\":\"PropertyValueSpecification\",\"valueRequired\":true,\"valueName\":\"search_term_string\"}}],\"inLanguage\":\"de-DE\"}]}<\/script>\n<!-- \/ Yoast SEO plugin. -->","yoast_head_json":{"title":"GENTI - Tasche mit halbem Rei\u00dfverschluss gr\u00fcn (39397) - Vousten Sports","robots":{"index":"index","follow":"follow","max-snippet":"max-snippet:-1","max-image-preview":"max-image-preview:large","max-video-preview":"max-video-preview:-1"},"canonical":"https:\/\/www.voustensports.com\/de\/genti-tasche-mit-halbem-reisverschluss-grun-39397\/","og_locale":"de_DE","og_type":"article","og_title":"GENTI - Tasche mit halbem Rei\u00dfverschluss gr\u00fcn (39397) - Vousten Sports","og_description":"Green Turtle Zip aus der schwereren Cool-Dry-Qualit\u00e4t. Ein technisches Material mit viel Stretch f\u00fcr optimalen Komfort. Stildetails Punto Milano K\u00fchl und trocken trocknen Technische Ausr\u00fcstung Strecken Verf\u00e4rbt sich nach dem Waschen nicht Tasche am \u00c4rmel 65 % Viskose, 35 % Nylon K1137-3258","og_url":"https:\/\/www.voustensports.com\/de\/genti-tasche-mit-halbem-reisverschluss-grun-39397\/","og_site_name":"Vousten Sports","article_modified_time":"2026-02-05T11:17:18+00:00","og_image":[{"width":1365,"height":2048,"url":"https:\/\/www.voustensports.com\/wp-content\/uploads\/2023\/06\/Half-zip-pocket-groen-393971.jpg","type":"image\/jpeg"}],"twitter_card":"summary_large_image","schema":{"@context":"https:\/\/schema.org","@graph":[{"@type":"WebPage","@id":"https:\/\/www.voustensports.com\/de\/genti-tasche-mit-halbem-reisverschluss-grun-39397\/","url":"https:\/\/www.voustensports.com\/de\/genti-tasche-mit-halbem-reisverschluss-grun-39397\/","name":"GENTI - Tasche mit halbem Rei\u00dfverschluss gr\u00fcn (39397) - Vousten Sports","isPartOf":{"@id":"https:\/\/www.voustensports.com\/nl\/#website"},"primaryImageOfPage":{"@id":"https:\/\/www.voustensports.com\/de\/genti-tasche-mit-halbem-reisverschluss-grun-39397\/#primaryimage"},"image":{"@id":"https:\/\/www.voustensports.com\/de\/genti-tasche-mit-halbem-reisverschluss-grun-39397\/#primaryimage"},"thumbnailUrl":"https:\/\/www.voustensports.com\/wp-content\/uploads\/2023\/06\/Half-zip-pocket-groen-393971.jpg","datePublished":"2024-09-07T11:32:11+00:00","dateModified":"2026-02-05T11:17:18+00:00","breadcrumb":{"@id":"https:\/\/www.voustensports.com\/de\/genti-tasche-mit-halbem-reisverschluss-grun-39397\/#breadcrumb"},"inLanguage":"de-DE","potentialAction":[{"@type":"ReadAction","target":["https:\/\/www.voustensports.com\/de\/genti-tasche-mit-halbem-reisverschluss-grun-39397\/"]}]},{"@type":"ImageObject","inLanguage":"de-DE","@id":"https:\/\/www.voustensports.com\/de\/genti-tasche-mit-halbem-reisverschluss-grun-39397\/#primaryimage","url":"https:\/\/www.voustensports.com\/wp-content\/uploads\/2023\/06\/Half-zip-pocket-groen-393971.jpg","contentUrl":"https:\/\/www.voustensports.com\/wp-content\/uploads\/2023\/06\/Half-zip-pocket-groen-393971.jpg","width":1365,"height":2048},{"@type":"BreadcrumbList","@id":"https:\/\/www.voustensports.com\/de\/genti-tasche-mit-halbem-reisverschluss-grun-39397\/#breadcrumb","itemListElement":[{"@type":"ListItem","position":1,"name":"Home","item":"https:\/\/www.voustensports.com\/de\/"},{"@type":"ListItem","position":2,"name":"Shop","item":"https:\/\/www.voustensports.com\/de\/shop\/"},{"@type":"ListItem","position":3,"name":"GENTI &#8211; Tasche mit halbem Rei\u00dfverschluss gr\u00fcn (39397)"}]},{"@type":"WebSite","@id":"https:\/\/www.voustensports.com\/nl\/#website","url":"https:\/\/www.voustensports.com\/nl\/","name":"Vousten Sports","description":"","potentialAction":[{"@type":"SearchAction","target":{"@type":"EntryPoint","urlTemplate":"https:\/\/www.voustensports.com\/nl\/?s={search_term_string}"},"query-input":{"@type":"PropertyValueSpecification","valueRequired":true,"valueName":"search_term_string"}}],"inLanguage":"de-DE"}]}},"_links":{"self":[{"href":"https:\/\/www.voustensports.com\/de\/wp-json\/wp\/v2\/product\/183272","targetHints":{"allow":["GET"]}}],"collection":[{"href":"https:\/\/www.voustensports.com\/de\/wp-json\/wp\/v2\/product"}],"about":[{"href":"https:\/\/www.voustensports.com\/de\/wp-json\/wp\/v2\/types\/product"}],"replies":[{"embeddable":true,"href":"https:\/\/www.voustensports.com\/de\/wp-json\/wp\/v2\/comments?post=183272"}],"wp:featuredmedia":[{"embeddable":true,"href":"https:\/\/www.voustensports.com\/de\/wp-json\/wp\/v2\/media\/183252"}],"wp:attachment":[{"href":"https:\/\/www.voustensports.com\/de\/wp-json\/wp\/v2\/media?parent=183272"}],"wp:term":[{"taxonomy":"product_cat","embeddable":true,"href":"https:\/\/www.voustensports.com\/de\/wp-json\/wp\/v2\/product_cat?post=183272"},{"taxonomy":"product_tag","embeddable":true,"href":"https:\/\/www.voustensports.com\/de\/wp-json\/wp\/v2\/product_tag?post=183272"}],"curies":[{"name":"wp","href":"https:\/\/api.w.org\/{rel}","templated":true}]}}