{"id":182614,"date":"2024-08-23T21:10:10","date_gmt":"2024-08-23T19:10:10","guid":{"rendered":"https:\/\/www.voustensports.com\/stone-island-pullover-mit-halbem-reissverschluss-lammwolle-dunkelblau-39463\/"},"modified":"2026-02-05T12:18:39","modified_gmt":"2026-02-05T11:18:39","slug":"stone-island-pullover-mit-halbem-reissverschluss-lammwolle-dunkelblau-39463","status":"publish","type":"product","link":"https:\/\/www.voustensports.com\/de\/stone-island-pullover-mit-halbem-reissverschluss-lammwolle-dunkelblau-39463\/","title":{"rendered":"STONE ISLAND &#8211; PULLOVER MIT HALBEM REISSVERSCHLUSS LAMMWOLLE DUNKELBLAU (39463)"},"content":{"rendered":"<div>PRODUKTDETAILS<\/div>\n<div>Strickpullover mit halbem Rei\u00dfverschluss, Stehkragen und Kn\u00f6pfen am Hals, glatt rechts gestrickten B\u00e4ndern und erhabenen N\u00e4hten. Spur 7.<\/div>\n<div><\/div>\n<div>STIL<\/div>\n<div>Stehkragen aus Rippstrick, innen mit Filzband eingefasst. Verdeckter Rei\u00dfverschluss und Kragen mit vier Kn\u00f6pfen. Glatt rechts gestricktes Bandmotiv an den Schultern und am vorderen Armloch. Erh\u00f6hte N\u00e4hte an den Arml\u00f6chern. Stone Island-Abzeichen auf dem linken \u00c4rmel. Gerippte B\u00fcndchen und unteres Band. Normale Passform.<\/div>\n<div><\/div>\n<div>ZUSAMMENSETZUNG<\/div>\n<div>Kleidungsst\u00fcck: 80 % Wolle, 20 % Polyamid\/Nylon. Bekleidungsdetails: 85 % Wolle, 10 % Polyester, 5 % Polyamid\/Nylon<\/div>\n<div><\/div>\n<div>Stone Island-Nummer: 540A3<\/div>\n<div>Farbnummer: V0020<\/div>\n<div>ID: 39463<\/div>\n","protected":false},"excerpt":{"rendered":"<p>PRODUKTDETAILS Strickpullover mit halbem Rei\u00dfverschluss, Stehkragen und Kn\u00f6pfen am Hals, glatt rechts gestrickten B\u00e4ndern und erhabenen N\u00e4hten. Spur 7. STIL Stehkragen aus Rippstrick, innen mit Filzband eingefasst. Verdeckter Rei\u00dfverschluss und Kragen mit vier Kn\u00f6pfen. Glatt rechts gestricktes Bandmotiv an den Schultern und am vorderen Armloch. Erh\u00f6hte N\u00e4hte an den Arml\u00f6chern. Stone Island-Abzeichen auf dem linken [&#8230;]\n","protected":false},"featured_media":182598,"comment_status":"open","ping_status":"closed","template":"","meta":{"rank_math_lock_modified_date":false},"product_cat":[447,451,463,483,535,539,695],"product_tag":[],"class_list":{"0":"post-182614","1":"product","2":"type-product","3":"status-publish","4":"has-post-thumbnail","6":"product_cat-kleding-de","7":"product_cat-heren-de","8":"product_cat-vousten-sports-de-2","9":"product_cat-stone-island-de-2","10":"product_cat-truien-de-2","11":"product_cat-knitwear-de","12":"product_cat-truien-vesten-de-2","14":"first","15":"outofstock","16":"taxable","17":"shipping-taxable","18":"purchasable","19":"product-type-variable"},"acf":[],"yoast_head":"<!-- This site is optimized with the Yoast SEO plugin v23.9 - https:\/\/yoast.com\/wordpress\/plugins\/seo\/ -->\n<title>STONE ISLAND - PULLOVER MIT HALBEM REISSVERSCHLUSS LAMMWOLLE DUNKELBLAU (39463) - Vousten Sports<\/title>\n<meta name=\"robots\" content=\"index, follow, max-snippet:-1, max-image-preview:large, max-video-preview:-1\" \/>\n<link rel=\"canonical\" href=\"https:\/\/www.voustensports.com\/de\/stone-island-pullover-mit-halbem-reissverschluss-lammwolle-dunkelblau-39463\/\" \/>\n<meta property=\"og:locale\" content=\"de_DE\" \/>\n<meta property=\"og:type\" content=\"article\" \/>\n<meta property=\"og:title\" content=\"STONE ISLAND - PULLOVER MIT HALBEM REISSVERSCHLUSS LAMMWOLLE DUNKELBLAU (39463) - Vousten Sports\" \/>\n<meta property=\"og:description\" content=\"PRODUKTDETAILS Strickpullover mit halbem Rei\u00dfverschluss, Stehkragen und Kn\u00f6pfen am Hals, glatt rechts gestrickten B\u00e4ndern und erhabenen N\u00e4hten. Spur 7. STIL Stehkragen aus Rippstrick, innen mit Filzband eingefasst. Verdeckter Rei\u00dfverschluss und Kragen mit vier Kn\u00f6pfen. Glatt rechts gestricktes Bandmotiv an den Schultern und am vorderen Armloch. Erh\u00f6hte N\u00e4hte an den Arml\u00f6chern. Stone Island-Abzeichen auf dem linken [...]\" \/>\n<meta property=\"og:url\" content=\"https:\/\/www.voustensports.com\/de\/stone-island-pullover-mit-halbem-reissverschluss-lammwolle-dunkelblau-39463\/\" \/>\n<meta property=\"og:site_name\" content=\"Vousten Sports\" \/>\n<meta property=\"article:modified_time\" content=\"2026-02-05T11:18:39+00:00\" \/>\n<meta property=\"og:image\" content=\"https:\/\/www.voustensports.com\/wp-content\/uploads\/2023\/06\/HALF-ZIP-SWEATER-LAMBSWOOL-DARK-BLUE-39463-1.jpg\" \/>\n\t<meta property=\"og:image:width\" content=\"1365\" \/>\n\t<meta property=\"og:image:height\" content=\"2048\" \/>\n\t<meta property=\"og:image:type\" content=\"image\/jpeg\" \/>\n<meta name=\"twitter:card\" content=\"summary_large_image\" \/>\n<script type=\"application\/ld+json\" class=\"yoast-schema-graph\">{\"@context\":\"https:\/\/schema.org\",\"@graph\":[{\"@type\":\"WebPage\",\"@id\":\"https:\/\/www.voustensports.com\/de\/stone-island-pullover-mit-halbem-reissverschluss-lammwolle-dunkelblau-39463\/\",\"url\":\"https:\/\/www.voustensports.com\/de\/stone-island-pullover-mit-halbem-reissverschluss-lammwolle-dunkelblau-39463\/\",\"name\":\"STONE ISLAND - PULLOVER MIT HALBEM REISSVERSCHLUSS LAMMWOLLE DUNKELBLAU (39463) - Vousten Sports\",\"isPartOf\":{\"@id\":\"https:\/\/www.voustensports.com\/nl\/#website\"},\"primaryImageOfPage\":{\"@id\":\"https:\/\/www.voustensports.com\/de\/stone-island-pullover-mit-halbem-reissverschluss-lammwolle-dunkelblau-39463\/#primaryimage\"},\"image\":{\"@id\":\"https:\/\/www.voustensports.com\/de\/stone-island-pullover-mit-halbem-reissverschluss-lammwolle-dunkelblau-39463\/#primaryimage\"},\"thumbnailUrl\":\"https:\/\/www.voustensports.com\/wp-content\/uploads\/2023\/06\/HALF-ZIP-SWEATER-LAMBSWOOL-DARK-BLUE-39463-1.jpg\",\"datePublished\":\"2024-08-23T19:10:10+00:00\",\"dateModified\":\"2026-02-05T11:18:39+00:00\",\"breadcrumb\":{\"@id\":\"https:\/\/www.voustensports.com\/de\/stone-island-pullover-mit-halbem-reissverschluss-lammwolle-dunkelblau-39463\/#breadcrumb\"},\"inLanguage\":\"de-DE\",\"potentialAction\":[{\"@type\":\"ReadAction\",\"target\":[\"https:\/\/www.voustensports.com\/de\/stone-island-pullover-mit-halbem-reissverschluss-lammwolle-dunkelblau-39463\/\"]}]},{\"@type\":\"ImageObject\",\"inLanguage\":\"de-DE\",\"@id\":\"https:\/\/www.voustensports.com\/de\/stone-island-pullover-mit-halbem-reissverschluss-lammwolle-dunkelblau-39463\/#primaryimage\",\"url\":\"https:\/\/www.voustensports.com\/wp-content\/uploads\/2023\/06\/HALF-ZIP-SWEATER-LAMBSWOOL-DARK-BLUE-39463-1.jpg\",\"contentUrl\":\"https:\/\/www.voustensports.com\/wp-content\/uploads\/2023\/06\/HALF-ZIP-SWEATER-LAMBSWOOL-DARK-BLUE-39463-1.jpg\",\"width\":1365,\"height\":2048},{\"@type\":\"BreadcrumbList\",\"@id\":\"https:\/\/www.voustensports.com\/de\/stone-island-pullover-mit-halbem-reissverschluss-lammwolle-dunkelblau-39463\/#breadcrumb\",\"itemListElement\":[{\"@type\":\"ListItem\",\"position\":1,\"name\":\"Home\",\"item\":\"https:\/\/www.voustensports.com\/de\/\"},{\"@type\":\"ListItem\",\"position\":2,\"name\":\"Shop\",\"item\":\"https:\/\/www.voustensports.com\/de\/shop\/\"},{\"@type\":\"ListItem\",\"position\":3,\"name\":\"STONE ISLAND &#8211; PULLOVER MIT HALBEM REISSVERSCHLUSS LAMMWOLLE DUNKELBLAU (39463)\"}]},{\"@type\":\"WebSite\",\"@id\":\"https:\/\/www.voustensports.com\/nl\/#website\",\"url\":\"https:\/\/www.voustensports.com\/nl\/\",\"name\":\"Vousten Sports\",\"description\":\"\",\"potentialAction\":[{\"@type\":\"SearchAction\",\"target\":{\"@type\":\"EntryPoint\",\"urlTemplate\":\"https:\/\/www.voustensports.com\/nl\/?s={search_term_string}\"},\"query-input\":{\"@type\":\"PropertyValueSpecification\",\"valueRequired\":true,\"valueName\":\"search_term_string\"}}],\"inLanguage\":\"de-DE\"}]}<\/script>\n<!-- \/ Yoast SEO plugin. -->","yoast_head_json":{"title":"STONE ISLAND - PULLOVER MIT HALBEM REISSVERSCHLUSS LAMMWOLLE DUNKELBLAU (39463) - Vousten Sports","robots":{"index":"index","follow":"follow","max-snippet":"max-snippet:-1","max-image-preview":"max-image-preview:large","max-video-preview":"max-video-preview:-1"},"canonical":"https:\/\/www.voustensports.com\/de\/stone-island-pullover-mit-halbem-reissverschluss-lammwolle-dunkelblau-39463\/","og_locale":"de_DE","og_type":"article","og_title":"STONE ISLAND - PULLOVER MIT HALBEM REISSVERSCHLUSS LAMMWOLLE DUNKELBLAU (39463) - Vousten Sports","og_description":"PRODUKTDETAILS Strickpullover mit halbem Rei\u00dfverschluss, Stehkragen und Kn\u00f6pfen am Hals, glatt rechts gestrickten B\u00e4ndern und erhabenen N\u00e4hten. Spur 7. STIL Stehkragen aus Rippstrick, innen mit Filzband eingefasst. Verdeckter Rei\u00dfverschluss und Kragen mit vier Kn\u00f6pfen. Glatt rechts gestricktes Bandmotiv an den Schultern und am vorderen Armloch. Erh\u00f6hte N\u00e4hte an den Arml\u00f6chern. Stone Island-Abzeichen auf dem linken [...]","og_url":"https:\/\/www.voustensports.com\/de\/stone-island-pullover-mit-halbem-reissverschluss-lammwolle-dunkelblau-39463\/","og_site_name":"Vousten Sports","article_modified_time":"2026-02-05T11:18:39+00:00","og_image":[{"width":1365,"height":2048,"url":"https:\/\/www.voustensports.com\/wp-content\/uploads\/2023\/06\/HALF-ZIP-SWEATER-LAMBSWOOL-DARK-BLUE-39463-1.jpg","type":"image\/jpeg"}],"twitter_card":"summary_large_image","schema":{"@context":"https:\/\/schema.org","@graph":[{"@type":"WebPage","@id":"https:\/\/www.voustensports.com\/de\/stone-island-pullover-mit-halbem-reissverschluss-lammwolle-dunkelblau-39463\/","url":"https:\/\/www.voustensports.com\/de\/stone-island-pullover-mit-halbem-reissverschluss-lammwolle-dunkelblau-39463\/","name":"STONE ISLAND - PULLOVER MIT HALBEM REISSVERSCHLUSS LAMMWOLLE DUNKELBLAU (39463) - Vousten Sports","isPartOf":{"@id":"https:\/\/www.voustensports.com\/nl\/#website"},"primaryImageOfPage":{"@id":"https:\/\/www.voustensports.com\/de\/stone-island-pullover-mit-halbem-reissverschluss-lammwolle-dunkelblau-39463\/#primaryimage"},"image":{"@id":"https:\/\/www.voustensports.com\/de\/stone-island-pullover-mit-halbem-reissverschluss-lammwolle-dunkelblau-39463\/#primaryimage"},"thumbnailUrl":"https:\/\/www.voustensports.com\/wp-content\/uploads\/2023\/06\/HALF-ZIP-SWEATER-LAMBSWOOL-DARK-BLUE-39463-1.jpg","datePublished":"2024-08-23T19:10:10+00:00","dateModified":"2026-02-05T11:18:39+00:00","breadcrumb":{"@id":"https:\/\/www.voustensports.com\/de\/stone-island-pullover-mit-halbem-reissverschluss-lammwolle-dunkelblau-39463\/#breadcrumb"},"inLanguage":"de-DE","potentialAction":[{"@type":"ReadAction","target":["https:\/\/www.voustensports.com\/de\/stone-island-pullover-mit-halbem-reissverschluss-lammwolle-dunkelblau-39463\/"]}]},{"@type":"ImageObject","inLanguage":"de-DE","@id":"https:\/\/www.voustensports.com\/de\/stone-island-pullover-mit-halbem-reissverschluss-lammwolle-dunkelblau-39463\/#primaryimage","url":"https:\/\/www.voustensports.com\/wp-content\/uploads\/2023\/06\/HALF-ZIP-SWEATER-LAMBSWOOL-DARK-BLUE-39463-1.jpg","contentUrl":"https:\/\/www.voustensports.com\/wp-content\/uploads\/2023\/06\/HALF-ZIP-SWEATER-LAMBSWOOL-DARK-BLUE-39463-1.jpg","width":1365,"height":2048},{"@type":"BreadcrumbList","@id":"https:\/\/www.voustensports.com\/de\/stone-island-pullover-mit-halbem-reissverschluss-lammwolle-dunkelblau-39463\/#breadcrumb","itemListElement":[{"@type":"ListItem","position":1,"name":"Home","item":"https:\/\/www.voustensports.com\/de\/"},{"@type":"ListItem","position":2,"name":"Shop","item":"https:\/\/www.voustensports.com\/de\/shop\/"},{"@type":"ListItem","position":3,"name":"STONE ISLAND &#8211; PULLOVER MIT HALBEM REISSVERSCHLUSS LAMMWOLLE DUNKELBLAU (39463)"}]},{"@type":"WebSite","@id":"https:\/\/www.voustensports.com\/nl\/#website","url":"https:\/\/www.voustensports.com\/nl\/","name":"Vousten Sports","description":"","potentialAction":[{"@type":"SearchAction","target":{"@type":"EntryPoint","urlTemplate":"https:\/\/www.voustensports.com\/nl\/?s={search_term_string}"},"query-input":{"@type":"PropertyValueSpecification","valueRequired":true,"valueName":"search_term_string"}}],"inLanguage":"de-DE"}]}},"_links":{"self":[{"href":"https:\/\/www.voustensports.com\/de\/wp-json\/wp\/v2\/product\/182614","targetHints":{"allow":["GET"]}}],"collection":[{"href":"https:\/\/www.voustensports.com\/de\/wp-json\/wp\/v2\/product"}],"about":[{"href":"https:\/\/www.voustensports.com\/de\/wp-json\/wp\/v2\/types\/product"}],"replies":[{"embeddable":true,"href":"https:\/\/www.voustensports.com\/de\/wp-json\/wp\/v2\/comments?post=182614"}],"wp:featuredmedia":[{"embeddable":true,"href":"https:\/\/www.voustensports.com\/de\/wp-json\/wp\/v2\/media\/182598"}],"wp:attachment":[{"href":"https:\/\/www.voustensports.com\/de\/wp-json\/wp\/v2\/media?parent=182614"}],"wp:term":[{"taxonomy":"product_cat","embeddable":true,"href":"https:\/\/www.voustensports.com\/de\/wp-json\/wp\/v2\/product_cat?post=182614"},{"taxonomy":"product_tag","embeddable":true,"href":"https:\/\/www.voustensports.com\/de\/wp-json\/wp\/v2\/product_tag?post=182614"}],"curies":[{"name":"wp","href":"https:\/\/api.w.org\/{rel}","templated":true}]}}