{"id":182218,"date":"2024-08-17T14:50:06","date_gmt":"2024-08-17T12:50:06","guid":{"rendered":"https:\/\/www.voustensports.com\/stone-island-stuckgefarbtes-crinkle-reps-r-ny-taubengrau-38672\/"},"modified":"2026-02-05T12:10:03","modified_gmt":"2026-02-05T11:10:03","slug":"stone-island-stuckgefarbtes-crinkle-reps-r-ny-taubengrau-38672","status":"publish","type":"product","link":"https:\/\/www.voustensports.com\/de\/stone-island-stuckgefarbtes-crinkle-reps-r-ny-taubengrau-38672\/","title":{"rendered":"STONE ISLAND &#8211; ST\u00dcCKGEF\u00c4RBTES CRINKLE REPS R-NY TAUBENGRAU (38672)"},"content":{"rendered":"<p>PRODUKTDETAILS<br \/>\nGARMENT DYED CRINKLE REPS R-NY: Kapuzenjacke aus leichtem Rips aus 100 % recyceltem Nylon mit einer ultradichten Webkonstruktion. Die Harzbeschichtung der Innenseite macht es windabweisend und leicht wasserabweisend. Aufgrund der Harzbehandlung des Materials dringt die Farbe ungleichm\u00e4\u00dfig in das Material ein und verleiht der Oberfl\u00e4che einen Knittereffekt. Durch die Zugabe eines speziellen PFC-freien Wirkstoffs zur F\u00e4rbeformel ist das St\u00fcck tropfenfest.<\/p>\n<p>STIL<br \/>\nKapuze mit konturiertem Kordelzug.<br \/>\nDank des elastischen Details mit Druckknopf am oberen Rand l\u00e4sst es sich gut verpacken.<br \/>\nAn der Oberseite der Kapuze befindet sich ein elastisches Band mit Druckknopf, mit dem Sie die Kapuze aufrollen und am Hals befestigen k\u00f6nnen.<br \/>\nFrontaler Brustlappen.<br \/>\nNahttaschen mit Rei\u00dfverschluss.<br \/>\nStone Island-Abzeichen auf dem linken \u00c4rmel.<br \/>\nElastische B\u00fcndchen.<br \/>\nAm R\u00fccken, unter dem Ausschnitt, L\u00fcnette mit Innenfutter.<br \/>\nElastischer Kordelzug am unteren Saum.<br \/>\nNylon-Mesh-Futter.<br \/>\nZwei-Wege-Rei\u00dfverschluss.<\/p>\n<p>KOMPOSITION<br \/>\nAu\u00dfenstoff: 100 % Polyamid\/Nylon<br \/>\nBESCHICHTUNG: 100 % Polyurethanharz<br \/>\nSekund\u00e4rstoff: 100 % Polyamid\/Nylon<br \/>\nBESCHICHTUNG: 100 % Polyurethanharz<br \/>\nFutter: 100 % Polyamid\/Nylon<\/p>\n<p>Stone Island-Nummer: 40922<br \/>\nFarbnummer: V0092<br \/>\nID: 38672<\/p>\n","protected":false},"excerpt":{"rendered":"<p>PRODUKTDETAILS GARMENT DYED CRINKLE REPS R-NY: Kapuzenjacke aus leichtem Rips aus 100 % recyceltem Nylon mit einer ultradichten Webkonstruktion. Die Harzbeschichtung der Innenseite macht es windabweisend und leicht wasserabweisend. Aufgrund der Harzbehandlung des Materials dringt die Farbe ungleichm\u00e4\u00dfig in das Material ein und verleiht der Oberfl\u00e4che einen Knittereffekt. Durch die Zugabe eines speziellen PFC-freien Wirkstoffs [&#8230;]\n","protected":false},"featured_media":175081,"comment_status":"open","ping_status":"closed","template":"","meta":{"rank_math_lock_modified_date":false},"product_cat":[447,451,463,483,543,702,706],"product_tag":[],"class_list":{"0":"post-182218","1":"product","2":"type-product","3":"status-publish","4":"has-post-thumbnail","6":"product_cat-kleding-de","7":"product_cat-heren-de","8":"product_cat-vousten-sports-de-2","9":"product_cat-stone-island-de-2","10":"product_cat-jassen-de","11":"product_cat-jackets-de","12":"product_cat-jassen-jacks-de","14":"first","15":"outofstock","16":"taxable","17":"shipping-taxable","18":"purchasable","19":"product-type-variable"},"acf":[],"yoast_head":"<!-- This site is optimized with the Yoast SEO plugin v23.9 - https:\/\/yoast.com\/wordpress\/plugins\/seo\/ -->\n<title>STONE ISLAND - ST\u00dcCKGEF\u00c4RBTES CRINKLE REPS R-NY TAUBENGRAU (38672) - Vousten Sports<\/title>\n<meta name=\"robots\" content=\"index, follow, max-snippet:-1, max-image-preview:large, max-video-preview:-1\" \/>\n<link rel=\"canonical\" href=\"https:\/\/www.voustensports.com\/de\/stone-island-stuckgefarbtes-crinkle-reps-r-ny-taubengrau-38672\/\" \/>\n<meta property=\"og:locale\" content=\"de_DE\" \/>\n<meta property=\"og:type\" content=\"article\" \/>\n<meta property=\"og:title\" content=\"STONE ISLAND - ST\u00dcCKGEF\u00c4RBTES CRINKLE REPS R-NY TAUBENGRAU (38672) - Vousten Sports\" \/>\n<meta property=\"og:description\" content=\"PRODUKTDETAILS GARMENT DYED CRINKLE REPS R-NY: Kapuzenjacke aus leichtem Rips aus 100 % recyceltem Nylon mit einer ultradichten Webkonstruktion. Die Harzbeschichtung der Innenseite macht es windabweisend und leicht wasserabweisend. Aufgrund der Harzbehandlung des Materials dringt die Farbe ungleichm\u00e4\u00dfig in das Material ein und verleiht der Oberfl\u00e4che einen Knittereffekt. Durch die Zugabe eines speziellen PFC-freien Wirkstoffs [...]\" \/>\n<meta property=\"og:url\" content=\"https:\/\/www.voustensports.com\/de\/stone-island-stuckgefarbtes-crinkle-reps-r-ny-taubengrau-38672\/\" \/>\n<meta property=\"og:site_name\" content=\"Vousten Sports\" \/>\n<meta property=\"article:modified_time\" content=\"2026-02-05T11:10:03+00:00\" \/>\n<meta property=\"og:image\" content=\"https:\/\/www.voustensports.com\/wp-content\/uploads\/2023\/06\/GARMENT-DYED-CRINKLE-REPS-R-NY-DOVE-GRAY-38672-1.png\" \/>\n\t<meta property=\"og:image:width\" content=\"1365\" \/>\n\t<meta property=\"og:image:height\" content=\"2048\" \/>\n\t<meta property=\"og:image:type\" content=\"image\/png\" \/>\n<meta name=\"twitter:card\" content=\"summary_large_image\" \/>\n<meta name=\"twitter:label1\" content=\"Est. reading time\" \/>\n\t<meta name=\"twitter:data1\" content=\"1 Minute\" \/>\n<script type=\"application\/ld+json\" class=\"yoast-schema-graph\">{\"@context\":\"https:\/\/schema.org\",\"@graph\":[{\"@type\":\"WebPage\",\"@id\":\"https:\/\/www.voustensports.com\/de\/stone-island-stuckgefarbtes-crinkle-reps-r-ny-taubengrau-38672\/\",\"url\":\"https:\/\/www.voustensports.com\/de\/stone-island-stuckgefarbtes-crinkle-reps-r-ny-taubengrau-38672\/\",\"name\":\"STONE ISLAND - ST\u00dcCKGEF\u00c4RBTES CRINKLE REPS R-NY TAUBENGRAU (38672) - Vousten Sports\",\"isPartOf\":{\"@id\":\"https:\/\/www.voustensports.com\/nl\/#website\"},\"primaryImageOfPage\":{\"@id\":\"https:\/\/www.voustensports.com\/de\/stone-island-stuckgefarbtes-crinkle-reps-r-ny-taubengrau-38672\/#primaryimage\"},\"image\":{\"@id\":\"https:\/\/www.voustensports.com\/de\/stone-island-stuckgefarbtes-crinkle-reps-r-ny-taubengrau-38672\/#primaryimage\"},\"thumbnailUrl\":\"https:\/\/www.voustensports.com\/wp-content\/uploads\/2023\/06\/GARMENT-DYED-CRINKLE-REPS-R-NY-DOVE-GRAY-38672-1.png\",\"datePublished\":\"2024-08-17T12:50:06+00:00\",\"dateModified\":\"2026-02-05T11:10:03+00:00\",\"breadcrumb\":{\"@id\":\"https:\/\/www.voustensports.com\/de\/stone-island-stuckgefarbtes-crinkle-reps-r-ny-taubengrau-38672\/#breadcrumb\"},\"inLanguage\":\"de-DE\",\"potentialAction\":[{\"@type\":\"ReadAction\",\"target\":[\"https:\/\/www.voustensports.com\/de\/stone-island-stuckgefarbtes-crinkle-reps-r-ny-taubengrau-38672\/\"]}]},{\"@type\":\"ImageObject\",\"inLanguage\":\"de-DE\",\"@id\":\"https:\/\/www.voustensports.com\/de\/stone-island-stuckgefarbtes-crinkle-reps-r-ny-taubengrau-38672\/#primaryimage\",\"url\":\"https:\/\/www.voustensports.com\/wp-content\/uploads\/2023\/06\/GARMENT-DYED-CRINKLE-REPS-R-NY-DOVE-GRAY-38672-1.png\",\"contentUrl\":\"https:\/\/www.voustensports.com\/wp-content\/uploads\/2023\/06\/GARMENT-DYED-CRINKLE-REPS-R-NY-DOVE-GRAY-38672-1.png\",\"width\":1365,\"height\":2048},{\"@type\":\"BreadcrumbList\",\"@id\":\"https:\/\/www.voustensports.com\/de\/stone-island-stuckgefarbtes-crinkle-reps-r-ny-taubengrau-38672\/#breadcrumb\",\"itemListElement\":[{\"@type\":\"ListItem\",\"position\":1,\"name\":\"Home\",\"item\":\"https:\/\/www.voustensports.com\/de\/\"},{\"@type\":\"ListItem\",\"position\":2,\"name\":\"Shop\",\"item\":\"https:\/\/www.voustensports.com\/de\/shop\/\"},{\"@type\":\"ListItem\",\"position\":3,\"name\":\"STONE ISLAND &#8211; ST\u00dcCKGEF\u00c4RBTES CRINKLE REPS R-NY TAUBENGRAU (38672)\"}]},{\"@type\":\"WebSite\",\"@id\":\"https:\/\/www.voustensports.com\/nl\/#website\",\"url\":\"https:\/\/www.voustensports.com\/nl\/\",\"name\":\"Vousten Sports\",\"description\":\"\",\"potentialAction\":[{\"@type\":\"SearchAction\",\"target\":{\"@type\":\"EntryPoint\",\"urlTemplate\":\"https:\/\/www.voustensports.com\/nl\/?s={search_term_string}\"},\"query-input\":{\"@type\":\"PropertyValueSpecification\",\"valueRequired\":true,\"valueName\":\"search_term_string\"}}],\"inLanguage\":\"de-DE\"}]}<\/script>\n<!-- \/ Yoast SEO plugin. -->","yoast_head_json":{"title":"STONE ISLAND - ST\u00dcCKGEF\u00c4RBTES CRINKLE REPS R-NY TAUBENGRAU (38672) - Vousten Sports","robots":{"index":"index","follow":"follow","max-snippet":"max-snippet:-1","max-image-preview":"max-image-preview:large","max-video-preview":"max-video-preview:-1"},"canonical":"https:\/\/www.voustensports.com\/de\/stone-island-stuckgefarbtes-crinkle-reps-r-ny-taubengrau-38672\/","og_locale":"de_DE","og_type":"article","og_title":"STONE ISLAND - ST\u00dcCKGEF\u00c4RBTES CRINKLE REPS R-NY TAUBENGRAU (38672) - Vousten Sports","og_description":"PRODUKTDETAILS GARMENT DYED CRINKLE REPS R-NY: Kapuzenjacke aus leichtem Rips aus 100 % recyceltem Nylon mit einer ultradichten Webkonstruktion. Die Harzbeschichtung der Innenseite macht es windabweisend und leicht wasserabweisend. Aufgrund der Harzbehandlung des Materials dringt die Farbe ungleichm\u00e4\u00dfig in das Material ein und verleiht der Oberfl\u00e4che einen Knittereffekt. Durch die Zugabe eines speziellen PFC-freien Wirkstoffs [...]","og_url":"https:\/\/www.voustensports.com\/de\/stone-island-stuckgefarbtes-crinkle-reps-r-ny-taubengrau-38672\/","og_site_name":"Vousten Sports","article_modified_time":"2026-02-05T11:10:03+00:00","og_image":[{"width":1365,"height":2048,"url":"https:\/\/www.voustensports.com\/wp-content\/uploads\/2023\/06\/GARMENT-DYED-CRINKLE-REPS-R-NY-DOVE-GRAY-38672-1.png","type":"image\/png"}],"twitter_card":"summary_large_image","twitter_misc":{"Est. reading time":"1 Minute"},"schema":{"@context":"https:\/\/schema.org","@graph":[{"@type":"WebPage","@id":"https:\/\/www.voustensports.com\/de\/stone-island-stuckgefarbtes-crinkle-reps-r-ny-taubengrau-38672\/","url":"https:\/\/www.voustensports.com\/de\/stone-island-stuckgefarbtes-crinkle-reps-r-ny-taubengrau-38672\/","name":"STONE ISLAND - ST\u00dcCKGEF\u00c4RBTES CRINKLE REPS R-NY TAUBENGRAU (38672) - Vousten Sports","isPartOf":{"@id":"https:\/\/www.voustensports.com\/nl\/#website"},"primaryImageOfPage":{"@id":"https:\/\/www.voustensports.com\/de\/stone-island-stuckgefarbtes-crinkle-reps-r-ny-taubengrau-38672\/#primaryimage"},"image":{"@id":"https:\/\/www.voustensports.com\/de\/stone-island-stuckgefarbtes-crinkle-reps-r-ny-taubengrau-38672\/#primaryimage"},"thumbnailUrl":"https:\/\/www.voustensports.com\/wp-content\/uploads\/2023\/06\/GARMENT-DYED-CRINKLE-REPS-R-NY-DOVE-GRAY-38672-1.png","datePublished":"2024-08-17T12:50:06+00:00","dateModified":"2026-02-05T11:10:03+00:00","breadcrumb":{"@id":"https:\/\/www.voustensports.com\/de\/stone-island-stuckgefarbtes-crinkle-reps-r-ny-taubengrau-38672\/#breadcrumb"},"inLanguage":"de-DE","potentialAction":[{"@type":"ReadAction","target":["https:\/\/www.voustensports.com\/de\/stone-island-stuckgefarbtes-crinkle-reps-r-ny-taubengrau-38672\/"]}]},{"@type":"ImageObject","inLanguage":"de-DE","@id":"https:\/\/www.voustensports.com\/de\/stone-island-stuckgefarbtes-crinkle-reps-r-ny-taubengrau-38672\/#primaryimage","url":"https:\/\/www.voustensports.com\/wp-content\/uploads\/2023\/06\/GARMENT-DYED-CRINKLE-REPS-R-NY-DOVE-GRAY-38672-1.png","contentUrl":"https:\/\/www.voustensports.com\/wp-content\/uploads\/2023\/06\/GARMENT-DYED-CRINKLE-REPS-R-NY-DOVE-GRAY-38672-1.png","width":1365,"height":2048},{"@type":"BreadcrumbList","@id":"https:\/\/www.voustensports.com\/de\/stone-island-stuckgefarbtes-crinkle-reps-r-ny-taubengrau-38672\/#breadcrumb","itemListElement":[{"@type":"ListItem","position":1,"name":"Home","item":"https:\/\/www.voustensports.com\/de\/"},{"@type":"ListItem","position":2,"name":"Shop","item":"https:\/\/www.voustensports.com\/de\/shop\/"},{"@type":"ListItem","position":3,"name":"STONE ISLAND &#8211; ST\u00dcCKGEF\u00c4RBTES CRINKLE REPS R-NY TAUBENGRAU (38672)"}]},{"@type":"WebSite","@id":"https:\/\/www.voustensports.com\/nl\/#website","url":"https:\/\/www.voustensports.com\/nl\/","name":"Vousten Sports","description":"","potentialAction":[{"@type":"SearchAction","target":{"@type":"EntryPoint","urlTemplate":"https:\/\/www.voustensports.com\/nl\/?s={search_term_string}"},"query-input":{"@type":"PropertyValueSpecification","valueRequired":true,"valueName":"search_term_string"}}],"inLanguage":"de-DE"}]}},"_links":{"self":[{"href":"https:\/\/www.voustensports.com\/de\/wp-json\/wp\/v2\/product\/182218","targetHints":{"allow":["GET"]}}],"collection":[{"href":"https:\/\/www.voustensports.com\/de\/wp-json\/wp\/v2\/product"}],"about":[{"href":"https:\/\/www.voustensports.com\/de\/wp-json\/wp\/v2\/types\/product"}],"replies":[{"embeddable":true,"href":"https:\/\/www.voustensports.com\/de\/wp-json\/wp\/v2\/comments?post=182218"}],"wp:featuredmedia":[{"embeddable":true,"href":"https:\/\/www.voustensports.com\/de\/wp-json\/wp\/v2\/media\/175081"}],"wp:attachment":[{"href":"https:\/\/www.voustensports.com\/de\/wp-json\/wp\/v2\/media?parent=182218"}],"wp:term":[{"taxonomy":"product_cat","embeddable":true,"href":"https:\/\/www.voustensports.com\/de\/wp-json\/wp\/v2\/product_cat?post=182218"},{"taxonomy":"product_tag","embeddable":true,"href":"https:\/\/www.voustensports.com\/de\/wp-json\/wp\/v2\/product_tag?post=182218"}],"curies":[{"name":"wp","href":"https:\/\/api.w.org\/{rel}","templated":true}]}}