{"id":182122,"date":"2024-08-16T19:02:08","date_gmt":"2024-08-16T17:02:08","guid":{"rendered":"https:\/\/www.voustensports.com\/stone-island-cardigan-stretch-rws-wolle-dunkelblau-39473\/"},"modified":"2026-02-05T12:18:57","modified_gmt":"2026-02-05T11:18:57","slug":"stone-island-cardigan-stretch-rws-wolle-dunkelblau-39473","status":"publish","type":"product","link":"https:\/\/www.voustensports.com\/de\/stone-island-cardigan-stretch-rws-wolle-dunkelblau-39473\/","title":{"rendered":"STONE ISLAND &#8211; CARDIGAN STRETCH RWS WOLLE DUNKELBLAU (39473)"},"content":{"rendered":"<div>PRODUKTDETAILS<\/div>\n<div>Strickjacke aus RWS-zertifizierter Stretchwolle. Glatt rechts gestrickt. St\u00e4rke 12. Der Responsible Wool Standard (RWS) beschreibt und zertifiziert Tierschutz- und Landbewirtschaftungspraktiken bei der Wollproduktion und verfolgt das zertifizierte Material vom Bauernhof bis zum Endprodukt.<\/div>\n<div><\/div>\n<div>STIL<\/div>\n<div>Rippmuster am Stehkragen, an den Schultern, an den Arml\u00f6chern und an den Seiten. Stone Island-Abzeichen auf dem linken \u00c4rmel. Gerade B\u00fcndchen und Saum. Zwei-Wege-Rei\u00dfverschluss. Normale Passform.<\/div>\n<div><\/div>\n<div>ZUSAMMENSETZUNG<\/div>\n<div>88 % Schurwolle, 12 % Polyester<\/div>\n<div><\/div>\n<div>Stone Island-Nummer: 503A1<\/div>\n<div>Farbnummer: V0020<\/div>\n<div>ID: 39473<\/div>\n","protected":false},"excerpt":{"rendered":"<p>PRODUKTDETAILS Strickjacke aus RWS-zertifizierter Stretchwolle. Glatt rechts gestrickt. St\u00e4rke 12. Der Responsible Wool Standard (RWS) beschreibt und zertifiziert Tierschutz- und Landbewirtschaftungspraktiken bei der Wollproduktion und verfolgt das zertifizierte Material vom Bauernhof bis zum Endprodukt. STIL Rippmuster am Stehkragen, an den Schultern, an den Arml\u00f6chern und an den Seiten. Stone Island-Abzeichen auf dem linken \u00c4rmel. Gerade [&#8230;]\n","protected":false},"featured_media":182110,"comment_status":"open","ping_status":"closed","template":"","meta":{"rank_math_lock_modified_date":false},"product_cat":[447,451,463,483,539,676,695],"product_tag":[],"class_list":{"0":"post-182122","1":"product","2":"type-product","3":"status-publish","4":"has-post-thumbnail","6":"product_cat-kleding-de","7":"product_cat-heren-de","8":"product_cat-vousten-sports-de-2","9":"product_cat-stone-island-de-2","10":"product_cat-knitwear-de","11":"product_cat-westen-de","12":"product_cat-truien-vesten-de-2","14":"first","15":"outofstock","16":"taxable","17":"shipping-taxable","18":"purchasable","19":"product-type-variable"},"acf":[],"yoast_head":"<!-- This site is optimized with the Yoast SEO plugin v23.9 - https:\/\/yoast.com\/wordpress\/plugins\/seo\/ -->\n<title>STONE ISLAND - CARDIGAN STRETCH RWS WOLLE DUNKELBLAU (39473) - Vousten Sports<\/title>\n<meta name=\"robots\" content=\"index, follow, max-snippet:-1, max-image-preview:large, max-video-preview:-1\" \/>\n<link rel=\"canonical\" href=\"https:\/\/www.voustensports.com\/de\/stone-island-cardigan-stretch-rws-wolle-dunkelblau-39473\/\" \/>\n<meta property=\"og:locale\" content=\"de_DE\" \/>\n<meta property=\"og:type\" content=\"article\" \/>\n<meta property=\"og:title\" content=\"STONE ISLAND - CARDIGAN STRETCH RWS WOLLE DUNKELBLAU (39473) - Vousten Sports\" \/>\n<meta property=\"og:description\" content=\"PRODUKTDETAILS Strickjacke aus RWS-zertifizierter Stretchwolle. Glatt rechts gestrickt. St\u00e4rke 12. Der Responsible Wool Standard (RWS) beschreibt und zertifiziert Tierschutz- und Landbewirtschaftungspraktiken bei der Wollproduktion und verfolgt das zertifizierte Material vom Bauernhof bis zum Endprodukt. STIL Rippmuster am Stehkragen, an den Schultern, an den Arml\u00f6chern und an den Seiten. Stone Island-Abzeichen auf dem linken \u00c4rmel. Gerade [...]\" \/>\n<meta property=\"og:url\" content=\"https:\/\/www.voustensports.com\/de\/stone-island-cardigan-stretch-rws-wolle-dunkelblau-39473\/\" \/>\n<meta property=\"og:site_name\" content=\"Vousten Sports\" \/>\n<meta property=\"article:modified_time\" content=\"2026-02-05T11:18:57+00:00\" \/>\n<meta property=\"og:image\" content=\"https:\/\/www.voustensports.com\/wp-content\/uploads\/2023\/06\/VEST-STRETCH-RWS-WOL-DONKERBLAUW-39473-1.jpg\" \/>\n\t<meta property=\"og:image:width\" content=\"1365\" \/>\n\t<meta property=\"og:image:height\" content=\"2048\" \/>\n\t<meta property=\"og:image:type\" content=\"image\/jpeg\" \/>\n<meta name=\"twitter:card\" content=\"summary_large_image\" \/>\n<script type=\"application\/ld+json\" class=\"yoast-schema-graph\">{\"@context\":\"https:\/\/schema.org\",\"@graph\":[{\"@type\":\"WebPage\",\"@id\":\"https:\/\/www.voustensports.com\/de\/stone-island-cardigan-stretch-rws-wolle-dunkelblau-39473\/\",\"url\":\"https:\/\/www.voustensports.com\/de\/stone-island-cardigan-stretch-rws-wolle-dunkelblau-39473\/\",\"name\":\"STONE ISLAND - CARDIGAN STRETCH RWS WOLLE DUNKELBLAU (39473) - Vousten Sports\",\"isPartOf\":{\"@id\":\"https:\/\/www.voustensports.com\/nl\/#website\"},\"primaryImageOfPage\":{\"@id\":\"https:\/\/www.voustensports.com\/de\/stone-island-cardigan-stretch-rws-wolle-dunkelblau-39473\/#primaryimage\"},\"image\":{\"@id\":\"https:\/\/www.voustensports.com\/de\/stone-island-cardigan-stretch-rws-wolle-dunkelblau-39473\/#primaryimage\"},\"thumbnailUrl\":\"https:\/\/www.voustensports.com\/wp-content\/uploads\/2023\/06\/VEST-STRETCH-RWS-WOL-DONKERBLAUW-39473-1.jpg\",\"datePublished\":\"2024-08-16T17:02:08+00:00\",\"dateModified\":\"2026-02-05T11:18:57+00:00\",\"breadcrumb\":{\"@id\":\"https:\/\/www.voustensports.com\/de\/stone-island-cardigan-stretch-rws-wolle-dunkelblau-39473\/#breadcrumb\"},\"inLanguage\":\"de-DE\",\"potentialAction\":[{\"@type\":\"ReadAction\",\"target\":[\"https:\/\/www.voustensports.com\/de\/stone-island-cardigan-stretch-rws-wolle-dunkelblau-39473\/\"]}]},{\"@type\":\"ImageObject\",\"inLanguage\":\"de-DE\",\"@id\":\"https:\/\/www.voustensports.com\/de\/stone-island-cardigan-stretch-rws-wolle-dunkelblau-39473\/#primaryimage\",\"url\":\"https:\/\/www.voustensports.com\/wp-content\/uploads\/2023\/06\/VEST-STRETCH-RWS-WOL-DONKERBLAUW-39473-1.jpg\",\"contentUrl\":\"https:\/\/www.voustensports.com\/wp-content\/uploads\/2023\/06\/VEST-STRETCH-RWS-WOL-DONKERBLAUW-39473-1.jpg\",\"width\":1365,\"height\":2048},{\"@type\":\"BreadcrumbList\",\"@id\":\"https:\/\/www.voustensports.com\/de\/stone-island-cardigan-stretch-rws-wolle-dunkelblau-39473\/#breadcrumb\",\"itemListElement\":[{\"@type\":\"ListItem\",\"position\":1,\"name\":\"Home\",\"item\":\"https:\/\/www.voustensports.com\/de\/\"},{\"@type\":\"ListItem\",\"position\":2,\"name\":\"Shop\",\"item\":\"https:\/\/www.voustensports.com\/de\/shop\/\"},{\"@type\":\"ListItem\",\"position\":3,\"name\":\"STONE ISLAND &#8211; CARDIGAN STRETCH RWS WOLLE DUNKELBLAU (39473)\"}]},{\"@type\":\"WebSite\",\"@id\":\"https:\/\/www.voustensports.com\/nl\/#website\",\"url\":\"https:\/\/www.voustensports.com\/nl\/\",\"name\":\"Vousten Sports\",\"description\":\"\",\"potentialAction\":[{\"@type\":\"SearchAction\",\"target\":{\"@type\":\"EntryPoint\",\"urlTemplate\":\"https:\/\/www.voustensports.com\/nl\/?s={search_term_string}\"},\"query-input\":{\"@type\":\"PropertyValueSpecification\",\"valueRequired\":true,\"valueName\":\"search_term_string\"}}],\"inLanguage\":\"de-DE\"}]}<\/script>\n<!-- \/ Yoast SEO plugin. -->","yoast_head_json":{"title":"STONE ISLAND - CARDIGAN STRETCH RWS WOLLE DUNKELBLAU (39473) - Vousten Sports","robots":{"index":"index","follow":"follow","max-snippet":"max-snippet:-1","max-image-preview":"max-image-preview:large","max-video-preview":"max-video-preview:-1"},"canonical":"https:\/\/www.voustensports.com\/de\/stone-island-cardigan-stretch-rws-wolle-dunkelblau-39473\/","og_locale":"de_DE","og_type":"article","og_title":"STONE ISLAND - CARDIGAN STRETCH RWS WOLLE DUNKELBLAU (39473) - Vousten Sports","og_description":"PRODUKTDETAILS Strickjacke aus RWS-zertifizierter Stretchwolle. Glatt rechts gestrickt. St\u00e4rke 12. Der Responsible Wool Standard (RWS) beschreibt und zertifiziert Tierschutz- und Landbewirtschaftungspraktiken bei der Wollproduktion und verfolgt das zertifizierte Material vom Bauernhof bis zum Endprodukt. STIL Rippmuster am Stehkragen, an den Schultern, an den Arml\u00f6chern und an den Seiten. Stone Island-Abzeichen auf dem linken \u00c4rmel. Gerade [...]","og_url":"https:\/\/www.voustensports.com\/de\/stone-island-cardigan-stretch-rws-wolle-dunkelblau-39473\/","og_site_name":"Vousten Sports","article_modified_time":"2026-02-05T11:18:57+00:00","og_image":[{"width":1365,"height":2048,"url":"https:\/\/www.voustensports.com\/wp-content\/uploads\/2023\/06\/VEST-STRETCH-RWS-WOL-DONKERBLAUW-39473-1.jpg","type":"image\/jpeg"}],"twitter_card":"summary_large_image","schema":{"@context":"https:\/\/schema.org","@graph":[{"@type":"WebPage","@id":"https:\/\/www.voustensports.com\/de\/stone-island-cardigan-stretch-rws-wolle-dunkelblau-39473\/","url":"https:\/\/www.voustensports.com\/de\/stone-island-cardigan-stretch-rws-wolle-dunkelblau-39473\/","name":"STONE ISLAND - CARDIGAN STRETCH RWS WOLLE DUNKELBLAU (39473) - Vousten Sports","isPartOf":{"@id":"https:\/\/www.voustensports.com\/nl\/#website"},"primaryImageOfPage":{"@id":"https:\/\/www.voustensports.com\/de\/stone-island-cardigan-stretch-rws-wolle-dunkelblau-39473\/#primaryimage"},"image":{"@id":"https:\/\/www.voustensports.com\/de\/stone-island-cardigan-stretch-rws-wolle-dunkelblau-39473\/#primaryimage"},"thumbnailUrl":"https:\/\/www.voustensports.com\/wp-content\/uploads\/2023\/06\/VEST-STRETCH-RWS-WOL-DONKERBLAUW-39473-1.jpg","datePublished":"2024-08-16T17:02:08+00:00","dateModified":"2026-02-05T11:18:57+00:00","breadcrumb":{"@id":"https:\/\/www.voustensports.com\/de\/stone-island-cardigan-stretch-rws-wolle-dunkelblau-39473\/#breadcrumb"},"inLanguage":"de-DE","potentialAction":[{"@type":"ReadAction","target":["https:\/\/www.voustensports.com\/de\/stone-island-cardigan-stretch-rws-wolle-dunkelblau-39473\/"]}]},{"@type":"ImageObject","inLanguage":"de-DE","@id":"https:\/\/www.voustensports.com\/de\/stone-island-cardigan-stretch-rws-wolle-dunkelblau-39473\/#primaryimage","url":"https:\/\/www.voustensports.com\/wp-content\/uploads\/2023\/06\/VEST-STRETCH-RWS-WOL-DONKERBLAUW-39473-1.jpg","contentUrl":"https:\/\/www.voustensports.com\/wp-content\/uploads\/2023\/06\/VEST-STRETCH-RWS-WOL-DONKERBLAUW-39473-1.jpg","width":1365,"height":2048},{"@type":"BreadcrumbList","@id":"https:\/\/www.voustensports.com\/de\/stone-island-cardigan-stretch-rws-wolle-dunkelblau-39473\/#breadcrumb","itemListElement":[{"@type":"ListItem","position":1,"name":"Home","item":"https:\/\/www.voustensports.com\/de\/"},{"@type":"ListItem","position":2,"name":"Shop","item":"https:\/\/www.voustensports.com\/de\/shop\/"},{"@type":"ListItem","position":3,"name":"STONE ISLAND &#8211; CARDIGAN STRETCH RWS WOLLE DUNKELBLAU (39473)"}]},{"@type":"WebSite","@id":"https:\/\/www.voustensports.com\/nl\/#website","url":"https:\/\/www.voustensports.com\/nl\/","name":"Vousten Sports","description":"","potentialAction":[{"@type":"SearchAction","target":{"@type":"EntryPoint","urlTemplate":"https:\/\/www.voustensports.com\/nl\/?s={search_term_string}"},"query-input":{"@type":"PropertyValueSpecification","valueRequired":true,"valueName":"search_term_string"}}],"inLanguage":"de-DE"}]}},"_links":{"self":[{"href":"https:\/\/www.voustensports.com\/de\/wp-json\/wp\/v2\/product\/182122","targetHints":{"allow":["GET"]}}],"collection":[{"href":"https:\/\/www.voustensports.com\/de\/wp-json\/wp\/v2\/product"}],"about":[{"href":"https:\/\/www.voustensports.com\/de\/wp-json\/wp\/v2\/types\/product"}],"replies":[{"embeddable":true,"href":"https:\/\/www.voustensports.com\/de\/wp-json\/wp\/v2\/comments?post=182122"}],"wp:featuredmedia":[{"embeddable":true,"href":"https:\/\/www.voustensports.com\/de\/wp-json\/wp\/v2\/media\/182110"}],"wp:attachment":[{"href":"https:\/\/www.voustensports.com\/de\/wp-json\/wp\/v2\/media?parent=182122"}],"wp:term":[{"taxonomy":"product_cat","embeddable":true,"href":"https:\/\/www.voustensports.com\/de\/wp-json\/wp\/v2\/product_cat?post=182122"},{"taxonomy":"product_tag","embeddable":true,"href":"https:\/\/www.voustensports.com\/de\/wp-json\/wp\/v2\/product_tag?post=182122"}],"curies":[{"name":"wp","href":"https:\/\/api.w.org\/{rel}","templated":true}]}}