{"id":181326,"date":"2024-08-13T12:46:06","date_gmt":"2024-08-13T10:46:06","guid":{"rendered":"https:\/\/www.voustensports.com\/flaneur-avenue-sneaker-schwarz-weis-39375\/"},"modified":"2026-04-21T03:21:06","modified_gmt":"2026-04-21T01:21:06","slug":"flaneur-avenue-sneaker-schwarz-weis-39375","status":"publish","type":"product","link":"https:\/\/www.voustensports.com\/de\/flaneur-avenue-sneaker-schwarz-weis-39375\/","title":{"rendered":"FL\u00c2NEUR &#8211; Avenue Sneaker schwarz\/wei\u00df (39375)"},"content":{"rendered":"<div>Der Avenue Sneaker in Schwarz\/Wei\u00df vereint einen robusten und raffinierten Look. Das in Italien fachm\u00e4nnisch gefertigte Modell zeichnet sich durch ein farblich abgestimmtes Design aus technischem Mesh, Kalbsleder und Wildleder aus. Der Sneaker eignet sich perfekt f\u00fcr Spazierg\u00e4nge durch die Stadt und verf\u00fcgt \u00fcber eine gepolsterte Krempe und dicke Schn\u00fcrsenkel. Er ist in verschiedenen Farben erh\u00e4ltlich.<\/div>\n<ul>\n<li>Gr\u00f6\u00dfe: F\u00e4llt der Gr\u00f6\u00dfe entsprechend aus<\/li>\n<li>Zusammensetzung: Kalbsleder, Wildleder und Mesh-Spitze, ma\u00dfgeschneiderte Gummi-Au\u00dfensohle, Kalbsleder-Innensohle, Baumwollfutter und Schn\u00fcrsenkel<\/li>\n<li>Interne Fersenkappe f\u00fcr verbesserte Stabilit\u00e4t<\/li>\n<li>Nachhaltig bezogene Materialien<\/li>\n<li>Schuhkarton aus recyceltem und recycelbarem Kartonpapier<\/li>\n<li>Hergestellt in Italien<\/li>\n<\/ul>\n","protected":false},"excerpt":{"rendered":"<p>Der Avenue Sneaker in Schwarz\/Wei\u00df vereint einen robusten und raffinierten Look. Das in Italien fachm\u00e4nnisch gefertigte Modell zeichnet sich durch ein farblich abgestimmtes Design aus technischem Mesh, Kalbsleder und Wildleder aus. Der Sneaker eignet sich perfekt f\u00fcr Spazierg\u00e4nge durch die Stadt und verf\u00fcgt \u00fcber eine gepolsterte Krempe und dicke Schn\u00fcrsenkel. Er ist in verschiedenen Farben [&#8230;]\n","protected":false},"featured_media":181310,"comment_status":"open","ping_status":"closed","template":"","meta":{"rank_math_lock_modified_date":false},"product_cat":[451,463,523,527,531,913,917],"product_tag":[],"class_list":{"0":"post-181326","1":"product","2":"type-product","3":"status-publish","4":"has-post-thumbnail","6":"product_cat-heren-de","7":"product_cat-vousten-sports-de-2","8":"product_cat-schoenen-de-2","9":"product_cat-sneakers-de-2","10":"product_cat-herenschoenen-de","11":"product_cat-flaneur-de","12":"product_cat-veterschoenen-de","14":"first","15":"instock","16":"taxable","17":"shipping-taxable","18":"purchasable","19":"product-type-variable"},"acf":[],"yoast_head":"<!-- This site is optimized with the Yoast SEO plugin v23.9 - https:\/\/yoast.com\/wordpress\/plugins\/seo\/ -->\n<title>FL\u00c2NEUR - Avenue Sneaker schwarz\/wei\u00df (39375) - Vousten Sports<\/title>\n<meta name=\"robots\" content=\"index, follow, max-snippet:-1, max-image-preview:large, max-video-preview:-1\" \/>\n<link rel=\"canonical\" href=\"https:\/\/www.voustensports.com\/de\/flaneur-avenue-sneaker-schwarz-weis-39375\/\" \/>\n<meta property=\"og:locale\" content=\"de_DE\" \/>\n<meta property=\"og:type\" content=\"article\" \/>\n<meta property=\"og:title\" content=\"FL\u00c2NEUR - Avenue Sneaker schwarz\/wei\u00df (39375) - Vousten Sports\" \/>\n<meta property=\"og:description\" content=\"Der Avenue Sneaker in Schwarz\/Wei\u00df vereint einen robusten und raffinierten Look. Das in Italien fachm\u00e4nnisch gefertigte Modell zeichnet sich durch ein farblich abgestimmtes Design aus technischem Mesh, Kalbsleder und Wildleder aus. Der Sneaker eignet sich perfekt f\u00fcr Spazierg\u00e4nge durch die Stadt und verf\u00fcgt \u00fcber eine gepolsterte Krempe und dicke Schn\u00fcrsenkel. Er ist in verschiedenen Farben [...]\" \/>\n<meta property=\"og:url\" content=\"https:\/\/www.voustensports.com\/de\/flaneur-avenue-sneaker-schwarz-weis-39375\/\" \/>\n<meta property=\"og:site_name\" content=\"Vousten Sports\" \/>\n<meta property=\"article:modified_time\" content=\"2026-04-21T01:21:06+00:00\" \/>\n<meta property=\"og:image\" content=\"https:\/\/www.voustensports.com\/wp-content\/uploads\/2023\/06\/FLANEUR-Avenue-Sneaker-zwartwit-39375.png\" \/>\n\t<meta property=\"og:image:width\" content=\"713\" \/>\n\t<meta property=\"og:image:height\" content=\"713\" \/>\n\t<meta property=\"og:image:type\" content=\"image\/png\" \/>\n<meta name=\"twitter:card\" content=\"summary_large_image\" \/>\n<meta name=\"twitter:label1\" content=\"Est. reading time\" \/>\n\t<meta name=\"twitter:data1\" content=\"1 Minute\" \/>\n<script type=\"application\/ld+json\" class=\"yoast-schema-graph\">{\"@context\":\"https:\/\/schema.org\",\"@graph\":[{\"@type\":\"WebPage\",\"@id\":\"https:\/\/www.voustensports.com\/de\/flaneur-avenue-sneaker-schwarz-weis-39375\/\",\"url\":\"https:\/\/www.voustensports.com\/de\/flaneur-avenue-sneaker-schwarz-weis-39375\/\",\"name\":\"FL\u00c2NEUR - Avenue Sneaker schwarz\/wei\u00df (39375) - Vousten Sports\",\"isPartOf\":{\"@id\":\"https:\/\/www.voustensports.com\/nl\/#website\"},\"primaryImageOfPage\":{\"@id\":\"https:\/\/www.voustensports.com\/de\/flaneur-avenue-sneaker-schwarz-weis-39375\/#primaryimage\"},\"image\":{\"@id\":\"https:\/\/www.voustensports.com\/de\/flaneur-avenue-sneaker-schwarz-weis-39375\/#primaryimage\"},\"thumbnailUrl\":\"https:\/\/www.voustensports.com\/wp-content\/uploads\/2023\/06\/FLANEUR-Avenue-Sneaker-zwartwit-39375.png\",\"datePublished\":\"2024-08-13T10:46:06+00:00\",\"dateModified\":\"2026-04-21T01:21:06+00:00\",\"breadcrumb\":{\"@id\":\"https:\/\/www.voustensports.com\/de\/flaneur-avenue-sneaker-schwarz-weis-39375\/#breadcrumb\"},\"inLanguage\":\"de-DE\",\"potentialAction\":[{\"@type\":\"ReadAction\",\"target\":[\"https:\/\/www.voustensports.com\/de\/flaneur-avenue-sneaker-schwarz-weis-39375\/\"]}]},{\"@type\":\"ImageObject\",\"inLanguage\":\"de-DE\",\"@id\":\"https:\/\/www.voustensports.com\/de\/flaneur-avenue-sneaker-schwarz-weis-39375\/#primaryimage\",\"url\":\"https:\/\/www.voustensports.com\/wp-content\/uploads\/2023\/06\/FLANEUR-Avenue-Sneaker-zwartwit-39375.png\",\"contentUrl\":\"https:\/\/www.voustensports.com\/wp-content\/uploads\/2023\/06\/FLANEUR-Avenue-Sneaker-zwartwit-39375.png\",\"width\":713,\"height\":713},{\"@type\":\"BreadcrumbList\",\"@id\":\"https:\/\/www.voustensports.com\/de\/flaneur-avenue-sneaker-schwarz-weis-39375\/#breadcrumb\",\"itemListElement\":[{\"@type\":\"ListItem\",\"position\":1,\"name\":\"Home\",\"item\":\"https:\/\/www.voustensports.com\/de\/\"},{\"@type\":\"ListItem\",\"position\":2,\"name\":\"Shop\",\"item\":\"https:\/\/www.voustensports.com\/de\/shop\/\"},{\"@type\":\"ListItem\",\"position\":3,\"name\":\"FL\u00c2NEUR &#8211; Avenue Sneaker schwarz\/wei\u00df (39375)\"}]},{\"@type\":\"WebSite\",\"@id\":\"https:\/\/www.voustensports.com\/nl\/#website\",\"url\":\"https:\/\/www.voustensports.com\/nl\/\",\"name\":\"Vousten Sports\",\"description\":\"\",\"potentialAction\":[{\"@type\":\"SearchAction\",\"target\":{\"@type\":\"EntryPoint\",\"urlTemplate\":\"https:\/\/www.voustensports.com\/nl\/?s={search_term_string}\"},\"query-input\":{\"@type\":\"PropertyValueSpecification\",\"valueRequired\":true,\"valueName\":\"search_term_string\"}}],\"inLanguage\":\"de-DE\"}]}<\/script>\n<!-- \/ Yoast SEO plugin. -->","yoast_head_json":{"title":"FL\u00c2NEUR - Avenue Sneaker schwarz\/wei\u00df (39375) - Vousten Sports","robots":{"index":"index","follow":"follow","max-snippet":"max-snippet:-1","max-image-preview":"max-image-preview:large","max-video-preview":"max-video-preview:-1"},"canonical":"https:\/\/www.voustensports.com\/de\/flaneur-avenue-sneaker-schwarz-weis-39375\/","og_locale":"de_DE","og_type":"article","og_title":"FL\u00c2NEUR - Avenue Sneaker schwarz\/wei\u00df (39375) - Vousten Sports","og_description":"Der Avenue Sneaker in Schwarz\/Wei\u00df vereint einen robusten und raffinierten Look. Das in Italien fachm\u00e4nnisch gefertigte Modell zeichnet sich durch ein farblich abgestimmtes Design aus technischem Mesh, Kalbsleder und Wildleder aus. Der Sneaker eignet sich perfekt f\u00fcr Spazierg\u00e4nge durch die Stadt und verf\u00fcgt \u00fcber eine gepolsterte Krempe und dicke Schn\u00fcrsenkel. Er ist in verschiedenen Farben [...]","og_url":"https:\/\/www.voustensports.com\/de\/flaneur-avenue-sneaker-schwarz-weis-39375\/","og_site_name":"Vousten Sports","article_modified_time":"2026-04-21T01:21:06+00:00","og_image":[{"width":713,"height":713,"url":"https:\/\/www.voustensports.com\/wp-content\/uploads\/2023\/06\/FLANEUR-Avenue-Sneaker-zwartwit-39375.png","type":"image\/png"}],"twitter_card":"summary_large_image","twitter_misc":{"Est. reading time":"1 Minute"},"schema":{"@context":"https:\/\/schema.org","@graph":[{"@type":"WebPage","@id":"https:\/\/www.voustensports.com\/de\/flaneur-avenue-sneaker-schwarz-weis-39375\/","url":"https:\/\/www.voustensports.com\/de\/flaneur-avenue-sneaker-schwarz-weis-39375\/","name":"FL\u00c2NEUR - Avenue Sneaker schwarz\/wei\u00df (39375) - Vousten Sports","isPartOf":{"@id":"https:\/\/www.voustensports.com\/nl\/#website"},"primaryImageOfPage":{"@id":"https:\/\/www.voustensports.com\/de\/flaneur-avenue-sneaker-schwarz-weis-39375\/#primaryimage"},"image":{"@id":"https:\/\/www.voustensports.com\/de\/flaneur-avenue-sneaker-schwarz-weis-39375\/#primaryimage"},"thumbnailUrl":"https:\/\/www.voustensports.com\/wp-content\/uploads\/2023\/06\/FLANEUR-Avenue-Sneaker-zwartwit-39375.png","datePublished":"2024-08-13T10:46:06+00:00","dateModified":"2026-04-21T01:21:06+00:00","breadcrumb":{"@id":"https:\/\/www.voustensports.com\/de\/flaneur-avenue-sneaker-schwarz-weis-39375\/#breadcrumb"},"inLanguage":"de-DE","potentialAction":[{"@type":"ReadAction","target":["https:\/\/www.voustensports.com\/de\/flaneur-avenue-sneaker-schwarz-weis-39375\/"]}]},{"@type":"ImageObject","inLanguage":"de-DE","@id":"https:\/\/www.voustensports.com\/de\/flaneur-avenue-sneaker-schwarz-weis-39375\/#primaryimage","url":"https:\/\/www.voustensports.com\/wp-content\/uploads\/2023\/06\/FLANEUR-Avenue-Sneaker-zwartwit-39375.png","contentUrl":"https:\/\/www.voustensports.com\/wp-content\/uploads\/2023\/06\/FLANEUR-Avenue-Sneaker-zwartwit-39375.png","width":713,"height":713},{"@type":"BreadcrumbList","@id":"https:\/\/www.voustensports.com\/de\/flaneur-avenue-sneaker-schwarz-weis-39375\/#breadcrumb","itemListElement":[{"@type":"ListItem","position":1,"name":"Home","item":"https:\/\/www.voustensports.com\/de\/"},{"@type":"ListItem","position":2,"name":"Shop","item":"https:\/\/www.voustensports.com\/de\/shop\/"},{"@type":"ListItem","position":3,"name":"FL\u00c2NEUR &#8211; Avenue Sneaker schwarz\/wei\u00df (39375)"}]},{"@type":"WebSite","@id":"https:\/\/www.voustensports.com\/nl\/#website","url":"https:\/\/www.voustensports.com\/nl\/","name":"Vousten Sports","description":"","potentialAction":[{"@type":"SearchAction","target":{"@type":"EntryPoint","urlTemplate":"https:\/\/www.voustensports.com\/nl\/?s={search_term_string}"},"query-input":{"@type":"PropertyValueSpecification","valueRequired":true,"valueName":"search_term_string"}}],"inLanguage":"de-DE"}]}},"_links":{"self":[{"href":"https:\/\/www.voustensports.com\/de\/wp-json\/wp\/v2\/product\/181326","targetHints":{"allow":["GET"]}}],"collection":[{"href":"https:\/\/www.voustensports.com\/de\/wp-json\/wp\/v2\/product"}],"about":[{"href":"https:\/\/www.voustensports.com\/de\/wp-json\/wp\/v2\/types\/product"}],"replies":[{"embeddable":true,"href":"https:\/\/www.voustensports.com\/de\/wp-json\/wp\/v2\/comments?post=181326"}],"wp:featuredmedia":[{"embeddable":true,"href":"https:\/\/www.voustensports.com\/de\/wp-json\/wp\/v2\/media\/181310"}],"wp:attachment":[{"href":"https:\/\/www.voustensports.com\/de\/wp-json\/wp\/v2\/media?parent=181326"}],"wp:term":[{"taxonomy":"product_cat","embeddable":true,"href":"https:\/\/www.voustensports.com\/de\/wp-json\/wp\/v2\/product_cat?post=181326"},{"taxonomy":"product_tag","embeddable":true,"href":"https:\/\/www.voustensports.com\/de\/wp-json\/wp\/v2\/product_tag?post=181326"}],"curies":[{"name":"wp","href":"https:\/\/api.w.org\/{rel}","templated":true}]}}