{"id":181083,"date":"2024-08-08T14:02:16","date_gmt":"2024-08-08T12:02:17","guid":{"rendered":"https:\/\/www.voustensports.com\/hogan-sneaker-h-stripes-weis-39673\/"},"modified":"2026-02-05T12:21:34","modified_gmt":"2026-02-05T11:21:34","slug":"hogan-sneaker-h-stripes-weis-39673","status":"publish","type":"product","link":"https:\/\/www.voustensports.com\/de\/hogan-sneaker-h-stripes-weis-39673\/","title":{"rendered":"HOGAN &#8211; Sneaker H-Stripes wei\u00df (39673)"},"content":{"rendered":"<p>Der H-Stripes ist ein neuer Stil mit sportlichen und vielseitigen Linien und verf\u00fcgt \u00fcber eine extraleichte Au\u00dfensohle mit vertikalen Streifen und Wellen auf der Lauffl\u00e4che. Das Obermaterial mit kompaktem und ausgewogenem Design zeichnet sich durch ein H aus, das sich \u00fcber die Seite erstreckt. Der obere Besatz mit N\u00e4hten auf dem R\u00fcckenpatch ist weich gepolstert. Diese Sneakers sind aus Nappaleder gefertigt und verf\u00fcgen \u00fcber eine Memory-Schaum-Innensohle, die eine bequeme D\u00e4mpfung garantiert.<\/p>\n<ul>\n<li>Hogan H-Stripes-Sneaker f\u00fcr Herren<\/li>\n<li>Farbe Wei\u00df mit dunkelblauen Details<\/li>\n<li>Hergestellt in Italien<\/li>\n<li>Obermaterial aus Nappaleder<\/li>\n<li>Seite H<\/li>\n<li>Memory-Schaum-Einlegesohle 8 mm<\/li>\n<li>EVA-Au\u00dfensohle<\/li>\n<li>Gesamtsohlenh\u00f6he 4,8 cm<\/li>\n<li>Wartungs- und Pflegekarten inklusive<\/li>\n<li>Staubbeutel aus Stoff im Lieferumfang enthalten<\/li>\n<li>Zus\u00e4tzliche wei\u00dfe Schn\u00fcrsenkel im Lieferumfang enthalten<\/li>\n<\/ul>\n","protected":false},"excerpt":{"rendered":"<p>Der H-Stripes ist ein neuer Stil mit sportlichen und vielseitigen Linien und verf\u00fcgt \u00fcber eine extraleichte Au\u00dfensohle mit vertikalen Streifen und Wellen auf der Lauffl\u00e4che. Das Obermaterial mit kompaktem und ausgewogenem Design zeichnet sich durch ein H aus, das sich \u00fcber die Seite erstreckt. Der obere Besatz mit N\u00e4hten auf dem R\u00fcckenpatch ist weich gepolstert. [&#8230;]\n","protected":false},"featured_media":193802,"comment_status":"open","ping_status":"closed","template":"","meta":{"rank_math_lock_modified_date":false},"product_cat":[451,463,519,523,527,531],"product_tag":[],"class_list":{"0":"post-181083","1":"product","2":"type-product","3":"status-publish","4":"has-post-thumbnail","6":"product_cat-heren-de","7":"product_cat-vousten-sports-de-2","8":"product_cat-hogan-de","9":"product_cat-schoenen-de-2","10":"product_cat-sneakers-de-2","11":"product_cat-herenschoenen-de","13":"first","14":"instock","15":"taxable","16":"shipping-taxable","17":"purchasable","18":"product-type-variable"},"acf":[],"yoast_head":"<!-- This site is optimized with the Yoast SEO plugin v23.9 - https:\/\/yoast.com\/wordpress\/plugins\/seo\/ -->\n<title>HOGAN - Sneaker H-Stripes wei\u00df (39673) - Vousten Sports<\/title>\n<meta name=\"robots\" content=\"index, follow, max-snippet:-1, max-image-preview:large, max-video-preview:-1\" \/>\n<link rel=\"canonical\" href=\"https:\/\/www.voustensports.com\/de\/hogan-sneaker-h-stripes-weis-39673\/\" \/>\n<meta property=\"og:locale\" content=\"de_DE\" \/>\n<meta property=\"og:type\" content=\"article\" \/>\n<meta property=\"og:title\" content=\"HOGAN - Sneaker H-Stripes wei\u00df (39673) - Vousten Sports\" \/>\n<meta property=\"og:description\" content=\"Der H-Stripes ist ein neuer Stil mit sportlichen und vielseitigen Linien und verf\u00fcgt \u00fcber eine extraleichte Au\u00dfensohle mit vertikalen Streifen und Wellen auf der Lauffl\u00e4che. Das Obermaterial mit kompaktem und ausgewogenem Design zeichnet sich durch ein H aus, das sich \u00fcber die Seite erstreckt. Der obere Besatz mit N\u00e4hten auf dem R\u00fcckenpatch ist weich gepolstert. [...]\" \/>\n<meta property=\"og:url\" content=\"https:\/\/www.voustensports.com\/de\/hogan-sneaker-h-stripes-weis-39673\/\" \/>\n<meta property=\"og:site_name\" content=\"Vousten Sports\" \/>\n<meta property=\"article:modified_time\" content=\"2026-02-05T11:21:34+00:00\" \/>\n<meta property=\"og:image\" content=\"https:\/\/www.voustensports.com\/wp-content\/uploads\/2023\/06\/HOGAN-Sneaker-H-Stripes-wit-39673.png\" \/>\n\t<meta property=\"og:image:width\" content=\"1557\" \/>\n\t<meta property=\"og:image:height\" content=\"1557\" \/>\n\t<meta property=\"og:image:type\" content=\"image\/png\" \/>\n<meta name=\"twitter:card\" content=\"summary_large_image\" \/>\n<meta name=\"twitter:label1\" content=\"Est. reading time\" \/>\n\t<meta name=\"twitter:data1\" content=\"1 Minute\" \/>\n<script type=\"application\/ld+json\" class=\"yoast-schema-graph\">{\"@context\":\"https:\/\/schema.org\",\"@graph\":[{\"@type\":\"WebPage\",\"@id\":\"https:\/\/www.voustensports.com\/de\/hogan-sneaker-h-stripes-weis-39673\/\",\"url\":\"https:\/\/www.voustensports.com\/de\/hogan-sneaker-h-stripes-weis-39673\/\",\"name\":\"HOGAN - Sneaker H-Stripes wei\u00df (39673) - Vousten Sports\",\"isPartOf\":{\"@id\":\"https:\/\/www.voustensports.com\/nl\/#website\"},\"primaryImageOfPage\":{\"@id\":\"https:\/\/www.voustensports.com\/de\/hogan-sneaker-h-stripes-weis-39673\/#primaryimage\"},\"image\":{\"@id\":\"https:\/\/www.voustensports.com\/de\/hogan-sneaker-h-stripes-weis-39673\/#primaryimage\"},\"thumbnailUrl\":\"https:\/\/www.voustensports.com\/wp-content\/uploads\/2023\/06\/HOGAN-Sneaker-H-Stripes-wit-39673.jpg\",\"datePublished\":\"2024-08-08T12:02:17+00:00\",\"dateModified\":\"2026-02-05T11:21:34+00:00\",\"breadcrumb\":{\"@id\":\"https:\/\/www.voustensports.com\/de\/hogan-sneaker-h-stripes-weis-39673\/#breadcrumb\"},\"inLanguage\":\"de-DE\",\"potentialAction\":[{\"@type\":\"ReadAction\",\"target\":[\"https:\/\/www.voustensports.com\/de\/hogan-sneaker-h-stripes-weis-39673\/\"]}]},{\"@type\":\"ImageObject\",\"inLanguage\":\"de-DE\",\"@id\":\"https:\/\/www.voustensports.com\/de\/hogan-sneaker-h-stripes-weis-39673\/#primaryimage\",\"url\":\"https:\/\/www.voustensports.com\/wp-content\/uploads\/2023\/06\/HOGAN-Sneaker-H-Stripes-wit-39673.jpg\",\"contentUrl\":\"https:\/\/www.voustensports.com\/wp-content\/uploads\/2023\/06\/HOGAN-Sneaker-H-Stripes-wit-39673.jpg\",\"width\":2000,\"height\":2000},{\"@type\":\"BreadcrumbList\",\"@id\":\"https:\/\/www.voustensports.com\/de\/hogan-sneaker-h-stripes-weis-39673\/#breadcrumb\",\"itemListElement\":[{\"@type\":\"ListItem\",\"position\":1,\"name\":\"Home\",\"item\":\"https:\/\/www.voustensports.com\/de\/\"},{\"@type\":\"ListItem\",\"position\":2,\"name\":\"Shop\",\"item\":\"https:\/\/www.voustensports.com\/de\/shop\/\"},{\"@type\":\"ListItem\",\"position\":3,\"name\":\"HOGAN &#8211; Sneaker H-Stripes wei\u00df (39673)\"}]},{\"@type\":\"WebSite\",\"@id\":\"https:\/\/www.voustensports.com\/nl\/#website\",\"url\":\"https:\/\/www.voustensports.com\/nl\/\",\"name\":\"Vousten Sports\",\"description\":\"\",\"potentialAction\":[{\"@type\":\"SearchAction\",\"target\":{\"@type\":\"EntryPoint\",\"urlTemplate\":\"https:\/\/www.voustensports.com\/nl\/?s={search_term_string}\"},\"query-input\":{\"@type\":\"PropertyValueSpecification\",\"valueRequired\":true,\"valueName\":\"search_term_string\"}}],\"inLanguage\":\"de-DE\"}]}<\/script>\n<!-- \/ Yoast SEO plugin. -->","yoast_head_json":{"title":"HOGAN - Sneaker H-Stripes wei\u00df (39673) - Vousten Sports","robots":{"index":"index","follow":"follow","max-snippet":"max-snippet:-1","max-image-preview":"max-image-preview:large","max-video-preview":"max-video-preview:-1"},"canonical":"https:\/\/www.voustensports.com\/de\/hogan-sneaker-h-stripes-weis-39673\/","og_locale":"de_DE","og_type":"article","og_title":"HOGAN - Sneaker H-Stripes wei\u00df (39673) - Vousten Sports","og_description":"Der H-Stripes ist ein neuer Stil mit sportlichen und vielseitigen Linien und verf\u00fcgt \u00fcber eine extraleichte Au\u00dfensohle mit vertikalen Streifen und Wellen auf der Lauffl\u00e4che. Das Obermaterial mit kompaktem und ausgewogenem Design zeichnet sich durch ein H aus, das sich \u00fcber die Seite erstreckt. Der obere Besatz mit N\u00e4hten auf dem R\u00fcckenpatch ist weich gepolstert. [...]","og_url":"https:\/\/www.voustensports.com\/de\/hogan-sneaker-h-stripes-weis-39673\/","og_site_name":"Vousten Sports","article_modified_time":"2026-02-05T11:21:34+00:00","og_image":[{"width":1557,"height":1557,"url":"https:\/\/www.voustensports.com\/wp-content\/uploads\/2023\/06\/HOGAN-Sneaker-H-Stripes-wit-39673.png","type":"image\/png"}],"twitter_card":"summary_large_image","twitter_misc":{"Est. reading time":"1 Minute"},"schema":{"@context":"https:\/\/schema.org","@graph":[{"@type":"WebPage","@id":"https:\/\/www.voustensports.com\/de\/hogan-sneaker-h-stripes-weis-39673\/","url":"https:\/\/www.voustensports.com\/de\/hogan-sneaker-h-stripes-weis-39673\/","name":"HOGAN - Sneaker H-Stripes wei\u00df (39673) - Vousten Sports","isPartOf":{"@id":"https:\/\/www.voustensports.com\/nl\/#website"},"primaryImageOfPage":{"@id":"https:\/\/www.voustensports.com\/de\/hogan-sneaker-h-stripes-weis-39673\/#primaryimage"},"image":{"@id":"https:\/\/www.voustensports.com\/de\/hogan-sneaker-h-stripes-weis-39673\/#primaryimage"},"thumbnailUrl":"https:\/\/www.voustensports.com\/wp-content\/uploads\/2023\/06\/HOGAN-Sneaker-H-Stripes-wit-39673.jpg","datePublished":"2024-08-08T12:02:17+00:00","dateModified":"2026-02-05T11:21:34+00:00","breadcrumb":{"@id":"https:\/\/www.voustensports.com\/de\/hogan-sneaker-h-stripes-weis-39673\/#breadcrumb"},"inLanguage":"de-DE","potentialAction":[{"@type":"ReadAction","target":["https:\/\/www.voustensports.com\/de\/hogan-sneaker-h-stripes-weis-39673\/"]}]},{"@type":"ImageObject","inLanguage":"de-DE","@id":"https:\/\/www.voustensports.com\/de\/hogan-sneaker-h-stripes-weis-39673\/#primaryimage","url":"https:\/\/www.voustensports.com\/wp-content\/uploads\/2023\/06\/HOGAN-Sneaker-H-Stripes-wit-39673.jpg","contentUrl":"https:\/\/www.voustensports.com\/wp-content\/uploads\/2023\/06\/HOGAN-Sneaker-H-Stripes-wit-39673.jpg","width":2000,"height":2000},{"@type":"BreadcrumbList","@id":"https:\/\/www.voustensports.com\/de\/hogan-sneaker-h-stripes-weis-39673\/#breadcrumb","itemListElement":[{"@type":"ListItem","position":1,"name":"Home","item":"https:\/\/www.voustensports.com\/de\/"},{"@type":"ListItem","position":2,"name":"Shop","item":"https:\/\/www.voustensports.com\/de\/shop\/"},{"@type":"ListItem","position":3,"name":"HOGAN &#8211; Sneaker H-Stripes wei\u00df (39673)"}]},{"@type":"WebSite","@id":"https:\/\/www.voustensports.com\/nl\/#website","url":"https:\/\/www.voustensports.com\/nl\/","name":"Vousten Sports","description":"","potentialAction":[{"@type":"SearchAction","target":{"@type":"EntryPoint","urlTemplate":"https:\/\/www.voustensports.com\/nl\/?s={search_term_string}"},"query-input":{"@type":"PropertyValueSpecification","valueRequired":true,"valueName":"search_term_string"}}],"inLanguage":"de-DE"}]}},"_links":{"self":[{"href":"https:\/\/www.voustensports.com\/de\/wp-json\/wp\/v2\/product\/181083","targetHints":{"allow":["GET"]}}],"collection":[{"href":"https:\/\/www.voustensports.com\/de\/wp-json\/wp\/v2\/product"}],"about":[{"href":"https:\/\/www.voustensports.com\/de\/wp-json\/wp\/v2\/types\/product"}],"replies":[{"embeddable":true,"href":"https:\/\/www.voustensports.com\/de\/wp-json\/wp\/v2\/comments?post=181083"}],"wp:featuredmedia":[{"embeddable":true,"href":"https:\/\/www.voustensports.com\/de\/wp-json\/wp\/v2\/media\/193802"}],"wp:attachment":[{"href":"https:\/\/www.voustensports.com\/de\/wp-json\/wp\/v2\/media?parent=181083"}],"wp:term":[{"taxonomy":"product_cat","embeddable":true,"href":"https:\/\/www.voustensports.com\/de\/wp-json\/wp\/v2\/product_cat?post=181083"},{"taxonomy":"product_tag","embeddable":true,"href":"https:\/\/www.voustensports.com\/de\/wp-json\/wp\/v2\/product_tag?post=181083"}],"curies":[{"name":"wp","href":"https:\/\/api.w.org\/{rel}","templated":true}]}}