{"id":180325,"date":"2024-07-19T17:02:07","date_gmt":"2024-07-19T15:02:07","guid":{"rendered":"https:\/\/www.voustensports.com\/stone-island-overshirt-beige-39502-2\/"},"modified":"2026-02-05T12:19:39","modified_gmt":"2026-02-05T11:19:39","slug":"stone-island-overshirt-beige-39502-2","status":"publish","type":"product","link":"https:\/\/www.voustensports.com\/de\/stone-island-overshirt-beige-39502-2\/","title":{"rendered":"STONE ISLAND &#8211; \u00dcBERHEMD MIT REISSVERSCHLUSS BEIGE (39502)"},"content":{"rendered":"<p>PRODUKTDETAILS<br \/>\nOvershirt aus geb\u00fcrstetem Bio-Baumwoll-Canvas. St\u00fcckgef\u00e4rbt mit der \u201eOLD\u201c-Behandlung, einer exklusiven F\u00e4rbebehandlung und anschlie\u00dfendem Ausbleichen des fertigen Kleidungsst\u00fccks f\u00fcr ein leicht abgenutztes und dreidimensionales Aussehen.<\/p>\n<p>STIL<br \/>\nEine aufgesetzte Tasche mit Blasebalg und einer festen Klappe oben, die den Rei\u00dfverschluss verbirgt.<br \/>\nStone Island-Abzeichen auf dem linken \u00c4rmel.<br \/>\nAnziehen der Manschetten.<br \/>\nPasse auf der R\u00fcckseite.<br \/>\nZwei-Wege-Rei\u00dfverschluss.<br \/>\nNormale Passform.<\/p>\n<p>ZUSAMMENSETZUNG<br \/>\n100% Baumwolle<br \/>\nStone-Island-Nummer: 8115103WN<br \/>\nFarbnummer: V0194<br \/>\nID-Nummer: 39502<\/p>\n","protected":false},"excerpt":{"rendered":"<p>PRODUKTDETAILS Overshirt aus geb\u00fcrstetem Bio-Baumwoll-Canvas. St\u00fcckgef\u00e4rbt mit der \u201eOLD\u201c-Behandlung, einer exklusiven F\u00e4rbebehandlung und anschlie\u00dfendem Ausbleichen des fertigen Kleidungsst\u00fccks f\u00fcr ein leicht abgenutztes und dreidimensionales Aussehen. STIL Eine aufgesetzte Tasche mit Blasebalg und einer festen Klappe oben, die den Rei\u00dfverschluss verbirgt. Stone Island-Abzeichen auf dem linken \u00c4rmel. Anziehen der Manschetten. Passe auf der R\u00fcckseite. Zwei-Wege-Rei\u00dfverschluss. Normale [&#8230;]\n","protected":false},"featured_media":180313,"comment_status":"open","ping_status":"closed","template":"","meta":{"rank_math_lock_modified_date":false},"product_cat":[447,451,463,483,740],"product_tag":[],"class_list":{"0":"post-180325","1":"product","2":"type-product","3":"status-publish","4":"has-post-thumbnail","6":"product_cat-kleding-de","7":"product_cat-heren-de","8":"product_cat-vousten-sports-de-2","9":"product_cat-stone-island-de-2","10":"product_cat-overshirt-de-2","12":"first","13":"outofstock","14":"taxable","15":"shipping-taxable","16":"purchasable","17":"product-type-variable"},"acf":[],"yoast_head":"<!-- This site is optimized with the Yoast SEO plugin v23.9 - https:\/\/yoast.com\/wordpress\/plugins\/seo\/ -->\n<title>STONE ISLAND - \u00dcBERHEMD MIT REISSVERSCHLUSS BEIGE (39502) - Vousten Sports<\/title>\n<meta name=\"robots\" content=\"index, follow, max-snippet:-1, max-image-preview:large, max-video-preview:-1\" \/>\n<link rel=\"canonical\" href=\"https:\/\/www.voustensports.com\/de\/stone-island-overshirt-beige-39502-2\/\" \/>\n<meta property=\"og:locale\" content=\"de_DE\" \/>\n<meta property=\"og:type\" content=\"article\" \/>\n<meta property=\"og:title\" content=\"STONE ISLAND - \u00dcBERHEMD MIT REISSVERSCHLUSS BEIGE (39502) - Vousten Sports\" \/>\n<meta property=\"og:description\" content=\"PRODUKTDETAILS Overshirt aus geb\u00fcrstetem Bio-Baumwoll-Canvas. St\u00fcckgef\u00e4rbt mit der \u201eOLD\u201c-Behandlung, einer exklusiven F\u00e4rbebehandlung und anschlie\u00dfendem Ausbleichen des fertigen Kleidungsst\u00fccks f\u00fcr ein leicht abgenutztes und dreidimensionales Aussehen. STIL Eine aufgesetzte Tasche mit Blasebalg und einer festen Klappe oben, die den Rei\u00dfverschluss verbirgt. Stone Island-Abzeichen auf dem linken \u00c4rmel. Anziehen der Manschetten. Passe auf der R\u00fcckseite. Zwei-Wege-Rei\u00dfverschluss. Normale [...]\" \/>\n<meta property=\"og:url\" content=\"https:\/\/www.voustensports.com\/de\/stone-island-overshirt-beige-39502-2\/\" \/>\n<meta property=\"og:site_name\" content=\"Vousten Sports\" \/>\n<meta property=\"article:modified_time\" content=\"2026-02-05T11:19:39+00:00\" \/>\n<meta property=\"og:image\" content=\"https:\/\/www.voustensports.com\/wp-content\/uploads\/2023\/06\/Overshirt-beige-39502-1.jpg\" \/>\n\t<meta property=\"og:image:width\" content=\"1365\" \/>\n\t<meta property=\"og:image:height\" content=\"2048\" \/>\n\t<meta property=\"og:image:type\" content=\"image\/jpeg\" \/>\n<meta name=\"twitter:card\" content=\"summary_large_image\" \/>\n<script type=\"application\/ld+json\" class=\"yoast-schema-graph\">{\"@context\":\"https:\/\/schema.org\",\"@graph\":[{\"@type\":\"WebPage\",\"@id\":\"https:\/\/www.voustensports.com\/de\/stone-island-overshirt-beige-39502-2\/\",\"url\":\"https:\/\/www.voustensports.com\/de\/stone-island-overshirt-beige-39502-2\/\",\"name\":\"STONE ISLAND - \u00dcBERHEMD MIT REISSVERSCHLUSS BEIGE (39502) - Vousten Sports\",\"isPartOf\":{\"@id\":\"https:\/\/www.voustensports.com\/nl\/#website\"},\"primaryImageOfPage\":{\"@id\":\"https:\/\/www.voustensports.com\/de\/stone-island-overshirt-beige-39502-2\/#primaryimage\"},\"image\":{\"@id\":\"https:\/\/www.voustensports.com\/de\/stone-island-overshirt-beige-39502-2\/#primaryimage\"},\"thumbnailUrl\":\"https:\/\/www.voustensports.com\/wp-content\/uploads\/2023\/06\/Overshirt-beige-39502-1.jpg\",\"datePublished\":\"2024-07-19T15:02:07+00:00\",\"dateModified\":\"2026-02-05T11:19:39+00:00\",\"breadcrumb\":{\"@id\":\"https:\/\/www.voustensports.com\/de\/stone-island-overshirt-beige-39502-2\/#breadcrumb\"},\"inLanguage\":\"de-DE\",\"potentialAction\":[{\"@type\":\"ReadAction\",\"target\":[\"https:\/\/www.voustensports.com\/de\/stone-island-overshirt-beige-39502-2\/\"]}]},{\"@type\":\"ImageObject\",\"inLanguage\":\"de-DE\",\"@id\":\"https:\/\/www.voustensports.com\/de\/stone-island-overshirt-beige-39502-2\/#primaryimage\",\"url\":\"https:\/\/www.voustensports.com\/wp-content\/uploads\/2023\/06\/Overshirt-beige-39502-1.jpg\",\"contentUrl\":\"https:\/\/www.voustensports.com\/wp-content\/uploads\/2023\/06\/Overshirt-beige-39502-1.jpg\",\"width\":1365,\"height\":2048},{\"@type\":\"BreadcrumbList\",\"@id\":\"https:\/\/www.voustensports.com\/de\/stone-island-overshirt-beige-39502-2\/#breadcrumb\",\"itemListElement\":[{\"@type\":\"ListItem\",\"position\":1,\"name\":\"Home\",\"item\":\"https:\/\/www.voustensports.com\/de\/\"},{\"@type\":\"ListItem\",\"position\":2,\"name\":\"Shop\",\"item\":\"https:\/\/www.voustensports.com\/de\/shop\/\"},{\"@type\":\"ListItem\",\"position\":3,\"name\":\"STONE ISLAND &#8211; \u00dcBERHEMD MIT REISSVERSCHLUSS BEIGE (39502)\"}]},{\"@type\":\"WebSite\",\"@id\":\"https:\/\/www.voustensports.com\/nl\/#website\",\"url\":\"https:\/\/www.voustensports.com\/nl\/\",\"name\":\"Vousten Sports\",\"description\":\"\",\"potentialAction\":[{\"@type\":\"SearchAction\",\"target\":{\"@type\":\"EntryPoint\",\"urlTemplate\":\"https:\/\/www.voustensports.com\/nl\/?s={search_term_string}\"},\"query-input\":{\"@type\":\"PropertyValueSpecification\",\"valueRequired\":true,\"valueName\":\"search_term_string\"}}],\"inLanguage\":\"de-DE\"}]}<\/script>\n<!-- \/ Yoast SEO plugin. -->","yoast_head_json":{"title":"STONE ISLAND - \u00dcBERHEMD MIT REISSVERSCHLUSS BEIGE (39502) - Vousten Sports","robots":{"index":"index","follow":"follow","max-snippet":"max-snippet:-1","max-image-preview":"max-image-preview:large","max-video-preview":"max-video-preview:-1"},"canonical":"https:\/\/www.voustensports.com\/de\/stone-island-overshirt-beige-39502-2\/","og_locale":"de_DE","og_type":"article","og_title":"STONE ISLAND - \u00dcBERHEMD MIT REISSVERSCHLUSS BEIGE (39502) - Vousten Sports","og_description":"PRODUKTDETAILS Overshirt aus geb\u00fcrstetem Bio-Baumwoll-Canvas. St\u00fcckgef\u00e4rbt mit der \u201eOLD\u201c-Behandlung, einer exklusiven F\u00e4rbebehandlung und anschlie\u00dfendem Ausbleichen des fertigen Kleidungsst\u00fccks f\u00fcr ein leicht abgenutztes und dreidimensionales Aussehen. STIL Eine aufgesetzte Tasche mit Blasebalg und einer festen Klappe oben, die den Rei\u00dfverschluss verbirgt. Stone Island-Abzeichen auf dem linken \u00c4rmel. Anziehen der Manschetten. Passe auf der R\u00fcckseite. Zwei-Wege-Rei\u00dfverschluss. Normale [...]","og_url":"https:\/\/www.voustensports.com\/de\/stone-island-overshirt-beige-39502-2\/","og_site_name":"Vousten Sports","article_modified_time":"2026-02-05T11:19:39+00:00","og_image":[{"width":1365,"height":2048,"url":"https:\/\/www.voustensports.com\/wp-content\/uploads\/2023\/06\/Overshirt-beige-39502-1.jpg","type":"image\/jpeg"}],"twitter_card":"summary_large_image","schema":{"@context":"https:\/\/schema.org","@graph":[{"@type":"WebPage","@id":"https:\/\/www.voustensports.com\/de\/stone-island-overshirt-beige-39502-2\/","url":"https:\/\/www.voustensports.com\/de\/stone-island-overshirt-beige-39502-2\/","name":"STONE ISLAND - \u00dcBERHEMD MIT REISSVERSCHLUSS BEIGE (39502) - Vousten Sports","isPartOf":{"@id":"https:\/\/www.voustensports.com\/nl\/#website"},"primaryImageOfPage":{"@id":"https:\/\/www.voustensports.com\/de\/stone-island-overshirt-beige-39502-2\/#primaryimage"},"image":{"@id":"https:\/\/www.voustensports.com\/de\/stone-island-overshirt-beige-39502-2\/#primaryimage"},"thumbnailUrl":"https:\/\/www.voustensports.com\/wp-content\/uploads\/2023\/06\/Overshirt-beige-39502-1.jpg","datePublished":"2024-07-19T15:02:07+00:00","dateModified":"2026-02-05T11:19:39+00:00","breadcrumb":{"@id":"https:\/\/www.voustensports.com\/de\/stone-island-overshirt-beige-39502-2\/#breadcrumb"},"inLanguage":"de-DE","potentialAction":[{"@type":"ReadAction","target":["https:\/\/www.voustensports.com\/de\/stone-island-overshirt-beige-39502-2\/"]}]},{"@type":"ImageObject","inLanguage":"de-DE","@id":"https:\/\/www.voustensports.com\/de\/stone-island-overshirt-beige-39502-2\/#primaryimage","url":"https:\/\/www.voustensports.com\/wp-content\/uploads\/2023\/06\/Overshirt-beige-39502-1.jpg","contentUrl":"https:\/\/www.voustensports.com\/wp-content\/uploads\/2023\/06\/Overshirt-beige-39502-1.jpg","width":1365,"height":2048},{"@type":"BreadcrumbList","@id":"https:\/\/www.voustensports.com\/de\/stone-island-overshirt-beige-39502-2\/#breadcrumb","itemListElement":[{"@type":"ListItem","position":1,"name":"Home","item":"https:\/\/www.voustensports.com\/de\/"},{"@type":"ListItem","position":2,"name":"Shop","item":"https:\/\/www.voustensports.com\/de\/shop\/"},{"@type":"ListItem","position":3,"name":"STONE ISLAND &#8211; \u00dcBERHEMD MIT REISSVERSCHLUSS BEIGE (39502)"}]},{"@type":"WebSite","@id":"https:\/\/www.voustensports.com\/nl\/#website","url":"https:\/\/www.voustensports.com\/nl\/","name":"Vousten Sports","description":"","potentialAction":[{"@type":"SearchAction","target":{"@type":"EntryPoint","urlTemplate":"https:\/\/www.voustensports.com\/nl\/?s={search_term_string}"},"query-input":{"@type":"PropertyValueSpecification","valueRequired":true,"valueName":"search_term_string"}}],"inLanguage":"de-DE"}]}},"_links":{"self":[{"href":"https:\/\/www.voustensports.com\/de\/wp-json\/wp\/v2\/product\/180325","targetHints":{"allow":["GET"]}}],"collection":[{"href":"https:\/\/www.voustensports.com\/de\/wp-json\/wp\/v2\/product"}],"about":[{"href":"https:\/\/www.voustensports.com\/de\/wp-json\/wp\/v2\/types\/product"}],"replies":[{"embeddable":true,"href":"https:\/\/www.voustensports.com\/de\/wp-json\/wp\/v2\/comments?post=180325"}],"wp:featuredmedia":[{"embeddable":true,"href":"https:\/\/www.voustensports.com\/de\/wp-json\/wp\/v2\/media\/180313"}],"wp:attachment":[{"href":"https:\/\/www.voustensports.com\/de\/wp-json\/wp\/v2\/media?parent=180325"}],"wp:term":[{"taxonomy":"product_cat","embeddable":true,"href":"https:\/\/www.voustensports.com\/de\/wp-json\/wp\/v2\/product_cat?post=180325"},{"taxonomy":"product_tag","embeddable":true,"href":"https:\/\/www.voustensports.com\/de\/wp-json\/wp\/v2\/product_tag?post=180325"}],"curies":[{"name":"wp","href":"https:\/\/api.w.org\/{rel}","templated":true}]}}