{"id":179981,"date":"2024-07-09T10:36:15","date_gmt":"2024-07-09T08:36:15","guid":{"rendered":"https:\/\/www.voustensports.com\/flaneur-straight-jeans-mojave-39378-2\/"},"modified":"2026-03-31T03:36:05","modified_gmt":"2026-03-31T01:36:05","slug":"flaneur-straight-jeans-mojave-39378-2","status":"publish","type":"product","link":"https:\/\/www.voustensports.com\/de\/flaneur-straight-jeans-mojave-39378-2\/","title":{"rendered":"FL\u00c2NEUR &#8211; Straight Jeans Mojave (39378)"},"content":{"rendered":"<div>Die Straight Jeans Mojave aus hochwertigem Blue-Washed-Denim ist mit einer von europ\u00e4ischen Br\u00fccken inspirierten G\u00fcrtelschlaufe, einer signierten Stickerei auf beiden Ges\u00e4\u00dftaschen und einem Lederaufn\u00e4her am Bund f\u00fcr einen Hauch von Raffinesse ausgestattet. Erh\u00e4ltlich in den Waschungen Blue und Mojave.<\/div>\n<ul>\n<li>Gr\u00f6\u00dfe: Das Model ist 188 cm gro\u00df und tr\u00e4gt Gr\u00f6\u00dfe 32<\/li>\n<li>Zusammenstellung: 100% Baumwolle<\/li>\n<li>Hergestellt in der T\u00fcrkei<\/li>\n<\/ul>\n<div>Die GOTS-Zertifizierung von Fl\u00e2neur garantiert eine umwelt- und sozialvertr\u00e4gliche Produktion von den Rohstoffen bis zur Etikettierung und unterstreicht das unerm\u00fcdliche Engagement f\u00fcr Nachhaltigkeit und Qualit\u00e4t.<\/div>\n","protected":false},"excerpt":{"rendered":"<p>Die Straight Jeans Mojave aus hochwertigem Blue-Washed-Denim ist mit einer von europ\u00e4ischen Br\u00fccken inspirierten G\u00fcrtelschlaufe, einer signierten Stickerei auf beiden Ges\u00e4\u00dftaschen und einem Lederaufn\u00e4her am Bund f\u00fcr einen Hauch von Raffinesse ausgestattet. Erh\u00e4ltlich in den Waschungen Blue und Mojave. Gr\u00f6\u00dfe: Das Model ist 188 cm gro\u00df und tr\u00e4gt Gr\u00f6\u00dfe 32 Zusammenstellung: 100% Baumwolle Hergestellt in [&#8230;]\n","protected":false},"featured_media":179965,"comment_status":"open","ping_status":"closed","template":"","meta":{"rank_math_lock_modified_date":false},"product_cat":[447,451,463,467,582,588,787,913],"product_tag":[],"class_list":{"0":"post-179981","1":"product","2":"type-product","3":"status-publish","4":"has-post-thumbnail","6":"product_cat-kleding-de","7":"product_cat-heren-de","8":"product_cat-vousten-sports-de-2","9":"product_cat-hosen-de","10":"product_cat-heren-jeans-de","11":"product_cat-jeans-de","12":"product_cat-broek-de","13":"product_cat-flaneur-de","15":"first","16":"outofstock","17":"taxable","18":"shipping-taxable","19":"purchasable","20":"product-type-variable"},"acf":[],"yoast_head":"<!-- This site is optimized with the Yoast SEO plugin v23.9 - https:\/\/yoast.com\/wordpress\/plugins\/seo\/ -->\n<title>FL\u00c2NEUR - Straight Jeans Mojave (39378) - Vousten Sports<\/title>\n<meta name=\"robots\" content=\"index, follow, max-snippet:-1, max-image-preview:large, max-video-preview:-1\" \/>\n<link rel=\"canonical\" href=\"https:\/\/www.voustensports.com\/de\/flaneur-straight-jeans-mojave-39378-2\/\" \/>\n<meta property=\"og:locale\" content=\"de_DE\" \/>\n<meta property=\"og:type\" content=\"article\" \/>\n<meta property=\"og:title\" content=\"FL\u00c2NEUR - Straight Jeans Mojave (39378) - Vousten Sports\" \/>\n<meta property=\"og:description\" content=\"Die Straight Jeans Mojave aus hochwertigem Blue-Washed-Denim ist mit einer von europ\u00e4ischen Br\u00fccken inspirierten G\u00fcrtelschlaufe, einer signierten Stickerei auf beiden Ges\u00e4\u00dftaschen und einem Lederaufn\u00e4her am Bund f\u00fcr einen Hauch von Raffinesse ausgestattet. Erh\u00e4ltlich in den Waschungen Blue und Mojave. Gr\u00f6\u00dfe: Das Model ist 188 cm gro\u00df und tr\u00e4gt Gr\u00f6\u00dfe 32 Zusammenstellung: 100% Baumwolle Hergestellt in [...]\" \/>\n<meta property=\"og:url\" content=\"https:\/\/www.voustensports.com\/de\/flaneur-straight-jeans-mojave-39378-2\/\" \/>\n<meta property=\"og:site_name\" content=\"Vousten Sports\" \/>\n<meta property=\"article:modified_time\" content=\"2026-03-31T01:36:05+00:00\" \/>\n<meta property=\"og:image\" content=\"https:\/\/www.voustensports.com\/wp-content\/uploads\/2023\/06\/FLANEUR-Straight-Jeans-Mojave-39378.png\" \/>\n\t<meta property=\"og:image:width\" content=\"1670\" \/>\n\t<meta property=\"og:image:height\" content=\"2480\" \/>\n\t<meta property=\"og:image:type\" content=\"image\/png\" \/>\n<meta name=\"twitter:card\" content=\"summary_large_image\" \/>\n<script type=\"application\/ld+json\" class=\"yoast-schema-graph\">{\"@context\":\"https:\/\/schema.org\",\"@graph\":[{\"@type\":\"WebPage\",\"@id\":\"https:\/\/www.voustensports.com\/de\/flaneur-straight-jeans-mojave-39378-2\/\",\"url\":\"https:\/\/www.voustensports.com\/de\/flaneur-straight-jeans-mojave-39378-2\/\",\"name\":\"FL\u00c2NEUR - Straight Jeans Mojave (39378) - Vousten Sports\",\"isPartOf\":{\"@id\":\"https:\/\/www.voustensports.com\/nl\/#website\"},\"primaryImageOfPage\":{\"@id\":\"https:\/\/www.voustensports.com\/de\/flaneur-straight-jeans-mojave-39378-2\/#primaryimage\"},\"image\":{\"@id\":\"https:\/\/www.voustensports.com\/de\/flaneur-straight-jeans-mojave-39378-2\/#primaryimage\"},\"thumbnailUrl\":\"https:\/\/www.voustensports.com\/wp-content\/uploads\/2023\/06\/FLANEUR-Straight-Jeans-Mojave-39378.png\",\"datePublished\":\"2024-07-09T08:36:15+00:00\",\"dateModified\":\"2026-03-31T01:36:05+00:00\",\"breadcrumb\":{\"@id\":\"https:\/\/www.voustensports.com\/de\/flaneur-straight-jeans-mojave-39378-2\/#breadcrumb\"},\"inLanguage\":\"de-DE\",\"potentialAction\":[{\"@type\":\"ReadAction\",\"target\":[\"https:\/\/www.voustensports.com\/de\/flaneur-straight-jeans-mojave-39378-2\/\"]}]},{\"@type\":\"ImageObject\",\"inLanguage\":\"de-DE\",\"@id\":\"https:\/\/www.voustensports.com\/de\/flaneur-straight-jeans-mojave-39378-2\/#primaryimage\",\"url\":\"https:\/\/www.voustensports.com\/wp-content\/uploads\/2023\/06\/FLANEUR-Straight-Jeans-Mojave-39378.png\",\"contentUrl\":\"https:\/\/www.voustensports.com\/wp-content\/uploads\/2023\/06\/FLANEUR-Straight-Jeans-Mojave-39378.png\",\"width\":1670,\"height\":2480},{\"@type\":\"BreadcrumbList\",\"@id\":\"https:\/\/www.voustensports.com\/de\/flaneur-straight-jeans-mojave-39378-2\/#breadcrumb\",\"itemListElement\":[{\"@type\":\"ListItem\",\"position\":1,\"name\":\"Home\",\"item\":\"https:\/\/www.voustensports.com\/de\/\"},{\"@type\":\"ListItem\",\"position\":2,\"name\":\"Shop\",\"item\":\"https:\/\/www.voustensports.com\/de\/shop\/\"},{\"@type\":\"ListItem\",\"position\":3,\"name\":\"FL\u00c2NEUR &#8211; Straight Jeans Mojave (39378)\"}]},{\"@type\":\"WebSite\",\"@id\":\"https:\/\/www.voustensports.com\/nl\/#website\",\"url\":\"https:\/\/www.voustensports.com\/nl\/\",\"name\":\"Vousten Sports\",\"description\":\"\",\"potentialAction\":[{\"@type\":\"SearchAction\",\"target\":{\"@type\":\"EntryPoint\",\"urlTemplate\":\"https:\/\/www.voustensports.com\/nl\/?s={search_term_string}\"},\"query-input\":{\"@type\":\"PropertyValueSpecification\",\"valueRequired\":true,\"valueName\":\"search_term_string\"}}],\"inLanguage\":\"de-DE\"}]}<\/script>\n<!-- \/ Yoast SEO plugin. -->","yoast_head_json":{"title":"FL\u00c2NEUR - Straight Jeans Mojave (39378) - Vousten Sports","robots":{"index":"index","follow":"follow","max-snippet":"max-snippet:-1","max-image-preview":"max-image-preview:large","max-video-preview":"max-video-preview:-1"},"canonical":"https:\/\/www.voustensports.com\/de\/flaneur-straight-jeans-mojave-39378-2\/","og_locale":"de_DE","og_type":"article","og_title":"FL\u00c2NEUR - Straight Jeans Mojave (39378) - Vousten Sports","og_description":"Die Straight Jeans Mojave aus hochwertigem Blue-Washed-Denim ist mit einer von europ\u00e4ischen Br\u00fccken inspirierten G\u00fcrtelschlaufe, einer signierten Stickerei auf beiden Ges\u00e4\u00dftaschen und einem Lederaufn\u00e4her am Bund f\u00fcr einen Hauch von Raffinesse ausgestattet. Erh\u00e4ltlich in den Waschungen Blue und Mojave. Gr\u00f6\u00dfe: Das Model ist 188 cm gro\u00df und tr\u00e4gt Gr\u00f6\u00dfe 32 Zusammenstellung: 100% Baumwolle Hergestellt in [...]","og_url":"https:\/\/www.voustensports.com\/de\/flaneur-straight-jeans-mojave-39378-2\/","og_site_name":"Vousten Sports","article_modified_time":"2026-03-31T01:36:05+00:00","og_image":[{"width":1670,"height":2480,"url":"https:\/\/www.voustensports.com\/wp-content\/uploads\/2023\/06\/FLANEUR-Straight-Jeans-Mojave-39378.png","type":"image\/png"}],"twitter_card":"summary_large_image","schema":{"@context":"https:\/\/schema.org","@graph":[{"@type":"WebPage","@id":"https:\/\/www.voustensports.com\/de\/flaneur-straight-jeans-mojave-39378-2\/","url":"https:\/\/www.voustensports.com\/de\/flaneur-straight-jeans-mojave-39378-2\/","name":"FL\u00c2NEUR - Straight Jeans Mojave (39378) - Vousten Sports","isPartOf":{"@id":"https:\/\/www.voustensports.com\/nl\/#website"},"primaryImageOfPage":{"@id":"https:\/\/www.voustensports.com\/de\/flaneur-straight-jeans-mojave-39378-2\/#primaryimage"},"image":{"@id":"https:\/\/www.voustensports.com\/de\/flaneur-straight-jeans-mojave-39378-2\/#primaryimage"},"thumbnailUrl":"https:\/\/www.voustensports.com\/wp-content\/uploads\/2023\/06\/FLANEUR-Straight-Jeans-Mojave-39378.png","datePublished":"2024-07-09T08:36:15+00:00","dateModified":"2026-03-31T01:36:05+00:00","breadcrumb":{"@id":"https:\/\/www.voustensports.com\/de\/flaneur-straight-jeans-mojave-39378-2\/#breadcrumb"},"inLanguage":"de-DE","potentialAction":[{"@type":"ReadAction","target":["https:\/\/www.voustensports.com\/de\/flaneur-straight-jeans-mojave-39378-2\/"]}]},{"@type":"ImageObject","inLanguage":"de-DE","@id":"https:\/\/www.voustensports.com\/de\/flaneur-straight-jeans-mojave-39378-2\/#primaryimage","url":"https:\/\/www.voustensports.com\/wp-content\/uploads\/2023\/06\/FLANEUR-Straight-Jeans-Mojave-39378.png","contentUrl":"https:\/\/www.voustensports.com\/wp-content\/uploads\/2023\/06\/FLANEUR-Straight-Jeans-Mojave-39378.png","width":1670,"height":2480},{"@type":"BreadcrumbList","@id":"https:\/\/www.voustensports.com\/de\/flaneur-straight-jeans-mojave-39378-2\/#breadcrumb","itemListElement":[{"@type":"ListItem","position":1,"name":"Home","item":"https:\/\/www.voustensports.com\/de\/"},{"@type":"ListItem","position":2,"name":"Shop","item":"https:\/\/www.voustensports.com\/de\/shop\/"},{"@type":"ListItem","position":3,"name":"FL\u00c2NEUR &#8211; Straight Jeans Mojave (39378)"}]},{"@type":"WebSite","@id":"https:\/\/www.voustensports.com\/nl\/#website","url":"https:\/\/www.voustensports.com\/nl\/","name":"Vousten Sports","description":"","potentialAction":[{"@type":"SearchAction","target":{"@type":"EntryPoint","urlTemplate":"https:\/\/www.voustensports.com\/nl\/?s={search_term_string}"},"query-input":{"@type":"PropertyValueSpecification","valueRequired":true,"valueName":"search_term_string"}}],"inLanguage":"de-DE"}]}},"_links":{"self":[{"href":"https:\/\/www.voustensports.com\/de\/wp-json\/wp\/v2\/product\/179981","targetHints":{"allow":["GET"]}}],"collection":[{"href":"https:\/\/www.voustensports.com\/de\/wp-json\/wp\/v2\/product"}],"about":[{"href":"https:\/\/www.voustensports.com\/de\/wp-json\/wp\/v2\/types\/product"}],"replies":[{"embeddable":true,"href":"https:\/\/www.voustensports.com\/de\/wp-json\/wp\/v2\/comments?post=179981"}],"wp:featuredmedia":[{"embeddable":true,"href":"https:\/\/www.voustensports.com\/de\/wp-json\/wp\/v2\/media\/179965"}],"wp:attachment":[{"href":"https:\/\/www.voustensports.com\/de\/wp-json\/wp\/v2\/media?parent=179981"}],"wp:term":[{"taxonomy":"product_cat","embeddable":true,"href":"https:\/\/www.voustensports.com\/de\/wp-json\/wp\/v2\/product_cat?post=179981"},{"taxonomy":"product_tag","embeddable":true,"href":"https:\/\/www.voustensports.com\/de\/wp-json\/wp\/v2\/product_tag?post=179981"}],"curies":[{"name":"wp","href":"https:\/\/api.w.org\/{rel}","templated":true}]}}