{"id":179892,"date":"2024-07-06T16:39:18","date_gmt":"2024-07-06T14:39:18","guid":{"rendered":"https:\/\/www.voustensports.com\/flaneur-logo-sweater-schwarz-39367\/"},"modified":"2026-02-05T12:16:44","modified_gmt":"2026-02-05T11:16:44","slug":"flaneur-logo-sweater-schwarz-39367","status":"publish","type":"product","link":"https:\/\/www.voustensports.com\/de\/flaneur-logo-sweater-schwarz-39367\/","title":{"rendered":"FL\u00c2NEUR &#8211; Logo Sweater schwarz (39367)"},"content":{"rendered":"<div>Der Fl\u00e2neur Logo Sweater in Schwarz mit Fl\u00e2neur-Schriftzug auf der Brust. Regular Fit Silhouette, gefertigt aus feinstem, weichem Baumwolljersey.<\/div>\n<ul>\n<li>Gr\u00f6\u00dfe: Das Model ist 188cm gro\u00df und tr\u00e4gt Gr\u00f6\u00dfe L<\/li>\n<li>Hergestellt aus 100% Baumwolle<\/li>\n<li>Hergestellt in der T\u00fcrkei<\/li>\n<\/ul>\n<div>Die GOTS-Zertifizierung von Fl\u00e2neur garantiert eine umwelt- und sozialvertr\u00e4gliche Produktion von den Rohstoffen bis zur Etikettierung und unterstreicht das unerm\u00fcdliche Engagement f\u00fcr Nachhaltigkeit und Qualit\u00e4t.<\/div>\n","protected":false},"excerpt":{"rendered":"<p>Der Fl\u00e2neur Logo Sweater in Schwarz mit Fl\u00e2neur-Schriftzug auf der Brust. Regular Fit Silhouette, gefertigt aus feinstem, weichem Baumwolljersey. Gr\u00f6\u00dfe: Das Model ist 188cm gro\u00df und tr\u00e4gt Gr\u00f6\u00dfe L Hergestellt aus 100% Baumwolle Hergestellt in der T\u00fcrkei Die GOTS-Zertifizierung von Fl\u00e2neur garantiert eine umwelt- und sozialvertr\u00e4gliche Produktion von den Rohstoffen bis zur Etikettierung und unterstreicht [&#8230;]\n","protected":false},"featured_media":179876,"comment_status":"open","ping_status":"closed","template":"","meta":{"rank_math_lock_modified_date":false},"product_cat":[535,695,698,913,447,451,463],"product_tag":[],"class_list":{"0":"post-179892","1":"product","2":"type-product","3":"status-publish","4":"has-post-thumbnail","6":"product_cat-truien-de-2","7":"product_cat-truien-vesten-de-2","8":"product_cat-sweaters-de-2","9":"product_cat-flaneur-de","10":"product_cat-kleding-de","11":"product_cat-heren-de","12":"product_cat-vousten-sports-de-2","14":"first","15":"outofstock","16":"taxable","17":"shipping-taxable","18":"purchasable","19":"product-type-variable"},"acf":[],"yoast_head":"<!-- This site is optimized with the Yoast SEO plugin v23.9 - https:\/\/yoast.com\/wordpress\/plugins\/seo\/ -->\n<title>FL\u00c2NEUR - Logo Sweater schwarz (39367) - Vousten Sports<\/title>\n<meta name=\"robots\" content=\"index, follow, max-snippet:-1, max-image-preview:large, max-video-preview:-1\" \/>\n<link rel=\"canonical\" href=\"https:\/\/www.voustensports.com\/de\/flaneur-logo-sweater-schwarz-39367\/\" \/>\n<meta property=\"og:locale\" content=\"de_DE\" \/>\n<meta property=\"og:type\" content=\"article\" \/>\n<meta property=\"og:title\" content=\"FL\u00c2NEUR - Logo Sweater schwarz (39367) - Vousten Sports\" \/>\n<meta property=\"og:description\" content=\"Der Fl\u00e2neur Logo Sweater in Schwarz mit Fl\u00e2neur-Schriftzug auf der Brust. Regular Fit Silhouette, gefertigt aus feinstem, weichem Baumwolljersey. Gr\u00f6\u00dfe: Das Model ist 188cm gro\u00df und tr\u00e4gt Gr\u00f6\u00dfe L Hergestellt aus 100% Baumwolle Hergestellt in der T\u00fcrkei Die GOTS-Zertifizierung von Fl\u00e2neur garantiert eine umwelt- und sozialvertr\u00e4gliche Produktion von den Rohstoffen bis zur Etikettierung und unterstreicht [...]\" \/>\n<meta property=\"og:url\" content=\"https:\/\/www.voustensports.com\/de\/flaneur-logo-sweater-schwarz-39367\/\" \/>\n<meta property=\"og:site_name\" content=\"Vousten Sports\" \/>\n<meta property=\"article:modified_time\" content=\"2026-02-05T11:16:44+00:00\" \/>\n<meta property=\"og:image\" content=\"https:\/\/www.voustensports.com\/wp-content\/uploads\/2023\/06\/FLANEUR-Logo-Sweater-zwart-39367.png\" \/>\n\t<meta property=\"og:image:width\" content=\"2560\" \/>\n\t<meta property=\"og:image:height\" content=\"2500\" \/>\n\t<meta property=\"og:image:type\" content=\"image\/png\" \/>\n<meta name=\"twitter:card\" content=\"summary_large_image\" \/>\n<script type=\"application\/ld+json\" class=\"yoast-schema-graph\">{\"@context\":\"https:\/\/schema.org\",\"@graph\":[{\"@type\":\"WebPage\",\"@id\":\"https:\/\/www.voustensports.com\/de\/flaneur-logo-sweater-schwarz-39367\/\",\"url\":\"https:\/\/www.voustensports.com\/de\/flaneur-logo-sweater-schwarz-39367\/\",\"name\":\"FL\u00c2NEUR - Logo Sweater schwarz (39367) - Vousten Sports\",\"isPartOf\":{\"@id\":\"https:\/\/www.voustensports.com\/nl\/#website\"},\"primaryImageOfPage\":{\"@id\":\"https:\/\/www.voustensports.com\/de\/flaneur-logo-sweater-schwarz-39367\/#primaryimage\"},\"image\":{\"@id\":\"https:\/\/www.voustensports.com\/de\/flaneur-logo-sweater-schwarz-39367\/#primaryimage\"},\"thumbnailUrl\":\"https:\/\/www.voustensports.com\/wp-content\/uploads\/2023\/06\/FLANEUR-Logo-Sweater-zwart-39367.png\",\"datePublished\":\"2024-07-06T14:39:18+00:00\",\"dateModified\":\"2026-02-05T11:16:44+00:00\",\"breadcrumb\":{\"@id\":\"https:\/\/www.voustensports.com\/de\/flaneur-logo-sweater-schwarz-39367\/#breadcrumb\"},\"inLanguage\":\"de-DE\",\"potentialAction\":[{\"@type\":\"ReadAction\",\"target\":[\"https:\/\/www.voustensports.com\/de\/flaneur-logo-sweater-schwarz-39367\/\"]}]},{\"@type\":\"ImageObject\",\"inLanguage\":\"de-DE\",\"@id\":\"https:\/\/www.voustensports.com\/de\/flaneur-logo-sweater-schwarz-39367\/#primaryimage\",\"url\":\"https:\/\/www.voustensports.com\/wp-content\/uploads\/2023\/06\/FLANEUR-Logo-Sweater-zwart-39367.png\",\"contentUrl\":\"https:\/\/www.voustensports.com\/wp-content\/uploads\/2023\/06\/FLANEUR-Logo-Sweater-zwart-39367.png\",\"width\":2560,\"height\":2500},{\"@type\":\"BreadcrumbList\",\"@id\":\"https:\/\/www.voustensports.com\/de\/flaneur-logo-sweater-schwarz-39367\/#breadcrumb\",\"itemListElement\":[{\"@type\":\"ListItem\",\"position\":1,\"name\":\"Home\",\"item\":\"https:\/\/www.voustensports.com\/de\/\"},{\"@type\":\"ListItem\",\"position\":2,\"name\":\"Shop\",\"item\":\"https:\/\/www.voustensports.com\/de\/shop\/\"},{\"@type\":\"ListItem\",\"position\":3,\"name\":\"FL\u00c2NEUR &#8211; Logo Sweater schwarz (39367)\"}]},{\"@type\":\"WebSite\",\"@id\":\"https:\/\/www.voustensports.com\/nl\/#website\",\"url\":\"https:\/\/www.voustensports.com\/nl\/\",\"name\":\"Vousten Sports\",\"description\":\"\",\"potentialAction\":[{\"@type\":\"SearchAction\",\"target\":{\"@type\":\"EntryPoint\",\"urlTemplate\":\"https:\/\/www.voustensports.com\/nl\/?s={search_term_string}\"},\"query-input\":{\"@type\":\"PropertyValueSpecification\",\"valueRequired\":true,\"valueName\":\"search_term_string\"}}],\"inLanguage\":\"de-DE\"}]}<\/script>\n<!-- \/ Yoast SEO plugin. -->","yoast_head_json":{"title":"FL\u00c2NEUR - Logo Sweater schwarz (39367) - Vousten Sports","robots":{"index":"index","follow":"follow","max-snippet":"max-snippet:-1","max-image-preview":"max-image-preview:large","max-video-preview":"max-video-preview:-1"},"canonical":"https:\/\/www.voustensports.com\/de\/flaneur-logo-sweater-schwarz-39367\/","og_locale":"de_DE","og_type":"article","og_title":"FL\u00c2NEUR - Logo Sweater schwarz (39367) - Vousten Sports","og_description":"Der Fl\u00e2neur Logo Sweater in Schwarz mit Fl\u00e2neur-Schriftzug auf der Brust. Regular Fit Silhouette, gefertigt aus feinstem, weichem Baumwolljersey. Gr\u00f6\u00dfe: Das Model ist 188cm gro\u00df und tr\u00e4gt Gr\u00f6\u00dfe L Hergestellt aus 100% Baumwolle Hergestellt in der T\u00fcrkei Die GOTS-Zertifizierung von Fl\u00e2neur garantiert eine umwelt- und sozialvertr\u00e4gliche Produktion von den Rohstoffen bis zur Etikettierung und unterstreicht [...]","og_url":"https:\/\/www.voustensports.com\/de\/flaneur-logo-sweater-schwarz-39367\/","og_site_name":"Vousten Sports","article_modified_time":"2026-02-05T11:16:44+00:00","og_image":[{"width":2560,"height":2500,"url":"https:\/\/www.voustensports.com\/wp-content\/uploads\/2023\/06\/FLANEUR-Logo-Sweater-zwart-39367.png","type":"image\/png"}],"twitter_card":"summary_large_image","schema":{"@context":"https:\/\/schema.org","@graph":[{"@type":"WebPage","@id":"https:\/\/www.voustensports.com\/de\/flaneur-logo-sweater-schwarz-39367\/","url":"https:\/\/www.voustensports.com\/de\/flaneur-logo-sweater-schwarz-39367\/","name":"FL\u00c2NEUR - Logo Sweater schwarz (39367) - Vousten Sports","isPartOf":{"@id":"https:\/\/www.voustensports.com\/nl\/#website"},"primaryImageOfPage":{"@id":"https:\/\/www.voustensports.com\/de\/flaneur-logo-sweater-schwarz-39367\/#primaryimage"},"image":{"@id":"https:\/\/www.voustensports.com\/de\/flaneur-logo-sweater-schwarz-39367\/#primaryimage"},"thumbnailUrl":"https:\/\/www.voustensports.com\/wp-content\/uploads\/2023\/06\/FLANEUR-Logo-Sweater-zwart-39367.png","datePublished":"2024-07-06T14:39:18+00:00","dateModified":"2026-02-05T11:16:44+00:00","breadcrumb":{"@id":"https:\/\/www.voustensports.com\/de\/flaneur-logo-sweater-schwarz-39367\/#breadcrumb"},"inLanguage":"de-DE","potentialAction":[{"@type":"ReadAction","target":["https:\/\/www.voustensports.com\/de\/flaneur-logo-sweater-schwarz-39367\/"]}]},{"@type":"ImageObject","inLanguage":"de-DE","@id":"https:\/\/www.voustensports.com\/de\/flaneur-logo-sweater-schwarz-39367\/#primaryimage","url":"https:\/\/www.voustensports.com\/wp-content\/uploads\/2023\/06\/FLANEUR-Logo-Sweater-zwart-39367.png","contentUrl":"https:\/\/www.voustensports.com\/wp-content\/uploads\/2023\/06\/FLANEUR-Logo-Sweater-zwart-39367.png","width":2560,"height":2500},{"@type":"BreadcrumbList","@id":"https:\/\/www.voustensports.com\/de\/flaneur-logo-sweater-schwarz-39367\/#breadcrumb","itemListElement":[{"@type":"ListItem","position":1,"name":"Home","item":"https:\/\/www.voustensports.com\/de\/"},{"@type":"ListItem","position":2,"name":"Shop","item":"https:\/\/www.voustensports.com\/de\/shop\/"},{"@type":"ListItem","position":3,"name":"FL\u00c2NEUR &#8211; Logo Sweater schwarz (39367)"}]},{"@type":"WebSite","@id":"https:\/\/www.voustensports.com\/nl\/#website","url":"https:\/\/www.voustensports.com\/nl\/","name":"Vousten Sports","description":"","potentialAction":[{"@type":"SearchAction","target":{"@type":"EntryPoint","urlTemplate":"https:\/\/www.voustensports.com\/nl\/?s={search_term_string}"},"query-input":{"@type":"PropertyValueSpecification","valueRequired":true,"valueName":"search_term_string"}}],"inLanguage":"de-DE"}]}},"_links":{"self":[{"href":"https:\/\/www.voustensports.com\/de\/wp-json\/wp\/v2\/product\/179892","targetHints":{"allow":["GET"]}}],"collection":[{"href":"https:\/\/www.voustensports.com\/de\/wp-json\/wp\/v2\/product"}],"about":[{"href":"https:\/\/www.voustensports.com\/de\/wp-json\/wp\/v2\/types\/product"}],"replies":[{"embeddable":true,"href":"https:\/\/www.voustensports.com\/de\/wp-json\/wp\/v2\/comments?post=179892"}],"wp:featuredmedia":[{"embeddable":true,"href":"https:\/\/www.voustensports.com\/de\/wp-json\/wp\/v2\/media\/179876"}],"wp:attachment":[{"href":"https:\/\/www.voustensports.com\/de\/wp-json\/wp\/v2\/media?parent=179892"}],"wp:term":[{"taxonomy":"product_cat","embeddable":true,"href":"https:\/\/www.voustensports.com\/de\/wp-json\/wp\/v2\/product_cat?post=179892"},{"taxonomy":"product_tag","embeddable":true,"href":"https:\/\/www.voustensports.com\/de\/wp-json\/wp\/v2\/product_tag?post=179892"}],"curies":[{"name":"wp","href":"https:\/\/api.w.org\/{rel}","templated":true}]}}