{"id":179497,"date":"2024-07-05T11:32:35","date_gmt":"2024-07-05T09:32:35","guid":{"rendered":"https:\/\/www.voustensports.com\/flaneur-essential-logo-hoodie-blau-39368\/"},"modified":"2026-02-05T12:16:45","modified_gmt":"2026-02-05T11:16:45","slug":"flaneur-essential-logo-hoodie-blau-39368","status":"publish","type":"product","link":"https:\/\/www.voustensports.com\/de\/flaneur-essential-logo-hoodie-blau-39368\/","title":{"rendered":"FL\u00c2NEUR &#8211; Essential Logo Hoodie Blau (39368)"},"content":{"rendered":"<div>\n<div>Der Fl\u00e2neur Essential Logo Hoodie in Blau mit dem Fl\u00e2neur-Essential-Schriftzug auf der Brust. Regular Fit Silhouette, gefertigt aus feinstem, weichem Baumwolljersey.<\/div>\n<ul>\n<li>Gr\u00f6\u00dfe: Das Model ist 188cm gro\u00df und tr\u00e4gt Gr\u00f6\u00dfe L<\/li>\n<li>Zusammensetzung: 100% Baumwolle<\/li>\n<li>Hergestellt in der T\u00fcrkei<\/li>\n<\/ul>\n<div>Die GOTS-Zertifizierung von Fl\u00e2neur gew\u00e4hrleistet eine umwelt- und sozialvertr\u00e4gliche Produktion von den Rohstoffen bis zur Etikettierung und unterstreicht das unerm\u00fcdliche Engagement f\u00fcr Nachhaltigkeit und Qualit\u00e4t.<\/div>\n<\/div>\n<div><\/div>\n","protected":false},"excerpt":{"rendered":"<p>Der Fl\u00e2neur Essential Logo Hoodie in Blau mit dem Fl\u00e2neur-Essential-Schriftzug auf der Brust. Regular Fit Silhouette, gefertigt aus feinstem, weichem Baumwolljersey. Gr\u00f6\u00dfe: Das Model ist 188cm gro\u00df und tr\u00e4gt Gr\u00f6\u00dfe L Zusammensetzung: 100% Baumwolle Hergestellt in der T\u00fcrkei Die GOTS-Zertifizierung von Fl\u00e2neur gew\u00e4hrleistet eine umwelt- und sozialvertr\u00e4gliche Produktion von den Rohstoffen bis zur Etikettierung und [&#8230;]\n","protected":false},"featured_media":179665,"comment_status":"open","ping_status":"closed","template":"","meta":{"rank_math_lock_modified_date":false},"product_cat":[913,447,451,463,535,695,698,760],"product_tag":[],"class_list":{"0":"post-179497","1":"product","2":"type-product","3":"status-publish","4":"has-post-thumbnail","6":"product_cat-flaneur-de","7":"product_cat-kleding-de","8":"product_cat-heren-de","9":"product_cat-vousten-sports-de-2","10":"product_cat-truien-de-2","11":"product_cat-truien-vesten-de-2","12":"product_cat-sweaters-de-2","13":"product_cat-hoodies-de","15":"first","16":"outofstock","17":"taxable","18":"shipping-taxable","19":"purchasable","20":"product-type-variable"},"acf":[],"yoast_head":"<!-- This site is optimized with the Yoast SEO plugin v23.9 - https:\/\/yoast.com\/wordpress\/plugins\/seo\/ -->\n<title>FL\u00c2NEUR - Essential Logo Hoodie Blau (39368) - Vousten Sports<\/title>\n<meta name=\"robots\" content=\"index, follow, max-snippet:-1, max-image-preview:large, max-video-preview:-1\" \/>\n<link rel=\"canonical\" href=\"https:\/\/www.voustensports.com\/de\/flaneur-essential-logo-hoodie-blau-39368\/\" \/>\n<meta property=\"og:locale\" content=\"de_DE\" \/>\n<meta property=\"og:type\" content=\"article\" \/>\n<meta property=\"og:title\" content=\"FL\u00c2NEUR - Essential Logo Hoodie Blau (39368) - Vousten Sports\" \/>\n<meta property=\"og:description\" content=\"Der Fl\u00e2neur Essential Logo Hoodie in Blau mit dem Fl\u00e2neur-Essential-Schriftzug auf der Brust. Regular Fit Silhouette, gefertigt aus feinstem, weichem Baumwolljersey. Gr\u00f6\u00dfe: Das Model ist 188cm gro\u00df und tr\u00e4gt Gr\u00f6\u00dfe L Zusammensetzung: 100% Baumwolle Hergestellt in der T\u00fcrkei Die GOTS-Zertifizierung von Fl\u00e2neur gew\u00e4hrleistet eine umwelt- und sozialvertr\u00e4gliche Produktion von den Rohstoffen bis zur Etikettierung und [...]\" \/>\n<meta property=\"og:url\" content=\"https:\/\/www.voustensports.com\/de\/flaneur-essential-logo-hoodie-blau-39368\/\" \/>\n<meta property=\"og:site_name\" content=\"Vousten Sports\" \/>\n<meta property=\"article:modified_time\" content=\"2026-02-05T11:16:45+00:00\" \/>\n<meta property=\"og:image\" content=\"https:\/\/www.voustensports.com\/wp-content\/uploads\/2023\/06\/FLANEUR-Essential-Logo-Hoodie-.png\" \/>\n\t<meta property=\"og:image:width\" content=\"2560\" \/>\n\t<meta property=\"og:image:height\" content=\"2560\" \/>\n\t<meta property=\"og:image:type\" content=\"image\/png\" \/>\n<meta name=\"twitter:card\" content=\"summary_large_image\" \/>\n<script type=\"application\/ld+json\" class=\"yoast-schema-graph\">{\"@context\":\"https:\/\/schema.org\",\"@graph\":[{\"@type\":\"WebPage\",\"@id\":\"https:\/\/www.voustensports.com\/de\/flaneur-essential-logo-hoodie-blau-39368\/\",\"url\":\"https:\/\/www.voustensports.com\/de\/flaneur-essential-logo-hoodie-blau-39368\/\",\"name\":\"FL\u00c2NEUR - Essential Logo Hoodie Blau (39368) - Vousten Sports\",\"isPartOf\":{\"@id\":\"https:\/\/www.voustensports.com\/nl\/#website\"},\"primaryImageOfPage\":{\"@id\":\"https:\/\/www.voustensports.com\/de\/flaneur-essential-logo-hoodie-blau-39368\/#primaryimage\"},\"image\":{\"@id\":\"https:\/\/www.voustensports.com\/de\/flaneur-essential-logo-hoodie-blau-39368\/#primaryimage\"},\"thumbnailUrl\":\"https:\/\/www.voustensports.com\/wp-content\/uploads\/2023\/06\/FLANEUR-Essential-Logo-Hoodie-Blauw-39368-4.png\",\"datePublished\":\"2024-07-05T09:32:35+00:00\",\"dateModified\":\"2026-02-05T11:16:45+00:00\",\"breadcrumb\":{\"@id\":\"https:\/\/www.voustensports.com\/de\/flaneur-essential-logo-hoodie-blau-39368\/#breadcrumb\"},\"inLanguage\":\"de-DE\",\"potentialAction\":[{\"@type\":\"ReadAction\",\"target\":[\"https:\/\/www.voustensports.com\/de\/flaneur-essential-logo-hoodie-blau-39368\/\"]}]},{\"@type\":\"ImageObject\",\"inLanguage\":\"de-DE\",\"@id\":\"https:\/\/www.voustensports.com\/de\/flaneur-essential-logo-hoodie-blau-39368\/#primaryimage\",\"url\":\"https:\/\/www.voustensports.com\/wp-content\/uploads\/2023\/06\/FLANEUR-Essential-Logo-Hoodie-Blauw-39368-4.png\",\"contentUrl\":\"https:\/\/www.voustensports.com\/wp-content\/uploads\/2023\/06\/FLANEUR-Essential-Logo-Hoodie-Blauw-39368-4.png\",\"width\":2104,\"height\":2225},{\"@type\":\"BreadcrumbList\",\"@id\":\"https:\/\/www.voustensports.com\/de\/flaneur-essential-logo-hoodie-blau-39368\/#breadcrumb\",\"itemListElement\":[{\"@type\":\"ListItem\",\"position\":1,\"name\":\"Home\",\"item\":\"https:\/\/www.voustensports.com\/de\/\"},{\"@type\":\"ListItem\",\"position\":2,\"name\":\"Shop\",\"item\":\"https:\/\/www.voustensports.com\/de\/shop\/\"},{\"@type\":\"ListItem\",\"position\":3,\"name\":\"FL\u00c2NEUR &#8211; Essential Logo Hoodie Blau (39368)\"}]},{\"@type\":\"WebSite\",\"@id\":\"https:\/\/www.voustensports.com\/nl\/#website\",\"url\":\"https:\/\/www.voustensports.com\/nl\/\",\"name\":\"Vousten Sports\",\"description\":\"\",\"potentialAction\":[{\"@type\":\"SearchAction\",\"target\":{\"@type\":\"EntryPoint\",\"urlTemplate\":\"https:\/\/www.voustensports.com\/nl\/?s={search_term_string}\"},\"query-input\":{\"@type\":\"PropertyValueSpecification\",\"valueRequired\":true,\"valueName\":\"search_term_string\"}}],\"inLanguage\":\"de-DE\"}]}<\/script>\n<!-- \/ Yoast SEO plugin. -->","yoast_head_json":{"title":"FL\u00c2NEUR - Essential Logo Hoodie Blau (39368) - Vousten Sports","robots":{"index":"index","follow":"follow","max-snippet":"max-snippet:-1","max-image-preview":"max-image-preview:large","max-video-preview":"max-video-preview:-1"},"canonical":"https:\/\/www.voustensports.com\/de\/flaneur-essential-logo-hoodie-blau-39368\/","og_locale":"de_DE","og_type":"article","og_title":"FL\u00c2NEUR - Essential Logo Hoodie Blau (39368) - Vousten Sports","og_description":"Der Fl\u00e2neur Essential Logo Hoodie in Blau mit dem Fl\u00e2neur-Essential-Schriftzug auf der Brust. Regular Fit Silhouette, gefertigt aus feinstem, weichem Baumwolljersey. Gr\u00f6\u00dfe: Das Model ist 188cm gro\u00df und tr\u00e4gt Gr\u00f6\u00dfe L Zusammensetzung: 100% Baumwolle Hergestellt in der T\u00fcrkei Die GOTS-Zertifizierung von Fl\u00e2neur gew\u00e4hrleistet eine umwelt- und sozialvertr\u00e4gliche Produktion von den Rohstoffen bis zur Etikettierung und [...]","og_url":"https:\/\/www.voustensports.com\/de\/flaneur-essential-logo-hoodie-blau-39368\/","og_site_name":"Vousten Sports","article_modified_time":"2026-02-05T11:16:45+00:00","og_image":[{"width":2560,"height":2560,"url":"https:\/\/www.voustensports.com\/wp-content\/uploads\/2023\/06\/FLANEUR-Essential-Logo-Hoodie-.png","type":"image\/png"}],"twitter_card":"summary_large_image","schema":{"@context":"https:\/\/schema.org","@graph":[{"@type":"WebPage","@id":"https:\/\/www.voustensports.com\/de\/flaneur-essential-logo-hoodie-blau-39368\/","url":"https:\/\/www.voustensports.com\/de\/flaneur-essential-logo-hoodie-blau-39368\/","name":"FL\u00c2NEUR - Essential Logo Hoodie Blau (39368) - Vousten Sports","isPartOf":{"@id":"https:\/\/www.voustensports.com\/nl\/#website"},"primaryImageOfPage":{"@id":"https:\/\/www.voustensports.com\/de\/flaneur-essential-logo-hoodie-blau-39368\/#primaryimage"},"image":{"@id":"https:\/\/www.voustensports.com\/de\/flaneur-essential-logo-hoodie-blau-39368\/#primaryimage"},"thumbnailUrl":"https:\/\/www.voustensports.com\/wp-content\/uploads\/2023\/06\/FLANEUR-Essential-Logo-Hoodie-Blauw-39368-4.png","datePublished":"2024-07-05T09:32:35+00:00","dateModified":"2026-02-05T11:16:45+00:00","breadcrumb":{"@id":"https:\/\/www.voustensports.com\/de\/flaneur-essential-logo-hoodie-blau-39368\/#breadcrumb"},"inLanguage":"de-DE","potentialAction":[{"@type":"ReadAction","target":["https:\/\/www.voustensports.com\/de\/flaneur-essential-logo-hoodie-blau-39368\/"]}]},{"@type":"ImageObject","inLanguage":"de-DE","@id":"https:\/\/www.voustensports.com\/de\/flaneur-essential-logo-hoodie-blau-39368\/#primaryimage","url":"https:\/\/www.voustensports.com\/wp-content\/uploads\/2023\/06\/FLANEUR-Essential-Logo-Hoodie-Blauw-39368-4.png","contentUrl":"https:\/\/www.voustensports.com\/wp-content\/uploads\/2023\/06\/FLANEUR-Essential-Logo-Hoodie-Blauw-39368-4.png","width":2104,"height":2225},{"@type":"BreadcrumbList","@id":"https:\/\/www.voustensports.com\/de\/flaneur-essential-logo-hoodie-blau-39368\/#breadcrumb","itemListElement":[{"@type":"ListItem","position":1,"name":"Home","item":"https:\/\/www.voustensports.com\/de\/"},{"@type":"ListItem","position":2,"name":"Shop","item":"https:\/\/www.voustensports.com\/de\/shop\/"},{"@type":"ListItem","position":3,"name":"FL\u00c2NEUR &#8211; Essential Logo Hoodie Blau (39368)"}]},{"@type":"WebSite","@id":"https:\/\/www.voustensports.com\/nl\/#website","url":"https:\/\/www.voustensports.com\/nl\/","name":"Vousten Sports","description":"","potentialAction":[{"@type":"SearchAction","target":{"@type":"EntryPoint","urlTemplate":"https:\/\/www.voustensports.com\/nl\/?s={search_term_string}"},"query-input":{"@type":"PropertyValueSpecification","valueRequired":true,"valueName":"search_term_string"}}],"inLanguage":"de-DE"}]}},"_links":{"self":[{"href":"https:\/\/www.voustensports.com\/de\/wp-json\/wp\/v2\/product\/179497","targetHints":{"allow":["GET"]}}],"collection":[{"href":"https:\/\/www.voustensports.com\/de\/wp-json\/wp\/v2\/product"}],"about":[{"href":"https:\/\/www.voustensports.com\/de\/wp-json\/wp\/v2\/types\/product"}],"replies":[{"embeddable":true,"href":"https:\/\/www.voustensports.com\/de\/wp-json\/wp\/v2\/comments?post=179497"}],"wp:featuredmedia":[{"embeddable":true,"href":"https:\/\/www.voustensports.com\/de\/wp-json\/wp\/v2\/media\/179665"}],"wp:attachment":[{"href":"https:\/\/www.voustensports.com\/de\/wp-json\/wp\/v2\/media?parent=179497"}],"wp:term":[{"taxonomy":"product_cat","embeddable":true,"href":"https:\/\/www.voustensports.com\/de\/wp-json\/wp\/v2\/product_cat?post=179497"},{"taxonomy":"product_tag","embeddable":true,"href":"https:\/\/www.voustensports.com\/de\/wp-json\/wp\/v2\/product_tag?post=179497"}],"curies":[{"name":"wp","href":"https:\/\/api.w.org\/{rel}","templated":true}]}}