{"id":179106,"date":"2024-06-28T17:32:08","date_gmt":"2024-06-28T15:32:09","guid":{"rendered":"https:\/\/www.voustensports.com\/stone-island-weste-walnuss-39483\/"},"modified":"2026-02-05T12:19:14","modified_gmt":"2026-02-05T11:19:14","slug":"stone-island-weste-walnuss-39483","status":"publish","type":"product","link":"https:\/\/www.voustensports.com\/de\/stone-island-weste-walnuss-39483\/","title":{"rendered":"STONE ISLAND &#8211; NAHTLOSER TUNNEL NYLON DOWN -TC (39483)"},"content":{"rendered":"<div>PRODUKTDETAILS<\/div>\n<div>Daunenweste aus einlagigem, leicht dehnbarem Nylongewebe, das einer speziellen Webtechnik unterzogen wird, die automatisch die Federf\u00e4cher direkt vom Webstuhl herstellt. Die nahtlosen Federtunnel erh\u00f6hen den Halt der Daunen deutlich. Das fertige Kleidungsst\u00fcck wird durch Direkteinspritzung mit feinsten Federn gepolstert, die speziell behandelt wurden, um dem F\u00e4rben im St\u00fcck zu widerstehen. St\u00fcckgef\u00e4rbt mit Zusatz eines speziellen PFC-freien Anti-Drop-Mittels. RDS \u2013 Responsible Down Standard zertifiziert.<\/div>\n<div>STIL<\/div>\n<div>Daunengepolsterter Stehkragen.<\/div>\n<div>Schr\u00e4ge Eingrifftaschen mit Rei\u00dfverschluss.<\/div>\n<div>Schulter- und Seitenn\u00e4hte mit Nylonband eingefasst.<\/div>\n<div>Stone Island-Abzeichen links unten.<\/div>\n<div>Arml\u00f6cher mit Stretch-Nylonband eingefasst.<\/div>\n<div>Zwei-Wege-Rei\u00dfverschluss<\/div>\n<div>ZUSAMMENSETZUNG:<\/div>\n<div>Au\u00dfen: 84 % Polyamid\/Nylon, 16 % Elasthan\/Spandex. Innen: 84 % Polyamid\/Nylon, 16 % Elasthan\/Spandex. Polsterung: Entendaunen (mindestens 90 % Daunen), 90 % Entendaunen, 10 % Entenfedern. Enth\u00e4lt nichttextile Teile tierischen Ursprungs<\/div>\n<div>Stone Island-Nummer: G0828<\/div>\n<div>Farbnummer: V0075<\/div>\n<div>ID-Nr.: 39483<\/div>\n","protected":false},"excerpt":{"rendered":"<p>PRODUKTDETAILS Daunenweste aus einlagigem, leicht dehnbarem Nylongewebe, das einer speziellen Webtechnik unterzogen wird, die automatisch die Federf\u00e4cher direkt vom Webstuhl herstellt. Die nahtlosen Federtunnel erh\u00f6hen den Halt der Daunen deutlich. Das fertige Kleidungsst\u00fcck wird durch Direkteinspritzung mit feinsten Federn gepolstert, die speziell behandelt wurden, um dem F\u00e4rben im St\u00fcck zu widerstehen. St\u00fcckgef\u00e4rbt mit Zusatz eines [&#8230;]\n","protected":false},"featured_media":179090,"comment_status":"open","ping_status":"closed","template":"","meta":{"rank_math_lock_modified_date":false},"product_cat":[744,823,447,451,463,483,543,702,706],"product_tag":[],"class_list":{"0":"post-179106","1":"product","2":"type-product","3":"status-publish","4":"has-post-thumbnail","6":"product_cat-bodywarmers-de","7":"product_cat-bodywarmer-de","8":"product_cat-kleding-de","9":"product_cat-heren-de","10":"product_cat-vousten-sports-de-2","11":"product_cat-stone-island-de-2","12":"product_cat-jassen-de","13":"product_cat-jackets-de","14":"product_cat-jassen-jacks-de","16":"first","17":"outofstock","18":"taxable","19":"shipping-taxable","20":"purchasable","21":"product-type-variable"},"acf":[],"yoast_head":"<!-- This site is optimized with the Yoast SEO plugin v23.9 - https:\/\/yoast.com\/wordpress\/plugins\/seo\/ -->\n<title>STONE ISLAND - NAHTLOSER TUNNEL NYLON DOWN -TC (39483) - Vousten Sports<\/title>\n<meta name=\"robots\" content=\"index, follow, max-snippet:-1, max-image-preview:large, max-video-preview:-1\" \/>\n<link rel=\"canonical\" href=\"https:\/\/www.voustensports.com\/de\/stone-island-weste-walnuss-39483\/\" \/>\n<meta property=\"og:locale\" content=\"de_DE\" \/>\n<meta property=\"og:type\" content=\"article\" \/>\n<meta property=\"og:title\" content=\"STONE ISLAND - NAHTLOSER TUNNEL NYLON DOWN -TC (39483) - Vousten Sports\" \/>\n<meta property=\"og:description\" content=\"PRODUKTDETAILS Daunenweste aus einlagigem, leicht dehnbarem Nylongewebe, das einer speziellen Webtechnik unterzogen wird, die automatisch die Federf\u00e4cher direkt vom Webstuhl herstellt. Die nahtlosen Federtunnel erh\u00f6hen den Halt der Daunen deutlich. Das fertige Kleidungsst\u00fcck wird durch Direkteinspritzung mit feinsten Federn gepolstert, die speziell behandelt wurden, um dem F\u00e4rben im St\u00fcck zu widerstehen. St\u00fcckgef\u00e4rbt mit Zusatz eines [...]\" \/>\n<meta property=\"og:url\" content=\"https:\/\/www.voustensports.com\/de\/stone-island-weste-walnuss-39483\/\" \/>\n<meta property=\"og:site_name\" content=\"Vousten Sports\" \/>\n<meta property=\"article:modified_time\" content=\"2026-02-05T11:19:14+00:00\" \/>\n<meta property=\"og:image\" content=\"https:\/\/www.voustensports.com\/wp-content\/uploads\/2023\/06\/Bodywarmer-walnoot-39483-1.jpg\" \/>\n\t<meta property=\"og:image:width\" content=\"1365\" \/>\n\t<meta property=\"og:image:height\" content=\"2048\" \/>\n\t<meta property=\"og:image:type\" content=\"image\/jpeg\" \/>\n<meta name=\"twitter:card\" content=\"summary_large_image\" \/>\n<meta name=\"twitter:label1\" content=\"Est. reading time\" \/>\n\t<meta name=\"twitter:data1\" content=\"1 Minute\" \/>\n<script type=\"application\/ld+json\" class=\"yoast-schema-graph\">{\"@context\":\"https:\/\/schema.org\",\"@graph\":[{\"@type\":\"WebPage\",\"@id\":\"https:\/\/www.voustensports.com\/de\/stone-island-weste-walnuss-39483\/\",\"url\":\"https:\/\/www.voustensports.com\/de\/stone-island-weste-walnuss-39483\/\",\"name\":\"STONE ISLAND - NAHTLOSER TUNNEL NYLON DOWN -TC (39483) - Vousten Sports\",\"isPartOf\":{\"@id\":\"https:\/\/www.voustensports.com\/nl\/#website\"},\"primaryImageOfPage\":{\"@id\":\"https:\/\/www.voustensports.com\/de\/stone-island-weste-walnuss-39483\/#primaryimage\"},\"image\":{\"@id\":\"https:\/\/www.voustensports.com\/de\/stone-island-weste-walnuss-39483\/#primaryimage\"},\"thumbnailUrl\":\"https:\/\/www.voustensports.com\/wp-content\/uploads\/2023\/06\/Bodywarmer-walnoot-39483-1.jpg\",\"datePublished\":\"2024-06-28T15:32:09+00:00\",\"dateModified\":\"2026-02-05T11:19:14+00:00\",\"breadcrumb\":{\"@id\":\"https:\/\/www.voustensports.com\/de\/stone-island-weste-walnuss-39483\/#breadcrumb\"},\"inLanguage\":\"de-DE\",\"potentialAction\":[{\"@type\":\"ReadAction\",\"target\":[\"https:\/\/www.voustensports.com\/de\/stone-island-weste-walnuss-39483\/\"]}]},{\"@type\":\"ImageObject\",\"inLanguage\":\"de-DE\",\"@id\":\"https:\/\/www.voustensports.com\/de\/stone-island-weste-walnuss-39483\/#primaryimage\",\"url\":\"https:\/\/www.voustensports.com\/wp-content\/uploads\/2023\/06\/Bodywarmer-walnoot-39483-1.jpg\",\"contentUrl\":\"https:\/\/www.voustensports.com\/wp-content\/uploads\/2023\/06\/Bodywarmer-walnoot-39483-1.jpg\",\"width\":1365,\"height\":2048},{\"@type\":\"BreadcrumbList\",\"@id\":\"https:\/\/www.voustensports.com\/de\/stone-island-weste-walnuss-39483\/#breadcrumb\",\"itemListElement\":[{\"@type\":\"ListItem\",\"position\":1,\"name\":\"Home\",\"item\":\"https:\/\/www.voustensports.com\/de\/\"},{\"@type\":\"ListItem\",\"position\":2,\"name\":\"Shop\",\"item\":\"https:\/\/www.voustensports.com\/de\/shop\/\"},{\"@type\":\"ListItem\",\"position\":3,\"name\":\"STONE ISLAND &#8211; NAHTLOSER TUNNEL NYLON DOWN -TC (39483)\"}]},{\"@type\":\"WebSite\",\"@id\":\"https:\/\/www.voustensports.com\/nl\/#website\",\"url\":\"https:\/\/www.voustensports.com\/nl\/\",\"name\":\"Vousten Sports\",\"description\":\"\",\"potentialAction\":[{\"@type\":\"SearchAction\",\"target\":{\"@type\":\"EntryPoint\",\"urlTemplate\":\"https:\/\/www.voustensports.com\/nl\/?s={search_term_string}\"},\"query-input\":{\"@type\":\"PropertyValueSpecification\",\"valueRequired\":true,\"valueName\":\"search_term_string\"}}],\"inLanguage\":\"de-DE\"}]}<\/script>\n<!-- \/ Yoast SEO plugin. -->","yoast_head_json":{"title":"STONE ISLAND - NAHTLOSER TUNNEL NYLON DOWN -TC (39483) - Vousten Sports","robots":{"index":"index","follow":"follow","max-snippet":"max-snippet:-1","max-image-preview":"max-image-preview:large","max-video-preview":"max-video-preview:-1"},"canonical":"https:\/\/www.voustensports.com\/de\/stone-island-weste-walnuss-39483\/","og_locale":"de_DE","og_type":"article","og_title":"STONE ISLAND - NAHTLOSER TUNNEL NYLON DOWN -TC (39483) - Vousten Sports","og_description":"PRODUKTDETAILS Daunenweste aus einlagigem, leicht dehnbarem Nylongewebe, das einer speziellen Webtechnik unterzogen wird, die automatisch die Federf\u00e4cher direkt vom Webstuhl herstellt. Die nahtlosen Federtunnel erh\u00f6hen den Halt der Daunen deutlich. Das fertige Kleidungsst\u00fcck wird durch Direkteinspritzung mit feinsten Federn gepolstert, die speziell behandelt wurden, um dem F\u00e4rben im St\u00fcck zu widerstehen. St\u00fcckgef\u00e4rbt mit Zusatz eines [...]","og_url":"https:\/\/www.voustensports.com\/de\/stone-island-weste-walnuss-39483\/","og_site_name":"Vousten Sports","article_modified_time":"2026-02-05T11:19:14+00:00","og_image":[{"width":1365,"height":2048,"url":"https:\/\/www.voustensports.com\/wp-content\/uploads\/2023\/06\/Bodywarmer-walnoot-39483-1.jpg","type":"image\/jpeg"}],"twitter_card":"summary_large_image","twitter_misc":{"Est. reading time":"1 Minute"},"schema":{"@context":"https:\/\/schema.org","@graph":[{"@type":"WebPage","@id":"https:\/\/www.voustensports.com\/de\/stone-island-weste-walnuss-39483\/","url":"https:\/\/www.voustensports.com\/de\/stone-island-weste-walnuss-39483\/","name":"STONE ISLAND - NAHTLOSER TUNNEL NYLON DOWN -TC (39483) - Vousten Sports","isPartOf":{"@id":"https:\/\/www.voustensports.com\/nl\/#website"},"primaryImageOfPage":{"@id":"https:\/\/www.voustensports.com\/de\/stone-island-weste-walnuss-39483\/#primaryimage"},"image":{"@id":"https:\/\/www.voustensports.com\/de\/stone-island-weste-walnuss-39483\/#primaryimage"},"thumbnailUrl":"https:\/\/www.voustensports.com\/wp-content\/uploads\/2023\/06\/Bodywarmer-walnoot-39483-1.jpg","datePublished":"2024-06-28T15:32:09+00:00","dateModified":"2026-02-05T11:19:14+00:00","breadcrumb":{"@id":"https:\/\/www.voustensports.com\/de\/stone-island-weste-walnuss-39483\/#breadcrumb"},"inLanguage":"de-DE","potentialAction":[{"@type":"ReadAction","target":["https:\/\/www.voustensports.com\/de\/stone-island-weste-walnuss-39483\/"]}]},{"@type":"ImageObject","inLanguage":"de-DE","@id":"https:\/\/www.voustensports.com\/de\/stone-island-weste-walnuss-39483\/#primaryimage","url":"https:\/\/www.voustensports.com\/wp-content\/uploads\/2023\/06\/Bodywarmer-walnoot-39483-1.jpg","contentUrl":"https:\/\/www.voustensports.com\/wp-content\/uploads\/2023\/06\/Bodywarmer-walnoot-39483-1.jpg","width":1365,"height":2048},{"@type":"BreadcrumbList","@id":"https:\/\/www.voustensports.com\/de\/stone-island-weste-walnuss-39483\/#breadcrumb","itemListElement":[{"@type":"ListItem","position":1,"name":"Home","item":"https:\/\/www.voustensports.com\/de\/"},{"@type":"ListItem","position":2,"name":"Shop","item":"https:\/\/www.voustensports.com\/de\/shop\/"},{"@type":"ListItem","position":3,"name":"STONE ISLAND &#8211; NAHTLOSER TUNNEL NYLON DOWN -TC (39483)"}]},{"@type":"WebSite","@id":"https:\/\/www.voustensports.com\/nl\/#website","url":"https:\/\/www.voustensports.com\/nl\/","name":"Vousten Sports","description":"","potentialAction":[{"@type":"SearchAction","target":{"@type":"EntryPoint","urlTemplate":"https:\/\/www.voustensports.com\/nl\/?s={search_term_string}"},"query-input":{"@type":"PropertyValueSpecification","valueRequired":true,"valueName":"search_term_string"}}],"inLanguage":"de-DE"}]}},"_links":{"self":[{"href":"https:\/\/www.voustensports.com\/de\/wp-json\/wp\/v2\/product\/179106","targetHints":{"allow":["GET"]}}],"collection":[{"href":"https:\/\/www.voustensports.com\/de\/wp-json\/wp\/v2\/product"}],"about":[{"href":"https:\/\/www.voustensports.com\/de\/wp-json\/wp\/v2\/types\/product"}],"replies":[{"embeddable":true,"href":"https:\/\/www.voustensports.com\/de\/wp-json\/wp\/v2\/comments?post=179106"}],"wp:featuredmedia":[{"embeddable":true,"href":"https:\/\/www.voustensports.com\/de\/wp-json\/wp\/v2\/media\/179090"}],"wp:attachment":[{"href":"https:\/\/www.voustensports.com\/de\/wp-json\/wp\/v2\/media?parent=179106"}],"wp:term":[{"taxonomy":"product_cat","embeddable":true,"href":"https:\/\/www.voustensports.com\/de\/wp-json\/wp\/v2\/product_cat?post=179106"},{"taxonomy":"product_tag","embeddable":true,"href":"https:\/\/www.voustensports.com\/de\/wp-json\/wp\/v2\/product_tag?post=179106"}],"curies":[{"name":"wp","href":"https:\/\/api.w.org\/{rel}","templated":true}]}}