{"id":176977,"date":"2024-06-15T13:46:12","date_gmt":"2024-06-15T11:46:12","guid":{"rendered":"https:\/\/www.voustensports.com\/stone-island-t-shirt-walnoot-39495-2\/"},"modified":"2026-02-05T12:19:32","modified_gmt":"2026-02-05T11:19:32","slug":"stone-island-t-shirt-walnoot-39495-2","status":"publish","type":"product","link":"https:\/\/www.voustensports.com\/de\/stone-island-t-shirt-walnoot-39495-2\/","title":{"rendered":"STONE ISLAND &#8211; BAUMWOLLJERSEY \u201eINSTITUTIONAL FOUR\u201c-DRUCK, ST\u00dcCKGEF\u00c4RBTES WALNUSS (39495)"},"content":{"rendered":"<div>PRODUKTDETAILS<\/div>\n<div>\u201eINSTITUTIONAL FOUR\u201c-DRUCK AUS BAUMWOLLJERSEY, ST\u00dcCKGEF\u00c4RBT: Kurz\u00e4rmliges T-Shirt aus Baumwolljersey. Kleidungsst\u00fcck gef\u00e4rbt.<\/div>\n<div><\/div>\n<div>STIL<\/div>\n<div>Schlanke Passform. Gerippter Ausschnitt. Kleiner Aufdruck des Stone Island-Logos mittig auf der Brust. Auf der R\u00fcckseite: \u201eInstitutional Four\u201c-Druckmotiv, die gro\u00dfe, erhabene gummierte Applikation des Stone Island Compass-Logos mit kontrastierendem Farbprofil.<\/div>\n<div><\/div>\n<div>KOMPOSITION<\/div>\n<div>100% Baumwolle<\/div>\n<div><\/div>\n<div>Stone Island-Nummer: 2NS81<\/div>\n<div>Farbnummer: V0075<\/div>\n<div>ID-Nr.: 39495<\/div>\n","protected":false},"excerpt":{"rendered":"<p>PRODUKTDETAILS \u201eINSTITUTIONAL FOUR\u201c-DRUCK AUS BAUMWOLLJERSEY, ST\u00dcCKGEF\u00c4RBT: Kurz\u00e4rmliges T-Shirt aus Baumwolljersey. Kleidungsst\u00fcck gef\u00e4rbt. STIL Schlanke Passform. Gerippter Ausschnitt. Kleiner Aufdruck des Stone Island-Logos mittig auf der Brust. Auf der R\u00fcckseite: \u201eInstitutional Four\u201c-Druckmotiv, die gro\u00dfe, erhabene gummierte Applikation des Stone Island Compass-Logos mit kontrastierendem Farbprofil. KOMPOSITION 100% Baumwolle Stone Island-Nummer: 2NS81 Farbnummer: V0075 ID-Nr.: 39495<\/p>\n","protected":false},"featured_media":176997,"comment_status":"open","ping_status":"closed","template":"","meta":{"rank_math_lock_modified_date":false},"product_cat":[483,487,491,447,451,463],"product_tag":[],"class_list":{"0":"post-176977","1":"product","2":"type-product","3":"status-publish","4":"has-post-thumbnail","6":"product_cat-stone-island-de-2","7":"product_cat-shirt-de-2","8":"product_cat-t-shirts-de-2","9":"product_cat-kleding-de","10":"product_cat-heren-de","11":"product_cat-vousten-sports-de-2","13":"first","14":"outofstock","15":"taxable","16":"shipping-taxable","17":"purchasable","18":"product-type-variable"},"acf":[],"yoast_head":"<!-- This site is optimized with the Yoast SEO plugin v23.9 - https:\/\/yoast.com\/wordpress\/plugins\/seo\/ -->\n<title>STONE ISLAND - BAUMWOLLJERSEY \u201eINSTITUTIONAL FOUR\u201c-DRUCK, ST\u00dcCKGEF\u00c4RBTES WALNUSS (39495) - Vousten Sports<\/title>\n<meta name=\"robots\" content=\"index, follow, max-snippet:-1, max-image-preview:large, max-video-preview:-1\" \/>\n<link rel=\"canonical\" href=\"https:\/\/www.voustensports.com\/de\/stone-island-t-shirt-walnoot-39495-2\/\" \/>\n<meta property=\"og:locale\" content=\"de_DE\" \/>\n<meta property=\"og:type\" content=\"article\" \/>\n<meta property=\"og:title\" content=\"STONE ISLAND - BAUMWOLLJERSEY \u201eINSTITUTIONAL FOUR\u201c-DRUCK, ST\u00dcCKGEF\u00c4RBTES WALNUSS (39495) - Vousten Sports\" \/>\n<meta property=\"og:description\" content=\"PRODUKTDETAILS \u201eINSTITUTIONAL FOUR\u201c-DRUCK AUS BAUMWOLLJERSEY, ST\u00dcCKGEF\u00c4RBT: Kurz\u00e4rmliges T-Shirt aus Baumwolljersey. Kleidungsst\u00fcck gef\u00e4rbt. STIL Schlanke Passform. Gerippter Ausschnitt. Kleiner Aufdruck des Stone Island-Logos mittig auf der Brust. Auf der R\u00fcckseite: \u201eInstitutional Four\u201c-Druckmotiv, die gro\u00dfe, erhabene gummierte Applikation des Stone Island Compass-Logos mit kontrastierendem Farbprofil. KOMPOSITION 100% Baumwolle Stone Island-Nummer: 2NS81 Farbnummer: V0075 ID-Nr.: 39495\" \/>\n<meta property=\"og:url\" content=\"https:\/\/www.voustensports.com\/de\/stone-island-t-shirt-walnoot-39495-2\/\" \/>\n<meta property=\"og:site_name\" content=\"Vousten Sports\" \/>\n<meta property=\"article:modified_time\" content=\"2026-02-05T11:19:32+00:00\" \/>\n<meta property=\"og:image\" content=\"https:\/\/www.voustensports.com\/wp-content\/uploads\/2023\/06\/T-shirt-walnoot-39495-1.jpg\" \/>\n\t<meta property=\"og:image:width\" content=\"1365\" \/>\n\t<meta property=\"og:image:height\" content=\"2048\" \/>\n\t<meta property=\"og:image:type\" content=\"image\/jpeg\" \/>\n<meta name=\"twitter:card\" content=\"summary_large_image\" \/>\n<script type=\"application\/ld+json\" class=\"yoast-schema-graph\">{\"@context\":\"https:\/\/schema.org\",\"@graph\":[{\"@type\":\"WebPage\",\"@id\":\"https:\/\/www.voustensports.com\/de\/stone-island-t-shirt-walnoot-39495-2\/\",\"url\":\"https:\/\/www.voustensports.com\/de\/stone-island-t-shirt-walnoot-39495-2\/\",\"name\":\"STONE ISLAND - BAUMWOLLJERSEY \u201eINSTITUTIONAL FOUR\u201c-DRUCK, ST\u00dcCKGEF\u00c4RBTES WALNUSS (39495) - Vousten Sports\",\"isPartOf\":{\"@id\":\"https:\/\/www.voustensports.com\/nl\/#website\"},\"primaryImageOfPage\":{\"@id\":\"https:\/\/www.voustensports.com\/de\/stone-island-t-shirt-walnoot-39495-2\/#primaryimage\"},\"image\":{\"@id\":\"https:\/\/www.voustensports.com\/de\/stone-island-t-shirt-walnoot-39495-2\/#primaryimage\"},\"thumbnailUrl\":\"https:\/\/www.voustensports.com\/wp-content\/uploads\/2023\/06\/T-shirt-walnoot-39495-1.jpg\",\"datePublished\":\"2024-06-15T11:46:12+00:00\",\"dateModified\":\"2026-02-05T11:19:32+00:00\",\"breadcrumb\":{\"@id\":\"https:\/\/www.voustensports.com\/de\/stone-island-t-shirt-walnoot-39495-2\/#breadcrumb\"},\"inLanguage\":\"de-DE\",\"potentialAction\":[{\"@type\":\"ReadAction\",\"target\":[\"https:\/\/www.voustensports.com\/de\/stone-island-t-shirt-walnoot-39495-2\/\"]}]},{\"@type\":\"ImageObject\",\"inLanguage\":\"de-DE\",\"@id\":\"https:\/\/www.voustensports.com\/de\/stone-island-t-shirt-walnoot-39495-2\/#primaryimage\",\"url\":\"https:\/\/www.voustensports.com\/wp-content\/uploads\/2023\/06\/T-shirt-walnoot-39495-1.jpg\",\"contentUrl\":\"https:\/\/www.voustensports.com\/wp-content\/uploads\/2023\/06\/T-shirt-walnoot-39495-1.jpg\",\"width\":1365,\"height\":2048},{\"@type\":\"BreadcrumbList\",\"@id\":\"https:\/\/www.voustensports.com\/de\/stone-island-t-shirt-walnoot-39495-2\/#breadcrumb\",\"itemListElement\":[{\"@type\":\"ListItem\",\"position\":1,\"name\":\"Home\",\"item\":\"https:\/\/www.voustensports.com\/de\/\"},{\"@type\":\"ListItem\",\"position\":2,\"name\":\"Shop\",\"item\":\"https:\/\/www.voustensports.com\/de\/shop\/\"},{\"@type\":\"ListItem\",\"position\":3,\"name\":\"STONE ISLAND &#8211; BAUMWOLLJERSEY \u201eINSTITUTIONAL FOUR\u201c-DRUCK, ST\u00dcCKGEF\u00c4RBTES WALNUSS (39495)\"}]},{\"@type\":\"WebSite\",\"@id\":\"https:\/\/www.voustensports.com\/nl\/#website\",\"url\":\"https:\/\/www.voustensports.com\/nl\/\",\"name\":\"Vousten Sports\",\"description\":\"\",\"potentialAction\":[{\"@type\":\"SearchAction\",\"target\":{\"@type\":\"EntryPoint\",\"urlTemplate\":\"https:\/\/www.voustensports.com\/nl\/?s={search_term_string}\"},\"query-input\":{\"@type\":\"PropertyValueSpecification\",\"valueRequired\":true,\"valueName\":\"search_term_string\"}}],\"inLanguage\":\"de-DE\"}]}<\/script>\n<!-- \/ Yoast SEO plugin. -->","yoast_head_json":{"title":"STONE ISLAND - BAUMWOLLJERSEY \u201eINSTITUTIONAL FOUR\u201c-DRUCK, ST\u00dcCKGEF\u00c4RBTES WALNUSS (39495) - Vousten Sports","robots":{"index":"index","follow":"follow","max-snippet":"max-snippet:-1","max-image-preview":"max-image-preview:large","max-video-preview":"max-video-preview:-1"},"canonical":"https:\/\/www.voustensports.com\/de\/stone-island-t-shirt-walnoot-39495-2\/","og_locale":"de_DE","og_type":"article","og_title":"STONE ISLAND - BAUMWOLLJERSEY \u201eINSTITUTIONAL FOUR\u201c-DRUCK, ST\u00dcCKGEF\u00c4RBTES WALNUSS (39495) - Vousten Sports","og_description":"PRODUKTDETAILS \u201eINSTITUTIONAL FOUR\u201c-DRUCK AUS BAUMWOLLJERSEY, ST\u00dcCKGEF\u00c4RBT: Kurz\u00e4rmliges T-Shirt aus Baumwolljersey. Kleidungsst\u00fcck gef\u00e4rbt. STIL Schlanke Passform. Gerippter Ausschnitt. Kleiner Aufdruck des Stone Island-Logos mittig auf der Brust. Auf der R\u00fcckseite: \u201eInstitutional Four\u201c-Druckmotiv, die gro\u00dfe, erhabene gummierte Applikation des Stone Island Compass-Logos mit kontrastierendem Farbprofil. KOMPOSITION 100% Baumwolle Stone Island-Nummer: 2NS81 Farbnummer: V0075 ID-Nr.: 39495","og_url":"https:\/\/www.voustensports.com\/de\/stone-island-t-shirt-walnoot-39495-2\/","og_site_name":"Vousten Sports","article_modified_time":"2026-02-05T11:19:32+00:00","og_image":[{"width":1365,"height":2048,"url":"https:\/\/www.voustensports.com\/wp-content\/uploads\/2023\/06\/T-shirt-walnoot-39495-1.jpg","type":"image\/jpeg"}],"twitter_card":"summary_large_image","schema":{"@context":"https:\/\/schema.org","@graph":[{"@type":"WebPage","@id":"https:\/\/www.voustensports.com\/de\/stone-island-t-shirt-walnoot-39495-2\/","url":"https:\/\/www.voustensports.com\/de\/stone-island-t-shirt-walnoot-39495-2\/","name":"STONE ISLAND - BAUMWOLLJERSEY \u201eINSTITUTIONAL FOUR\u201c-DRUCK, ST\u00dcCKGEF\u00c4RBTES WALNUSS (39495) - Vousten Sports","isPartOf":{"@id":"https:\/\/www.voustensports.com\/nl\/#website"},"primaryImageOfPage":{"@id":"https:\/\/www.voustensports.com\/de\/stone-island-t-shirt-walnoot-39495-2\/#primaryimage"},"image":{"@id":"https:\/\/www.voustensports.com\/de\/stone-island-t-shirt-walnoot-39495-2\/#primaryimage"},"thumbnailUrl":"https:\/\/www.voustensports.com\/wp-content\/uploads\/2023\/06\/T-shirt-walnoot-39495-1.jpg","datePublished":"2024-06-15T11:46:12+00:00","dateModified":"2026-02-05T11:19:32+00:00","breadcrumb":{"@id":"https:\/\/www.voustensports.com\/de\/stone-island-t-shirt-walnoot-39495-2\/#breadcrumb"},"inLanguage":"de-DE","potentialAction":[{"@type":"ReadAction","target":["https:\/\/www.voustensports.com\/de\/stone-island-t-shirt-walnoot-39495-2\/"]}]},{"@type":"ImageObject","inLanguage":"de-DE","@id":"https:\/\/www.voustensports.com\/de\/stone-island-t-shirt-walnoot-39495-2\/#primaryimage","url":"https:\/\/www.voustensports.com\/wp-content\/uploads\/2023\/06\/T-shirt-walnoot-39495-1.jpg","contentUrl":"https:\/\/www.voustensports.com\/wp-content\/uploads\/2023\/06\/T-shirt-walnoot-39495-1.jpg","width":1365,"height":2048},{"@type":"BreadcrumbList","@id":"https:\/\/www.voustensports.com\/de\/stone-island-t-shirt-walnoot-39495-2\/#breadcrumb","itemListElement":[{"@type":"ListItem","position":1,"name":"Home","item":"https:\/\/www.voustensports.com\/de\/"},{"@type":"ListItem","position":2,"name":"Shop","item":"https:\/\/www.voustensports.com\/de\/shop\/"},{"@type":"ListItem","position":3,"name":"STONE ISLAND &#8211; BAUMWOLLJERSEY \u201eINSTITUTIONAL FOUR\u201c-DRUCK, ST\u00dcCKGEF\u00c4RBTES WALNUSS (39495)"}]},{"@type":"WebSite","@id":"https:\/\/www.voustensports.com\/nl\/#website","url":"https:\/\/www.voustensports.com\/nl\/","name":"Vousten Sports","description":"","potentialAction":[{"@type":"SearchAction","target":{"@type":"EntryPoint","urlTemplate":"https:\/\/www.voustensports.com\/nl\/?s={search_term_string}"},"query-input":{"@type":"PropertyValueSpecification","valueRequired":true,"valueName":"search_term_string"}}],"inLanguage":"de-DE"}]}},"_links":{"self":[{"href":"https:\/\/www.voustensports.com\/de\/wp-json\/wp\/v2\/product\/176977","targetHints":{"allow":["GET"]}}],"collection":[{"href":"https:\/\/www.voustensports.com\/de\/wp-json\/wp\/v2\/product"}],"about":[{"href":"https:\/\/www.voustensports.com\/de\/wp-json\/wp\/v2\/types\/product"}],"replies":[{"embeddable":true,"href":"https:\/\/www.voustensports.com\/de\/wp-json\/wp\/v2\/comments?post=176977"}],"wp:featuredmedia":[{"embeddable":true,"href":"https:\/\/www.voustensports.com\/de\/wp-json\/wp\/v2\/media\/176997"}],"wp:attachment":[{"href":"https:\/\/www.voustensports.com\/de\/wp-json\/wp\/v2\/media?parent=176977"}],"wp:term":[{"taxonomy":"product_cat","embeddable":true,"href":"https:\/\/www.voustensports.com\/de\/wp-json\/wp\/v2\/product_cat?post=176977"},{"taxonomy":"product_tag","embeddable":true,"href":"https:\/\/www.voustensports.com\/de\/wp-json\/wp\/v2\/product_tag?post=176977"}],"curies":[{"name":"wp","href":"https:\/\/api.w.org\/{rel}","templated":true}]}}