{"id":176781,"date":"2024-06-10T13:32:18","date_gmt":"2024-06-10T11:32:18","guid":{"rendered":"https:\/\/www.voustensports.com\/valenza-t-shirt-dunkelgrau-39557\/"},"modified":"2026-02-05T12:19:51","modified_gmt":"2026-02-05T11:19:51","slug":"valenza-t-shirt-dunkelgrau-39557","status":"publish","type":"product","link":"https:\/\/www.voustensports.com\/de\/valenza-t-shirt-dunkelgrau-39557\/","title":{"rendered":"VALENZA &#8211; T-Shirt dunkelgrau (39557)"},"content":{"rendered":"<p class=\"p1\"><strong>Produktinformationen<\/strong><\/p>\n<ul>\n<li>Ma\u00dfgeschneidertes T-shirt<\/li>\n<li>Kurz\u00e4rmelig<\/li>\n<li>Polokragen<\/li>\n<\/ul>\n<p class=\"p1\"><strong>Materialinfo<\/strong><\/p>\n<p class=\"p1\">Stoff:<\/p>\n<ul>\n<li>Interlock Supima-Baumwolle<\/li>\n<li>Made in Italy<\/li>\n<li>Zusammensetzung: 100% Baumwolle<\/li>\n<li>Gewicht: 190 g\/m\u00b2<\/li>\n<\/ul>\n<p class=\"p1\">Kn\u00f6pfe:<\/p>\n<ul>\n<li>Trokas-Perlmutt<\/li>\n<li>Made in Italy<\/li>\n<li>Zusammensetzung: 100% Perlmutt<\/li>\n<li>Dicke: 3 mm<\/li>\n<li>Revers: 18<\/li>\n<\/ul>\n<p class=\"p1\">Etiketten und H\u00e4ngeschildchen:<\/p>\n<ul>\n<li>Etiketten aus recycelter Baumwolle<\/li>\n<li>H\u00e4ngeschildchen aus recyceltem Papier<\/li>\n<li>Made in Italy<\/li>\n<\/ul>\n<p class=\"p1\"><strong>Produktionsstandort<\/strong><\/p>\n<p class=\"p1\">Produziert in den Marken, Italien. Zertifiziert 100% Made in Italy. Alle Schritte im Zusammenhang mit der Herstellung dieses Hemdes fanden in den Marken, Italien, nach handwerklichen Verfahren statt.<\/p>\n<p class=\"p1\">\u2013 Maschinenw\u00e4sche bei 40 Grad<\/p>\n<p class=\"p1\">\u2013 Verwenden Sie kein Bleichmittel<\/p>\n<p class=\"p1\">\u2013 Flach trocknen<\/p>\n<p class=\"p1\">\u2013 B\u00fcgeln bei geringer Hitze<\/p>\n<p class=\"p1\">\u2013 Chemische Reinigung in jedem L\u00f6sungsmittel au\u00dfer Trichlorethylen<\/p>\n<p class=\"p1\">\u2013 Nicht im W\u00e4schetrockner trocknen<\/p>\n","protected":false},"excerpt":{"rendered":"<p>Produktinformationen Ma\u00dfgeschneidertes T-shirt Kurz\u00e4rmelig Polokragen Materialinfo Stoff: Interlock Supima-Baumwolle Made in Italy Zusammensetzung: 100% Baumwolle Gewicht: 190 g\/m\u00b2 Kn\u00f6pfe: Trokas-Perlmutt Made in Italy Zusammensetzung: 100% Perlmutt Dicke: 3 mm Revers: 18 Etiketten und H\u00e4ngeschildchen: Etiketten aus recycelter Baumwolle H\u00e4ngeschildchen aus recyceltem Papier Made in Italy Produktionsstandort Produziert in den Marken, Italien. Zertifiziert 100% Made in [&#8230;]\n","protected":false},"featured_media":176761,"comment_status":"open","ping_status":"closed","template":"","meta":{"rank_math_lock_modified_date":false},"product_cat":[487,491,779,447,451,463],"product_tag":[],"class_list":{"0":"post-176781","1":"product","2":"type-product","3":"status-publish","4":"has-post-thumbnail","6":"product_cat-shirt-de-2","7":"product_cat-t-shirts-de-2","8":"product_cat-valenza-de","9":"product_cat-kleding-de","10":"product_cat-heren-de","11":"product_cat-vousten-sports-de-2","13":"first","14":"instock","15":"taxable","16":"shipping-taxable","17":"purchasable","18":"product-type-variable"},"acf":[],"yoast_head":"<!-- This site is optimized with the Yoast SEO plugin v23.9 - https:\/\/yoast.com\/wordpress\/plugins\/seo\/ -->\n<title>VALENZA - T-Shirt dunkelgrau (39557) - Vousten Sports<\/title>\n<meta name=\"robots\" content=\"index, follow, max-snippet:-1, max-image-preview:large, max-video-preview:-1\" \/>\n<link rel=\"canonical\" href=\"https:\/\/www.voustensports.com\/de\/valenza-t-shirt-dunkelgrau-39557\/\" \/>\n<meta property=\"og:locale\" content=\"de_DE\" \/>\n<meta property=\"og:type\" content=\"article\" \/>\n<meta property=\"og:title\" content=\"VALENZA - T-Shirt dunkelgrau (39557) - Vousten Sports\" \/>\n<meta property=\"og:description\" content=\"Produktinformationen Ma\u00dfgeschneidertes T-shirt Kurz\u00e4rmelig Polokragen Materialinfo Stoff: Interlock Supima-Baumwolle Made in Italy Zusammensetzung: 100% Baumwolle Gewicht: 190 g\/m\u00b2 Kn\u00f6pfe: Trokas-Perlmutt Made in Italy Zusammensetzung: 100% Perlmutt Dicke: 3 mm Revers: 18 Etiketten und H\u00e4ngeschildchen: Etiketten aus recycelter Baumwolle H\u00e4ngeschildchen aus recyceltem Papier Made in Italy Produktionsstandort Produziert in den Marken, Italien. Zertifiziert 100% Made in [...]\" \/>\n<meta property=\"og:url\" content=\"https:\/\/www.voustensports.com\/de\/valenza-t-shirt-dunkelgrau-39557\/\" \/>\n<meta property=\"og:site_name\" content=\"Vousten Sports\" \/>\n<meta property=\"article:modified_time\" content=\"2026-02-05T11:19:51+00:00\" \/>\n<meta property=\"og:image\" content=\"https:\/\/www.voustensports.com\/wp-content\/uploads\/2023\/06\/Valenza-T-Shirt-dark-grey-39557-2.png\" \/>\n\t<meta property=\"og:image:width\" content=\"1875\" \/>\n\t<meta property=\"og:image:height\" content=\"2500\" \/>\n\t<meta property=\"og:image:type\" content=\"image\/png\" \/>\n<meta name=\"twitter:card\" content=\"summary_large_image\" \/>\n<meta name=\"twitter:label1\" content=\"Est. reading time\" \/>\n\t<meta name=\"twitter:data1\" content=\"1 Minute\" \/>\n<script type=\"application\/ld+json\" class=\"yoast-schema-graph\">{\"@context\":\"https:\/\/schema.org\",\"@graph\":[{\"@type\":\"WebPage\",\"@id\":\"https:\/\/www.voustensports.com\/de\/valenza-t-shirt-dunkelgrau-39557\/\",\"url\":\"https:\/\/www.voustensports.com\/de\/valenza-t-shirt-dunkelgrau-39557\/\",\"name\":\"VALENZA - T-Shirt dunkelgrau (39557) - Vousten Sports\",\"isPartOf\":{\"@id\":\"https:\/\/www.voustensports.com\/nl\/#website\"},\"primaryImageOfPage\":{\"@id\":\"https:\/\/www.voustensports.com\/de\/valenza-t-shirt-dunkelgrau-39557\/#primaryimage\"},\"image\":{\"@id\":\"https:\/\/www.voustensports.com\/de\/valenza-t-shirt-dunkelgrau-39557\/#primaryimage\"},\"thumbnailUrl\":\"https:\/\/www.voustensports.com\/wp-content\/uploads\/2023\/06\/Valenza-T-Shirt-dark-grey-39557-2.png\",\"datePublished\":\"2024-06-10T11:32:18+00:00\",\"dateModified\":\"2026-02-05T11:19:51+00:00\",\"breadcrumb\":{\"@id\":\"https:\/\/www.voustensports.com\/de\/valenza-t-shirt-dunkelgrau-39557\/#breadcrumb\"},\"inLanguage\":\"de-DE\",\"potentialAction\":[{\"@type\":\"ReadAction\",\"target\":[\"https:\/\/www.voustensports.com\/de\/valenza-t-shirt-dunkelgrau-39557\/\"]}]},{\"@type\":\"ImageObject\",\"inLanguage\":\"de-DE\",\"@id\":\"https:\/\/www.voustensports.com\/de\/valenza-t-shirt-dunkelgrau-39557\/#primaryimage\",\"url\":\"https:\/\/www.voustensports.com\/wp-content\/uploads\/2023\/06\/Valenza-T-Shirt-dark-grey-39557-2.png\",\"contentUrl\":\"https:\/\/www.voustensports.com\/wp-content\/uploads\/2023\/06\/Valenza-T-Shirt-dark-grey-39557-2.png\",\"width\":1875,\"height\":2500},{\"@type\":\"BreadcrumbList\",\"@id\":\"https:\/\/www.voustensports.com\/de\/valenza-t-shirt-dunkelgrau-39557\/#breadcrumb\",\"itemListElement\":[{\"@type\":\"ListItem\",\"position\":1,\"name\":\"Home\",\"item\":\"https:\/\/www.voustensports.com\/de\/\"},{\"@type\":\"ListItem\",\"position\":2,\"name\":\"Shop\",\"item\":\"https:\/\/www.voustensports.com\/de\/shop\/\"},{\"@type\":\"ListItem\",\"position\":3,\"name\":\"VALENZA &#8211; T-Shirt dunkelgrau (39557)\"}]},{\"@type\":\"WebSite\",\"@id\":\"https:\/\/www.voustensports.com\/nl\/#website\",\"url\":\"https:\/\/www.voustensports.com\/nl\/\",\"name\":\"Vousten Sports\",\"description\":\"\",\"potentialAction\":[{\"@type\":\"SearchAction\",\"target\":{\"@type\":\"EntryPoint\",\"urlTemplate\":\"https:\/\/www.voustensports.com\/nl\/?s={search_term_string}\"},\"query-input\":{\"@type\":\"PropertyValueSpecification\",\"valueRequired\":true,\"valueName\":\"search_term_string\"}}],\"inLanguage\":\"de-DE\"}]}<\/script>\n<!-- \/ Yoast SEO plugin. -->","yoast_head_json":{"title":"VALENZA - T-Shirt dunkelgrau (39557) - Vousten Sports","robots":{"index":"index","follow":"follow","max-snippet":"max-snippet:-1","max-image-preview":"max-image-preview:large","max-video-preview":"max-video-preview:-1"},"canonical":"https:\/\/www.voustensports.com\/de\/valenza-t-shirt-dunkelgrau-39557\/","og_locale":"de_DE","og_type":"article","og_title":"VALENZA - T-Shirt dunkelgrau (39557) - Vousten Sports","og_description":"Produktinformationen Ma\u00dfgeschneidertes T-shirt Kurz\u00e4rmelig Polokragen Materialinfo Stoff: Interlock Supima-Baumwolle Made in Italy Zusammensetzung: 100% Baumwolle Gewicht: 190 g\/m\u00b2 Kn\u00f6pfe: Trokas-Perlmutt Made in Italy Zusammensetzung: 100% Perlmutt Dicke: 3 mm Revers: 18 Etiketten und H\u00e4ngeschildchen: Etiketten aus recycelter Baumwolle H\u00e4ngeschildchen aus recyceltem Papier Made in Italy Produktionsstandort Produziert in den Marken, Italien. Zertifiziert 100% Made in [...]","og_url":"https:\/\/www.voustensports.com\/de\/valenza-t-shirt-dunkelgrau-39557\/","og_site_name":"Vousten Sports","article_modified_time":"2026-02-05T11:19:51+00:00","og_image":[{"width":1875,"height":2500,"url":"https:\/\/www.voustensports.com\/wp-content\/uploads\/2023\/06\/Valenza-T-Shirt-dark-grey-39557-2.png","type":"image\/png"}],"twitter_card":"summary_large_image","twitter_misc":{"Est. reading time":"1 Minute"},"schema":{"@context":"https:\/\/schema.org","@graph":[{"@type":"WebPage","@id":"https:\/\/www.voustensports.com\/de\/valenza-t-shirt-dunkelgrau-39557\/","url":"https:\/\/www.voustensports.com\/de\/valenza-t-shirt-dunkelgrau-39557\/","name":"VALENZA - T-Shirt dunkelgrau (39557) - Vousten Sports","isPartOf":{"@id":"https:\/\/www.voustensports.com\/nl\/#website"},"primaryImageOfPage":{"@id":"https:\/\/www.voustensports.com\/de\/valenza-t-shirt-dunkelgrau-39557\/#primaryimage"},"image":{"@id":"https:\/\/www.voustensports.com\/de\/valenza-t-shirt-dunkelgrau-39557\/#primaryimage"},"thumbnailUrl":"https:\/\/www.voustensports.com\/wp-content\/uploads\/2023\/06\/Valenza-T-Shirt-dark-grey-39557-2.png","datePublished":"2024-06-10T11:32:18+00:00","dateModified":"2026-02-05T11:19:51+00:00","breadcrumb":{"@id":"https:\/\/www.voustensports.com\/de\/valenza-t-shirt-dunkelgrau-39557\/#breadcrumb"},"inLanguage":"de-DE","potentialAction":[{"@type":"ReadAction","target":["https:\/\/www.voustensports.com\/de\/valenza-t-shirt-dunkelgrau-39557\/"]}]},{"@type":"ImageObject","inLanguage":"de-DE","@id":"https:\/\/www.voustensports.com\/de\/valenza-t-shirt-dunkelgrau-39557\/#primaryimage","url":"https:\/\/www.voustensports.com\/wp-content\/uploads\/2023\/06\/Valenza-T-Shirt-dark-grey-39557-2.png","contentUrl":"https:\/\/www.voustensports.com\/wp-content\/uploads\/2023\/06\/Valenza-T-Shirt-dark-grey-39557-2.png","width":1875,"height":2500},{"@type":"BreadcrumbList","@id":"https:\/\/www.voustensports.com\/de\/valenza-t-shirt-dunkelgrau-39557\/#breadcrumb","itemListElement":[{"@type":"ListItem","position":1,"name":"Home","item":"https:\/\/www.voustensports.com\/de\/"},{"@type":"ListItem","position":2,"name":"Shop","item":"https:\/\/www.voustensports.com\/de\/shop\/"},{"@type":"ListItem","position":3,"name":"VALENZA &#8211; T-Shirt dunkelgrau (39557)"}]},{"@type":"WebSite","@id":"https:\/\/www.voustensports.com\/nl\/#website","url":"https:\/\/www.voustensports.com\/nl\/","name":"Vousten Sports","description":"","potentialAction":[{"@type":"SearchAction","target":{"@type":"EntryPoint","urlTemplate":"https:\/\/www.voustensports.com\/nl\/?s={search_term_string}"},"query-input":{"@type":"PropertyValueSpecification","valueRequired":true,"valueName":"search_term_string"}}],"inLanguage":"de-DE"}]}},"_links":{"self":[{"href":"https:\/\/www.voustensports.com\/de\/wp-json\/wp\/v2\/product\/176781","targetHints":{"allow":["GET"]}}],"collection":[{"href":"https:\/\/www.voustensports.com\/de\/wp-json\/wp\/v2\/product"}],"about":[{"href":"https:\/\/www.voustensports.com\/de\/wp-json\/wp\/v2\/types\/product"}],"replies":[{"embeddable":true,"href":"https:\/\/www.voustensports.com\/de\/wp-json\/wp\/v2\/comments?post=176781"}],"wp:featuredmedia":[{"embeddable":true,"href":"https:\/\/www.voustensports.com\/de\/wp-json\/wp\/v2\/media\/176761"}],"wp:attachment":[{"href":"https:\/\/www.voustensports.com\/de\/wp-json\/wp\/v2\/media?parent=176781"}],"wp:term":[{"taxonomy":"product_cat","embeddable":true,"href":"https:\/\/www.voustensports.com\/de\/wp-json\/wp\/v2\/product_cat?post=176781"},{"taxonomy":"product_tag","embeddable":true,"href":"https:\/\/www.voustensports.com\/de\/wp-json\/wp\/v2\/product_tag?post=176781"}],"curies":[{"name":"wp","href":"https:\/\/api.w.org\/{rel}","templated":true}]}}