{"id":176367,"date":"2024-05-27T17:02:06","date_gmt":"2024-05-27T15:02:06","guid":{"rendered":"https:\/\/www.voustensports.com\/jacob-cohen-lou-short-3756-a00-38612-2\/"},"modified":"2026-02-05T12:09:31","modified_gmt":"2026-02-05T11:09:31","slug":"jacob-cohen-lou-short-3756-a00-38612-2","status":"publish","type":"product","link":"https:\/\/www.voustensports.com\/de\/jacob-cohen-lou-short-3756-a00-38612-2\/","title":{"rendered":"Jacob Cohen &#8211; (Lou) Short 3756 A00 (38612)"},"content":{"rendered":"<div class=\"field field-name-field-fabrikant-artikelnummer field-type-text field-label-inline clearfix\">\n<div class=\"field-label\">SKU:<\/div>\n<div class=\"field-items\">\n<div class=\"field-item even\">3756 A00<\/div>\n<\/div>\n<\/div>\n<div class=\"field field-name-body field-type-text-with-summary field-label-hidden\">\n<div class=\"field-items\">\n<div class=\"field-item even\">\n<p>Ist eine semi-l\u00e4ssige Short mit einer L\u00e4nge knapp \u00fcber dem Knie.<\/p>\n<ul>\n<li>Stretch-Shorts<\/li>\n<li>Normale Taillenh\u00f6he<\/li>\n<li>Knopfverschluss<\/li>\n<li>Ausgestattet mit einem beigen Patch<\/li>\n<li>Material: 55 % Baumwolle, 42 % Lyocell, 3 % Elasthan<\/li>\n<\/ul>\n<p>Diese Shorts von Jacob Cohen werden in Venetien im Nordosten Italiens handgefertigt.<\/p>\n<\/div>\n<\/div>\n<\/div>\n","protected":false},"excerpt":{"rendered":"<p>SKU: 3756 A00 Ist eine semi-l\u00e4ssige Short mit einer L\u00e4nge knapp \u00fcber dem Knie. Stretch-Shorts Normale Taillenh\u00f6he Knopfverschluss Ausgestattet mit einem beigen Patch Material: 55 % Baumwolle, 42 % Lyocell, 3 % Elasthan Diese Shorts von Jacob Cohen werden in Venetien im Nordosten Italiens handgefertigt.<\/p>\n","protected":false},"featured_media":176359,"comment_status":"open","ping_status":"closed","template":"","meta":{"rank_math_lock_modified_date":false},"product_cat":[447,451,459,463,567],"product_tag":[],"class_list":{"0":"post-176367","1":"product","2":"type-product","3":"status-publish","4":"has-post-thumbnail","6":"product_cat-kleding-de","7":"product_cat-heren-de","8":"product_cat-shorts-de-2","9":"product_cat-vousten-sports-de-2","10":"product_cat-jacob-cohen-jeans-de","12":"first","13":"instock","14":"taxable","15":"shipping-taxable","16":"purchasable","17":"product-type-variable"},"acf":[],"yoast_head":"<!-- This site is optimized with the Yoast SEO plugin v23.9 - https:\/\/yoast.com\/wordpress\/plugins\/seo\/ -->\n<title>Jacob Cohen - (Lou) Short 3756 A00 (38612) - Vousten Sports<\/title>\n<meta name=\"robots\" content=\"index, follow, max-snippet:-1, max-image-preview:large, max-video-preview:-1\" \/>\n<link rel=\"canonical\" href=\"https:\/\/www.voustensports.com\/de\/jacob-cohen-lou-short-3756-a00-38612-2\/\" \/>\n<meta property=\"og:locale\" content=\"de_DE\" \/>\n<meta property=\"og:type\" content=\"article\" \/>\n<meta property=\"og:title\" content=\"Jacob Cohen - (Lou) Short 3756 A00 (38612) - Vousten Sports\" \/>\n<meta property=\"og:description\" content=\"SKU: 3756 A00 Ist eine semi-l\u00e4ssige Short mit einer L\u00e4nge knapp \u00fcber dem Knie. Stretch-Shorts Normale Taillenh\u00f6he Knopfverschluss Ausgestattet mit einem beigen Patch Material: 55 % Baumwolle, 42 % Lyocell, 3 % Elasthan Diese Shorts von Jacob Cohen werden in Venetien im Nordosten Italiens handgefertigt.\" \/>\n<meta property=\"og:url\" content=\"https:\/\/www.voustensports.com\/de\/jacob-cohen-lou-short-3756-a00-38612-2\/\" \/>\n<meta property=\"og:site_name\" content=\"Vousten Sports\" \/>\n<meta property=\"article:modified_time\" content=\"2026-02-05T11:09:31+00:00\" \/>\n<meta property=\"og:image\" content=\"https:\/\/www.voustensports.com\/wp-content\/uploads\/2023\/06\/Jacob-Cohen-LOU-3756-A00-38612.jpg\" \/>\n\t<meta property=\"og:image:width\" content=\"1365\" \/>\n\t<meta property=\"og:image:height\" content=\"2048\" \/>\n\t<meta property=\"og:image:type\" content=\"image\/jpeg\" \/>\n<meta name=\"twitter:card\" content=\"summary_large_image\" \/>\n<script type=\"application\/ld+json\" class=\"yoast-schema-graph\">{\"@context\":\"https:\/\/schema.org\",\"@graph\":[{\"@type\":\"WebPage\",\"@id\":\"https:\/\/www.voustensports.com\/de\/jacob-cohen-lou-short-3756-a00-38612-2\/\",\"url\":\"https:\/\/www.voustensports.com\/de\/jacob-cohen-lou-short-3756-a00-38612-2\/\",\"name\":\"Jacob Cohen - (Lou) Short 3756 A00 (38612) - Vousten Sports\",\"isPartOf\":{\"@id\":\"https:\/\/www.voustensports.com\/nl\/#website\"},\"primaryImageOfPage\":{\"@id\":\"https:\/\/www.voustensports.com\/de\/jacob-cohen-lou-short-3756-a00-38612-2\/#primaryimage\"},\"image\":{\"@id\":\"https:\/\/www.voustensports.com\/de\/jacob-cohen-lou-short-3756-a00-38612-2\/#primaryimage\"},\"thumbnailUrl\":\"https:\/\/www.voustensports.com\/wp-content\/uploads\/2023\/06\/Jacob-Cohen-LOU-3756-A00-38612.jpg\",\"datePublished\":\"2024-05-27T15:02:06+00:00\",\"dateModified\":\"2026-02-05T11:09:31+00:00\",\"breadcrumb\":{\"@id\":\"https:\/\/www.voustensports.com\/de\/jacob-cohen-lou-short-3756-a00-38612-2\/#breadcrumb\"},\"inLanguage\":\"de-DE\",\"potentialAction\":[{\"@type\":\"ReadAction\",\"target\":[\"https:\/\/www.voustensports.com\/de\/jacob-cohen-lou-short-3756-a00-38612-2\/\"]}]},{\"@type\":\"ImageObject\",\"inLanguage\":\"de-DE\",\"@id\":\"https:\/\/www.voustensports.com\/de\/jacob-cohen-lou-short-3756-a00-38612-2\/#primaryimage\",\"url\":\"https:\/\/www.voustensports.com\/wp-content\/uploads\/2023\/06\/Jacob-Cohen-LOU-3756-A00-38612.jpg\",\"contentUrl\":\"https:\/\/www.voustensports.com\/wp-content\/uploads\/2023\/06\/Jacob-Cohen-LOU-3756-A00-38612.jpg\",\"width\":1365,\"height\":2048},{\"@type\":\"BreadcrumbList\",\"@id\":\"https:\/\/www.voustensports.com\/de\/jacob-cohen-lou-short-3756-a00-38612-2\/#breadcrumb\",\"itemListElement\":[{\"@type\":\"ListItem\",\"position\":1,\"name\":\"Home\",\"item\":\"https:\/\/www.voustensports.com\/de\/\"},{\"@type\":\"ListItem\",\"position\":2,\"name\":\"Shop\",\"item\":\"https:\/\/www.voustensports.com\/de\/shop\/\"},{\"@type\":\"ListItem\",\"position\":3,\"name\":\"Jacob Cohen &#8211; (Lou) Short 3756 A00 (38612)\"}]},{\"@type\":\"WebSite\",\"@id\":\"https:\/\/www.voustensports.com\/nl\/#website\",\"url\":\"https:\/\/www.voustensports.com\/nl\/\",\"name\":\"Vousten Sports\",\"description\":\"\",\"potentialAction\":[{\"@type\":\"SearchAction\",\"target\":{\"@type\":\"EntryPoint\",\"urlTemplate\":\"https:\/\/www.voustensports.com\/nl\/?s={search_term_string}\"},\"query-input\":{\"@type\":\"PropertyValueSpecification\",\"valueRequired\":true,\"valueName\":\"search_term_string\"}}],\"inLanguage\":\"de-DE\"}]}<\/script>\n<!-- \/ Yoast SEO plugin. -->","yoast_head_json":{"title":"Jacob Cohen - (Lou) Short 3756 A00 (38612) - Vousten Sports","robots":{"index":"index","follow":"follow","max-snippet":"max-snippet:-1","max-image-preview":"max-image-preview:large","max-video-preview":"max-video-preview:-1"},"canonical":"https:\/\/www.voustensports.com\/de\/jacob-cohen-lou-short-3756-a00-38612-2\/","og_locale":"de_DE","og_type":"article","og_title":"Jacob Cohen - (Lou) Short 3756 A00 (38612) - Vousten Sports","og_description":"SKU: 3756 A00 Ist eine semi-l\u00e4ssige Short mit einer L\u00e4nge knapp \u00fcber dem Knie. Stretch-Shorts Normale Taillenh\u00f6he Knopfverschluss Ausgestattet mit einem beigen Patch Material: 55 % Baumwolle, 42 % Lyocell, 3 % Elasthan Diese Shorts von Jacob Cohen werden in Venetien im Nordosten Italiens handgefertigt.","og_url":"https:\/\/www.voustensports.com\/de\/jacob-cohen-lou-short-3756-a00-38612-2\/","og_site_name":"Vousten Sports","article_modified_time":"2026-02-05T11:09:31+00:00","og_image":[{"width":1365,"height":2048,"url":"https:\/\/www.voustensports.com\/wp-content\/uploads\/2023\/06\/Jacob-Cohen-LOU-3756-A00-38612.jpg","type":"image\/jpeg"}],"twitter_card":"summary_large_image","schema":{"@context":"https:\/\/schema.org","@graph":[{"@type":"WebPage","@id":"https:\/\/www.voustensports.com\/de\/jacob-cohen-lou-short-3756-a00-38612-2\/","url":"https:\/\/www.voustensports.com\/de\/jacob-cohen-lou-short-3756-a00-38612-2\/","name":"Jacob Cohen - (Lou) Short 3756 A00 (38612) - Vousten Sports","isPartOf":{"@id":"https:\/\/www.voustensports.com\/nl\/#website"},"primaryImageOfPage":{"@id":"https:\/\/www.voustensports.com\/de\/jacob-cohen-lou-short-3756-a00-38612-2\/#primaryimage"},"image":{"@id":"https:\/\/www.voustensports.com\/de\/jacob-cohen-lou-short-3756-a00-38612-2\/#primaryimage"},"thumbnailUrl":"https:\/\/www.voustensports.com\/wp-content\/uploads\/2023\/06\/Jacob-Cohen-LOU-3756-A00-38612.jpg","datePublished":"2024-05-27T15:02:06+00:00","dateModified":"2026-02-05T11:09:31+00:00","breadcrumb":{"@id":"https:\/\/www.voustensports.com\/de\/jacob-cohen-lou-short-3756-a00-38612-2\/#breadcrumb"},"inLanguage":"de-DE","potentialAction":[{"@type":"ReadAction","target":["https:\/\/www.voustensports.com\/de\/jacob-cohen-lou-short-3756-a00-38612-2\/"]}]},{"@type":"ImageObject","inLanguage":"de-DE","@id":"https:\/\/www.voustensports.com\/de\/jacob-cohen-lou-short-3756-a00-38612-2\/#primaryimage","url":"https:\/\/www.voustensports.com\/wp-content\/uploads\/2023\/06\/Jacob-Cohen-LOU-3756-A00-38612.jpg","contentUrl":"https:\/\/www.voustensports.com\/wp-content\/uploads\/2023\/06\/Jacob-Cohen-LOU-3756-A00-38612.jpg","width":1365,"height":2048},{"@type":"BreadcrumbList","@id":"https:\/\/www.voustensports.com\/de\/jacob-cohen-lou-short-3756-a00-38612-2\/#breadcrumb","itemListElement":[{"@type":"ListItem","position":1,"name":"Home","item":"https:\/\/www.voustensports.com\/de\/"},{"@type":"ListItem","position":2,"name":"Shop","item":"https:\/\/www.voustensports.com\/de\/shop\/"},{"@type":"ListItem","position":3,"name":"Jacob Cohen &#8211; (Lou) Short 3756 A00 (38612)"}]},{"@type":"WebSite","@id":"https:\/\/www.voustensports.com\/nl\/#website","url":"https:\/\/www.voustensports.com\/nl\/","name":"Vousten Sports","description":"","potentialAction":[{"@type":"SearchAction","target":{"@type":"EntryPoint","urlTemplate":"https:\/\/www.voustensports.com\/nl\/?s={search_term_string}"},"query-input":{"@type":"PropertyValueSpecification","valueRequired":true,"valueName":"search_term_string"}}],"inLanguage":"de-DE"}]}},"_links":{"self":[{"href":"https:\/\/www.voustensports.com\/de\/wp-json\/wp\/v2\/product\/176367","targetHints":{"allow":["GET"]}}],"collection":[{"href":"https:\/\/www.voustensports.com\/de\/wp-json\/wp\/v2\/product"}],"about":[{"href":"https:\/\/www.voustensports.com\/de\/wp-json\/wp\/v2\/types\/product"}],"replies":[{"embeddable":true,"href":"https:\/\/www.voustensports.com\/de\/wp-json\/wp\/v2\/comments?post=176367"}],"wp:featuredmedia":[{"embeddable":true,"href":"https:\/\/www.voustensports.com\/de\/wp-json\/wp\/v2\/media\/176359"}],"wp:attachment":[{"href":"https:\/\/www.voustensports.com\/de\/wp-json\/wp\/v2\/media?parent=176367"}],"wp:term":[{"taxonomy":"product_cat","embeddable":true,"href":"https:\/\/www.voustensports.com\/de\/wp-json\/wp\/v2\/product_cat?post=176367"},{"taxonomy":"product_tag","embeddable":true,"href":"https:\/\/www.voustensports.com\/de\/wp-json\/wp\/v2\/product_tag?post=176367"}],"curies":[{"name":"wp","href":"https:\/\/api.w.org\/{rel}","templated":true}]}}