{"id":172394,"date":"2024-03-22T06:04:04","date_gmt":"2024-03-22T05:04:04","guid":{"rendered":"https:\/\/www.voustensports.com\/hogan-sneaker-braun-37191\/"},"modified":"2026-02-05T12:02:35","modified_gmt":"2026-02-05T11:02:35","slug":"hogan-sneaker-braun-37191-2","status":"publish","type":"product","link":"https:\/\/www.voustensports.com\/de\/hogan-sneaker-braun-37191-2\/","title":{"rendered":"HOGAN &#8211; Sneaker braun (37191)"},"content":{"rendered":"<div>\n<div>Kombinierter Sneaker f\u00fcr Herren der Marke Hogan. Dieser niedrige Sneaker ist aus Wildleder und Canvas in der Farbe Braun gefertigt. d\u00fcnne orange schn\u00fcrsenkel werden durch das material gef\u00e4delt. Die Innenseite ist aus Leder und ein robuster Tresen tr\u00e4gt zum Gehkomfort bei. Die braune Gummisohle hat ein grobes Profil f\u00fcr einen festen Halt.<\/div>\n<div><\/div>\n<div><\/div>\n<\/div>\n<div><\/div>\n","protected":false},"excerpt":{"rendered":"<p>Kombinierter Sneaker f\u00fcr Herren der Marke Hogan. Dieser niedrige Sneaker ist aus Wildleder und Canvas in der Farbe Braun gefertigt. d\u00fcnne orange schn\u00fcrsenkel werden durch das material gef\u00e4delt. Die Innenseite ist aus Leder und ein robuster Tresen tr\u00e4gt zum Gehkomfort bei. Die braune Gummisohle hat ein grobes Profil f\u00fcr einen festen Halt.<\/p>\n","protected":false},"featured_media":3448,"comment_status":"open","ping_status":"closed","template":"","meta":{"rank_math_lock_modified_date":false},"product_cat":[451,463,519,523],"product_tag":[],"class_list":{"0":"post-172394","1":"product","2":"type-product","3":"status-publish","4":"has-post-thumbnail","6":"product_cat-heren-de","7":"product_cat-vousten-sports-de-2","8":"product_cat-hogan-de","9":"product_cat-schoenen-de-2","11":"first","12":"outofstock","13":"taxable","14":"shipping-taxable","15":"purchasable","16":"product-type-variable"},"acf":[],"yoast_head":"<!-- This site is optimized with the Yoast SEO plugin v23.9 - https:\/\/yoast.com\/wordpress\/plugins\/seo\/ -->\n<title>HOGAN &#8211; Sneaker braun (37191) - Vousten Sports<\/title>\n<meta name=\"robots\" content=\"index, follow, max-snippet:-1, max-image-preview:large, max-video-preview:-1\" \/>\n<link rel=\"canonical\" href=\"https:\/\/www.voustensports.com\/de\/hogan-sneaker-braun-37191-2\/\" \/>\n<meta property=\"og:locale\" content=\"de_DE\" \/>\n<meta property=\"og:type\" content=\"article\" \/>\n<meta property=\"og:title\" content=\"HOGAN &#8211; Sneaker braun (37191) - Vousten Sports\" \/>\n<meta property=\"og:description\" content=\"Kombinierter Sneaker f\u00fcr Herren der Marke Hogan. Dieser niedrige Sneaker ist aus Wildleder und Canvas in der Farbe Braun gefertigt. d\u00fcnne orange schn\u00fcrsenkel werden durch das material gef\u00e4delt. Die Innenseite ist aus Leder und ein robuster Tresen tr\u00e4gt zum Gehkomfort bei. Die braune Gummisohle hat ein grobes Profil f\u00fcr einen festen Halt.\" \/>\n<meta property=\"og:url\" content=\"https:\/\/www.voustensports.com\/de\/hogan-sneaker-braun-37191-2\/\" \/>\n<meta property=\"og:site_name\" content=\"Vousten Sports\" \/>\n<meta property=\"article:modified_time\" content=\"2026-02-05T11:02:35+00:00\" \/>\n<meta property=\"og:image\" content=\"https:\/\/www.voustensports.com\/wp-content\/uploads\/2023\/03\/Hogan-6-scaled-1.jpg\" \/>\n\t<meta property=\"og:image:width\" content=\"2560\" \/>\n\t<meta property=\"og:image:height\" content=\"2560\" \/>\n\t<meta property=\"og:image:type\" content=\"image\/jpeg\" \/>\n<meta name=\"twitter:card\" content=\"summary_large_image\" \/>\n<script type=\"application\/ld+json\" class=\"yoast-schema-graph\">{\"@context\":\"https:\/\/schema.org\",\"@graph\":[{\"@type\":\"WebPage\",\"@id\":\"https:\/\/www.voustensports.com\/de\/hogan-sneaker-braun-37191-2\/\",\"url\":\"https:\/\/www.voustensports.com\/de\/hogan-sneaker-braun-37191-2\/\",\"name\":\"HOGAN &#8211; Sneaker braun (37191) - Vousten Sports\",\"isPartOf\":{\"@id\":\"https:\/\/www.voustensports.com\/nl\/#website\"},\"primaryImageOfPage\":{\"@id\":\"https:\/\/www.voustensports.com\/de\/hogan-sneaker-braun-37191-2\/#primaryimage\"},\"image\":{\"@id\":\"https:\/\/www.voustensports.com\/de\/hogan-sneaker-braun-37191-2\/#primaryimage\"},\"thumbnailUrl\":\"https:\/\/www.voustensports.com\/wp-content\/uploads\/2023\/03\/Hogan-6-scaled-1.jpg\",\"datePublished\":\"2024-03-22T05:04:04+00:00\",\"dateModified\":\"2026-02-05T11:02:35+00:00\",\"breadcrumb\":{\"@id\":\"https:\/\/www.voustensports.com\/de\/hogan-sneaker-braun-37191-2\/#breadcrumb\"},\"inLanguage\":\"de-DE\",\"potentialAction\":[{\"@type\":\"ReadAction\",\"target\":[\"https:\/\/www.voustensports.com\/de\/hogan-sneaker-braun-37191-2\/\"]}]},{\"@type\":\"ImageObject\",\"inLanguage\":\"de-DE\",\"@id\":\"https:\/\/www.voustensports.com\/de\/hogan-sneaker-braun-37191-2\/#primaryimage\",\"url\":\"https:\/\/www.voustensports.com\/wp-content\/uploads\/2023\/03\/Hogan-6-scaled-1.jpg\",\"contentUrl\":\"https:\/\/www.voustensports.com\/wp-content\/uploads\/2023\/03\/Hogan-6-scaled-1.jpg\",\"width\":2560,\"height\":2560},{\"@type\":\"BreadcrumbList\",\"@id\":\"https:\/\/www.voustensports.com\/de\/hogan-sneaker-braun-37191-2\/#breadcrumb\",\"itemListElement\":[{\"@type\":\"ListItem\",\"position\":1,\"name\":\"Home\",\"item\":\"https:\/\/www.voustensports.com\/de\/\"},{\"@type\":\"ListItem\",\"position\":2,\"name\":\"Shop\",\"item\":\"https:\/\/www.voustensports.com\/de\/shop\/\"},{\"@type\":\"ListItem\",\"position\":3,\"name\":\"HOGAN &#8211; Sneaker braun (37191)\"}]},{\"@type\":\"WebSite\",\"@id\":\"https:\/\/www.voustensports.com\/nl\/#website\",\"url\":\"https:\/\/www.voustensports.com\/nl\/\",\"name\":\"Vousten Sports\",\"description\":\"\",\"potentialAction\":[{\"@type\":\"SearchAction\",\"target\":{\"@type\":\"EntryPoint\",\"urlTemplate\":\"https:\/\/www.voustensports.com\/nl\/?s={search_term_string}\"},\"query-input\":{\"@type\":\"PropertyValueSpecification\",\"valueRequired\":true,\"valueName\":\"search_term_string\"}}],\"inLanguage\":\"de-DE\"}]}<\/script>\n<!-- \/ Yoast SEO plugin. -->","yoast_head_json":{"title":"HOGAN &#8211; Sneaker braun (37191) - Vousten Sports","robots":{"index":"index","follow":"follow","max-snippet":"max-snippet:-1","max-image-preview":"max-image-preview:large","max-video-preview":"max-video-preview:-1"},"canonical":"https:\/\/www.voustensports.com\/de\/hogan-sneaker-braun-37191-2\/","og_locale":"de_DE","og_type":"article","og_title":"HOGAN &#8211; Sneaker braun (37191) - Vousten Sports","og_description":"Kombinierter Sneaker f\u00fcr Herren der Marke Hogan. Dieser niedrige Sneaker ist aus Wildleder und Canvas in der Farbe Braun gefertigt. d\u00fcnne orange schn\u00fcrsenkel werden durch das material gef\u00e4delt. Die Innenseite ist aus Leder und ein robuster Tresen tr\u00e4gt zum Gehkomfort bei. Die braune Gummisohle hat ein grobes Profil f\u00fcr einen festen Halt.","og_url":"https:\/\/www.voustensports.com\/de\/hogan-sneaker-braun-37191-2\/","og_site_name":"Vousten Sports","article_modified_time":"2026-02-05T11:02:35+00:00","og_image":[{"width":2560,"height":2560,"url":"https:\/\/www.voustensports.com\/wp-content\/uploads\/2023\/03\/Hogan-6-scaled-1.jpg","type":"image\/jpeg"}],"twitter_card":"summary_large_image","schema":{"@context":"https:\/\/schema.org","@graph":[{"@type":"WebPage","@id":"https:\/\/www.voustensports.com\/de\/hogan-sneaker-braun-37191-2\/","url":"https:\/\/www.voustensports.com\/de\/hogan-sneaker-braun-37191-2\/","name":"HOGAN &#8211; Sneaker braun (37191) - Vousten Sports","isPartOf":{"@id":"https:\/\/www.voustensports.com\/nl\/#website"},"primaryImageOfPage":{"@id":"https:\/\/www.voustensports.com\/de\/hogan-sneaker-braun-37191-2\/#primaryimage"},"image":{"@id":"https:\/\/www.voustensports.com\/de\/hogan-sneaker-braun-37191-2\/#primaryimage"},"thumbnailUrl":"https:\/\/www.voustensports.com\/wp-content\/uploads\/2023\/03\/Hogan-6-scaled-1.jpg","datePublished":"2024-03-22T05:04:04+00:00","dateModified":"2026-02-05T11:02:35+00:00","breadcrumb":{"@id":"https:\/\/www.voustensports.com\/de\/hogan-sneaker-braun-37191-2\/#breadcrumb"},"inLanguage":"de-DE","potentialAction":[{"@type":"ReadAction","target":["https:\/\/www.voustensports.com\/de\/hogan-sneaker-braun-37191-2\/"]}]},{"@type":"ImageObject","inLanguage":"de-DE","@id":"https:\/\/www.voustensports.com\/de\/hogan-sneaker-braun-37191-2\/#primaryimage","url":"https:\/\/www.voustensports.com\/wp-content\/uploads\/2023\/03\/Hogan-6-scaled-1.jpg","contentUrl":"https:\/\/www.voustensports.com\/wp-content\/uploads\/2023\/03\/Hogan-6-scaled-1.jpg","width":2560,"height":2560},{"@type":"BreadcrumbList","@id":"https:\/\/www.voustensports.com\/de\/hogan-sneaker-braun-37191-2\/#breadcrumb","itemListElement":[{"@type":"ListItem","position":1,"name":"Home","item":"https:\/\/www.voustensports.com\/de\/"},{"@type":"ListItem","position":2,"name":"Shop","item":"https:\/\/www.voustensports.com\/de\/shop\/"},{"@type":"ListItem","position":3,"name":"HOGAN &#8211; Sneaker braun (37191)"}]},{"@type":"WebSite","@id":"https:\/\/www.voustensports.com\/nl\/#website","url":"https:\/\/www.voustensports.com\/nl\/","name":"Vousten Sports","description":"","potentialAction":[{"@type":"SearchAction","target":{"@type":"EntryPoint","urlTemplate":"https:\/\/www.voustensports.com\/nl\/?s={search_term_string}"},"query-input":{"@type":"PropertyValueSpecification","valueRequired":true,"valueName":"search_term_string"}}],"inLanguage":"de-DE"}]}},"_links":{"self":[{"href":"https:\/\/www.voustensports.com\/de\/wp-json\/wp\/v2\/product\/172394","targetHints":{"allow":["GET"]}}],"collection":[{"href":"https:\/\/www.voustensports.com\/de\/wp-json\/wp\/v2\/product"}],"about":[{"href":"https:\/\/www.voustensports.com\/de\/wp-json\/wp\/v2\/types\/product"}],"replies":[{"embeddable":true,"href":"https:\/\/www.voustensports.com\/de\/wp-json\/wp\/v2\/comments?post=172394"}],"wp:featuredmedia":[{"embeddable":true,"href":"https:\/\/www.voustensports.com\/de\/wp-json\/wp\/v2\/media\/3448"}],"wp:attachment":[{"href":"https:\/\/www.voustensports.com\/de\/wp-json\/wp\/v2\/media?parent=172394"}],"wp:term":[{"taxonomy":"product_cat","embeddable":true,"href":"https:\/\/www.voustensports.com\/de\/wp-json\/wp\/v2\/product_cat?post=172394"},{"taxonomy":"product_tag","embeddable":true,"href":"https:\/\/www.voustensports.com\/de\/wp-json\/wp\/v2\/product_tag?post=172394"}],"curies":[{"name":"wp","href":"https:\/\/api.w.org\/{rel}","templated":true}]}}