{"id":171430,"date":"2024-03-12T17:40:20","date_gmt":"2024-03-12T16:40:20","guid":{"rendered":"https:\/\/www.voustensports.com\/valenza-t-shirt-oversized-white-39054-2\/"},"modified":"2026-02-05T12:15:42","modified_gmt":"2026-02-05T11:15:42","slug":"valenza-t-shirt-oversized-white-39054-2","status":"publish","type":"product","link":"https:\/\/www.voustensports.com\/de\/valenza-t-shirt-oversized-white-39054-2\/","title":{"rendered":"VALENZA &#8211; T-shirt Oversized white (39054)"},"content":{"rendered":"<p class=\"p1\"><strong>Produktinformationen<\/strong><\/p>\n<ul>\n<li><strong>\u00dcbergro\u00dfes<\/strong> T-shirt (wir empfehlen, eine Gr\u00f6\u00dfe kleiner zu w\u00e4hlen)<\/li>\n<li>Kurz\u00e4rmelig<\/li>\n<li>Rundhals<\/li>\n<\/ul>\n<p class=\"p1\"><strong>Materialinfo<\/strong><\/p>\n<p class=\"p1\">Stoff:<\/p>\n<ul>\n<li>Interlock Supima-Baumwolle<\/li>\n<li>Made in Italy<\/li>\n<li>Zusammensetzung: 100% Baumwolle<\/li>\n<li>Gewicht: 190 g\/m\u00b2<\/li>\n<\/ul>\n<p class=\"p1\">Kn\u00f6pfe:<\/p>\n<ul>\n<li>Trokas-Perlmutt<\/li>\n<li>Made in Italy<\/li>\n<li>Zusammensetzung: 100% Perlmutt<\/li>\n<li>Dicke: 3 mm<\/li>\n<li>Revers: 18<\/li>\n<\/ul>\n<p class=\"p1\">Etiketten und H\u00e4ngeschildchen:<\/p>\n<ul>\n<li>Etiketten aus recycelter Baumwolle<\/li>\n<li>H\u00e4ngeschildchen aus recyceltem Papier<\/li>\n<li>Made in Italy<\/li>\n<\/ul>\n<p class=\"p1\"><strong>Produktionsstandort<\/strong><\/p>\n<p class=\"p1\">Produziert in den Marken, Italien. Zertifiziert 100% Made in Italy. Alle Schritte im Zusammenhang mit der Herstellung dieses Hemdes fanden in den Marken, Italien, nach handwerklichen Verfahren statt.<\/p>\n<p class=\"p1\">\u2013 Maschinenw\u00e4sche bei 40 Grad<\/p>\n<p class=\"p1\">\u2013 Verwenden Sie kein Bleichmittel<\/p>\n<p class=\"p1\">\u2013 Flach trocknen<\/p>\n<p class=\"p1\">\u2013 B\u00fcgeln bei geringer Hitze<\/p>\n<p class=\"p1\">\u2013 Chemische Reinigung in jedem L\u00f6sungsmittel au\u00dfer Trichlorethylen<\/p>\n<p class=\"p1\">\u2013 Nicht im W\u00e4schetrockner trocknen<\/p>\n","protected":false},"excerpt":{"rendered":"<p>Produktinformationen \u00dcbergro\u00dfes T-shirt (wir empfehlen, eine Gr\u00f6\u00dfe kleiner zu w\u00e4hlen) Kurz\u00e4rmelig Rundhals Materialinfo Stoff: Interlock Supima-Baumwolle Made in Italy Zusammensetzung: 100% Baumwolle Gewicht: 190 g\/m\u00b2 Kn\u00f6pfe: Trokas-Perlmutt Made in Italy Zusammensetzung: 100% Perlmutt Dicke: 3 mm Revers: 18 Etiketten und H\u00e4ngeschildchen: Etiketten aus recycelter Baumwolle H\u00e4ngeschildchen aus recyceltem Papier Made in Italy Produktionsstandort Produziert in [&#8230;]\n","protected":false},"featured_media":171549,"comment_status":"open","ping_status":"closed","template":"","meta":{"rank_math_lock_modified_date":false},"product_cat":[487,491,779,447,451,463],"product_tag":[],"class_list":{"0":"post-171430","1":"product","2":"type-product","3":"status-publish","4":"has-post-thumbnail","6":"product_cat-shirt-de-2","7":"product_cat-t-shirts-de-2","8":"product_cat-valenza-de","9":"product_cat-kleding-de","10":"product_cat-heren-de","11":"product_cat-vousten-sports-de-2","13":"first","14":"outofstock","15":"taxable","16":"shipping-taxable","17":"purchasable","18":"product-type-variable"},"acf":[],"yoast_head":"<!-- This site is optimized with the Yoast SEO plugin v23.9 - https:\/\/yoast.com\/wordpress\/plugins\/seo\/ -->\n<title>VALENZA - T-shirt Oversized white (39054) - Vousten Sports<\/title>\n<meta name=\"robots\" content=\"index, follow, max-snippet:-1, max-image-preview:large, max-video-preview:-1\" \/>\n<link rel=\"canonical\" href=\"https:\/\/www.voustensports.com\/de\/valenza-t-shirt-oversized-white-39054-2\/\" \/>\n<meta property=\"og:locale\" content=\"de_DE\" \/>\n<meta property=\"og:type\" content=\"article\" \/>\n<meta property=\"og:title\" content=\"VALENZA - T-shirt Oversized white (39054) - Vousten Sports\" \/>\n<meta property=\"og:description\" content=\"Produktinformationen \u00dcbergro\u00dfes T-shirt (wir empfehlen, eine Gr\u00f6\u00dfe kleiner zu w\u00e4hlen) Kurz\u00e4rmelig Rundhals Materialinfo Stoff: Interlock Supima-Baumwolle Made in Italy Zusammensetzung: 100% Baumwolle Gewicht: 190 g\/m\u00b2 Kn\u00f6pfe: Trokas-Perlmutt Made in Italy Zusammensetzung: 100% Perlmutt Dicke: 3 mm Revers: 18 Etiketten und H\u00e4ngeschildchen: Etiketten aus recycelter Baumwolle H\u00e4ngeschildchen aus recyceltem Papier Made in Italy Produktionsstandort Produziert in [...]\" \/>\n<meta property=\"og:url\" content=\"https:\/\/www.voustensports.com\/de\/valenza-t-shirt-oversized-white-39054-2\/\" \/>\n<meta property=\"og:site_name\" content=\"Vousten Sports\" \/>\n<meta property=\"article:modified_time\" content=\"2026-02-05T11:15:42+00:00\" \/>\n<meta property=\"og:image\" content=\"https:\/\/www.voustensports.com\/wp-content\/uploads\/2023\/06\/Valenza_T-Shirt_Oversized_white_.png\" \/>\n\t<meta property=\"og:image:width\" content=\"2560\" \/>\n\t<meta property=\"og:image:height\" content=\"3840\" \/>\n\t<meta property=\"og:image:type\" content=\"image\/png\" \/>\n<meta name=\"twitter:card\" content=\"summary_large_image\" \/>\n<meta name=\"twitter:label1\" content=\"Est. reading time\" \/>\n\t<meta name=\"twitter:data1\" content=\"1 Minute\" \/>\n<script type=\"application\/ld+json\" class=\"yoast-schema-graph\">{\"@context\":\"https:\/\/schema.org\",\"@graph\":[{\"@type\":\"WebPage\",\"@id\":\"https:\/\/www.voustensports.com\/de\/valenza-t-shirt-oversized-white-39054-2\/\",\"url\":\"https:\/\/www.voustensports.com\/de\/valenza-t-shirt-oversized-white-39054-2\/\",\"name\":\"VALENZA - T-shirt Oversized white (39054) - Vousten Sports\",\"isPartOf\":{\"@id\":\"https:\/\/www.voustensports.com\/nl\/#website\"},\"primaryImageOfPage\":{\"@id\":\"https:\/\/www.voustensports.com\/de\/valenza-t-shirt-oversized-white-39054-2\/#primaryimage\"},\"image\":{\"@id\":\"https:\/\/www.voustensports.com\/de\/valenza-t-shirt-oversized-white-39054-2\/#primaryimage\"},\"thumbnailUrl\":\"https:\/\/www.voustensports.com\/wp-content\/uploads\/2023\/06\/Valenza_T-Shirt_Oversized_white_.png\",\"datePublished\":\"2024-03-12T16:40:20+00:00\",\"dateModified\":\"2026-02-05T11:15:42+00:00\",\"breadcrumb\":{\"@id\":\"https:\/\/www.voustensports.com\/de\/valenza-t-shirt-oversized-white-39054-2\/#breadcrumb\"},\"inLanguage\":\"de-DE\",\"potentialAction\":[{\"@type\":\"ReadAction\",\"target\":[\"https:\/\/www.voustensports.com\/de\/valenza-t-shirt-oversized-white-39054-2\/\"]}]},{\"@type\":\"ImageObject\",\"inLanguage\":\"de-DE\",\"@id\":\"https:\/\/www.voustensports.com\/de\/valenza-t-shirt-oversized-white-39054-2\/#primaryimage\",\"url\":\"https:\/\/www.voustensports.com\/wp-content\/uploads\/2023\/06\/Valenza_T-Shirt_Oversized_white_.png\",\"contentUrl\":\"https:\/\/www.voustensports.com\/wp-content\/uploads\/2023\/06\/Valenza_T-Shirt_Oversized_white_.png\",\"width\":2560,\"height\":3840},{\"@type\":\"BreadcrumbList\",\"@id\":\"https:\/\/www.voustensports.com\/de\/valenza-t-shirt-oversized-white-39054-2\/#breadcrumb\",\"itemListElement\":[{\"@type\":\"ListItem\",\"position\":1,\"name\":\"Home\",\"item\":\"https:\/\/www.voustensports.com\/de\/\"},{\"@type\":\"ListItem\",\"position\":2,\"name\":\"Shop\",\"item\":\"https:\/\/www.voustensports.com\/de\/shop\/\"},{\"@type\":\"ListItem\",\"position\":3,\"name\":\"VALENZA &#8211; T-shirt Oversized white (39054)\"}]},{\"@type\":\"WebSite\",\"@id\":\"https:\/\/www.voustensports.com\/nl\/#website\",\"url\":\"https:\/\/www.voustensports.com\/nl\/\",\"name\":\"Vousten Sports\",\"description\":\"\",\"potentialAction\":[{\"@type\":\"SearchAction\",\"target\":{\"@type\":\"EntryPoint\",\"urlTemplate\":\"https:\/\/www.voustensports.com\/nl\/?s={search_term_string}\"},\"query-input\":{\"@type\":\"PropertyValueSpecification\",\"valueRequired\":true,\"valueName\":\"search_term_string\"}}],\"inLanguage\":\"de-DE\"}]}<\/script>\n<!-- \/ Yoast SEO plugin. -->","yoast_head_json":{"title":"VALENZA - T-shirt Oversized white (39054) - Vousten Sports","robots":{"index":"index","follow":"follow","max-snippet":"max-snippet:-1","max-image-preview":"max-image-preview:large","max-video-preview":"max-video-preview:-1"},"canonical":"https:\/\/www.voustensports.com\/de\/valenza-t-shirt-oversized-white-39054-2\/","og_locale":"de_DE","og_type":"article","og_title":"VALENZA - T-shirt Oversized white (39054) - Vousten Sports","og_description":"Produktinformationen \u00dcbergro\u00dfes T-shirt (wir empfehlen, eine Gr\u00f6\u00dfe kleiner zu w\u00e4hlen) Kurz\u00e4rmelig Rundhals Materialinfo Stoff: Interlock Supima-Baumwolle Made in Italy Zusammensetzung: 100% Baumwolle Gewicht: 190 g\/m\u00b2 Kn\u00f6pfe: Trokas-Perlmutt Made in Italy Zusammensetzung: 100% Perlmutt Dicke: 3 mm Revers: 18 Etiketten und H\u00e4ngeschildchen: Etiketten aus recycelter Baumwolle H\u00e4ngeschildchen aus recyceltem Papier Made in Italy Produktionsstandort Produziert in [...]","og_url":"https:\/\/www.voustensports.com\/de\/valenza-t-shirt-oversized-white-39054-2\/","og_site_name":"Vousten Sports","article_modified_time":"2026-02-05T11:15:42+00:00","og_image":[{"width":2560,"height":3840,"url":"https:\/\/www.voustensports.com\/wp-content\/uploads\/2023\/06\/Valenza_T-Shirt_Oversized_white_.png","type":"image\/png"}],"twitter_card":"summary_large_image","twitter_misc":{"Est. reading time":"1 Minute"},"schema":{"@context":"https:\/\/schema.org","@graph":[{"@type":"WebPage","@id":"https:\/\/www.voustensports.com\/de\/valenza-t-shirt-oversized-white-39054-2\/","url":"https:\/\/www.voustensports.com\/de\/valenza-t-shirt-oversized-white-39054-2\/","name":"VALENZA - T-shirt Oversized white (39054) - Vousten Sports","isPartOf":{"@id":"https:\/\/www.voustensports.com\/nl\/#website"},"primaryImageOfPage":{"@id":"https:\/\/www.voustensports.com\/de\/valenza-t-shirt-oversized-white-39054-2\/#primaryimage"},"image":{"@id":"https:\/\/www.voustensports.com\/de\/valenza-t-shirt-oversized-white-39054-2\/#primaryimage"},"thumbnailUrl":"https:\/\/www.voustensports.com\/wp-content\/uploads\/2023\/06\/Valenza_T-Shirt_Oversized_white_.png","datePublished":"2024-03-12T16:40:20+00:00","dateModified":"2026-02-05T11:15:42+00:00","breadcrumb":{"@id":"https:\/\/www.voustensports.com\/de\/valenza-t-shirt-oversized-white-39054-2\/#breadcrumb"},"inLanguage":"de-DE","potentialAction":[{"@type":"ReadAction","target":["https:\/\/www.voustensports.com\/de\/valenza-t-shirt-oversized-white-39054-2\/"]}]},{"@type":"ImageObject","inLanguage":"de-DE","@id":"https:\/\/www.voustensports.com\/de\/valenza-t-shirt-oversized-white-39054-2\/#primaryimage","url":"https:\/\/www.voustensports.com\/wp-content\/uploads\/2023\/06\/Valenza_T-Shirt_Oversized_white_.png","contentUrl":"https:\/\/www.voustensports.com\/wp-content\/uploads\/2023\/06\/Valenza_T-Shirt_Oversized_white_.png","width":2560,"height":3840},{"@type":"BreadcrumbList","@id":"https:\/\/www.voustensports.com\/de\/valenza-t-shirt-oversized-white-39054-2\/#breadcrumb","itemListElement":[{"@type":"ListItem","position":1,"name":"Home","item":"https:\/\/www.voustensports.com\/de\/"},{"@type":"ListItem","position":2,"name":"Shop","item":"https:\/\/www.voustensports.com\/de\/shop\/"},{"@type":"ListItem","position":3,"name":"VALENZA &#8211; T-shirt Oversized white (39054)"}]},{"@type":"WebSite","@id":"https:\/\/www.voustensports.com\/nl\/#website","url":"https:\/\/www.voustensports.com\/nl\/","name":"Vousten Sports","description":"","potentialAction":[{"@type":"SearchAction","target":{"@type":"EntryPoint","urlTemplate":"https:\/\/www.voustensports.com\/nl\/?s={search_term_string}"},"query-input":{"@type":"PropertyValueSpecification","valueRequired":true,"valueName":"search_term_string"}}],"inLanguage":"de-DE"}]}},"_links":{"self":[{"href":"https:\/\/www.voustensports.com\/de\/wp-json\/wp\/v2\/product\/171430","targetHints":{"allow":["GET"]}}],"collection":[{"href":"https:\/\/www.voustensports.com\/de\/wp-json\/wp\/v2\/product"}],"about":[{"href":"https:\/\/www.voustensports.com\/de\/wp-json\/wp\/v2\/types\/product"}],"replies":[{"embeddable":true,"href":"https:\/\/www.voustensports.com\/de\/wp-json\/wp\/v2\/comments?post=171430"}],"wp:featuredmedia":[{"embeddable":true,"href":"https:\/\/www.voustensports.com\/de\/wp-json\/wp\/v2\/media\/171549"}],"wp:attachment":[{"href":"https:\/\/www.voustensports.com\/de\/wp-json\/wp\/v2\/media?parent=171430"}],"wp:term":[{"taxonomy":"product_cat","embeddable":true,"href":"https:\/\/www.voustensports.com\/de\/wp-json\/wp\/v2\/product_cat?post=171430"},{"taxonomy":"product_tag","embeddable":true,"href":"https:\/\/www.voustensports.com\/de\/wp-json\/wp\/v2\/product_tag?post=171430"}],"curies":[{"name":"wp","href":"https:\/\/api.w.org\/{rel}","templated":true}]}}