{"id":170813,"date":"2024-03-08T10:02:07","date_gmt":"2024-03-08T09:02:07","guid":{"rendered":"https:\/\/www.voustensports.com\/damico-croco-antique-39053-2\/"},"modified":"2026-03-31T03:21:03","modified_gmt":"2026-03-31T01:21:03","slug":"damico-croco-antique-39053-2","status":"publish","type":"product","link":"https:\/\/www.voustensports.com\/de\/damico-croco-antique-39053-2\/","title":{"rendered":"D&#8217;Amico &#8211; Croco Antique (39053)"},"content":{"rendered":"<p>Ist ein einzigartiger Krokog\u00fcrtel von Andrea D&#8217;Amico mit einer L\u00e4nge von 115\/130 cm.<\/p>\n<ul>\n<li>G\u00fcrtelbreite: 3,5 cm<\/li>\n<li>Material: 100% echtes Krokodilleder<\/li>\n<li>Gewebte Struktur<\/li>\n<li>Farbe: antique<\/li>\n<li>Schnellverschluss<\/li>\n<li>Hergestellt aus dem Krokodilschwanz<\/li>\n<\/ul>\n<p>Nach Bestellung bieten wir Ihnen den G\u00fcrtel auf L\u00e4nge an. Nach erfolgter Anpassung ist eine R\u00fccksendung nicht mehr m\u00f6glich.<\/p>\n","protected":false},"excerpt":{"rendered":"<p>Ist ein einzigartiger Krokog\u00fcrtel von Andrea D&#8217;Amico mit einer L\u00e4nge von 115\/130 cm. G\u00fcrtelbreite: 3,5 cm Material: 100% echtes Krokodilleder Gewebte Struktur Farbe: antique Schnellverschluss Hergestellt aus dem Krokodilschwanz Nach Bestellung bieten wir Ihnen den G\u00fcrtel auf L\u00e4nge an. Nach erfolgter Anpassung ist eine R\u00fccksendung nicht mehr m\u00f6glich.<\/p>\n","protected":false},"featured_media":170801,"comment_status":"open","ping_status":"closed","template":"","meta":{"rank_math_lock_modified_date":false},"product_cat":[451,463,494,511,797,804,811],"product_tag":[],"class_list":{"0":"post-170813","1":"product","2":"type-product","3":"status-publish","4":"has-post-thumbnail","6":"product_cat-heren-de","7":"product_cat-vousten-sports-de-2","8":"product_cat-accessoires-de","9":"product_cat-riemen-de-2","10":"product_cat-andrea-damico-croco-ceintuur-de","11":"product_cat-andrea-damico-croco-riemen-de","12":"product_cat-d-amico-de","14":"first","15":"instock","16":"taxable","17":"shipping-taxable","18":"purchasable","19":"product-type-variable"},"acf":[],"yoast_head":"<!-- This site is optimized with the Yoast SEO plugin v23.9 - https:\/\/yoast.com\/wordpress\/plugins\/seo\/ -->\n<title>D&#8217;Amico - Croco Antique (39053) - Vousten Sports<\/title>\n<meta name=\"robots\" content=\"index, follow, max-snippet:-1, max-image-preview:large, max-video-preview:-1\" \/>\n<link rel=\"canonical\" href=\"https:\/\/www.voustensports.com\/de\/damico-croco-antique-39053-2\/\" \/>\n<meta property=\"og:locale\" content=\"de_DE\" \/>\n<meta property=\"og:type\" content=\"article\" \/>\n<meta property=\"og:title\" content=\"D&#8217;Amico - Croco Antique (39053) - Vousten Sports\" \/>\n<meta property=\"og:description\" content=\"Ist ein einzigartiger Krokog\u00fcrtel von Andrea D&#8217;Amico mit einer L\u00e4nge von 115\/130 cm. G\u00fcrtelbreite: 3,5 cm Material: 100% echtes Krokodilleder Gewebte Struktur Farbe: antique Schnellverschluss Hergestellt aus dem Krokodilschwanz Nach Bestellung bieten wir Ihnen den G\u00fcrtel auf L\u00e4nge an. Nach erfolgter Anpassung ist eine R\u00fccksendung nicht mehr m\u00f6glich.\" \/>\n<meta property=\"og:url\" content=\"https:\/\/www.voustensports.com\/de\/damico-croco-antique-39053-2\/\" \/>\n<meta property=\"og:site_name\" content=\"Vousten Sports\" \/>\n<meta property=\"article:modified_time\" content=\"2026-03-31T01:21:03+00:00\" \/>\n<meta property=\"og:image\" content=\"https:\/\/www.voustensports.com\/wp-content\/uploads\/2023\/06\/DAmico-Croco-Antique-39053.png\" \/>\n\t<meta property=\"og:image:width\" content=\"948\" \/>\n\t<meta property=\"og:image:height\" content=\"948\" \/>\n\t<meta property=\"og:image:type\" content=\"image\/png\" \/>\n<meta name=\"twitter:card\" content=\"summary_large_image\" \/>\n<script type=\"application\/ld+json\" class=\"yoast-schema-graph\">{\"@context\":\"https:\/\/schema.org\",\"@graph\":[{\"@type\":\"WebPage\",\"@id\":\"https:\/\/www.voustensports.com\/de\/damico-croco-antique-39053-2\/\",\"url\":\"https:\/\/www.voustensports.com\/de\/damico-croco-antique-39053-2\/\",\"name\":\"D&#8217;Amico - Croco Antique (39053) - Vousten Sports\",\"isPartOf\":{\"@id\":\"https:\/\/www.voustensports.com\/nl\/#website\"},\"primaryImageOfPage\":{\"@id\":\"https:\/\/www.voustensports.com\/de\/damico-croco-antique-39053-2\/#primaryimage\"},\"image\":{\"@id\":\"https:\/\/www.voustensports.com\/de\/damico-croco-antique-39053-2\/#primaryimage\"},\"thumbnailUrl\":\"https:\/\/www.voustensports.com\/wp-content\/uploads\/2023\/06\/DAmico-Croco-Antique-39053.png\",\"datePublished\":\"2024-03-08T09:02:07+00:00\",\"dateModified\":\"2026-03-31T01:21:03+00:00\",\"breadcrumb\":{\"@id\":\"https:\/\/www.voustensports.com\/de\/damico-croco-antique-39053-2\/#breadcrumb\"},\"inLanguage\":\"de-DE\",\"potentialAction\":[{\"@type\":\"ReadAction\",\"target\":[\"https:\/\/www.voustensports.com\/de\/damico-croco-antique-39053-2\/\"]}]},{\"@type\":\"ImageObject\",\"inLanguage\":\"de-DE\",\"@id\":\"https:\/\/www.voustensports.com\/de\/damico-croco-antique-39053-2\/#primaryimage\",\"url\":\"https:\/\/www.voustensports.com\/wp-content\/uploads\/2023\/06\/DAmico-Croco-Antique-39053.png\",\"contentUrl\":\"https:\/\/www.voustensports.com\/wp-content\/uploads\/2023\/06\/DAmico-Croco-Antique-39053.png\",\"width\":948,\"height\":948},{\"@type\":\"BreadcrumbList\",\"@id\":\"https:\/\/www.voustensports.com\/de\/damico-croco-antique-39053-2\/#breadcrumb\",\"itemListElement\":[{\"@type\":\"ListItem\",\"position\":1,\"name\":\"Home\",\"item\":\"https:\/\/www.voustensports.com\/de\/\"},{\"@type\":\"ListItem\",\"position\":2,\"name\":\"Shop\",\"item\":\"https:\/\/www.voustensports.com\/de\/shop\/\"},{\"@type\":\"ListItem\",\"position\":3,\"name\":\"D&#8217;Amico &#8211; Croco Antique (39053)\"}]},{\"@type\":\"WebSite\",\"@id\":\"https:\/\/www.voustensports.com\/nl\/#website\",\"url\":\"https:\/\/www.voustensports.com\/nl\/\",\"name\":\"Vousten Sports\",\"description\":\"\",\"potentialAction\":[{\"@type\":\"SearchAction\",\"target\":{\"@type\":\"EntryPoint\",\"urlTemplate\":\"https:\/\/www.voustensports.com\/nl\/?s={search_term_string}\"},\"query-input\":{\"@type\":\"PropertyValueSpecification\",\"valueRequired\":true,\"valueName\":\"search_term_string\"}}],\"inLanguage\":\"de-DE\"}]}<\/script>\n<!-- \/ Yoast SEO plugin. -->","yoast_head_json":{"title":"D&#8217;Amico - Croco Antique (39053) - Vousten Sports","robots":{"index":"index","follow":"follow","max-snippet":"max-snippet:-1","max-image-preview":"max-image-preview:large","max-video-preview":"max-video-preview:-1"},"canonical":"https:\/\/www.voustensports.com\/de\/damico-croco-antique-39053-2\/","og_locale":"de_DE","og_type":"article","og_title":"D&#8217;Amico - Croco Antique (39053) - Vousten Sports","og_description":"Ist ein einzigartiger Krokog\u00fcrtel von Andrea D&#8217;Amico mit einer L\u00e4nge von 115\/130 cm. G\u00fcrtelbreite: 3,5 cm Material: 100% echtes Krokodilleder Gewebte Struktur Farbe: antique Schnellverschluss Hergestellt aus dem Krokodilschwanz Nach Bestellung bieten wir Ihnen den G\u00fcrtel auf L\u00e4nge an. Nach erfolgter Anpassung ist eine R\u00fccksendung nicht mehr m\u00f6glich.","og_url":"https:\/\/www.voustensports.com\/de\/damico-croco-antique-39053-2\/","og_site_name":"Vousten Sports","article_modified_time":"2026-03-31T01:21:03+00:00","og_image":[{"width":948,"height":948,"url":"https:\/\/www.voustensports.com\/wp-content\/uploads\/2023\/06\/DAmico-Croco-Antique-39053.png","type":"image\/png"}],"twitter_card":"summary_large_image","schema":{"@context":"https:\/\/schema.org","@graph":[{"@type":"WebPage","@id":"https:\/\/www.voustensports.com\/de\/damico-croco-antique-39053-2\/","url":"https:\/\/www.voustensports.com\/de\/damico-croco-antique-39053-2\/","name":"D&#8217;Amico - Croco Antique (39053) - Vousten Sports","isPartOf":{"@id":"https:\/\/www.voustensports.com\/nl\/#website"},"primaryImageOfPage":{"@id":"https:\/\/www.voustensports.com\/de\/damico-croco-antique-39053-2\/#primaryimage"},"image":{"@id":"https:\/\/www.voustensports.com\/de\/damico-croco-antique-39053-2\/#primaryimage"},"thumbnailUrl":"https:\/\/www.voustensports.com\/wp-content\/uploads\/2023\/06\/DAmico-Croco-Antique-39053.png","datePublished":"2024-03-08T09:02:07+00:00","dateModified":"2026-03-31T01:21:03+00:00","breadcrumb":{"@id":"https:\/\/www.voustensports.com\/de\/damico-croco-antique-39053-2\/#breadcrumb"},"inLanguage":"de-DE","potentialAction":[{"@type":"ReadAction","target":["https:\/\/www.voustensports.com\/de\/damico-croco-antique-39053-2\/"]}]},{"@type":"ImageObject","inLanguage":"de-DE","@id":"https:\/\/www.voustensports.com\/de\/damico-croco-antique-39053-2\/#primaryimage","url":"https:\/\/www.voustensports.com\/wp-content\/uploads\/2023\/06\/DAmico-Croco-Antique-39053.png","contentUrl":"https:\/\/www.voustensports.com\/wp-content\/uploads\/2023\/06\/DAmico-Croco-Antique-39053.png","width":948,"height":948},{"@type":"BreadcrumbList","@id":"https:\/\/www.voustensports.com\/de\/damico-croco-antique-39053-2\/#breadcrumb","itemListElement":[{"@type":"ListItem","position":1,"name":"Home","item":"https:\/\/www.voustensports.com\/de\/"},{"@type":"ListItem","position":2,"name":"Shop","item":"https:\/\/www.voustensports.com\/de\/shop\/"},{"@type":"ListItem","position":3,"name":"D&#8217;Amico &#8211; Croco Antique (39053)"}]},{"@type":"WebSite","@id":"https:\/\/www.voustensports.com\/nl\/#website","url":"https:\/\/www.voustensports.com\/nl\/","name":"Vousten Sports","description":"","potentialAction":[{"@type":"SearchAction","target":{"@type":"EntryPoint","urlTemplate":"https:\/\/www.voustensports.com\/nl\/?s={search_term_string}"},"query-input":{"@type":"PropertyValueSpecification","valueRequired":true,"valueName":"search_term_string"}}],"inLanguage":"de-DE"}]}},"_links":{"self":[{"href":"https:\/\/www.voustensports.com\/de\/wp-json\/wp\/v2\/product\/170813","targetHints":{"allow":["GET"]}}],"collection":[{"href":"https:\/\/www.voustensports.com\/de\/wp-json\/wp\/v2\/product"}],"about":[{"href":"https:\/\/www.voustensports.com\/de\/wp-json\/wp\/v2\/types\/product"}],"replies":[{"embeddable":true,"href":"https:\/\/www.voustensports.com\/de\/wp-json\/wp\/v2\/comments?post=170813"}],"wp:featuredmedia":[{"embeddable":true,"href":"https:\/\/www.voustensports.com\/de\/wp-json\/wp\/v2\/media\/170801"}],"wp:attachment":[{"href":"https:\/\/www.voustensports.com\/de\/wp-json\/wp\/v2\/media?parent=170813"}],"wp:term":[{"taxonomy":"product_cat","embeddable":true,"href":"https:\/\/www.voustensports.com\/de\/wp-json\/wp\/v2\/product_cat?post=170813"},{"taxonomy":"product_tag","embeddable":true,"href":"https:\/\/www.voustensports.com\/de\/wp-json\/wp\/v2\/product_tag?post=170813"}],"curies":[{"name":"wp","href":"https:\/\/api.w.org\/{rel}","templated":true}]}}