{"id":169668,"date":"2024-02-22T13:10:24","date_gmt":"2024-02-22T12:10:24","guid":{"rendered":"https:\/\/www.voustensports.com\/c-p-company-bomber-jacket-grun-38866\/"},"modified":"2026-02-05T12:13:41","modified_gmt":"2026-02-05T11:13:41","slug":"c-p-company-bomber-jacket-grun-38866","status":"publish","type":"product","link":"https:\/\/www.voustensports.com\/de\/c-p-company-bomber-jacket-grun-38866\/","title":{"rendered":"C.P. Company &#8211; Bomber Jacket gr\u00fcn (38866)"},"content":{"rendered":"<p>Kurze Jacke mit einer verstellbaren Kapuze, einem durchgehenden Rei\u00dfverschluss, Rippb\u00fcndchen und einem Linsendetail am linken \u00c4rmel. Zudem verf\u00fcgt die Jacke \u00fcber zwei Eingrifftaschen mit Rei\u00dfverschluss, zwei vertikale Rei\u00dfverschlusstaschen und einen verstellbaren Saum. C.P. Shell-R wird zu 93 % aus recyceltem Post-Consumer-Polyester gefertigt. Alle Eigenschaften des \u00fcblichen C.P.-Shell-Materials bleiben unver\u00e4ndert, aber indem wir einen recycelten Polyesterstoff der n\u00e4chsten Generation als Obermaterial verwenden, nutzen wir Post-Consumer-Materialien, die sonst weggeworfen w\u00fcrden. Regular \/ kurze Fit.<\/p>\n<ul class=\"details-bullet-point\">\n<li class=\"details-bullet-point-item\">&#8211; Verstellbare Kapuze<\/li>\n<li class=\"details-bullet-point-item\">&#8211; Durchgehender Rei\u00dfverschluss<\/li>\n<li class=\"details-bullet-point-item\">&#8211; Vordertaschen mit Rei\u00dfverschluss<\/li>\n<li class=\"details-bullet-point-item\">&#8211; Vertikale Rei\u00dfverschlusstaschen<\/li>\n<li class=\"details-bullet-point-item\">&#8211; Linsendetail<\/li>\n<li class=\"details-bullet-point-item\">&#8211; Rippb\u00fcndchen<\/li>\n<li class=\"details-bullet-point-item\">&#8211; Verstellbarer Saum<\/li>\n<li class=\"details-bullet-point-item\">&#8211; Regular \/ kurze Fit<\/li>\n<\/ul>\n","protected":false},"excerpt":{"rendered":"<p>Kurze Jacke mit einer verstellbaren Kapuze, einem durchgehenden Rei\u00dfverschluss, Rippb\u00fcndchen und einem Linsendetail am linken \u00c4rmel. Zudem verf\u00fcgt die Jacke \u00fcber zwei Eingrifftaschen mit Rei\u00dfverschluss, zwei vertikale Rei\u00dfverschlusstaschen und einen verstellbaren Saum. C.P. Shell-R wird zu 93 % aus recyceltem Post-Consumer-Polyester gefertigt. Alle Eigenschaften des \u00fcblichen C.P.-Shell-Materials bleiben unver\u00e4ndert, aber indem wir einen recycelten Polyesterstoff [&#8230;]\n","protected":false},"featured_media":172206,"comment_status":"open","ping_status":"closed","template":"","meta":{"rank_math_lock_modified_date":false},"product_cat":[439,447,451,463,543,702,706],"product_tag":[],"class_list":{"0":"post-169668","1":"product","2":"type-product","3":"status-publish","4":"has-post-thumbnail","6":"product_cat-cp-company-de","7":"product_cat-kleding-de","8":"product_cat-heren-de","9":"product_cat-vousten-sports-de-2","10":"product_cat-jassen-de","11":"product_cat-jackets-de","12":"product_cat-jassen-jacks-de","14":"first","15":"instock","16":"taxable","17":"shipping-taxable","18":"purchasable","19":"product-type-variable"},"acf":[],"yoast_head":"<!-- This site is optimized with the Yoast SEO plugin v23.9 - https:\/\/yoast.com\/wordpress\/plugins\/seo\/ -->\n<title>C.P. Company - Bomber Jacket gr\u00fcn (38866) - Vousten Sports<\/title>\n<meta name=\"robots\" content=\"index, follow, max-snippet:-1, max-image-preview:large, max-video-preview:-1\" \/>\n<link rel=\"canonical\" href=\"https:\/\/www.voustensports.com\/de\/c-p-company-bomber-jacket-grun-38866\/\" \/>\n<meta property=\"og:locale\" content=\"de_DE\" \/>\n<meta property=\"og:type\" content=\"article\" \/>\n<meta property=\"og:title\" content=\"C.P. Company - Bomber Jacket gr\u00fcn (38866) - Vousten Sports\" \/>\n<meta property=\"og:description\" content=\"Kurze Jacke mit einer verstellbaren Kapuze, einem durchgehenden Rei\u00dfverschluss, Rippb\u00fcndchen und einem Linsendetail am linken \u00c4rmel. Zudem verf\u00fcgt die Jacke \u00fcber zwei Eingrifftaschen mit Rei\u00dfverschluss, zwei vertikale Rei\u00dfverschlusstaschen und einen verstellbaren Saum. C.P. Shell-R wird zu 93 % aus recyceltem Post-Consumer-Polyester gefertigt. Alle Eigenschaften des \u00fcblichen C.P.-Shell-Materials bleiben unver\u00e4ndert, aber indem wir einen recycelten Polyesterstoff [...]\" \/>\n<meta property=\"og:url\" content=\"https:\/\/www.voustensports.com\/de\/c-p-company-bomber-jacket-grun-38866\/\" \/>\n<meta property=\"og:site_name\" content=\"Vousten Sports\" \/>\n<meta property=\"article:modified_time\" content=\"2026-02-05T11:13:41+00:00\" \/>\n<meta property=\"og:image\" content=\"https:\/\/www.voustensports.com\/wp-content\/uploads\/2023\/06\/C.P.-Company-Bomber-Jacket-green.png\" \/>\n\t<meta property=\"og:image:width\" content=\"1500\" \/>\n\t<meta property=\"og:image:height\" content=\"1875\" \/>\n\t<meta property=\"og:image:type\" content=\"image\/png\" \/>\n<meta name=\"twitter:card\" content=\"summary_large_image\" \/>\n<meta name=\"twitter:label1\" content=\"Est. reading time\" \/>\n\t<meta name=\"twitter:data1\" content=\"1 Minute\" \/>\n<script type=\"application\/ld+json\" class=\"yoast-schema-graph\">{\"@context\":\"https:\/\/schema.org\",\"@graph\":[{\"@type\":\"WebPage\",\"@id\":\"https:\/\/www.voustensports.com\/de\/c-p-company-bomber-jacket-grun-38866\/\",\"url\":\"https:\/\/www.voustensports.com\/de\/c-p-company-bomber-jacket-grun-38866\/\",\"name\":\"C.P. Company - Bomber Jacket gr\u00fcn (38866) - Vousten Sports\",\"isPartOf\":{\"@id\":\"https:\/\/www.voustensports.com\/nl\/#website\"},\"primaryImageOfPage\":{\"@id\":\"https:\/\/www.voustensports.com\/de\/c-p-company-bomber-jacket-grun-38866\/#primaryimage\"},\"image\":{\"@id\":\"https:\/\/www.voustensports.com\/de\/c-p-company-bomber-jacket-grun-38866\/#primaryimage\"},\"thumbnailUrl\":\"https:\/\/www.voustensports.com\/wp-content\/uploads\/2023\/06\/C.P.-Company-Bomber-Jacket-green.png\",\"datePublished\":\"2024-02-22T12:10:24+00:00\",\"dateModified\":\"2026-02-05T11:13:41+00:00\",\"breadcrumb\":{\"@id\":\"https:\/\/www.voustensports.com\/de\/c-p-company-bomber-jacket-grun-38866\/#breadcrumb\"},\"inLanguage\":\"de-DE\",\"potentialAction\":[{\"@type\":\"ReadAction\",\"target\":[\"https:\/\/www.voustensports.com\/de\/c-p-company-bomber-jacket-grun-38866\/\"]}]},{\"@type\":\"ImageObject\",\"inLanguage\":\"de-DE\",\"@id\":\"https:\/\/www.voustensports.com\/de\/c-p-company-bomber-jacket-grun-38866\/#primaryimage\",\"url\":\"https:\/\/www.voustensports.com\/wp-content\/uploads\/2023\/06\/C.P.-Company-Bomber-Jacket-green.png\",\"contentUrl\":\"https:\/\/www.voustensports.com\/wp-content\/uploads\/2023\/06\/C.P.-Company-Bomber-Jacket-green.png\",\"width\":1500,\"height\":1875},{\"@type\":\"BreadcrumbList\",\"@id\":\"https:\/\/www.voustensports.com\/de\/c-p-company-bomber-jacket-grun-38866\/#breadcrumb\",\"itemListElement\":[{\"@type\":\"ListItem\",\"position\":1,\"name\":\"Home\",\"item\":\"https:\/\/www.voustensports.com\/de\/\"},{\"@type\":\"ListItem\",\"position\":2,\"name\":\"Shop\",\"item\":\"https:\/\/www.voustensports.com\/de\/shop\/\"},{\"@type\":\"ListItem\",\"position\":3,\"name\":\"C.P. Company &#8211; Bomber Jacket gr\u00fcn (38866)\"}]},{\"@type\":\"WebSite\",\"@id\":\"https:\/\/www.voustensports.com\/nl\/#website\",\"url\":\"https:\/\/www.voustensports.com\/nl\/\",\"name\":\"Vousten Sports\",\"description\":\"\",\"potentialAction\":[{\"@type\":\"SearchAction\",\"target\":{\"@type\":\"EntryPoint\",\"urlTemplate\":\"https:\/\/www.voustensports.com\/nl\/?s={search_term_string}\"},\"query-input\":{\"@type\":\"PropertyValueSpecification\",\"valueRequired\":true,\"valueName\":\"search_term_string\"}}],\"inLanguage\":\"de-DE\"}]}<\/script>\n<!-- \/ Yoast SEO plugin. -->","yoast_head_json":{"title":"C.P. Company - Bomber Jacket gr\u00fcn (38866) - Vousten Sports","robots":{"index":"index","follow":"follow","max-snippet":"max-snippet:-1","max-image-preview":"max-image-preview:large","max-video-preview":"max-video-preview:-1"},"canonical":"https:\/\/www.voustensports.com\/de\/c-p-company-bomber-jacket-grun-38866\/","og_locale":"de_DE","og_type":"article","og_title":"C.P. Company - Bomber Jacket gr\u00fcn (38866) - Vousten Sports","og_description":"Kurze Jacke mit einer verstellbaren Kapuze, einem durchgehenden Rei\u00dfverschluss, Rippb\u00fcndchen und einem Linsendetail am linken \u00c4rmel. Zudem verf\u00fcgt die Jacke \u00fcber zwei Eingrifftaschen mit Rei\u00dfverschluss, zwei vertikale Rei\u00dfverschlusstaschen und einen verstellbaren Saum. C.P. Shell-R wird zu 93 % aus recyceltem Post-Consumer-Polyester gefertigt. Alle Eigenschaften des \u00fcblichen C.P.-Shell-Materials bleiben unver\u00e4ndert, aber indem wir einen recycelten Polyesterstoff [...]","og_url":"https:\/\/www.voustensports.com\/de\/c-p-company-bomber-jacket-grun-38866\/","og_site_name":"Vousten Sports","article_modified_time":"2026-02-05T11:13:41+00:00","og_image":[{"width":1500,"height":1875,"url":"https:\/\/www.voustensports.com\/wp-content\/uploads\/2023\/06\/C.P.-Company-Bomber-Jacket-green.png","type":"image\/png"}],"twitter_card":"summary_large_image","twitter_misc":{"Est. reading time":"1 Minute"},"schema":{"@context":"https:\/\/schema.org","@graph":[{"@type":"WebPage","@id":"https:\/\/www.voustensports.com\/de\/c-p-company-bomber-jacket-grun-38866\/","url":"https:\/\/www.voustensports.com\/de\/c-p-company-bomber-jacket-grun-38866\/","name":"C.P. Company - Bomber Jacket gr\u00fcn (38866) - Vousten Sports","isPartOf":{"@id":"https:\/\/www.voustensports.com\/nl\/#website"},"primaryImageOfPage":{"@id":"https:\/\/www.voustensports.com\/de\/c-p-company-bomber-jacket-grun-38866\/#primaryimage"},"image":{"@id":"https:\/\/www.voustensports.com\/de\/c-p-company-bomber-jacket-grun-38866\/#primaryimage"},"thumbnailUrl":"https:\/\/www.voustensports.com\/wp-content\/uploads\/2023\/06\/C.P.-Company-Bomber-Jacket-green.png","datePublished":"2024-02-22T12:10:24+00:00","dateModified":"2026-02-05T11:13:41+00:00","breadcrumb":{"@id":"https:\/\/www.voustensports.com\/de\/c-p-company-bomber-jacket-grun-38866\/#breadcrumb"},"inLanguage":"de-DE","potentialAction":[{"@type":"ReadAction","target":["https:\/\/www.voustensports.com\/de\/c-p-company-bomber-jacket-grun-38866\/"]}]},{"@type":"ImageObject","inLanguage":"de-DE","@id":"https:\/\/www.voustensports.com\/de\/c-p-company-bomber-jacket-grun-38866\/#primaryimage","url":"https:\/\/www.voustensports.com\/wp-content\/uploads\/2023\/06\/C.P.-Company-Bomber-Jacket-green.png","contentUrl":"https:\/\/www.voustensports.com\/wp-content\/uploads\/2023\/06\/C.P.-Company-Bomber-Jacket-green.png","width":1500,"height":1875},{"@type":"BreadcrumbList","@id":"https:\/\/www.voustensports.com\/de\/c-p-company-bomber-jacket-grun-38866\/#breadcrumb","itemListElement":[{"@type":"ListItem","position":1,"name":"Home","item":"https:\/\/www.voustensports.com\/de\/"},{"@type":"ListItem","position":2,"name":"Shop","item":"https:\/\/www.voustensports.com\/de\/shop\/"},{"@type":"ListItem","position":3,"name":"C.P. Company &#8211; Bomber Jacket gr\u00fcn (38866)"}]},{"@type":"WebSite","@id":"https:\/\/www.voustensports.com\/nl\/#website","url":"https:\/\/www.voustensports.com\/nl\/","name":"Vousten Sports","description":"","potentialAction":[{"@type":"SearchAction","target":{"@type":"EntryPoint","urlTemplate":"https:\/\/www.voustensports.com\/nl\/?s={search_term_string}"},"query-input":{"@type":"PropertyValueSpecification","valueRequired":true,"valueName":"search_term_string"}}],"inLanguage":"de-DE"}]}},"_links":{"self":[{"href":"https:\/\/www.voustensports.com\/de\/wp-json\/wp\/v2\/product\/169668","targetHints":{"allow":["GET"]}}],"collection":[{"href":"https:\/\/www.voustensports.com\/de\/wp-json\/wp\/v2\/product"}],"about":[{"href":"https:\/\/www.voustensports.com\/de\/wp-json\/wp\/v2\/types\/product"}],"replies":[{"embeddable":true,"href":"https:\/\/www.voustensports.com\/de\/wp-json\/wp\/v2\/comments?post=169668"}],"wp:featuredmedia":[{"embeddable":true,"href":"https:\/\/www.voustensports.com\/de\/wp-json\/wp\/v2\/media\/172206"}],"wp:attachment":[{"href":"https:\/\/www.voustensports.com\/de\/wp-json\/wp\/v2\/media?parent=169668"}],"wp:term":[{"taxonomy":"product_cat","embeddable":true,"href":"https:\/\/www.voustensports.com\/de\/wp-json\/wp\/v2\/product_cat?post=169668"},{"taxonomy":"product_tag","embeddable":true,"href":"https:\/\/www.voustensports.com\/de\/wp-json\/wp\/v2\/product_tag?post=169668"}],"curies":[{"name":"wp","href":"https:\/\/api.w.org\/{rel}","templated":true}]}}