{"id":168312,"date":"2024-02-02T08:10:24","date_gmt":"2024-02-02T07:10:24","guid":{"rendered":"https:\/\/www.voustensports.com\/stone-island-sweatshirt-weis-38750\/"},"modified":"2026-02-05T12:11:51","modified_gmt":"2026-02-05T11:11:51","slug":"stone-island-sweatshirt-weis-38750","status":"publish","type":"product","link":"https:\/\/www.voustensports.com\/de\/stone-island-sweatshirt-weis-38750\/","title":{"rendered":"STONE ISLAND &#8211; Sweatshirt wei\u00df (38750)"},"content":{"rendered":"<p>PRODUKTDETAILS<br \/>\nSweatshirt mit Rundhalsausschnitt aus Baumwollfleece. Kleidungsst\u00fcck gef\u00e4rbt.<\/p>\n<p>STIL<br \/>\nNormale Passform.<br \/>\nGerippter Ausschnitt.<br \/>\nStone Island-Abzeichen auf dem linken \u00c4rmel.<br \/>\nOverlock-N\u00e4hte.<br \/>\nL\u00fcnette mit Innenfutter am R\u00fccken, unter dem Ausschnitt.<br \/>\nGerippte B\u00fcndchen und unteres Band.<\/p>\n<p>KOMPOSITION<br \/>\n100% Baumwolle<\/p>\n<p>Stone Island-Nummer: 63051<br \/>\nFarbnummer: V0001<br \/>\nIdentifikationsnummer: 38750<\/p>\n","protected":false},"excerpt":{"rendered":"<p>PRODUKTDETAILS Sweatshirt mit Rundhalsausschnitt aus Baumwollfleece. Kleidungsst\u00fcck gef\u00e4rbt. STIL Normale Passform. Gerippter Ausschnitt. Stone Island-Abzeichen auf dem linken \u00c4rmel. Overlock-N\u00e4hte. L\u00fcnette mit Innenfutter am R\u00fccken, unter dem Ausschnitt. Gerippte B\u00fcndchen und unteres Band. KOMPOSITION 100% Baumwolle Stone Island-Nummer: 63051 Farbnummer: V0001 Identifikationsnummer: 38750<\/p>\n","protected":false},"featured_media":174828,"comment_status":"open","ping_status":"closed","template":"","meta":{"rank_math_lock_modified_date":false},"product_cat":[443,447,451,463,483,535,695,698],"product_tag":[],"class_list":{"0":"post-168312","1":"product","2":"type-product","3":"status-publish","4":"has-post-thumbnail","6":"product_cat-fleece-de","7":"product_cat-kleding-de","8":"product_cat-heren-de","9":"product_cat-vousten-sports-de-2","10":"product_cat-stone-island-de-2","11":"product_cat-truien-de-2","12":"product_cat-truien-vesten-de-2","13":"product_cat-sweaters-de-2","15":"first","16":"outofstock","17":"taxable","18":"shipping-taxable","19":"purchasable","20":"product-type-variable"},"acf":[],"yoast_head":"<!-- This site is optimized with the Yoast SEO plugin v23.9 - https:\/\/yoast.com\/wordpress\/plugins\/seo\/ -->\n<title>STONE ISLAND - Sweatshirt wei\u00df (38750) - Vousten Sports<\/title>\n<meta name=\"robots\" content=\"index, follow, max-snippet:-1, max-image-preview:large, max-video-preview:-1\" \/>\n<link rel=\"canonical\" href=\"https:\/\/www.voustensports.com\/de\/stone-island-sweatshirt-weis-38750\/\" \/>\n<meta property=\"og:locale\" content=\"de_DE\" \/>\n<meta property=\"og:type\" content=\"article\" \/>\n<meta property=\"og:title\" content=\"STONE ISLAND - Sweatshirt wei\u00df (38750) - Vousten Sports\" \/>\n<meta property=\"og:description\" content=\"PRODUKTDETAILS Sweatshirt mit Rundhalsausschnitt aus Baumwollfleece. Kleidungsst\u00fcck gef\u00e4rbt. STIL Normale Passform. Gerippter Ausschnitt. Stone Island-Abzeichen auf dem linken \u00c4rmel. Overlock-N\u00e4hte. L\u00fcnette mit Innenfutter am R\u00fccken, unter dem Ausschnitt. Gerippte B\u00fcndchen und unteres Band. KOMPOSITION 100% Baumwolle Stone Island-Nummer: 63051 Farbnummer: V0001 Identifikationsnummer: 38750\" \/>\n<meta property=\"og:url\" content=\"https:\/\/www.voustensports.com\/de\/stone-island-sweatshirt-weis-38750\/\" \/>\n<meta property=\"og:site_name\" content=\"Vousten Sports\" \/>\n<meta property=\"article:modified_time\" content=\"2026-02-05T11:11:51+00:00\" \/>\n<meta property=\"og:image\" content=\"https:\/\/www.voustensports.com\/wp-content\/uploads\/2023\/06\/Sweatshirt-wit-38750-1.png\" \/>\n\t<meta property=\"og:image:width\" content=\"1365\" \/>\n\t<meta property=\"og:image:height\" content=\"2048\" \/>\n\t<meta property=\"og:image:type\" content=\"image\/png\" \/>\n<meta name=\"twitter:card\" content=\"summary_large_image\" \/>\n<script type=\"application\/ld+json\" class=\"yoast-schema-graph\">{\"@context\":\"https:\/\/schema.org\",\"@graph\":[{\"@type\":\"WebPage\",\"@id\":\"https:\/\/www.voustensports.com\/de\/stone-island-sweatshirt-weis-38750\/\",\"url\":\"https:\/\/www.voustensports.com\/de\/stone-island-sweatshirt-weis-38750\/\",\"name\":\"STONE ISLAND - Sweatshirt wei\u00df (38750) - Vousten Sports\",\"isPartOf\":{\"@id\":\"https:\/\/www.voustensports.com\/nl\/#website\"},\"primaryImageOfPage\":{\"@id\":\"https:\/\/www.voustensports.com\/de\/stone-island-sweatshirt-weis-38750\/#primaryimage\"},\"image\":{\"@id\":\"https:\/\/www.voustensports.com\/de\/stone-island-sweatshirt-weis-38750\/#primaryimage\"},\"thumbnailUrl\":\"https:\/\/www.voustensports.com\/wp-content\/uploads\/2023\/06\/Sweatshirt-wit-38750-1.png\",\"datePublished\":\"2024-02-02T07:10:24+00:00\",\"dateModified\":\"2026-02-05T11:11:51+00:00\",\"breadcrumb\":{\"@id\":\"https:\/\/www.voustensports.com\/de\/stone-island-sweatshirt-weis-38750\/#breadcrumb\"},\"inLanguage\":\"de-DE\",\"potentialAction\":[{\"@type\":\"ReadAction\",\"target\":[\"https:\/\/www.voustensports.com\/de\/stone-island-sweatshirt-weis-38750\/\"]}]},{\"@type\":\"ImageObject\",\"inLanguage\":\"de-DE\",\"@id\":\"https:\/\/www.voustensports.com\/de\/stone-island-sweatshirt-weis-38750\/#primaryimage\",\"url\":\"https:\/\/www.voustensports.com\/wp-content\/uploads\/2023\/06\/Sweatshirt-wit-38750-1.png\",\"contentUrl\":\"https:\/\/www.voustensports.com\/wp-content\/uploads\/2023\/06\/Sweatshirt-wit-38750-1.png\",\"width\":1365,\"height\":2048},{\"@type\":\"BreadcrumbList\",\"@id\":\"https:\/\/www.voustensports.com\/de\/stone-island-sweatshirt-weis-38750\/#breadcrumb\",\"itemListElement\":[{\"@type\":\"ListItem\",\"position\":1,\"name\":\"Home\",\"item\":\"https:\/\/www.voustensports.com\/de\/\"},{\"@type\":\"ListItem\",\"position\":2,\"name\":\"Shop\",\"item\":\"https:\/\/www.voustensports.com\/de\/shop\/\"},{\"@type\":\"ListItem\",\"position\":3,\"name\":\"STONE ISLAND &#8211; Sweatshirt wei\u00df (38750)\"}]},{\"@type\":\"WebSite\",\"@id\":\"https:\/\/www.voustensports.com\/nl\/#website\",\"url\":\"https:\/\/www.voustensports.com\/nl\/\",\"name\":\"Vousten Sports\",\"description\":\"\",\"potentialAction\":[{\"@type\":\"SearchAction\",\"target\":{\"@type\":\"EntryPoint\",\"urlTemplate\":\"https:\/\/www.voustensports.com\/nl\/?s={search_term_string}\"},\"query-input\":{\"@type\":\"PropertyValueSpecification\",\"valueRequired\":true,\"valueName\":\"search_term_string\"}}],\"inLanguage\":\"de-DE\"}]}<\/script>\n<!-- \/ Yoast SEO plugin. -->","yoast_head_json":{"title":"STONE ISLAND - Sweatshirt wei\u00df (38750) - Vousten Sports","robots":{"index":"index","follow":"follow","max-snippet":"max-snippet:-1","max-image-preview":"max-image-preview:large","max-video-preview":"max-video-preview:-1"},"canonical":"https:\/\/www.voustensports.com\/de\/stone-island-sweatshirt-weis-38750\/","og_locale":"de_DE","og_type":"article","og_title":"STONE ISLAND - Sweatshirt wei\u00df (38750) - Vousten Sports","og_description":"PRODUKTDETAILS Sweatshirt mit Rundhalsausschnitt aus Baumwollfleece. Kleidungsst\u00fcck gef\u00e4rbt. STIL Normale Passform. Gerippter Ausschnitt. Stone Island-Abzeichen auf dem linken \u00c4rmel. Overlock-N\u00e4hte. L\u00fcnette mit Innenfutter am R\u00fccken, unter dem Ausschnitt. Gerippte B\u00fcndchen und unteres Band. KOMPOSITION 100% Baumwolle Stone Island-Nummer: 63051 Farbnummer: V0001 Identifikationsnummer: 38750","og_url":"https:\/\/www.voustensports.com\/de\/stone-island-sweatshirt-weis-38750\/","og_site_name":"Vousten Sports","article_modified_time":"2026-02-05T11:11:51+00:00","og_image":[{"width":1365,"height":2048,"url":"https:\/\/www.voustensports.com\/wp-content\/uploads\/2023\/06\/Sweatshirt-wit-38750-1.png","type":"image\/png"}],"twitter_card":"summary_large_image","schema":{"@context":"https:\/\/schema.org","@graph":[{"@type":"WebPage","@id":"https:\/\/www.voustensports.com\/de\/stone-island-sweatshirt-weis-38750\/","url":"https:\/\/www.voustensports.com\/de\/stone-island-sweatshirt-weis-38750\/","name":"STONE ISLAND - Sweatshirt wei\u00df (38750) - Vousten Sports","isPartOf":{"@id":"https:\/\/www.voustensports.com\/nl\/#website"},"primaryImageOfPage":{"@id":"https:\/\/www.voustensports.com\/de\/stone-island-sweatshirt-weis-38750\/#primaryimage"},"image":{"@id":"https:\/\/www.voustensports.com\/de\/stone-island-sweatshirt-weis-38750\/#primaryimage"},"thumbnailUrl":"https:\/\/www.voustensports.com\/wp-content\/uploads\/2023\/06\/Sweatshirt-wit-38750-1.png","datePublished":"2024-02-02T07:10:24+00:00","dateModified":"2026-02-05T11:11:51+00:00","breadcrumb":{"@id":"https:\/\/www.voustensports.com\/de\/stone-island-sweatshirt-weis-38750\/#breadcrumb"},"inLanguage":"de-DE","potentialAction":[{"@type":"ReadAction","target":["https:\/\/www.voustensports.com\/de\/stone-island-sweatshirt-weis-38750\/"]}]},{"@type":"ImageObject","inLanguage":"de-DE","@id":"https:\/\/www.voustensports.com\/de\/stone-island-sweatshirt-weis-38750\/#primaryimage","url":"https:\/\/www.voustensports.com\/wp-content\/uploads\/2023\/06\/Sweatshirt-wit-38750-1.png","contentUrl":"https:\/\/www.voustensports.com\/wp-content\/uploads\/2023\/06\/Sweatshirt-wit-38750-1.png","width":1365,"height":2048},{"@type":"BreadcrumbList","@id":"https:\/\/www.voustensports.com\/de\/stone-island-sweatshirt-weis-38750\/#breadcrumb","itemListElement":[{"@type":"ListItem","position":1,"name":"Home","item":"https:\/\/www.voustensports.com\/de\/"},{"@type":"ListItem","position":2,"name":"Shop","item":"https:\/\/www.voustensports.com\/de\/shop\/"},{"@type":"ListItem","position":3,"name":"STONE ISLAND &#8211; Sweatshirt wei\u00df (38750)"}]},{"@type":"WebSite","@id":"https:\/\/www.voustensports.com\/nl\/#website","url":"https:\/\/www.voustensports.com\/nl\/","name":"Vousten Sports","description":"","potentialAction":[{"@type":"SearchAction","target":{"@type":"EntryPoint","urlTemplate":"https:\/\/www.voustensports.com\/nl\/?s={search_term_string}"},"query-input":{"@type":"PropertyValueSpecification","valueRequired":true,"valueName":"search_term_string"}}],"inLanguage":"de-DE"}]}},"_links":{"self":[{"href":"https:\/\/www.voustensports.com\/de\/wp-json\/wp\/v2\/product\/168312","targetHints":{"allow":["GET"]}}],"collection":[{"href":"https:\/\/www.voustensports.com\/de\/wp-json\/wp\/v2\/product"}],"about":[{"href":"https:\/\/www.voustensports.com\/de\/wp-json\/wp\/v2\/types\/product"}],"replies":[{"embeddable":true,"href":"https:\/\/www.voustensports.com\/de\/wp-json\/wp\/v2\/comments?post=168312"}],"wp:featuredmedia":[{"embeddable":true,"href":"https:\/\/www.voustensports.com\/de\/wp-json\/wp\/v2\/media\/174828"}],"wp:attachment":[{"href":"https:\/\/www.voustensports.com\/de\/wp-json\/wp\/v2\/media?parent=168312"}],"wp:term":[{"taxonomy":"product_cat","embeddable":true,"href":"https:\/\/www.voustensports.com\/de\/wp-json\/wp\/v2\/product_cat?post=168312"},{"taxonomy":"product_tag","embeddable":true,"href":"https:\/\/www.voustensports.com\/de\/wp-json\/wp\/v2\/product_tag?post=168312"}],"curies":[{"name":"wp","href":"https:\/\/api.w.org\/{rel}","templated":true}]}}