{"id":167009,"date":"2024-01-25T15:52:09","date_gmt":"2024-01-25T14:52:09","guid":{"rendered":"https:\/\/www.voustensports.com\/hogan-sneaker-weis-38877\/"},"modified":"2026-03-02T09:15:08","modified_gmt":"2026-03-02T08:15:08","slug":"hogan-sneaker-weis-38877","status":"publish","type":"product","link":"https:\/\/www.voustensports.com\/de\/hogan-sneaker-weis-38877\/","title":{"rendered":"HOGAN &#8211; Sneaker wei\u00df (38877)"},"content":{"rendered":"<div class=\"prod-info__c-description prod-info__c-description--collapsed\">Die Herrensneakers Hogan H601 vereinen einen ausdrucksstarken Look mit einem coolen Charakter und Retro-Ankl\u00e4ngen. Die leichte Sohle, die f\u00fcr einen optimalen Grip sorgt, hat eine Laufsohle mit H-f\u00f6rmigen Stollen. Diese Sneakers sind aus Glattleder mit seitlichem H gefertigt und mit einem Fu\u00dfbett aus Memory Foam ausgestattet, das eine d\u00e4mpfende Wirkung garantiert.<\/div>\n<div class=\"prod-info__dscr mt-4\">\n<ul>\n<li>Sneakers Hogan H601 f\u00fcr Herren<\/li>\n<li>Made in Italy<\/li>\n<li>Obermaterial: Glattleder<\/li>\n<li>Seitliches H<\/li>\n<li>Fu\u00dfbett aus Memory Foam 8 mm<\/li>\n<li>Gummisohle<\/li>\n<li>Gesamth\u00f6he 4,5 cm<\/li>\n<li>Pflegehinweise sind enthalten<\/li>\n<li>Staubschutzbeutel<\/li>\n<li>Ein Paar zus\u00e4tzliche Schn\u00fcrsenkel ist enthalten<\/li>\n<li>MOD.\u00a0HXM6010EH41O646P08<\/li>\n<\/ul>\n<\/div>\n","protected":false},"excerpt":{"rendered":"<p>Die Herrensneakers Hogan H601 vereinen einen ausdrucksstarken Look mit einem coolen Charakter und Retro-Ankl\u00e4ngen. Die leichte Sohle, die f\u00fcr einen optimalen Grip sorgt, hat eine Laufsohle mit H-f\u00f6rmigen Stollen. Diese Sneakers sind aus Glattleder mit seitlichem H gefertigt und mit einem Fu\u00dfbett aus Memory Foam ausgestattet, das eine d\u00e4mpfende Wirkung garantiert. Sneakers Hogan H601 f\u00fcr [&#8230;]\n","protected":false},"featured_media":193854,"comment_status":"open","ping_status":"closed","template":"","meta":{"rank_math_lock_modified_date":false},"product_cat":[523,527,531,881,451,463,519],"product_tag":[],"class_list":{"0":"post-167009","1":"product","2":"type-product","3":"status-publish","4":"has-post-thumbnail","6":"product_cat-schoenen-de-2","7":"product_cat-sneakers-de-2","8":"product_cat-herenschoenen-de","9":"product_cat-merken-de-2","10":"product_cat-heren-de","11":"product_cat-vousten-sports-de-2","12":"product_cat-hogan-de","14":"first","15":"outofstock","16":"taxable","17":"shipping-taxable","18":"purchasable","19":"product-type-variable"},"acf":[],"yoast_head":"<!-- This site is optimized with the Yoast SEO plugin v23.9 - https:\/\/yoast.com\/wordpress\/plugins\/seo\/ -->\n<title>HOGAN - Sneaker wei\u00df (38877) - Vousten Sports<\/title>\n<meta name=\"robots\" content=\"index, follow, max-snippet:-1, max-image-preview:large, max-video-preview:-1\" \/>\n<link rel=\"canonical\" href=\"https:\/\/www.voustensports.com\/de\/hogan-sneaker-weis-38877\/\" \/>\n<meta property=\"og:locale\" content=\"de_DE\" \/>\n<meta property=\"og:type\" content=\"article\" \/>\n<meta property=\"og:title\" content=\"HOGAN - Sneaker wei\u00df (38877) - Vousten Sports\" \/>\n<meta property=\"og:description\" content=\"Die Herrensneakers Hogan H601 vereinen einen ausdrucksstarken Look mit einem coolen Charakter und Retro-Ankl\u00e4ngen. Die leichte Sohle, die f\u00fcr einen optimalen Grip sorgt, hat eine Laufsohle mit H-f\u00f6rmigen Stollen. Diese Sneakers sind aus Glattleder mit seitlichem H gefertigt und mit einem Fu\u00dfbett aus Memory Foam ausgestattet, das eine d\u00e4mpfende Wirkung garantiert. Sneakers Hogan H601 f\u00fcr [...]\" \/>\n<meta property=\"og:url\" content=\"https:\/\/www.voustensports.com\/de\/hogan-sneaker-weis-38877\/\" \/>\n<meta property=\"og:site_name\" content=\"Vousten Sports\" \/>\n<meta property=\"article:modified_time\" content=\"2026-03-02T08:15:08+00:00\" \/>\n<meta property=\"og:image\" content=\"https:\/\/www.voustensports.com\/wp-content\/uploads\/2023\/06\/Hogan-Sneaker-White-38877-1.png\" \/>\n\t<meta property=\"og:image:width\" content=\"1135\" \/>\n\t<meta property=\"og:image:height\" content=\"1135\" \/>\n\t<meta property=\"og:image:type\" content=\"image\/png\" \/>\n<meta name=\"twitter:card\" content=\"summary_large_image\" \/>\n<script type=\"application\/ld+json\" class=\"yoast-schema-graph\">{\"@context\":\"https:\/\/schema.org\",\"@graph\":[{\"@type\":\"WebPage\",\"@id\":\"https:\/\/www.voustensports.com\/de\/hogan-sneaker-weis-38877\/\",\"url\":\"https:\/\/www.voustensports.com\/de\/hogan-sneaker-weis-38877\/\",\"name\":\"HOGAN - Sneaker wei\u00df (38877) - Vousten Sports\",\"isPartOf\":{\"@id\":\"https:\/\/www.voustensports.com\/nl\/#website\"},\"primaryImageOfPage\":{\"@id\":\"https:\/\/www.voustensports.com\/de\/hogan-sneaker-weis-38877\/#primaryimage\"},\"image\":{\"@id\":\"https:\/\/www.voustensports.com\/de\/hogan-sneaker-weis-38877\/#primaryimage\"},\"thumbnailUrl\":\"https:\/\/www.voustensports.com\/wp-content\/uploads\/2023\/06\/HOGAN-Sneaker-wit-38877.jpg\",\"datePublished\":\"2024-01-25T14:52:09+00:00\",\"dateModified\":\"2026-03-02T08:15:08+00:00\",\"breadcrumb\":{\"@id\":\"https:\/\/www.voustensports.com\/de\/hogan-sneaker-weis-38877\/#breadcrumb\"},\"inLanguage\":\"de-DE\",\"potentialAction\":[{\"@type\":\"ReadAction\",\"target\":[\"https:\/\/www.voustensports.com\/de\/hogan-sneaker-weis-38877\/\"]}]},{\"@type\":\"ImageObject\",\"inLanguage\":\"de-DE\",\"@id\":\"https:\/\/www.voustensports.com\/de\/hogan-sneaker-weis-38877\/#primaryimage\",\"url\":\"https:\/\/www.voustensports.com\/wp-content\/uploads\/2023\/06\/HOGAN-Sneaker-wit-38877.jpg\",\"contentUrl\":\"https:\/\/www.voustensports.com\/wp-content\/uploads\/2023\/06\/HOGAN-Sneaker-wit-38877.jpg\",\"width\":2000,\"height\":2000},{\"@type\":\"BreadcrumbList\",\"@id\":\"https:\/\/www.voustensports.com\/de\/hogan-sneaker-weis-38877\/#breadcrumb\",\"itemListElement\":[{\"@type\":\"ListItem\",\"position\":1,\"name\":\"Home\",\"item\":\"https:\/\/www.voustensports.com\/de\/\"},{\"@type\":\"ListItem\",\"position\":2,\"name\":\"Shop\",\"item\":\"https:\/\/www.voustensports.com\/de\/shop\/\"},{\"@type\":\"ListItem\",\"position\":3,\"name\":\"HOGAN &#8211; Sneaker wei\u00df (38877)\"}]},{\"@type\":\"WebSite\",\"@id\":\"https:\/\/www.voustensports.com\/nl\/#website\",\"url\":\"https:\/\/www.voustensports.com\/nl\/\",\"name\":\"Vousten Sports\",\"description\":\"\",\"potentialAction\":[{\"@type\":\"SearchAction\",\"target\":{\"@type\":\"EntryPoint\",\"urlTemplate\":\"https:\/\/www.voustensports.com\/nl\/?s={search_term_string}\"},\"query-input\":{\"@type\":\"PropertyValueSpecification\",\"valueRequired\":true,\"valueName\":\"search_term_string\"}}],\"inLanguage\":\"de-DE\"}]}<\/script>\n<!-- \/ Yoast SEO plugin. -->","yoast_head_json":{"title":"HOGAN - Sneaker wei\u00df (38877) - Vousten Sports","robots":{"index":"index","follow":"follow","max-snippet":"max-snippet:-1","max-image-preview":"max-image-preview:large","max-video-preview":"max-video-preview:-1"},"canonical":"https:\/\/www.voustensports.com\/de\/hogan-sneaker-weis-38877\/","og_locale":"de_DE","og_type":"article","og_title":"HOGAN - Sneaker wei\u00df (38877) - Vousten Sports","og_description":"Die Herrensneakers Hogan H601 vereinen einen ausdrucksstarken Look mit einem coolen Charakter und Retro-Ankl\u00e4ngen. Die leichte Sohle, die f\u00fcr einen optimalen Grip sorgt, hat eine Laufsohle mit H-f\u00f6rmigen Stollen. Diese Sneakers sind aus Glattleder mit seitlichem H gefertigt und mit einem Fu\u00dfbett aus Memory Foam ausgestattet, das eine d\u00e4mpfende Wirkung garantiert. Sneakers Hogan H601 f\u00fcr [...]","og_url":"https:\/\/www.voustensports.com\/de\/hogan-sneaker-weis-38877\/","og_site_name":"Vousten Sports","article_modified_time":"2026-03-02T08:15:08+00:00","og_image":[{"width":1135,"height":1135,"url":"https:\/\/www.voustensports.com\/wp-content\/uploads\/2023\/06\/Hogan-Sneaker-White-38877-1.png","type":"image\/png"}],"twitter_card":"summary_large_image","schema":{"@context":"https:\/\/schema.org","@graph":[{"@type":"WebPage","@id":"https:\/\/www.voustensports.com\/de\/hogan-sneaker-weis-38877\/","url":"https:\/\/www.voustensports.com\/de\/hogan-sneaker-weis-38877\/","name":"HOGAN - Sneaker wei\u00df (38877) - Vousten Sports","isPartOf":{"@id":"https:\/\/www.voustensports.com\/nl\/#website"},"primaryImageOfPage":{"@id":"https:\/\/www.voustensports.com\/de\/hogan-sneaker-weis-38877\/#primaryimage"},"image":{"@id":"https:\/\/www.voustensports.com\/de\/hogan-sneaker-weis-38877\/#primaryimage"},"thumbnailUrl":"https:\/\/www.voustensports.com\/wp-content\/uploads\/2023\/06\/HOGAN-Sneaker-wit-38877.jpg","datePublished":"2024-01-25T14:52:09+00:00","dateModified":"2026-03-02T08:15:08+00:00","breadcrumb":{"@id":"https:\/\/www.voustensports.com\/de\/hogan-sneaker-weis-38877\/#breadcrumb"},"inLanguage":"de-DE","potentialAction":[{"@type":"ReadAction","target":["https:\/\/www.voustensports.com\/de\/hogan-sneaker-weis-38877\/"]}]},{"@type":"ImageObject","inLanguage":"de-DE","@id":"https:\/\/www.voustensports.com\/de\/hogan-sneaker-weis-38877\/#primaryimage","url":"https:\/\/www.voustensports.com\/wp-content\/uploads\/2023\/06\/HOGAN-Sneaker-wit-38877.jpg","contentUrl":"https:\/\/www.voustensports.com\/wp-content\/uploads\/2023\/06\/HOGAN-Sneaker-wit-38877.jpg","width":2000,"height":2000},{"@type":"BreadcrumbList","@id":"https:\/\/www.voustensports.com\/de\/hogan-sneaker-weis-38877\/#breadcrumb","itemListElement":[{"@type":"ListItem","position":1,"name":"Home","item":"https:\/\/www.voustensports.com\/de\/"},{"@type":"ListItem","position":2,"name":"Shop","item":"https:\/\/www.voustensports.com\/de\/shop\/"},{"@type":"ListItem","position":3,"name":"HOGAN &#8211; Sneaker wei\u00df (38877)"}]},{"@type":"WebSite","@id":"https:\/\/www.voustensports.com\/nl\/#website","url":"https:\/\/www.voustensports.com\/nl\/","name":"Vousten Sports","description":"","potentialAction":[{"@type":"SearchAction","target":{"@type":"EntryPoint","urlTemplate":"https:\/\/www.voustensports.com\/nl\/?s={search_term_string}"},"query-input":{"@type":"PropertyValueSpecification","valueRequired":true,"valueName":"search_term_string"}}],"inLanguage":"de-DE"}]}},"_links":{"self":[{"href":"https:\/\/www.voustensports.com\/de\/wp-json\/wp\/v2\/product\/167009","targetHints":{"allow":["GET"]}}],"collection":[{"href":"https:\/\/www.voustensports.com\/de\/wp-json\/wp\/v2\/product"}],"about":[{"href":"https:\/\/www.voustensports.com\/de\/wp-json\/wp\/v2\/types\/product"}],"replies":[{"embeddable":true,"href":"https:\/\/www.voustensports.com\/de\/wp-json\/wp\/v2\/comments?post=167009"}],"wp:featuredmedia":[{"embeddable":true,"href":"https:\/\/www.voustensports.com\/de\/wp-json\/wp\/v2\/media\/193854"}],"wp:attachment":[{"href":"https:\/\/www.voustensports.com\/de\/wp-json\/wp\/v2\/media?parent=167009"}],"wp:term":[{"taxonomy":"product_cat","embeddable":true,"href":"https:\/\/www.voustensports.com\/de\/wp-json\/wp\/v2\/product_cat?post=167009"},{"taxonomy":"product_tag","embeddable":true,"href":"https:\/\/www.voustensports.com\/de\/wp-json\/wp\/v2\/product_tag?post=167009"}],"curies":[{"name":"wp","href":"https:\/\/api.w.org\/{rel}","templated":true}]}}