{"id":165726,"date":"2024-01-13T19:20:33","date_gmt":"2024-01-13T18:20:33","guid":{"rendered":"https:\/\/www.voustensports.com\/stone-island-fleece-bermudashorts-weis-38757\/"},"modified":"2026-02-05T12:12:02","modified_gmt":"2026-02-05T11:12:02","slug":"stone-island-fleece-bermudashorts-weis-38757","status":"publish","type":"product","link":"https:\/\/www.voustensports.com\/de\/stone-island-fleece-bermudashorts-weis-38757\/","title":{"rendered":"STONE ISLAND &#8211; Fleece-Bermudashorts Wei\u00df (38757)"},"content":{"rendered":"<p>PRODUKTDETAILS<br \/>\nCargo-Bermudashorts aus Baumwollfleece. Kleidungsst\u00fcck gef\u00e4rbt.<\/p>\n<p>STIL<br \/>\nNormale Passform.<br \/>\nNahttaschen f\u00fcr die H\u00e4nde.<br \/>\nEine Ges\u00e4\u00dftasche mit verdecktem Druckknopfverschluss.<br \/>\nAufgesetzte Tasche am linken Bein mit Stone Island-Abzeichen; Versteckter Rei\u00dfverschluss.<br \/>\nElastischer Bund mit \u00e4u\u00dferem Kordelzug.<br \/>\nRei\u00dfverschluss.<\/p>\n<p>KOMPOSITION<br \/>\nKLEIDUNGSST\u00dcCK: 100 % Baumwolle<br \/>\nDETAILS INNENKLEIDUNGSST\u00dcCK: 100 % Baumwolle<\/p>\n<p>Stone Island-Nummer: 64651<br \/>\nFarbnummer: V0001<br \/>\nIdentifikationsnummer: 38757<\/p>\n","protected":false},"excerpt":{"rendered":"<p>PRODUKTDETAILS Cargo-Bermudashorts aus Baumwollfleece. Kleidungsst\u00fcck gef\u00e4rbt. STIL Normale Passform. Nahttaschen f\u00fcr die H\u00e4nde. Eine Ges\u00e4\u00dftasche mit verdecktem Druckknopfverschluss. Aufgesetzte Tasche am linken Bein mit Stone Island-Abzeichen; Versteckter Rei\u00dfverschluss. Elastischer Bund mit \u00e4u\u00dferem Kordelzug. Rei\u00dfverschluss. KOMPOSITION KLEIDUNGSST\u00dcCK: 100 % Baumwolle DETAILS INNENKLEIDUNGSST\u00dcCK: 100 % Baumwolle Stone Island-Nummer: 64651 Farbnummer: V0001 Identifikationsnummer: 38757<\/p>\n","protected":false},"featured_media":165714,"comment_status":"open","ping_status":"closed","template":"","meta":{"rank_math_lock_modified_date":false},"product_cat":[443,447,451,459,463,483,851],"product_tag":[],"class_list":{"0":"post-165726","1":"product","2":"type-product","3":"status-publish","4":"has-post-thumbnail","6":"product_cat-fleece-de","7":"product_cat-kleding-de","8":"product_cat-heren-de","9":"product_cat-shorts-de-2","10":"product_cat-vousten-sports-de-2","11":"product_cat-stone-island-de-2","12":"product_cat-fleece-broeken-de","14":"first","15":"outofstock","16":"taxable","17":"shipping-taxable","18":"purchasable","19":"product-type-variable"},"acf":[],"yoast_head":"<!-- This site is optimized with the Yoast SEO plugin v23.9 - https:\/\/yoast.com\/wordpress\/plugins\/seo\/ -->\n<title>STONE ISLAND - Fleece-Bermudashorts Wei\u00df (38757) - Vousten Sports<\/title>\n<meta name=\"robots\" content=\"index, follow, max-snippet:-1, max-image-preview:large, max-video-preview:-1\" \/>\n<link rel=\"canonical\" href=\"https:\/\/www.voustensports.com\/de\/stone-island-fleece-bermudashorts-weis-38757\/\" \/>\n<meta property=\"og:locale\" content=\"de_DE\" \/>\n<meta property=\"og:type\" content=\"article\" \/>\n<meta property=\"og:title\" content=\"STONE ISLAND - Fleece-Bermudashorts Wei\u00df (38757) - Vousten Sports\" \/>\n<meta property=\"og:description\" content=\"PRODUKTDETAILS Cargo-Bermudashorts aus Baumwollfleece. Kleidungsst\u00fcck gef\u00e4rbt. STIL Normale Passform. Nahttaschen f\u00fcr die H\u00e4nde. Eine Ges\u00e4\u00dftasche mit verdecktem Druckknopfverschluss. Aufgesetzte Tasche am linken Bein mit Stone Island-Abzeichen; Versteckter Rei\u00dfverschluss. Elastischer Bund mit \u00e4u\u00dferem Kordelzug. Rei\u00dfverschluss. KOMPOSITION KLEIDUNGSST\u00dcCK: 100 % Baumwolle DETAILS INNENKLEIDUNGSST\u00dcCK: 100 % Baumwolle Stone Island-Nummer: 64651 Farbnummer: V0001 Identifikationsnummer: 38757\" \/>\n<meta property=\"og:url\" content=\"https:\/\/www.voustensports.com\/de\/stone-island-fleece-bermudashorts-weis-38757\/\" \/>\n<meta property=\"og:site_name\" content=\"Vousten Sports\" \/>\n<meta property=\"article:modified_time\" content=\"2026-02-05T11:12:02+00:00\" \/>\n<meta property=\"og:image\" content=\"https:\/\/www.voustensports.com\/wp-content\/uploads\/2023\/06\/Fleece-bermuda-shorts-wit-38757-1.png\" \/>\n\t<meta property=\"og:image:width\" content=\"1365\" \/>\n\t<meta property=\"og:image:height\" content=\"2048\" \/>\n\t<meta property=\"og:image:type\" content=\"image\/png\" \/>\n<meta name=\"twitter:card\" content=\"summary_large_image\" \/>\n<script type=\"application\/ld+json\" class=\"yoast-schema-graph\">{\"@context\":\"https:\/\/schema.org\",\"@graph\":[{\"@type\":\"WebPage\",\"@id\":\"https:\/\/www.voustensports.com\/de\/stone-island-fleece-bermudashorts-weis-38757\/\",\"url\":\"https:\/\/www.voustensports.com\/de\/stone-island-fleece-bermudashorts-weis-38757\/\",\"name\":\"STONE ISLAND - Fleece-Bermudashorts Wei\u00df (38757) - Vousten Sports\",\"isPartOf\":{\"@id\":\"https:\/\/www.voustensports.com\/nl\/#website\"},\"primaryImageOfPage\":{\"@id\":\"https:\/\/www.voustensports.com\/de\/stone-island-fleece-bermudashorts-weis-38757\/#primaryimage\"},\"image\":{\"@id\":\"https:\/\/www.voustensports.com\/de\/stone-island-fleece-bermudashorts-weis-38757\/#primaryimage\"},\"thumbnailUrl\":\"https:\/\/www.voustensports.com\/wp-content\/uploads\/2023\/06\/Fleece-bermuda-shorts-wit-38757-1.png\",\"datePublished\":\"2024-01-13T18:20:33+00:00\",\"dateModified\":\"2026-02-05T11:12:02+00:00\",\"breadcrumb\":{\"@id\":\"https:\/\/www.voustensports.com\/de\/stone-island-fleece-bermudashorts-weis-38757\/#breadcrumb\"},\"inLanguage\":\"de-DE\",\"potentialAction\":[{\"@type\":\"ReadAction\",\"target\":[\"https:\/\/www.voustensports.com\/de\/stone-island-fleece-bermudashorts-weis-38757\/\"]}]},{\"@type\":\"ImageObject\",\"inLanguage\":\"de-DE\",\"@id\":\"https:\/\/www.voustensports.com\/de\/stone-island-fleece-bermudashorts-weis-38757\/#primaryimage\",\"url\":\"https:\/\/www.voustensports.com\/wp-content\/uploads\/2023\/06\/Fleece-bermuda-shorts-wit-38757-1.png\",\"contentUrl\":\"https:\/\/www.voustensports.com\/wp-content\/uploads\/2023\/06\/Fleece-bermuda-shorts-wit-38757-1.png\",\"width\":1365,\"height\":2048},{\"@type\":\"BreadcrumbList\",\"@id\":\"https:\/\/www.voustensports.com\/de\/stone-island-fleece-bermudashorts-weis-38757\/#breadcrumb\",\"itemListElement\":[{\"@type\":\"ListItem\",\"position\":1,\"name\":\"Home\",\"item\":\"https:\/\/www.voustensports.com\/de\/\"},{\"@type\":\"ListItem\",\"position\":2,\"name\":\"Shop\",\"item\":\"https:\/\/www.voustensports.com\/de\/shop\/\"},{\"@type\":\"ListItem\",\"position\":3,\"name\":\"STONE ISLAND &#8211; Fleece-Bermudashorts Wei\u00df (38757)\"}]},{\"@type\":\"WebSite\",\"@id\":\"https:\/\/www.voustensports.com\/nl\/#website\",\"url\":\"https:\/\/www.voustensports.com\/nl\/\",\"name\":\"Vousten Sports\",\"description\":\"\",\"potentialAction\":[{\"@type\":\"SearchAction\",\"target\":{\"@type\":\"EntryPoint\",\"urlTemplate\":\"https:\/\/www.voustensports.com\/nl\/?s={search_term_string}\"},\"query-input\":{\"@type\":\"PropertyValueSpecification\",\"valueRequired\":true,\"valueName\":\"search_term_string\"}}],\"inLanguage\":\"de-DE\"}]}<\/script>\n<!-- \/ Yoast SEO plugin. -->","yoast_head_json":{"title":"STONE ISLAND - Fleece-Bermudashorts Wei\u00df (38757) - Vousten Sports","robots":{"index":"index","follow":"follow","max-snippet":"max-snippet:-1","max-image-preview":"max-image-preview:large","max-video-preview":"max-video-preview:-1"},"canonical":"https:\/\/www.voustensports.com\/de\/stone-island-fleece-bermudashorts-weis-38757\/","og_locale":"de_DE","og_type":"article","og_title":"STONE ISLAND - Fleece-Bermudashorts Wei\u00df (38757) - Vousten Sports","og_description":"PRODUKTDETAILS Cargo-Bermudashorts aus Baumwollfleece. Kleidungsst\u00fcck gef\u00e4rbt. STIL Normale Passform. Nahttaschen f\u00fcr die H\u00e4nde. Eine Ges\u00e4\u00dftasche mit verdecktem Druckknopfverschluss. Aufgesetzte Tasche am linken Bein mit Stone Island-Abzeichen; Versteckter Rei\u00dfverschluss. Elastischer Bund mit \u00e4u\u00dferem Kordelzug. Rei\u00dfverschluss. KOMPOSITION KLEIDUNGSST\u00dcCK: 100 % Baumwolle DETAILS INNENKLEIDUNGSST\u00dcCK: 100 % Baumwolle Stone Island-Nummer: 64651 Farbnummer: V0001 Identifikationsnummer: 38757","og_url":"https:\/\/www.voustensports.com\/de\/stone-island-fleece-bermudashorts-weis-38757\/","og_site_name":"Vousten Sports","article_modified_time":"2026-02-05T11:12:02+00:00","og_image":[{"width":1365,"height":2048,"url":"https:\/\/www.voustensports.com\/wp-content\/uploads\/2023\/06\/Fleece-bermuda-shorts-wit-38757-1.png","type":"image\/png"}],"twitter_card":"summary_large_image","schema":{"@context":"https:\/\/schema.org","@graph":[{"@type":"WebPage","@id":"https:\/\/www.voustensports.com\/de\/stone-island-fleece-bermudashorts-weis-38757\/","url":"https:\/\/www.voustensports.com\/de\/stone-island-fleece-bermudashorts-weis-38757\/","name":"STONE ISLAND - Fleece-Bermudashorts Wei\u00df (38757) - Vousten Sports","isPartOf":{"@id":"https:\/\/www.voustensports.com\/nl\/#website"},"primaryImageOfPage":{"@id":"https:\/\/www.voustensports.com\/de\/stone-island-fleece-bermudashorts-weis-38757\/#primaryimage"},"image":{"@id":"https:\/\/www.voustensports.com\/de\/stone-island-fleece-bermudashorts-weis-38757\/#primaryimage"},"thumbnailUrl":"https:\/\/www.voustensports.com\/wp-content\/uploads\/2023\/06\/Fleece-bermuda-shorts-wit-38757-1.png","datePublished":"2024-01-13T18:20:33+00:00","dateModified":"2026-02-05T11:12:02+00:00","breadcrumb":{"@id":"https:\/\/www.voustensports.com\/de\/stone-island-fleece-bermudashorts-weis-38757\/#breadcrumb"},"inLanguage":"de-DE","potentialAction":[{"@type":"ReadAction","target":["https:\/\/www.voustensports.com\/de\/stone-island-fleece-bermudashorts-weis-38757\/"]}]},{"@type":"ImageObject","inLanguage":"de-DE","@id":"https:\/\/www.voustensports.com\/de\/stone-island-fleece-bermudashorts-weis-38757\/#primaryimage","url":"https:\/\/www.voustensports.com\/wp-content\/uploads\/2023\/06\/Fleece-bermuda-shorts-wit-38757-1.png","contentUrl":"https:\/\/www.voustensports.com\/wp-content\/uploads\/2023\/06\/Fleece-bermuda-shorts-wit-38757-1.png","width":1365,"height":2048},{"@type":"BreadcrumbList","@id":"https:\/\/www.voustensports.com\/de\/stone-island-fleece-bermudashorts-weis-38757\/#breadcrumb","itemListElement":[{"@type":"ListItem","position":1,"name":"Home","item":"https:\/\/www.voustensports.com\/de\/"},{"@type":"ListItem","position":2,"name":"Shop","item":"https:\/\/www.voustensports.com\/de\/shop\/"},{"@type":"ListItem","position":3,"name":"STONE ISLAND &#8211; Fleece-Bermudashorts Wei\u00df (38757)"}]},{"@type":"WebSite","@id":"https:\/\/www.voustensports.com\/nl\/#website","url":"https:\/\/www.voustensports.com\/nl\/","name":"Vousten Sports","description":"","potentialAction":[{"@type":"SearchAction","target":{"@type":"EntryPoint","urlTemplate":"https:\/\/www.voustensports.com\/nl\/?s={search_term_string}"},"query-input":{"@type":"PropertyValueSpecification","valueRequired":true,"valueName":"search_term_string"}}],"inLanguage":"de-DE"}]}},"_links":{"self":[{"href":"https:\/\/www.voustensports.com\/de\/wp-json\/wp\/v2\/product\/165726","targetHints":{"allow":["GET"]}}],"collection":[{"href":"https:\/\/www.voustensports.com\/de\/wp-json\/wp\/v2\/product"}],"about":[{"href":"https:\/\/www.voustensports.com\/de\/wp-json\/wp\/v2\/types\/product"}],"replies":[{"embeddable":true,"href":"https:\/\/www.voustensports.com\/de\/wp-json\/wp\/v2\/comments?post=165726"}],"wp:featuredmedia":[{"embeddable":true,"href":"https:\/\/www.voustensports.com\/de\/wp-json\/wp\/v2\/media\/165714"}],"wp:attachment":[{"href":"https:\/\/www.voustensports.com\/de\/wp-json\/wp\/v2\/media?parent=165726"}],"wp:term":[{"taxonomy":"product_cat","embeddable":true,"href":"https:\/\/www.voustensports.com\/de\/wp-json\/wp\/v2\/product_cat?post=165726"},{"taxonomy":"product_tag","embeddable":true,"href":"https:\/\/www.voustensports.com\/de\/wp-json\/wp\/v2\/product_tag?post=165726"}],"curies":[{"name":"wp","href":"https:\/\/api.w.org\/{rel}","templated":true}]}}