{"id":165682,"date":"2024-01-13T19:14:12","date_gmt":"2024-01-13T18:14:12","guid":{"rendered":"https:\/\/www.voustensports.com\/stone-island-bermudashorts-alte-behandlung-staubgrau-38710\/"},"modified":"2026-02-05T12:10:53","modified_gmt":"2026-02-05T11:10:53","slug":"stone-island-bermudashorts-alte-behandlung-staubgrau-38710","status":"publish","type":"product","link":"https:\/\/www.voustensports.com\/de\/stone-island-bermudashorts-alte-behandlung-staubgrau-38710\/","title":{"rendered":"STONE ISLAND &#8211; Bermudashorts \u201ealte\u201c Behandlung staubgrau (38710)"},"content":{"rendered":"<p>PRODUKTDETAILS<br \/>\n\u201eALTE\u201c BEHANDLUNG: Cargo-Bermudashorts aus geb\u00fcrstetem Baumwoll-Canvas. St\u00fcckgef\u00e4rbt mit der \u201eOLD\u201c-Behandlung, einer exklusiven F\u00e4rbebehandlung und anschlie\u00dfendem Ausbleichen des fertigen Kleidungsst\u00fccks f\u00fcr ein leicht abgenutztes und dreidimensionales Aussehen.<\/p>\n<p>STIL<br \/>\nSchlanke Passform.<br \/>\nHerrendienertaschen mit Windschutzklappe und verdecktem Rei\u00dfverschluss.<br \/>\nEine Ges\u00e4\u00dftasche mit verdecktem Druckknopfverschluss.<br \/>\nAn jedem Bein eine aufgesetzte Blasebalgtasche mit Patte und Druckknopfverschluss.<br \/>\nRei\u00dfverschluss und Knopfverschluss.<\/p>\n<p>KOMPOSITION<br \/>\n97 % Baumwolle, 3 % Elastan\/Spandex<\/p>\n<p>Stone Island-Nummer: L11WA<br \/>\nFarbnummer: V0164<br \/>\nIdentifikationsnummer: 38710<\/p>\n","protected":false},"excerpt":{"rendered":"<p>PRODUKTDETAILS \u201eALTE\u201c BEHANDLUNG: Cargo-Bermudashorts aus geb\u00fcrstetem Baumwoll-Canvas. St\u00fcckgef\u00e4rbt mit der \u201eOLD\u201c-Behandlung, einer exklusiven F\u00e4rbebehandlung und anschlie\u00dfendem Ausbleichen des fertigen Kleidungsst\u00fccks f\u00fcr ein leicht abgenutztes und dreidimensionales Aussehen. STIL Schlanke Passform. Herrendienertaschen mit Windschutzklappe und verdecktem Rei\u00dfverschluss. Eine Ges\u00e4\u00dftasche mit verdecktem Druckknopfverschluss. An jedem Bein eine aufgesetzte Blasebalgtasche mit Patte und Druckknopfverschluss. Rei\u00dfverschluss und Knopfverschluss. KOMPOSITION [&#8230;]\n","protected":false},"featured_media":165670,"comment_status":"open","ping_status":"closed","template":"","meta":{"rank_math_lock_modified_date":false},"product_cat":[447,451,459,463,467,483,787],"product_tag":[],"class_list":{"0":"post-165682","1":"product","2":"type-product","3":"status-publish","4":"has-post-thumbnail","6":"product_cat-kleding-de","7":"product_cat-heren-de","8":"product_cat-shorts-de-2","9":"product_cat-vousten-sports-de-2","10":"product_cat-hosen-de","11":"product_cat-stone-island-de-2","12":"product_cat-broek-de","14":"first","15":"outofstock","16":"taxable","17":"shipping-taxable","18":"purchasable","19":"product-type-variable"},"acf":[],"yoast_head":"<!-- This site is optimized with the Yoast SEO plugin v23.9 - https:\/\/yoast.com\/wordpress\/plugins\/seo\/ -->\n<title>STONE ISLAND - Bermudashorts \u201ealte\u201c Behandlung staubgrau (38710) - Vousten Sports<\/title>\n<meta name=\"robots\" content=\"index, follow, max-snippet:-1, max-image-preview:large, max-video-preview:-1\" \/>\n<link rel=\"canonical\" href=\"https:\/\/www.voustensports.com\/de\/stone-island-bermudashorts-alte-behandlung-staubgrau-38710\/\" \/>\n<meta property=\"og:locale\" content=\"de_DE\" \/>\n<meta property=\"og:type\" content=\"article\" \/>\n<meta property=\"og:title\" content=\"STONE ISLAND - Bermudashorts \u201ealte\u201c Behandlung staubgrau (38710) - Vousten Sports\" \/>\n<meta property=\"og:description\" content=\"PRODUKTDETAILS \u201eALTE\u201c BEHANDLUNG: Cargo-Bermudashorts aus geb\u00fcrstetem Baumwoll-Canvas. St\u00fcckgef\u00e4rbt mit der \u201eOLD\u201c-Behandlung, einer exklusiven F\u00e4rbebehandlung und anschlie\u00dfendem Ausbleichen des fertigen Kleidungsst\u00fccks f\u00fcr ein leicht abgenutztes und dreidimensionales Aussehen. STIL Schlanke Passform. Herrendienertaschen mit Windschutzklappe und verdecktem Rei\u00dfverschluss. Eine Ges\u00e4\u00dftasche mit verdecktem Druckknopfverschluss. An jedem Bein eine aufgesetzte Blasebalgtasche mit Patte und Druckknopfverschluss. Rei\u00dfverschluss und Knopfverschluss. KOMPOSITION [...]\" \/>\n<meta property=\"og:url\" content=\"https:\/\/www.voustensports.com\/de\/stone-island-bermudashorts-alte-behandlung-staubgrau-38710\/\" \/>\n<meta property=\"og:site_name\" content=\"Vousten Sports\" \/>\n<meta property=\"article:modified_time\" content=\"2026-02-05T11:10:53+00:00\" \/>\n<meta property=\"og:image\" content=\"https:\/\/www.voustensports.com\/wp-content\/uploads\/2023\/06\/Bermuda-shorts-\u2018old-treatment-dust-gray-1.jpg\" \/>\n\t<meta property=\"og:image:width\" content=\"1365\" \/>\n\t<meta property=\"og:image:height\" content=\"2048\" \/>\n\t<meta property=\"og:image:type\" content=\"image\/jpeg\" \/>\n<meta name=\"twitter:card\" content=\"summary_large_image\" \/>\n<script type=\"application\/ld+json\" class=\"yoast-schema-graph\">{\"@context\":\"https:\/\/schema.org\",\"@graph\":[{\"@type\":\"WebPage\",\"@id\":\"https:\/\/www.voustensports.com\/de\/stone-island-bermudashorts-alte-behandlung-staubgrau-38710\/\",\"url\":\"https:\/\/www.voustensports.com\/de\/stone-island-bermudashorts-alte-behandlung-staubgrau-38710\/\",\"name\":\"STONE ISLAND - Bermudashorts \u201ealte\u201c Behandlung staubgrau (38710) - Vousten Sports\",\"isPartOf\":{\"@id\":\"https:\/\/www.voustensports.com\/nl\/#website\"},\"primaryImageOfPage\":{\"@id\":\"https:\/\/www.voustensports.com\/de\/stone-island-bermudashorts-alte-behandlung-staubgrau-38710\/#primaryimage\"},\"image\":{\"@id\":\"https:\/\/www.voustensports.com\/de\/stone-island-bermudashorts-alte-behandlung-staubgrau-38710\/#primaryimage\"},\"thumbnailUrl\":\"https:\/\/www.voustensports.com\/wp-content\/uploads\/2023\/06\/Bermuda-shorts-\u2018old-treatment-dust-gray-1.jpg\",\"datePublished\":\"2024-01-13T18:14:12+00:00\",\"dateModified\":\"2026-02-05T11:10:53+00:00\",\"breadcrumb\":{\"@id\":\"https:\/\/www.voustensports.com\/de\/stone-island-bermudashorts-alte-behandlung-staubgrau-38710\/#breadcrumb\"},\"inLanguage\":\"de-DE\",\"potentialAction\":[{\"@type\":\"ReadAction\",\"target\":[\"https:\/\/www.voustensports.com\/de\/stone-island-bermudashorts-alte-behandlung-staubgrau-38710\/\"]}]},{\"@type\":\"ImageObject\",\"inLanguage\":\"de-DE\",\"@id\":\"https:\/\/www.voustensports.com\/de\/stone-island-bermudashorts-alte-behandlung-staubgrau-38710\/#primaryimage\",\"url\":\"https:\/\/www.voustensports.com\/wp-content\/uploads\/2023\/06\/Bermuda-shorts-\u2018old-treatment-dust-gray-1.jpg\",\"contentUrl\":\"https:\/\/www.voustensports.com\/wp-content\/uploads\/2023\/06\/Bermuda-shorts-\u2018old-treatment-dust-gray-1.jpg\",\"width\":1365,\"height\":2048},{\"@type\":\"BreadcrumbList\",\"@id\":\"https:\/\/www.voustensports.com\/de\/stone-island-bermudashorts-alte-behandlung-staubgrau-38710\/#breadcrumb\",\"itemListElement\":[{\"@type\":\"ListItem\",\"position\":1,\"name\":\"Home\",\"item\":\"https:\/\/www.voustensports.com\/de\/\"},{\"@type\":\"ListItem\",\"position\":2,\"name\":\"Shop\",\"item\":\"https:\/\/www.voustensports.com\/de\/shop\/\"},{\"@type\":\"ListItem\",\"position\":3,\"name\":\"STONE ISLAND &#8211; Bermudashorts \u201ealte\u201c Behandlung staubgrau (38710)\"}]},{\"@type\":\"WebSite\",\"@id\":\"https:\/\/www.voustensports.com\/nl\/#website\",\"url\":\"https:\/\/www.voustensports.com\/nl\/\",\"name\":\"Vousten Sports\",\"description\":\"\",\"potentialAction\":[{\"@type\":\"SearchAction\",\"target\":{\"@type\":\"EntryPoint\",\"urlTemplate\":\"https:\/\/www.voustensports.com\/nl\/?s={search_term_string}\"},\"query-input\":{\"@type\":\"PropertyValueSpecification\",\"valueRequired\":true,\"valueName\":\"search_term_string\"}}],\"inLanguage\":\"de-DE\"}]}<\/script>\n<!-- \/ Yoast SEO plugin. -->","yoast_head_json":{"title":"STONE ISLAND - Bermudashorts \u201ealte\u201c Behandlung staubgrau (38710) - Vousten Sports","robots":{"index":"index","follow":"follow","max-snippet":"max-snippet:-1","max-image-preview":"max-image-preview:large","max-video-preview":"max-video-preview:-1"},"canonical":"https:\/\/www.voustensports.com\/de\/stone-island-bermudashorts-alte-behandlung-staubgrau-38710\/","og_locale":"de_DE","og_type":"article","og_title":"STONE ISLAND - Bermudashorts \u201ealte\u201c Behandlung staubgrau (38710) - Vousten Sports","og_description":"PRODUKTDETAILS \u201eALTE\u201c BEHANDLUNG: Cargo-Bermudashorts aus geb\u00fcrstetem Baumwoll-Canvas. St\u00fcckgef\u00e4rbt mit der \u201eOLD\u201c-Behandlung, einer exklusiven F\u00e4rbebehandlung und anschlie\u00dfendem Ausbleichen des fertigen Kleidungsst\u00fccks f\u00fcr ein leicht abgenutztes und dreidimensionales Aussehen. STIL Schlanke Passform. Herrendienertaschen mit Windschutzklappe und verdecktem Rei\u00dfverschluss. Eine Ges\u00e4\u00dftasche mit verdecktem Druckknopfverschluss. An jedem Bein eine aufgesetzte Blasebalgtasche mit Patte und Druckknopfverschluss. Rei\u00dfverschluss und Knopfverschluss. KOMPOSITION [...]","og_url":"https:\/\/www.voustensports.com\/de\/stone-island-bermudashorts-alte-behandlung-staubgrau-38710\/","og_site_name":"Vousten Sports","article_modified_time":"2026-02-05T11:10:53+00:00","og_image":[{"width":1365,"height":2048,"url":"https:\/\/www.voustensports.com\/wp-content\/uploads\/2023\/06\/Bermuda-shorts-\u2018old-treatment-dust-gray-1.jpg","type":"image\/jpeg"}],"twitter_card":"summary_large_image","schema":{"@context":"https:\/\/schema.org","@graph":[{"@type":"WebPage","@id":"https:\/\/www.voustensports.com\/de\/stone-island-bermudashorts-alte-behandlung-staubgrau-38710\/","url":"https:\/\/www.voustensports.com\/de\/stone-island-bermudashorts-alte-behandlung-staubgrau-38710\/","name":"STONE ISLAND - Bermudashorts \u201ealte\u201c Behandlung staubgrau (38710) - Vousten Sports","isPartOf":{"@id":"https:\/\/www.voustensports.com\/nl\/#website"},"primaryImageOfPage":{"@id":"https:\/\/www.voustensports.com\/de\/stone-island-bermudashorts-alte-behandlung-staubgrau-38710\/#primaryimage"},"image":{"@id":"https:\/\/www.voustensports.com\/de\/stone-island-bermudashorts-alte-behandlung-staubgrau-38710\/#primaryimage"},"thumbnailUrl":"https:\/\/www.voustensports.com\/wp-content\/uploads\/2023\/06\/Bermuda-shorts-\u2018old-treatment-dust-gray-1.jpg","datePublished":"2024-01-13T18:14:12+00:00","dateModified":"2026-02-05T11:10:53+00:00","breadcrumb":{"@id":"https:\/\/www.voustensports.com\/de\/stone-island-bermudashorts-alte-behandlung-staubgrau-38710\/#breadcrumb"},"inLanguage":"de-DE","potentialAction":[{"@type":"ReadAction","target":["https:\/\/www.voustensports.com\/de\/stone-island-bermudashorts-alte-behandlung-staubgrau-38710\/"]}]},{"@type":"ImageObject","inLanguage":"de-DE","@id":"https:\/\/www.voustensports.com\/de\/stone-island-bermudashorts-alte-behandlung-staubgrau-38710\/#primaryimage","url":"https:\/\/www.voustensports.com\/wp-content\/uploads\/2023\/06\/Bermuda-shorts-\u2018old-treatment-dust-gray-1.jpg","contentUrl":"https:\/\/www.voustensports.com\/wp-content\/uploads\/2023\/06\/Bermuda-shorts-\u2018old-treatment-dust-gray-1.jpg","width":1365,"height":2048},{"@type":"BreadcrumbList","@id":"https:\/\/www.voustensports.com\/de\/stone-island-bermudashorts-alte-behandlung-staubgrau-38710\/#breadcrumb","itemListElement":[{"@type":"ListItem","position":1,"name":"Home","item":"https:\/\/www.voustensports.com\/de\/"},{"@type":"ListItem","position":2,"name":"Shop","item":"https:\/\/www.voustensports.com\/de\/shop\/"},{"@type":"ListItem","position":3,"name":"STONE ISLAND &#8211; Bermudashorts \u201ealte\u201c Behandlung staubgrau (38710)"}]},{"@type":"WebSite","@id":"https:\/\/www.voustensports.com\/nl\/#website","url":"https:\/\/www.voustensports.com\/nl\/","name":"Vousten Sports","description":"","potentialAction":[{"@type":"SearchAction","target":{"@type":"EntryPoint","urlTemplate":"https:\/\/www.voustensports.com\/nl\/?s={search_term_string}"},"query-input":{"@type":"PropertyValueSpecification","valueRequired":true,"valueName":"search_term_string"}}],"inLanguage":"de-DE"}]}},"_links":{"self":[{"href":"https:\/\/www.voustensports.com\/de\/wp-json\/wp\/v2\/product\/165682","targetHints":{"allow":["GET"]}}],"collection":[{"href":"https:\/\/www.voustensports.com\/de\/wp-json\/wp\/v2\/product"}],"about":[{"href":"https:\/\/www.voustensports.com\/de\/wp-json\/wp\/v2\/types\/product"}],"replies":[{"embeddable":true,"href":"https:\/\/www.voustensports.com\/de\/wp-json\/wp\/v2\/comments?post=165682"}],"wp:featuredmedia":[{"embeddable":true,"href":"https:\/\/www.voustensports.com\/de\/wp-json\/wp\/v2\/media\/165670"}],"wp:attachment":[{"href":"https:\/\/www.voustensports.com\/de\/wp-json\/wp\/v2\/media?parent=165682"}],"wp:term":[{"taxonomy":"product_cat","embeddable":true,"href":"https:\/\/www.voustensports.com\/de\/wp-json\/wp\/v2\/product_cat?post=165682"},{"taxonomy":"product_tag","embeddable":true,"href":"https:\/\/www.voustensports.com\/de\/wp-json\/wp\/v2\/product_tag?post=165682"}],"curies":[{"name":"wp","href":"https:\/\/api.w.org\/{rel}","templated":true}]}}