{"id":164661,"date":"2024-01-04T18:58:12","date_gmt":"2024-01-04T17:58:12","guid":{"rendered":"https:\/\/www.voustensports.com\/stone-island-poloshirt-weis-38729\/"},"modified":"2026-02-05T12:11:20","modified_gmt":"2026-02-05T11:11:20","slug":"stone-island-poloshirt-weis-38729","status":"publish","type":"product","link":"https:\/\/www.voustensports.com\/de\/stone-island-poloshirt-weis-38729\/","title":{"rendered":"STONE ISLAND &#8211; Poloshirt wei\u00df (38729)"},"content":{"rendered":"<p>PRODUKTDETAILS<br \/>\nKurz\u00e4rmliges Poloshirt aus Stretch-Baumwollpiqu\u00e9; 95 % Baumwolle und 5 % Elasthan.<\/p>\n<p>STIL<br \/>\nSchlanke Passform.<br \/>\nGerippter Kragen.<br \/>\nVerschluss mit zwei Kn\u00f6pfen am Hals.<br \/>\nAufn\u00e4her mit Stone Island-Windrose auf der Brust.<br \/>\nGerippte \u00c4rmelkanten.<br \/>\nSeitliche Bodenschlitze mit innerer gestreifter Bandapplikation.<\/p>\n<p>KOMPOSITION<br \/>\nHauptmaterial: 95 % Baumwolle, 5 % Elasthan<\/p>\n<p>Stone Island-Nummer: 2SC17<br \/>\nFarbnummer: V0001<br \/>\nIdentifikationsnummer: 38729<\/p>\n","protected":false},"excerpt":{"rendered":"<p>PRODUKTDETAILS Kurz\u00e4rmliges Poloshirt aus Stretch-Baumwollpiqu\u00e9; 95 % Baumwolle und 5 % Elasthan. STIL Schlanke Passform. Gerippter Kragen. Verschluss mit zwei Kn\u00f6pfen am Hals. Aufn\u00e4her mit Stone Island-Windrose auf der Brust. Gerippte \u00c4rmelkanten. Seitliche Bodenschlitze mit innerer gestreifter Bandapplikation. KOMPOSITION Hauptmaterial: 95 % Baumwolle, 5 % Elasthan Stone Island-Nummer: 2SC17 Farbnummer: V0001 Identifikationsnummer: 38729<\/p>\n","protected":false},"featured_media":174928,"comment_status":"open","ping_status":"closed","template":"","meta":{"rank_math_lock_modified_date":false},"product_cat":[447,451,463,479,483,487],"product_tag":[],"class_list":{"0":"post-164661","1":"product","2":"type-product","3":"status-publish","4":"has-post-thumbnail","6":"product_cat-kleding-de","7":"product_cat-heren-de","8":"product_cat-vousten-sports-de-2","9":"product_cat-polos-de-2","10":"product_cat-stone-island-de-2","11":"product_cat-shirt-de-2","13":"first","14":"instock","15":"taxable","16":"shipping-taxable","17":"purchasable","18":"product-type-variable"},"acf":[],"yoast_head":"<!-- This site is optimized with the Yoast SEO plugin v23.9 - https:\/\/yoast.com\/wordpress\/plugins\/seo\/ -->\n<title>STONE ISLAND - Poloshirt wei\u00df (38729) - Vousten Sports<\/title>\n<meta name=\"robots\" content=\"index, follow, max-snippet:-1, max-image-preview:large, max-video-preview:-1\" \/>\n<link rel=\"canonical\" href=\"https:\/\/www.voustensports.com\/de\/stone-island-poloshirt-weis-38729\/\" \/>\n<meta property=\"og:locale\" content=\"de_DE\" \/>\n<meta property=\"og:type\" content=\"article\" \/>\n<meta property=\"og:title\" content=\"STONE ISLAND - Poloshirt wei\u00df (38729) - Vousten Sports\" \/>\n<meta property=\"og:description\" content=\"PRODUKTDETAILS Kurz\u00e4rmliges Poloshirt aus Stretch-Baumwollpiqu\u00e9; 95 % Baumwolle und 5 % Elasthan. STIL Schlanke Passform. Gerippter Kragen. Verschluss mit zwei Kn\u00f6pfen am Hals. Aufn\u00e4her mit Stone Island-Windrose auf der Brust. Gerippte \u00c4rmelkanten. Seitliche Bodenschlitze mit innerer gestreifter Bandapplikation. KOMPOSITION Hauptmaterial: 95 % Baumwolle, 5 % Elasthan Stone Island-Nummer: 2SC17 Farbnummer: V0001 Identifikationsnummer: 38729\" \/>\n<meta property=\"og:url\" content=\"https:\/\/www.voustensports.com\/de\/stone-island-poloshirt-weis-38729\/\" \/>\n<meta property=\"og:site_name\" content=\"Vousten Sports\" \/>\n<meta property=\"article:modified_time\" content=\"2026-02-05T11:11:20+00:00\" \/>\n<meta property=\"og:image\" content=\"https:\/\/www.voustensports.com\/wp-content\/uploads\/2023\/06\/Poloshirt-wit-38729-1.jpg\" \/>\n\t<meta property=\"og:image:width\" content=\"1365\" \/>\n\t<meta property=\"og:image:height\" content=\"2048\" \/>\n\t<meta property=\"og:image:type\" content=\"image\/jpeg\" \/>\n<meta name=\"twitter:card\" content=\"summary_large_image\" \/>\n<script type=\"application\/ld+json\" class=\"yoast-schema-graph\">{\"@context\":\"https:\/\/schema.org\",\"@graph\":[{\"@type\":\"WebPage\",\"@id\":\"https:\/\/www.voustensports.com\/de\/stone-island-poloshirt-weis-38729\/\",\"url\":\"https:\/\/www.voustensports.com\/de\/stone-island-poloshirt-weis-38729\/\",\"name\":\"STONE ISLAND - Poloshirt wei\u00df (38729) - Vousten Sports\",\"isPartOf\":{\"@id\":\"https:\/\/www.voustensports.com\/nl\/#website\"},\"primaryImageOfPage\":{\"@id\":\"https:\/\/www.voustensports.com\/de\/stone-island-poloshirt-weis-38729\/#primaryimage\"},\"image\":{\"@id\":\"https:\/\/www.voustensports.com\/de\/stone-island-poloshirt-weis-38729\/#primaryimage\"},\"thumbnailUrl\":\"https:\/\/www.voustensports.com\/wp-content\/uploads\/2023\/06\/Poloshirt-wit-38729-1.jpg\",\"datePublished\":\"2024-01-04T17:58:12+00:00\",\"dateModified\":\"2026-02-05T11:11:20+00:00\",\"breadcrumb\":{\"@id\":\"https:\/\/www.voustensports.com\/de\/stone-island-poloshirt-weis-38729\/#breadcrumb\"},\"inLanguage\":\"de-DE\",\"potentialAction\":[{\"@type\":\"ReadAction\",\"target\":[\"https:\/\/www.voustensports.com\/de\/stone-island-poloshirt-weis-38729\/\"]}]},{\"@type\":\"ImageObject\",\"inLanguage\":\"de-DE\",\"@id\":\"https:\/\/www.voustensports.com\/de\/stone-island-poloshirt-weis-38729\/#primaryimage\",\"url\":\"https:\/\/www.voustensports.com\/wp-content\/uploads\/2023\/06\/Poloshirt-wit-38729-1.jpg\",\"contentUrl\":\"https:\/\/www.voustensports.com\/wp-content\/uploads\/2023\/06\/Poloshirt-wit-38729-1.jpg\",\"width\":1365,\"height\":2048},{\"@type\":\"BreadcrumbList\",\"@id\":\"https:\/\/www.voustensports.com\/de\/stone-island-poloshirt-weis-38729\/#breadcrumb\",\"itemListElement\":[{\"@type\":\"ListItem\",\"position\":1,\"name\":\"Home\",\"item\":\"https:\/\/www.voustensports.com\/de\/\"},{\"@type\":\"ListItem\",\"position\":2,\"name\":\"Shop\",\"item\":\"https:\/\/www.voustensports.com\/de\/shop\/\"},{\"@type\":\"ListItem\",\"position\":3,\"name\":\"STONE ISLAND &#8211; Poloshirt wei\u00df (38729)\"}]},{\"@type\":\"WebSite\",\"@id\":\"https:\/\/www.voustensports.com\/nl\/#website\",\"url\":\"https:\/\/www.voustensports.com\/nl\/\",\"name\":\"Vousten Sports\",\"description\":\"\",\"potentialAction\":[{\"@type\":\"SearchAction\",\"target\":{\"@type\":\"EntryPoint\",\"urlTemplate\":\"https:\/\/www.voustensports.com\/nl\/?s={search_term_string}\"},\"query-input\":{\"@type\":\"PropertyValueSpecification\",\"valueRequired\":true,\"valueName\":\"search_term_string\"}}],\"inLanguage\":\"de-DE\"}]}<\/script>\n<!-- \/ Yoast SEO plugin. -->","yoast_head_json":{"title":"STONE ISLAND - Poloshirt wei\u00df (38729) - Vousten Sports","robots":{"index":"index","follow":"follow","max-snippet":"max-snippet:-1","max-image-preview":"max-image-preview:large","max-video-preview":"max-video-preview:-1"},"canonical":"https:\/\/www.voustensports.com\/de\/stone-island-poloshirt-weis-38729\/","og_locale":"de_DE","og_type":"article","og_title":"STONE ISLAND - Poloshirt wei\u00df (38729) - Vousten Sports","og_description":"PRODUKTDETAILS Kurz\u00e4rmliges Poloshirt aus Stretch-Baumwollpiqu\u00e9; 95 % Baumwolle und 5 % Elasthan. STIL Schlanke Passform. Gerippter Kragen. Verschluss mit zwei Kn\u00f6pfen am Hals. Aufn\u00e4her mit Stone Island-Windrose auf der Brust. Gerippte \u00c4rmelkanten. Seitliche Bodenschlitze mit innerer gestreifter Bandapplikation. KOMPOSITION Hauptmaterial: 95 % Baumwolle, 5 % Elasthan Stone Island-Nummer: 2SC17 Farbnummer: V0001 Identifikationsnummer: 38729","og_url":"https:\/\/www.voustensports.com\/de\/stone-island-poloshirt-weis-38729\/","og_site_name":"Vousten Sports","article_modified_time":"2026-02-05T11:11:20+00:00","og_image":[{"width":1365,"height":2048,"url":"https:\/\/www.voustensports.com\/wp-content\/uploads\/2023\/06\/Poloshirt-wit-38729-1.jpg","type":"image\/jpeg"}],"twitter_card":"summary_large_image","schema":{"@context":"https:\/\/schema.org","@graph":[{"@type":"WebPage","@id":"https:\/\/www.voustensports.com\/de\/stone-island-poloshirt-weis-38729\/","url":"https:\/\/www.voustensports.com\/de\/stone-island-poloshirt-weis-38729\/","name":"STONE ISLAND - Poloshirt wei\u00df (38729) - Vousten Sports","isPartOf":{"@id":"https:\/\/www.voustensports.com\/nl\/#website"},"primaryImageOfPage":{"@id":"https:\/\/www.voustensports.com\/de\/stone-island-poloshirt-weis-38729\/#primaryimage"},"image":{"@id":"https:\/\/www.voustensports.com\/de\/stone-island-poloshirt-weis-38729\/#primaryimage"},"thumbnailUrl":"https:\/\/www.voustensports.com\/wp-content\/uploads\/2023\/06\/Poloshirt-wit-38729-1.jpg","datePublished":"2024-01-04T17:58:12+00:00","dateModified":"2026-02-05T11:11:20+00:00","breadcrumb":{"@id":"https:\/\/www.voustensports.com\/de\/stone-island-poloshirt-weis-38729\/#breadcrumb"},"inLanguage":"de-DE","potentialAction":[{"@type":"ReadAction","target":["https:\/\/www.voustensports.com\/de\/stone-island-poloshirt-weis-38729\/"]}]},{"@type":"ImageObject","inLanguage":"de-DE","@id":"https:\/\/www.voustensports.com\/de\/stone-island-poloshirt-weis-38729\/#primaryimage","url":"https:\/\/www.voustensports.com\/wp-content\/uploads\/2023\/06\/Poloshirt-wit-38729-1.jpg","contentUrl":"https:\/\/www.voustensports.com\/wp-content\/uploads\/2023\/06\/Poloshirt-wit-38729-1.jpg","width":1365,"height":2048},{"@type":"BreadcrumbList","@id":"https:\/\/www.voustensports.com\/de\/stone-island-poloshirt-weis-38729\/#breadcrumb","itemListElement":[{"@type":"ListItem","position":1,"name":"Home","item":"https:\/\/www.voustensports.com\/de\/"},{"@type":"ListItem","position":2,"name":"Shop","item":"https:\/\/www.voustensports.com\/de\/shop\/"},{"@type":"ListItem","position":3,"name":"STONE ISLAND &#8211; Poloshirt wei\u00df (38729)"}]},{"@type":"WebSite","@id":"https:\/\/www.voustensports.com\/nl\/#website","url":"https:\/\/www.voustensports.com\/nl\/","name":"Vousten Sports","description":"","potentialAction":[{"@type":"SearchAction","target":{"@type":"EntryPoint","urlTemplate":"https:\/\/www.voustensports.com\/nl\/?s={search_term_string}"},"query-input":{"@type":"PropertyValueSpecification","valueRequired":true,"valueName":"search_term_string"}}],"inLanguage":"de-DE"}]}},"_links":{"self":[{"href":"https:\/\/www.voustensports.com\/de\/wp-json\/wp\/v2\/product\/164661","targetHints":{"allow":["GET"]}}],"collection":[{"href":"https:\/\/www.voustensports.com\/de\/wp-json\/wp\/v2\/product"}],"about":[{"href":"https:\/\/www.voustensports.com\/de\/wp-json\/wp\/v2\/types\/product"}],"replies":[{"embeddable":true,"href":"https:\/\/www.voustensports.com\/de\/wp-json\/wp\/v2\/comments?post=164661"}],"wp:featuredmedia":[{"embeddable":true,"href":"https:\/\/www.voustensports.com\/de\/wp-json\/wp\/v2\/media\/174928"}],"wp:attachment":[{"href":"https:\/\/www.voustensports.com\/de\/wp-json\/wp\/v2\/media?parent=164661"}],"wp:term":[{"taxonomy":"product_cat","embeddable":true,"href":"https:\/\/www.voustensports.com\/de\/wp-json\/wp\/v2\/product_cat?post=164661"},{"taxonomy":"product_tag","embeddable":true,"href":"https:\/\/www.voustensports.com\/de\/wp-json\/wp\/v2\/product_tag?post=164661"}],"curies":[{"name":"wp","href":"https:\/\/api.w.org\/{rel}","templated":true}]}}